{"id":1763,"date":"2025-04-29T11:50:14","date_gmt":"2025-04-29T03:50:14","guid":{"rendered":"https:\/\/carbitautoparts.com\/?post_type=product&#038;p=1763"},"modified":"2025-04-29T11:50:14","modified_gmt":"2025-04-29T03:50:14","slug":"ball-joint-toyota-land-cruiser-4-runner-oem-43310-39016","status":"publish","type":"product","link":"https:\/\/carbitautoparts.com\/fr\/product\/ball-joint-toyota-land-cruiser-4-runner-oem-43310-39016\/","title":{"rendered":"Joint \u00e0 rotule pour Toyota Land Cruiser 4 Runner-OEM 43310-39016"},"content":{"rendered":"<p class=\"ds-markdown-paragraph\"><span style=\"font-family: verdana, geneva, sans-serif; color: #545050;\"><strong>Joint \u00e0 rotule Premium OEM pour Toyota Land Cruiser &amp; 4Runner - 43310-39016<\/strong><\/span><\/p>\n<p class=\"ds-markdown-paragraph\"><span style=\"font-family: verdana, geneva, sans-serif; color: #545050;\">La pr\u00e9cision de la direction et les performances de la suspension sont optimales gr\u00e2ce \u00e0 la\u00a0<strong>OEM 43310-39016 Ball Joint<\/strong>Cette pi\u00e8ce est con\u00e7ue sp\u00e9cifiquement pour les mod\u00e8les Toyota Land Cruiser et 4Runner. Cette pi\u00e8ce de rechange d'origine garantit un ajustement parfait, une durabilit\u00e9 et une int\u00e9gration parfaite au syst\u00e8me de suspension avant de votre v\u00e9hicule.<\/span><\/p>\n<hr \/>\n<p class=\"ds-markdown-paragraph\"><span style=\"font-family: verdana, geneva, sans-serif; color: #545050;\"><strong>Caract\u00e9ristiques principales :<br \/>\n<\/strong><\/span><br \/>\n<span style=\"font-family: verdana, geneva, sans-serif; color: #545050;\">\u2705\u00a0<strong>Sp\u00e9cification OEM exacte :<\/strong>\u00a0Remplacement direct de la pi\u00e8ce Toyota #43310-39016, garantissant une qualit\u00e9, des dimensions et des performances de niveau usine.<br \/>\n<\/span><br \/>\n<span style=\"font-family: verdana, geneva, sans-serif; color: #545050;\">\u2705\u00a0<strong>Construction robuste :<\/strong>\u00a0Fabriqu\u00e9 en acier \u00e0 haute r\u00e9sistance avec un rev\u00eatement anticorrosion avanc\u00e9 pour une dur\u00e9e de vie prolong\u00e9e, m\u00eame dans des conditions tout-terrain difficiles.<br \/>\n<\/span><br \/>\n<span style=\"font-family: verdana, geneva, sans-serif; color: #545050;\">\u2705\u00a0<strong>S\u00e9curit\u00e9 et stabilit\u00e9 accrues :<\/strong>\u00a0R\u00e9tablit un alignement pr\u00e9cis des roues, r\u00e9duit l'usure des pneus et maintient un contr\u00f4le r\u00e9actif de la direction pour une conduite plus s\u00fbre.<br \/>\n<\/span><br \/>\n<span style=\"font-family: verdana, geneva, sans-serif; color: #545050;\">\u2705\u00a0<strong>Compatibilit\u00e9 des v\u00e9hicules :<\/strong>\u00a0Con\u00e7u pour Toyota Land Cruiser (1998-2007) et 4Runner (2003-2009). V\u00e9rifier la compatibilit\u00e9 exacte du mod\u00e8le \u00e0 l'aide du num\u00e9ro OEM.<br \/>\n<\/span><br \/>\n<span style=\"font-family: verdana, geneva, sans-serif; color: #545050;\">\u2705\u00a0<strong>Installation facile :<\/strong>\u00a0Con\u00e7us avec pr\u00e9cision pour correspondre aux composants d'origine, ils minimisent les temps d'arr\u00eat lors des r\u00e9parations.<\/span><\/p>\n<p>&nbsp;<\/p>","protected":false},"excerpt":{"rendered":"<p><span style=\"font-family: verdana, geneva, sans-serif; color: #4f4d4d;\"><strong>Nom du produit\uff1a<\/strong><\/span><span style=\"font-family: verdana, geneva, sans-serif;\">Joint \u00e0 rotule sup\u00e9rieur avant<br \/>\n<\/span><span style=\"font-family: verdana, geneva, sans-serif; color: #4f4d4d;\"><strong>Garantie\uff1a<\/strong>1 an<\/span><br \/>\n<span style=\"font-family: verdana, geneva, sans-serif; color: #4f4d4d;\"><strong>Condition\uff1a<\/strong>Nouveau<\/span><br \/>\n<span style=\"font-family: verdana, geneva, sans-serif; color: #4f4d4d;\"><strong>Mod\u00e8le de voiture\uff1a<\/strong><span style=\"font-family: verdana, geneva, sans-serif; color: #545050;\">Toyota Land Cruiser (1998-2007) et 4Runner (2003-2009)<\/span><\/span><br \/>\n<span style=\"font-family: verdana, geneva, sans-serif; color: #4f4d4d;\"><strong>OEM NO.. :<\/strong>43310-39016<\/span><br \/>\n<span style=\"font-family: verdana, geneva, sans-serif; color: #4f4d4d;\"><strong>Qualit\u00e9 :<\/strong>\u00a0100% Test\u00e9<\/span><br \/>\n<span style=\"font-family: verdana, geneva, sans-serif; color: #4f4d4d;\"><strong>D\u00e9lai de livraison :<\/strong>\u00a07-10 jours<\/span><\/p>","protected":false},"featured_media":1759,"comment_status":"closed","ping_status":"closed","template":"","meta":[],"product_cat":[50],"product_tag":[],"class_list":{"0":"post-1763","1":"product","2":"type-product","3":"status-publish","4":"has-post-thumbnail","6":"product_cat-chassis-parts","8":"first","9":"instock","10":"shipping-taxable","11":"product-type-simple"},"_links":{"self":[{"href":"https:\/\/carbitautoparts.com\/fr\/wp-json\/wp\/v2\/product\/1763","targetHints":{"allow":["GET"]}}],"collection":[{"href":"https:\/\/carbitautoparts.com\/fr\/wp-json\/wp\/v2\/product"}],"about":[{"href":"https:\/\/carbitautoparts.com\/fr\/wp-json\/wp\/v2\/types\/product"}],"replies":[{"embeddable":true,"href":"https:\/\/carbitautoparts.com\/fr\/wp-json\/wp\/v2\/comments?post=1763"}],"wp:featuredmedia":[{"embeddable":true,"href":"https:\/\/carbitautoparts.com\/fr\/wp-json\/wp\/v2\/media\/1759"}],"wp:attachment":[{"href":"https:\/\/carbitautoparts.com\/fr\/wp-json\/wp\/v2\/media?parent=1763"}],"wp:term":[{"taxonomy":"product_cat","embeddable":true,"href":"https:\/\/carbitautoparts.com\/fr\/wp-json\/wp\/v2\/product_cat?post=1763"},{"taxonomy":"product_tag","embeddable":true,"href":"https:\/\/carbitautoparts.com\/fr\/wp-json\/wp\/v2\/product_tag?post=1763"}],"curies":[{"name":"wp","href":"https:\/\/api.w.org\/{rel}","templated":true}]}}