{"id":1773,"date":"2025-05-04T17:40:59","date_gmt":"2025-05-04T09:40:59","guid":{"rendered":"https:\/\/carbitautoparts.com\/?post_type=product&#038;p=1773"},"modified":"2025-05-04T17:40:59","modified_gmt":"2025-05-04T09:40:59","slug":"tie-rod-end-honda-civic-accord-53540-ta0-a01","status":"publish","type":"product","link":"https:\/\/carbitautoparts.com\/fr\/product\/embout-de-biellette-honda-civic-accord-53540-ta0-a01\/","title":{"rendered":"Tie Rod End pour Honda Civic Accord-OEM 53540-TA0-A01"},"content":{"rendered":"<p class=\"ds-markdown-paragraph\"><span style=\"font-family: verdana, geneva, sans-serif;\"><strong>Premium Tie Rod End for Honda Civic Accord | OEM 53540-TA0-A01 - Assurer la pr\u00e9cision de la direction et la durabilit\u00e9<\/strong><\/span><\/p>\n<p class=\"ds-markdown-paragraph\"><span style=\"font-family: verdana, geneva, sans-serif;\">Am\u00e9liorez le syst\u00e8me de direction de votre Honda Civic et Accord avec notre <strong>\u00a0Embout de biellette (OEM 53540-TA0-A01)<\/strong>Le syst\u00e8me de direction de la Honda Civic est con\u00e7u pour offrir des performances et une fiabilit\u00e9 de qualit\u00e9 industrielle. Con\u00e7u sp\u00e9cifiquement pour les mod\u00e8les Honda Civic, ce composant essentiel de la direction garantit une maniabilit\u00e9 en douceur, un alignement pr\u00e9cis et une s\u00e9curit\u00e9 de conduite accrue.<\/span><\/p>\n<p class=\"ds-markdown-paragraph\">\n<span style=\"font-family: verdana, geneva, sans-serif;\">\u2705\u00a0<strong>Remplacement exact de l'OEM :<\/strong>\u00a0Correspond aux sp\u00e9cifications d'origine Honda (OEM 53540-TA0-A01) pour une compatibilit\u00e9 et des performances sans faille.<br \/>\n<\/span><br \/>\n<span style=\"font-family: verdana, geneva, sans-serif;\">\u2705\u00a0<strong>Pr\u00e9cision du contr\u00f4le de la direction :<\/strong>\u00a0R\u00e9duit les vibrations des roues et l'usure irr\u00e9guli\u00e8re des pneus en maintenant un alignement optimal.<br \/>\n<\/span><br \/>\n<span style=\"font-family: verdana, geneva, sans-serif;\">\u2705\u00a0<strong>Construction robuste :<\/strong> Forg\u00e9 \u00e0 partir d'acier \u00e0 haute r\u00e9sistance, avec placage d'alliage Zn-Ni et peinture \u00e9lectrophor\u00e9tique pour une durabilit\u00e9 \u00e0 long terme.<\/p>\n<p><\/span><span style=\"font-family: verdana, geneva, sans-serif;\">\u2705\u00a0<strong>Installation facile :<\/strong>\u00a0La conception \u00e0 montage direct garantit un remplacement sans probl\u00e8me, ce qui vous permet d'\u00e9conomiser du temps et des co\u00fbts de main-d'\u0153uvre.<br \/>\n<\/span><br \/>\n<span style=\"font-family: verdana, geneva, sans-serif;\">\u2705\u00a0<strong>S\u00e9curit\u00e9 renforc\u00e9e :<\/strong>\u00a0R\u00e9tablit la r\u00e9activit\u00e9 de la direction et la stabilit\u00e9, essentielles pour une conduite s\u00fbre dans toutes les conditions.<\/span><\/p>\n<p class=\"ds-markdown-paragraph\"><span style=\"font-family: verdana, geneva, sans-serif;\"><strong>Pourquoi choisir cet embout de biellette ?<\/strong><\/span><br \/>\n<span style=\"font-family: verdana, geneva, sans-serif;\">\u00c9vitez les risques li\u00e9s aux pi\u00e8ces de rechange bon march\u00e9 ! Notre embout de biellette d'accouplement \u00e9quivalent \u00e0 une pi\u00e8ce d'origine subit des tests de qualit\u00e9 rigoureux pour r\u00e9pondre aux normes strictes de Honda. Que vous fassiez des trajets quotidiens ou des promenades exigeantes, ce composant garantit que le syst\u00e8me de direction de votre Civic reste serr\u00e9, pr\u00e9cis et sans jeu.<\/span><\/p>","protected":false},"excerpt":{"rendered":"<p><span style=\"font-family: verdana, geneva, sans-serif;\"><strong>Nom du produit\uff1a<\/strong>Embout de biellette<\/span><br \/>\n<span style=\"font-family: verdana, geneva, sans-serif;\"><strong>Garantie\uff1a<\/strong>1 an<\/span><br \/>\n<span style=\"font-family: verdana, geneva, sans-serif;\"><strong>Condition\uff1a<\/strong>Nouveau<\/span><br \/>\n<span style=\"font-family: verdana, geneva, sans-serif;\"><strong>Mod\u00e8le de voiture\uff1a<\/strong>Honda Civic Accord<\/span><br \/>\n<span style=\"font-family: verdana, geneva, sans-serif;\"><strong>OEM NO.. :<\/strong>53540-TA0-A01<\/span><br \/>\n<span style=\"font-family: verdana, geneva, sans-serif;\"><strong>Qualit\u00e9 :<\/strong>\u00a0100% Test\u00e9<\/span><br \/>\n<span style=\"font-family: verdana, geneva, sans-serif;\"><strong>D\u00e9lai de livraison :<\/strong>\u00a07-10 jours<\/span><\/p>","protected":false},"featured_media":1774,"comment_status":"closed","ping_status":"closed","template":"","meta":[],"product_cat":[50],"product_tag":[],"class_list":{"0":"post-1773","1":"product","2":"type-product","3":"status-publish","4":"has-post-thumbnail","6":"product_cat-chassis-parts","8":"first","9":"instock","10":"shipping-taxable","11":"product-type-simple"},"_links":{"self":[{"href":"https:\/\/carbitautoparts.com\/fr\/wp-json\/wp\/v2\/product\/1773","targetHints":{"allow":["GET"]}}],"collection":[{"href":"https:\/\/carbitautoparts.com\/fr\/wp-json\/wp\/v2\/product"}],"about":[{"href":"https:\/\/carbitautoparts.com\/fr\/wp-json\/wp\/v2\/types\/product"}],"replies":[{"embeddable":true,"href":"https:\/\/carbitautoparts.com\/fr\/wp-json\/wp\/v2\/comments?post=1773"}],"wp:featuredmedia":[{"embeddable":true,"href":"https:\/\/carbitautoparts.com\/fr\/wp-json\/wp\/v2\/media\/1774"}],"wp:attachment":[{"href":"https:\/\/carbitautoparts.com\/fr\/wp-json\/wp\/v2\/media?parent=1773"}],"wp:term":[{"taxonomy":"product_cat","embeddable":true,"href":"https:\/\/carbitautoparts.com\/fr\/wp-json\/wp\/v2\/product_cat?post=1773"},{"taxonomy":"product_tag","embeddable":true,"href":"https:\/\/carbitautoparts.com\/fr\/wp-json\/wp\/v2\/product_tag?post=1773"}],"curies":[{"name":"wp","href":"https:\/\/api.w.org\/{rel}","templated":true}]}}