{"id":1782,"date":"2025-05-05T11:02:16","date_gmt":"2025-05-05T03:02:16","guid":{"rendered":"https:\/\/carbitautoparts.com\/?post_type=product&#038;p=1782"},"modified":"2025-05-06T15:32:13","modified_gmt":"2025-05-06T07:32:13","slug":"upper-control-arm-honda-accord-oem-51510-ta0-a03-51520-ta0-a03","status":"publish","type":"product","link":"https:\/\/carbitautoparts.com\/fr\/product\/upper-control-arm-honda-accord-oem-51510-ta0-a03-51520-ta0-a03\/","title":{"rendered":"Bras de contr\u00f4le sup\u00e9rieur pour Honda Accord-OEM 51510-TA0-A03 &amp; 51520-TA0-A03"},"content":{"rendered":"<p class=\"ds-markdown-paragraph\"><span style=\"font-family: verdana, geneva, sans-serif; color: #3b3838;\"><strong>Bras de contr\u00f4le sup\u00e9rieur de premi\u00e8re qualit\u00e9 pour Honda Accord (OEM : 51510-TA0-A03 &amp; 51520-TA0-A03) - Restaure la pr\u00e9cision et la stabilit\u00e9 de la suspension<\/strong><\/span><\/p>\n<p class=\"ds-markdown-paragraph\"><span style=\"font-family: verdana, geneva, sans-serif; color: #3b3838;\">Am\u00e9liorez la performance de la suspension de votre Honda Accord avec notre\u00a0<strong>Jeu de bras de contr\u00f4le sup\u00e9rieur compatible avec les OEM<\/strong>\u00a0(51510-TA0-A03 &amp; 51520-TA0-A03), m\u00e9ticuleusement con\u00e7ues pour correspondre aux sp\u00e9cifications d'origine de Honda pour un ajustement parfait, une durabilit\u00e9 et un confort de conduite. Con\u00e7u pour r\u00e9tablir l'alignement pr\u00e9cis des roues, r\u00e9duire les vibrations et am\u00e9liorer la tenue de route, ce composant de suspension essentiel garantit que votre Accord roule comme si elle \u00e9tait neuve.<\/span><\/p>\n<hr \/>\n<p class=\"ds-markdown-paragraph\">\n<span style=\"font-family: verdana, geneva, sans-serif; color: #3b3838;\">\u2705\u00a0<strong>Remplacement exact de l'OEM<\/strong>: Fabriqu\u00e9 avec pr\u00e9cision selon les normes d'usine de la Honda Accord (OEM 51510-TA0-A03 &amp; 51520-TA0-A03) pour une compatibilit\u00e9 garantie et une installation sans probl\u00e8me.<br \/>\n<\/span><br \/>\n<span style=\"font-family: verdana, geneva, sans-serif; color: #3b3838;\">\u2705\u00a0<strong>Construction \u00e0 haute r\u00e9sistance<\/strong>: Forg\u00e9 \u00e0 partir d'acier \u00e0 haute r\u00e9sistance et trait\u00e9 en surface avec un rev\u00eatement d'alliage Zn-Ni et un placage \u00e9lectrolytique pour la capacit\u00e9 de charge, la r\u00e9sistance \u00e0 l'usure due aux routes accident\u00e9es et aux chocs importants et la r\u00e9sistance \u00e0 la rouille.<br \/>\n<\/span><br \/>\n<span style=\"font-family: verdana, geneva, sans-serif; color: #3b3838;\">\u2705\u00a0<strong>Qualit\u00e9 de roulement optimis\u00e9e<\/strong>: Restaure la g\u00e9om\u00e9trie de la suspension, minimise l'usure des pneus, les vibrations et la direction irr\u00e9guli\u00e8re pour une conduite plus douce et plus s\u00fbre.<br \/>\n<\/span><br \/>\n<span style=\"font-family: verdana, geneva, sans-serif; color: #3b3838;\">\u2705\u00a0<strong>Une assurance qualit\u00e9 rigoureuse<\/strong>: La r\u00e9sistance \u00e0 la fatigue et les performances dans des conditions extr\u00eames ont \u00e9t\u00e9 test\u00e9es pour garantir une fiabilit\u00e9 \u00e0 long terme.<\/span><\/p>\n<ul>\n<li class=\"ds-markdown-paragraph\"><span style=\"font-family: verdana, geneva, sans-serif; color: #3b3838;\"><strong>Parfaite adaptation aux mod\u00e8les Honda Accord<\/strong>:<\/span><br \/>\n<span style=\"font-family: verdana, geneva, sans-serif; color: #3b3838;\">Compatible avec Honda Accord\u00a0<strong>[ 2009-2012]<\/strong>\u00a0- confirmez l'adaptation de votre v\u00e9hicule en utilisant les codes OEM 51510-TA0-A03 (gauche) et 51520-TA0-A03 (droite).<\/span><\/li>\n<\/ul>","protected":false},"excerpt":{"rendered":"<p><span style=\"color: #5c5959; font-family: verdana, geneva, sans-serif;\"><strong>Nom du produit\uff1a<\/strong>Bras de contr\u00f4le sup\u00e9rieur<\/span><br \/>\n<span style=\"color: #5c5959; font-family: verdana, geneva, sans-serif;\"><strong>Garantie\uff1a<\/strong>1 an<\/span><br \/>\n<span style=\"color: #5c5959; font-family: verdana, geneva, sans-serif;\"><strong>Condition\uff1a<\/strong>Nouveau<\/span><br \/>\n<span style=\"color: #5c5959; font-family: verdana, geneva, sans-serif;\"><strong>Mod\u00e8le de voiture\uff1a<\/strong>Honda Accord CP1<\/span><br \/>\n<span style=\"color: #5c5959; font-family: verdana, geneva, sans-serif;\"><strong>OEM NO.. :<\/strong>51510-TA0-A03 , 51520-TA0-A03<\/span><br \/>\n<span style=\"color: #5c5959; font-family: verdana, geneva, sans-serif;\"><strong>Qualit\u00e9 :<\/strong>\u00a0100% Test\u00e9<\/span><br \/>\n<span style=\"color: #5c5959; font-family: verdana, geneva, sans-serif;\"><strong>D\u00e9lai de livraison :<\/strong>\u00a07-10 jours<\/span><\/p>","protected":false},"featured_media":1783,"comment_status":"closed","ping_status":"closed","template":"","meta":[],"product_cat":[50],"product_tag":[],"class_list":{"0":"post-1782","1":"product","2":"type-product","3":"status-publish","4":"has-post-thumbnail","6":"product_cat-chassis-parts","8":"first","9":"instock","10":"featured","11":"shipping-taxable","12":"product-type-simple"},"_links":{"self":[{"href":"https:\/\/carbitautoparts.com\/fr\/wp-json\/wp\/v2\/product\/1782","targetHints":{"allow":["GET"]}}],"collection":[{"href":"https:\/\/carbitautoparts.com\/fr\/wp-json\/wp\/v2\/product"}],"about":[{"href":"https:\/\/carbitautoparts.com\/fr\/wp-json\/wp\/v2\/types\/product"}],"replies":[{"embeddable":true,"href":"https:\/\/carbitautoparts.com\/fr\/wp-json\/wp\/v2\/comments?post=1782"}],"wp:featuredmedia":[{"embeddable":true,"href":"https:\/\/carbitautoparts.com\/fr\/wp-json\/wp\/v2\/media\/1783"}],"wp:attachment":[{"href":"https:\/\/carbitautoparts.com\/fr\/wp-json\/wp\/v2\/media?parent=1782"}],"wp:term":[{"taxonomy":"product_cat","embeddable":true,"href":"https:\/\/carbitautoparts.com\/fr\/wp-json\/wp\/v2\/product_cat?post=1782"},{"taxonomy":"product_tag","embeddable":true,"href":"https:\/\/carbitautoparts.com\/fr\/wp-json\/wp\/v2\/product_tag?post=1782"}],"curies":[{"name":"wp","href":"https:\/\/api.w.org\/{rel}","templated":true}]}}