{"id":1787,"date":"2025-05-05T16:46:25","date_gmt":"2025-05-05T08:46:25","guid":{"rendered":"https:\/\/carbitautoparts.com\/?post_type=product&#038;p=1787"},"modified":"2025-05-06T15:34:27","modified_gmt":"2025-05-06T07:34:27","slug":"rod-assy-nissan-patrol-y62-oem-546181lb0a","status":"publish","type":"product","link":"https:\/\/carbitautoparts.com\/fr\/product\/rod-assy-nissan-patrol-y62-oem-546181lb0a\/","title":{"rendered":"Tige Assy pour Nissan Patrol Y62-OEM 546181LB0A"},"content":{"rendered":"<p class=\"ds-markdown-paragraph\">\n<span style=\"color: #5e5b5b;\"><span style=\"font-family: verdana, geneva, sans-serif;\"><strong>Tige Assy pour Nissan Patrol Y62 - OEM 546181LB0A Replacement | Durable &amp; Fiable<\/p>\n<p><\/strong><\/span><span style=\"font-family: verdana, geneva, sans-serif;\">Am\u00e9liorez les performances et la long\u00e9vit\u00e9 de votre Nissan Patrol Y62 gr\u00e2ce \u00e0 nos produits de qualit\u00e9 sup\u00e9rieure.\u00a0<strong>Assemblage de la tige<\/strong>\u00a0(OEM : 546181LB0A). Con\u00e7u pour remplacer directement l'\u00e9quipement d'origine, ce composant de haute qualit\u00e9 garantit une int\u00e9gration parfaite avec la suspension ou le syst\u00e8me de direction de votre v\u00e9hicule (confirmer les sp\u00e9cificit\u00e9s de l'application en fonction de l'utilisation exacte de la pi\u00e8ce).<\/span><\/span><\/p>\n<hr \/>\n<p class=\"ds-markdown-paragraph\">\n<span style=\"font-family: verdana, geneva, sans-serif; color: #5e5b5b;\">\u2705\u00a0<strong>Ing\u00e9nierie de pr\u00e9cision :<\/strong>\u00a0Fabriqu\u00e9 pour r\u00e9pondre ou d\u00e9passer les sp\u00e9cifications OEM, garantissant une adaptation, une r\u00e9sistance et des performances optimales.<br \/>\n<\/span><br \/>\n<span style=\"font-family: verdana, geneva, sans-serif; color: #5e5b5b;\">\u2705\u00a0<strong>Durabilit\u00e9 garantie :<\/strong> Forg\u00e9 \u00e0 partir d'acier \u00e0 haute r\u00e9sistance et trait\u00e9 en surface avec un rev\u00eatement d'alliage Zn-Ni et un placage \u00e9lectrolytique pour la capacit\u00e9 de charge, la r\u00e9sistance \u00e0 l'usure due aux routes accident\u00e9es et aux chocs violents et la r\u00e9sistance \u00e0 la rouille.<br \/>\n<\/span><br \/>\n<span style=\"font-family: verdana, geneva, sans-serif; color: #5e5b5b;\">\u2705\u00a0<strong>Compatibilit\u00e9 parfaite :<\/strong> Sp\u00e9cifiquement con\u00e7u pour le Nissan Patrol Y62 (2010-2017) - aucune modification n'est n\u00e9cessaire.<br \/>\n<\/span><br \/>\n<span style=\"font-family: verdana, geneva, sans-serif; color: #5e5b5b;\">\u2705\u00a0<strong>Fonctionnement en douceur :<\/strong>\u00a0R\u00e9tablit une r\u00e9activit\u00e9 et une stabilit\u00e9 dignes de l'usine, am\u00e9liorant ainsi la s\u00e9curit\u00e9 et le contr\u00f4le de la conduite.<\/span><\/p>\n<p class=\"ds-markdown-paragraph\"><span style=\"font-family: verdana, geneva, sans-serif; color: #5e5b5b;\"><strong>Pourquoi choisir notre ASSEMBLAGE DE TIGES ?<\/strong><\/span><\/p>\n<ul>\n<li>\n<p class=\"ds-markdown-paragraph\"><span style=\"font-family: verdana, geneva, sans-serif; color: #5e5b5b;\"><strong>100% Qualit\u00e9 test\u00e9e :<\/strong>\u00a0Des inspections rigoureuses garantissent une performance sans d\u00e9faut.<\/span><\/p>\n<\/li>\n<li>\n<p class=\"ds-markdown-paragraph\"><span style=\"font-family: verdana, geneva, sans-serif; color: #5e5b5b;\"><strong>Exp\u00e9dition rapide :<\/strong>\u00a0Commandez d\u00e8s aujourd'hui pour une livraison rapide \u00e0 votre porte.<\/span><\/p>\n<\/li>\n<li>\n<p class=\"ds-markdown-paragraph\"><span style=\"font-family: verdana, geneva, sans-serif; color: #5e5b5b;\"><strong>Prix comp\u00e9titifs :<\/strong>\u00a0Une qualit\u00e9 sup\u00e9rieure \u00e0 un prix imbattable.<\/span><\/p>\n<\/li>\n<\/ul>","protected":false},"excerpt":{"rendered":"<p><span style=\"font-family: verdana, geneva, sans-serif; color: #524e4e;\"><strong>Nom du produit\uff1a<\/strong>Assemblage de la tige<\/span><br \/>\n<span style=\"font-family: verdana, geneva, sans-serif; color: #524e4e;\"><strong>Garantie\uff1a<\/strong>1 an<\/span><br \/>\n<span style=\"font-family: verdana, geneva, sans-serif; color: #524e4e;\"><strong>Condition\uff1a<\/strong>Nouveau<\/span><br \/>\n<span style=\"font-family: verdana, geneva, sans-serif; color: #524e4e;\"><strong>Mod\u00e8le de voiture\uff1a<\/strong>Nissan Patrol Y62<\/span><br \/>\n<span style=\"font-family: verdana, geneva, sans-serif; color: #524e4e;\"><strong>OEM NO.. :<\/strong>546181LB0A<\/span><br \/>\n<span style=\"font-family: verdana, geneva, sans-serif; color: #524e4e;\"><strong>Qualit\u00e9 :<\/strong>\u00a0100% Test\u00e9<\/span><br \/>\n<span style=\"font-family: verdana, geneva, sans-serif; color: #524e4e;\"><strong>D\u00e9lai de livraison :<\/strong>\u00a07-10 jours<\/span><\/p>","protected":false},"featured_media":1788,"comment_status":"closed","ping_status":"closed","template":"","meta":[],"product_cat":[50],"product_tag":[],"class_list":{"0":"post-1787","1":"product","2":"type-product","3":"status-publish","4":"has-post-thumbnail","6":"product_cat-chassis-parts","8":"first","9":"instock","10":"featured","11":"shipping-taxable","12":"product-type-simple"},"_links":{"self":[{"href":"https:\/\/carbitautoparts.com\/fr\/wp-json\/wp\/v2\/product\/1787","targetHints":{"allow":["GET"]}}],"collection":[{"href":"https:\/\/carbitautoparts.com\/fr\/wp-json\/wp\/v2\/product"}],"about":[{"href":"https:\/\/carbitautoparts.com\/fr\/wp-json\/wp\/v2\/types\/product"}],"replies":[{"embeddable":true,"href":"https:\/\/carbitautoparts.com\/fr\/wp-json\/wp\/v2\/comments?post=1787"}],"wp:featuredmedia":[{"embeddable":true,"href":"https:\/\/carbitautoparts.com\/fr\/wp-json\/wp\/v2\/media\/1788"}],"wp:attachment":[{"href":"https:\/\/carbitautoparts.com\/fr\/wp-json\/wp\/v2\/media?parent=1787"}],"wp:term":[{"taxonomy":"product_cat","embeddable":true,"href":"https:\/\/carbitautoparts.com\/fr\/wp-json\/wp\/v2\/product_cat?post=1787"},{"taxonomy":"product_tag","embeddable":true,"href":"https:\/\/carbitautoparts.com\/fr\/wp-json\/wp\/v2\/product_tag?post=1787"}],"curies":[{"name":"wp","href":"https:\/\/api.w.org\/{rel}","templated":true}]}}