{"id":1792,"date":"2025-05-05T17:46:18","date_gmt":"2025-05-05T09:46:18","guid":{"rendered":"https:\/\/carbitautoparts.com\/?post_type=product&#038;p=1792"},"modified":"2025-05-06T15:32:31","modified_gmt":"2025-05-06T07:32:31","slug":"front-control-arm-for-hyundai-sonata-oem-54500-3k000-54501-3k000","status":"publish","type":"product","link":"https:\/\/carbitautoparts.com\/fr\/product\/front-control-arm-for-hyundai-sonata-oem-54500-3k000-54501-3k000\/","title":{"rendered":"Bras de contr\u00f4le avant pour Hyundai Sonata-OEM 54500-3K000 54501-3K000"},"content":{"rendered":"<p class=\"ds-markdown-paragraph\"><span style=\"font-family: verdana, geneva, sans-serif; color: #5c5858;\"><strong>Bras de contr\u00f4le avant Premium pour Hyundai Sonata - Remplacement direct OEM 54500-3K000 &amp; 54501-3K000<\/strong><\/span><\/p>\n<p class=\"ds-markdown-paragraph\"><span style=\"font-family: verdana, geneva, sans-serif; color: #5c5858;\">Am\u00e9liorez les performances et la s\u00e9curit\u00e9 de votre Hyundai Sonata gr\u00e2ce \u00e0 nos services d'entretien et de r\u00e9paration.\u00a0<strong>Bras de contr\u00f4le avant OEM<\/strong> (OEM : 54500-3K000 et 54501-3K000). Con\u00e7ue pour r\u00e9pondre exactement aux normes d'usine, cette pi\u00e8ce de rechange de haute qualit\u00e9 garantit une compatibilit\u00e9 parfaite, une durabilit\u00e9 et une maniabilit\u00e9 optimale pour votre v\u00e9hicule.<\/span><\/p>\n<hr \/>\n<p class=\"ds-markdown-paragraph\"><span style=\"font-family: verdana, geneva, sans-serif; color: #5c5858;\">\u2705\u00a0<strong>Ajustement OEM de pr\u00e9cision<\/strong>: Con\u00e7us pour correspondre aux sp\u00e9cifications d'origine de Hyundai (54500-3K000 &amp; 54501-3K000), ils garantissent un alignement parfait et une installation sans probl\u00e8me.<br \/>\n<\/span><br \/>\n<span style=\"font-family: verdana, geneva, sans-serif; color: #5c5858;\">\u2705\u00a0<strong>Construction durable<\/strong>: Forg\u00e9 \u00e0 partir d'acier \u00e0 haute r\u00e9sistance et trait\u00e9 en surface avec un rev\u00eatement d'alliage Zn-Ni et un placage \u00e9lectrolytique pour la capacit\u00e9 de charge, la r\u00e9sistance \u00e0 l'usure due aux routes accident\u00e9es et aux chocs importants et la r\u00e9sistance \u00e0 la rouille.<br \/>\n<\/span><br \/>\n<span style=\"font-family: verdana, geneva, sans-serif; color: #5c5858;\">\u2705\u00a0<strong>S\u00e9curit\u00e9 et stabilit\u00e9 accrues<\/strong>: R\u00e9tablit une r\u00e9ponse pr\u00e9cise de la direction, r\u00e9duit les vibrations et maintient l'alignement des roues pour une conduite plus s\u00fbre et plus souple.<br \/>\n<\/span><br \/>\n<span style=\"font-family: verdana, geneva, sans-serif; color: #5c5858;\">\u2705\u00a0<strong>Une solution rentable<\/strong>: \u00c9vitez les majorations des concessionnaires tout en b\u00e9n\u00e9ficiant d'une qualit\u00e9 de niveau OEM \u00e0 un prix comp\u00e9titif.<\/span><\/p>\n<p class=\"ds-markdown-paragraph\"><span style=\"font-family: verdana, geneva, sans-serif; color: #5c5858;\"><strong>Compatible avec<\/strong>:<\/span><\/p>\n<ul>\n<li>\n<p class=\"ds-markdown-paragraph\"><span style=\"font-family: verdana, geneva, sans-serif; color: #5c5858;\">Hyundai Sonata (Ann\u00e9es : 2004-2007)<\/span><br \/>\n<span style=\"font-family: verdana, geneva, sans-serif; color: #5c5858;\"><em>V\u00e9rifiez l'exactitude du num\u00e9ro d'identification du v\u00e9hicule et l'ann\u00e9e de production.<\/em><\/span><\/p>\n<\/li>\n<\/ul>\n<p class=\"ds-markdown-paragraph\">","protected":false},"excerpt":{"rendered":"<p><span style=\"font-family: verdana, geneva, sans-serif; color: #544d4d;\"><strong>Nom du produit\uff1a<\/strong>Bras de contr\u00f4le avant<\/span><br \/>\n<span style=\"font-family: verdana, geneva, sans-serif; color: #544d4d;\"><strong>Garantie\uff1a<\/strong>1 an<\/span><br \/>\n<span style=\"font-family: verdana, geneva, sans-serif; color: #544d4d;\"><strong>Condition\uff1a<\/strong>Nouveau<\/span><br \/>\n<span style=\"font-family: verdana, geneva, sans-serif; color: #544d4d;\"><strong>Mod\u00e8le de voiture\uff1a<\/strong><span style=\"font-family: verdana, geneva, sans-serif;\">Hyundai Sonata (Ann\u00e9es : 2004-2007)<\/span><\/span><br \/>\n<span style=\"font-family: verdana, geneva, sans-serif; color: #544d4d;\"><strong>OEM NO.. :<\/strong><span style=\"font-family: verdana, geneva, sans-serif;\">54500-3K000\uff08Left\uff09 (gauche) &amp; 54501-3K000(Droite)<\/span><\/span><br \/>\n<span style=\"font-family: verdana, geneva, sans-serif; color: #544d4d;\"><strong>Qualit\u00e9 :<\/strong>\u00a0100% Test\u00e9<\/span><br \/>\n<span style=\"font-family: verdana, geneva, sans-serif; color: #544d4d;\"><strong>D\u00e9lai de livraison :<\/strong>\u00a07-10 jours<\/span><\/p>","protected":false},"featured_media":1793,"comment_status":"closed","ping_status":"closed","template":"","meta":[],"product_cat":[50],"product_tag":[],"class_list":{"0":"post-1792","1":"product","2":"type-product","3":"status-publish","4":"has-post-thumbnail","6":"product_cat-chassis-parts","8":"first","9":"instock","10":"featured","11":"shipping-taxable","12":"product-type-simple"},"_links":{"self":[{"href":"https:\/\/carbitautoparts.com\/fr\/wp-json\/wp\/v2\/product\/1792","targetHints":{"allow":["GET"]}}],"collection":[{"href":"https:\/\/carbitautoparts.com\/fr\/wp-json\/wp\/v2\/product"}],"about":[{"href":"https:\/\/carbitautoparts.com\/fr\/wp-json\/wp\/v2\/types\/product"}],"replies":[{"embeddable":true,"href":"https:\/\/carbitautoparts.com\/fr\/wp-json\/wp\/v2\/comments?post=1792"}],"wp:featuredmedia":[{"embeddable":true,"href":"https:\/\/carbitautoparts.com\/fr\/wp-json\/wp\/v2\/media\/1793"}],"wp:attachment":[{"href":"https:\/\/carbitautoparts.com\/fr\/wp-json\/wp\/v2\/media?parent=1792"}],"wp:term":[{"taxonomy":"product_cat","embeddable":true,"href":"https:\/\/carbitautoparts.com\/fr\/wp-json\/wp\/v2\/product_cat?post=1792"},{"taxonomy":"product_tag","embeddable":true,"href":"https:\/\/carbitautoparts.com\/fr\/wp-json\/wp\/v2\/product_tag?post=1792"}],"curies":[{"name":"wp","href":"https:\/\/api.w.org\/{rel}","templated":true}]}}