{"id":1800,"date":"2025-05-06T10:27:38","date_gmt":"2025-05-06T02:27:38","guid":{"rendered":"https:\/\/carbitautoparts.com\/?post_type=product&#038;p=1800"},"modified":"2025-05-06T15:33:35","modified_gmt":"2025-05-06T07:33:35","slug":"transmission-mount-honda-crv-oem-50805s9a983","status":"publish","type":"product","link":"https:\/\/carbitautoparts.com\/fr\/product\/support-de-transmission-honda-crv-oem-50805s9a983\/","title":{"rendered":"Support de transmission pour HONDA CR-V-OEM 50805S9A983"},"content":{"rendered":"<p class=\"ds-markdown-paragraph\"><span style=\"font-family: verdana, geneva, sans-serif; color: #4d4949;\"><strong>Support de transmission Premium pour HONDA CR-V | OEM 50805S9A983 Replacement<\/strong><\/span><\/p>\n<p class=\"ds-markdown-paragraph\"><span style=\"font-family: verdana, geneva, sans-serif; color: #4d4949;\">Assurez une exp\u00e9rience de conduite plus douce, plus silencieuse et plus stable gr\u00e2ce \u00e0 notre\u00a0<strong>Support de transmission de haute qualit\u00e9<\/strong>Les pi\u00e8ces de rechange sont des pi\u00e8ces d'origine, sp\u00e9cialement con\u00e7ues pour les mod\u00e8les HONDA CR-V. Con\u00e7u pour r\u00e9pondre ou d\u00e9passer les sp\u00e9cifications OEM (OEM : 50805S9A983), ce composant fabriqu\u00e9 avec pr\u00e9cision offre une durabilit\u00e9 et des performances in\u00e9gal\u00e9es, ce qui en fait le choix id\u00e9al pour restaurer l'int\u00e9grit\u00e9 du groupe motopropulseur de votre v\u00e9hicule.<\/span><\/p>\n<hr \/>\n<p class=\"ds-markdown-paragraph\">\n<span style=\"font-family: verdana, geneva, sans-serif; color: #4d4949;\">\u2705\u00a0<strong>Remplacement direct de l'OEM<\/strong>: Correspond parfaitement au design et aux dimensions d'usine des supports de transmission du HONDA CR-V (OEM 50805S9A983), garantissant une compatibilit\u00e9 parfaite et une installation sans probl\u00e8me.<br \/>\n<\/span><br \/>\n<span style=\"font-family: verdana, geneva, sans-serif; color: #4d4949;\">\u2705\u00a0<strong>Am\u00e9lioration de l'amortissement des vibrations<\/strong>: Construit avec des compos\u00e9s de caoutchouc de premi\u00e8re qualit\u00e9 pour absorber les chocs, r\u00e9duire le bruit et minimiser les vibrations du groupe motopropulseur pour un habitacle plus silencieux.<br \/>\n<\/span><br \/>\n<span style=\"font-family: verdana, geneva, sans-serif; color: #4d4949;\">\u2705\u00a0<strong>Durabilit\u00e9 \u00e0 long terme<\/strong>: La construction renforc\u00e9e r\u00e9siste aux contraintes extr\u00eames, \u00e0 la chaleur et \u00e0 l'usure, offrant un support fiable \u00e0 votre transmission et prolongeant la dur\u00e9e de vie des composants.<br \/>\n<\/span><br \/>\n<span style=\"font-family: verdana, geneva, sans-serif; color: #4d4949;\">\u2705\u00a0<strong>Optimisation des performances de conduite<\/strong>: Stabilise le syst\u00e8me de transmission, am\u00e9liorant la fluidit\u00e9 des changements de vitesse et la r\u00e9activit\u00e9 g\u00e9n\u00e9rale du v\u00e9hicule.<br \/>\n<\/span><br \/>\n<span style=\"font-family: verdana, geneva, sans-serif; color: #4d4949;\">\u2705\u00a0<strong>Des tests de qualit\u00e9 rigoureux<\/strong>: Chaque unit\u00e9 subit des contr\u00f4les de qualit\u00e9 stricts pour garantir la pr\u00e9cision de l'ajustement, la s\u00e9curit\u00e9 et la conformit\u00e9 avec les normes d'ing\u00e9nierie HONDA.<\/span><\/p>\n<p class=\"ds-markdown-paragraph\"><span style=\"font-family: verdana, geneva, sans-serif; color: #4d4949;\"><strong>Pourquoi choisir notre support de transmission ?<\/strong><\/span><br \/>\n<span style=\"font-family: verdana, geneva, sans-serif; color: #4d4949;\">Am\u00e9liorez les performances de votre HONDA CR-V avec une pi\u00e8ce qui combine la fiabilit\u00e9 de l'\u00e9quipementier et l'innovation du march\u00e9 de l'apr\u00e8s-vente. Qu'il s'agisse de mouvements excessifs du moteur, de bruits inhabituels ou d'usure pr\u00e9matur\u00e9e, notre support de transmission offre une solution rentable pour prot\u00e9ger les composants essentiels de votre v\u00e9hicule.\u00a0<\/span><\/p>\n<hr \/>\n<p class=\"ds-markdown-paragraph\"><span style=\"font-family: verdana, geneva, sans-serif; color: #4d4949;\"><strong>Compatibilit\u00e9 :<\/strong><\/span><br \/>\n<span style=\"font-family: verdana, geneva, sans-serif; color: #4d4949;\">-\u00a0<strong>V\u00e9hicule<\/strong>: Sp\u00e9cifiquement con\u00e7u pour HONDA CR-V 2002-2004 (Confirmez l'ann\u00e9e de votre mod\u00e8le pour la compatibilit\u00e9).<\/span><br \/>\n<span style=\"font-family: verdana, geneva, sans-serif; color: #4d4949;\">-\u00a0<strong>R\u00e9f\u00e9rence OEM<\/strong>: 50805S9A983 | 50805-S9A-983<\/span><\/p>","protected":false},"excerpt":{"rendered":"<p><span style=\"font-family: verdana, geneva, sans-serif; color: #524d4d;\"><strong>Nom du produit\uff1a<\/strong>Support de transmission<\/span><br \/>\n<span style=\"font-family: verdana, geneva, sans-serif; color: #524d4d;\"><strong>Garantie\uff1a<\/strong>1 an<\/span><br \/>\n<span style=\"font-family: verdana, geneva, sans-serif; color: #524d4d;\"><strong>Condition\uff1a<\/strong>Nouveau<\/span><br \/>\n<span style=\"font-family: verdana, geneva, sans-serif; color: #524d4d;\"><strong>Mod\u00e8le de voiture\uff1a<\/strong>Honda CR-V(2002-2004\uff09<\/span><br \/>\n<span style=\"font-family: verdana, geneva, sans-serif; color: #524d4d;\"><strong>OEM NO.. :<\/strong>50805S9A983<\/span><br \/>\n<span style=\"font-family: verdana, geneva, sans-serif; color: #524d4d;\"><strong>Qualit\u00e9 :<\/strong>\u00a0100% Test\u00e9<\/span><br \/>\n<span style=\"font-family: verdana, geneva, sans-serif; color: #524d4d;\"><strong>D\u00e9lai de livraison :<\/strong>\u00a07-10 jours<\/span><\/p>","protected":false},"featured_media":1801,"comment_status":"closed","ping_status":"closed","template":"","meta":[],"product_cat":[50],"product_tag":[],"class_list":{"0":"post-1800","1":"product","2":"type-product","3":"status-publish","4":"has-post-thumbnail","6":"product_cat-chassis-parts","8":"first","9":"instock","10":"featured","11":"shipping-taxable","12":"product-type-simple"},"_links":{"self":[{"href":"https:\/\/carbitautoparts.com\/fr\/wp-json\/wp\/v2\/product\/1800","targetHints":{"allow":["GET"]}}],"collection":[{"href":"https:\/\/carbitautoparts.com\/fr\/wp-json\/wp\/v2\/product"}],"about":[{"href":"https:\/\/carbitautoparts.com\/fr\/wp-json\/wp\/v2\/types\/product"}],"replies":[{"embeddable":true,"href":"https:\/\/carbitautoparts.com\/fr\/wp-json\/wp\/v2\/comments?post=1800"}],"wp:featuredmedia":[{"embeddable":true,"href":"https:\/\/carbitautoparts.com\/fr\/wp-json\/wp\/v2\/media\/1801"}],"wp:attachment":[{"href":"https:\/\/carbitautoparts.com\/fr\/wp-json\/wp\/v2\/media?parent=1800"}],"wp:term":[{"taxonomy":"product_cat","embeddable":true,"href":"https:\/\/carbitautoparts.com\/fr\/wp-json\/wp\/v2\/product_cat?post=1800"},{"taxonomy":"product_tag","embeddable":true,"href":"https:\/\/carbitautoparts.com\/fr\/wp-json\/wp\/v2\/product_tag?post=1800"}],"curies":[{"name":"wp","href":"https:\/\/api.w.org\/{rel}","templated":true}]}}