{"id":1834,"date":"2025-05-09T16:06:22","date_gmt":"2025-05-09T08:06:22","guid":{"rendered":"https:\/\/carbitautoparts.com\/?post_type=product&#038;p=1834"},"modified":"2025-05-09T16:06:22","modified_gmt":"2025-05-09T08:06:22","slug":"engine-mounting-toyota-vios-yaris-ncp90-oem-12363-0m040-0m010-0m011","status":"publish","type":"product","link":"https:\/\/carbitautoparts.com\/fr\/product\/support-moteur-toyota-vios-yaris-ncp90-oem-12363-0m040-0m010-0m011\/","title":{"rendered":"Support moteur pour TOYOTA Vios YARIS NCP90 | OEM 12363-0M040\/0M010\/0M011"},"content":{"rendered":"<p class=\"ds-markdown-paragraph\"><span style=\"font-family: verdana, geneva, sans-serif; color: #524d4d;\"><strong>Support moteur Premium pour TOYOTA Vios YARIS NCP90 | OEM 12363-0M040\/0M010\/0M011<\/strong><\/span><\/p>\n<p class=\"ds-markdown-paragraph\"><span style=\"font-family: verdana, geneva, sans-serif; color: #524d4d;\">Am\u00e9liorez les performances de votre TOYOTA Vios YARIS NCP90 avec notre\u00a0<strong>Montage de haute pr\u00e9cision du moteur<\/strong>Le syst\u00e8me est con\u00e7u pour offrir une qualit\u00e9 d'origine, une fiabilit\u00e9 et un contr\u00f4le des vibrations. Directement compatible avec les OEM\u00a0 <strong>12363-0M040, 12363-0M010 et 12363-0M011<\/strong>Ce composant robuste assure un ajustement parfait et une int\u00e9gration parfaite au syst\u00e8me moteur de votre v\u00e9hicule.<\/p>\n<p><\/span><span style=\"font-family: verdana, geneva, sans-serif; color: #524d4d;\">\u2705\u00a0<strong>Remplacement exact de l'OEM<\/strong>: Fabriqu\u00e9 pour r\u00e9pondre aux sp\u00e9cifications strictes de Toyota pour une adaptation et une durabilit\u00e9 optimales.<br \/>\n<\/span><br \/>\n<span style=\"font-family: verdana, geneva, sans-serif; color: #524d4d;\">\u2705\u00a0<strong>Amortissement avanc\u00e9 des vibrations<\/strong>: La construction en caoutchouc renforc\u00e9 et en acier haute r\u00e9sistance minimise le bruit du moteur et les chocs de la route.<br \/>\n<\/span><br \/>\n<span style=\"font-family: verdana, geneva, sans-serif; color: #524d4d;\">\u2705\u00a0<strong>Long\u00e9vit\u00e9 accrue<\/strong>L'acier \u00e0 haute r\u00e9sistance et le traitement de surface par rev\u00eatement \u00e9lectrolytique r\u00e9sistent \u00e0 la chaleur, \u00e0 l'huile, \u00e0 la rouille et \u00e0 l'usure, pour des performances durables.<br \/>\n<\/span><\/p>\n<p class=\"ds-markdown-paragraph\"><span style=\"font-family: verdana, geneva, sans-serif; color: #524d4d;\"><strong>Pourquoi choisir notre support moteur ?<\/strong><\/span><\/p>\n<ul>\n<li>\n<p class=\"ds-markdown-paragraph\"><span style=\"font-family: verdana, geneva, sans-serif; color: #524d4d;\"><strong>Compatibilit\u00e9 garantie<\/strong>: Sp\u00e9cifiquement con\u00e7u pour les mod\u00e8les TOYOTA Vios YARIS NCP90 (2006-2014).<\/span><\/p>\n<\/li>\n<li>\n<p class=\"ds-markdown-paragraph\"><span style=\"font-family: verdana, geneva, sans-serif; color: #524d4d;\"><strong>Confort de conduite am\u00e9lior\u00e9<\/strong>: R\u00e9duit les vibrations de l'habitacle pour une conduite plus douce et plus silencieuse.<\/span><\/p>\n<\/li>\n<li>\n<p class=\"ds-markdown-paragraph\"><span style=\"font-family: verdana, geneva, sans-serif; color: #524d4d;\"><strong>Une solution rentable<\/strong>: \u00c9viter les majorations des concessionnaires tout en conservant la qualit\u00e9 OEM.<\/span><\/p>\n<\/li>\n<\/ul>","protected":false},"excerpt":{"rendered":"<p><span style=\"font-family: verdana, geneva, sans-serif; color: #595353;\"><strong>Nom du produit\uff1a<\/strong>Montage du moteur<\/span><br \/>\n<span style=\"font-family: verdana, geneva, sans-serif; color: #595353;\"><strong>Garantie\uff1a<\/strong>1 an<\/span><br \/>\n<span style=\"font-family: verdana, geneva, sans-serif; color: #595353;\"><strong>Condition\uff1a<\/strong>Nouveau<\/span><br \/>\n<span style=\"font-family: verdana, geneva, sans-serif; color: #595353;\"><strong>Mod\u00e8le de voiture\uff1a<\/strong><span style=\"font-family: verdana, geneva, sans-serif; color: #524d4d;\">TOYOTA Vios YARIS NCP90 (2006-2014)<\/span><\/span><br \/>\n<span style=\"font-family: verdana, geneva, sans-serif; color: #595353;\"><strong>OEM NO.. : <\/strong><span style=\"font-family: verdana, geneva, sans-serif; color: #524d4d;\">12363-0M040, 12363-0M010, 12363-0M011<\/span><\/span><br \/>\n<span style=\"font-family: verdana, geneva, sans-serif; color: #595353;\"><strong>Qualit\u00e9 :<\/strong>\u00a0100% Test\u00e9<\/span><br \/>\n<span style=\"font-family: verdana, geneva, sans-serif; color: #595353;\"><strong>D\u00e9lai de livraison :<\/strong>\u00a07-10 jours<\/span><\/p>","protected":false},"featured_media":1835,"comment_status":"closed","ping_status":"closed","template":"","meta":[],"product_cat":[50],"product_tag":[],"class_list":{"0":"post-1834","1":"product","2":"type-product","3":"status-publish","4":"has-post-thumbnail","6":"product_cat-chassis-parts","8":"first","9":"instock","10":"shipping-taxable","11":"product-type-simple"},"_links":{"self":[{"href":"https:\/\/carbitautoparts.com\/fr\/wp-json\/wp\/v2\/product\/1834","targetHints":{"allow":["GET"]}}],"collection":[{"href":"https:\/\/carbitautoparts.com\/fr\/wp-json\/wp\/v2\/product"}],"about":[{"href":"https:\/\/carbitautoparts.com\/fr\/wp-json\/wp\/v2\/types\/product"}],"replies":[{"embeddable":true,"href":"https:\/\/carbitautoparts.com\/fr\/wp-json\/wp\/v2\/comments?post=1834"}],"wp:featuredmedia":[{"embeddable":true,"href":"https:\/\/carbitautoparts.com\/fr\/wp-json\/wp\/v2\/media\/1835"}],"wp:attachment":[{"href":"https:\/\/carbitautoparts.com\/fr\/wp-json\/wp\/v2\/media?parent=1834"}],"wp:term":[{"taxonomy":"product_cat","embeddable":true,"href":"https:\/\/carbitautoparts.com\/fr\/wp-json\/wp\/v2\/product_cat?post=1834"},{"taxonomy":"product_tag","embeddable":true,"href":"https:\/\/carbitautoparts.com\/fr\/wp-json\/wp\/v2\/product_tag?post=1834"}],"curies":[{"name":"wp","href":"https:\/\/api.w.org\/{rel}","templated":true}]}}