{"id":1848,"date":"2025-09-23T19:23:43","date_gmt":"2025-09-23T11:23:43","guid":{"rendered":"https:\/\/carbitautoparts.com\/?post_type=product&#038;p=1848"},"modified":"2025-09-23T19:23:43","modified_gmt":"2025-09-23T11:23:43","slug":"front-strut-mount-for-mazda-cx-3-cx-5-oem-kd3534380","status":"publish","type":"product","link":"https:\/\/carbitautoparts.com\/fr\/product\/front-strut-mount-for-mazda-cx-3-cx-5-oem-kd3534380\/","title":{"rendered":"Support de jambe de force pour Mazda CX-3 &amp; CX-5 | OEM KD3534380"},"content":{"rendered":"<p><strong><span style=\"font-family: verdana, geneva, sans-serif;\">Support de jambe de force avant Premium pour 2016-2020 Mazda CX-3 &amp; 2013-2016 Mazda CX-5 | OEM KD3534380 Replacement<\/span><\/strong><\/p>\n<p class=\"ds-markdown-paragraph\"><span style=\"font-family: verdana, geneva, sans-serif;\">Con\u00e7u pour respecter ou d\u00e9passer les sp\u00e9cifications de l'\u00e9quipement d'origine, ce support de jambe de suspension remplace directement la pi\u00e8ce OEM num\u00e9ro <strong>KD3534380<\/strong>. Il assure un ajustement parfait et une performance sans faille, garantissant que les syst\u00e8mes de suspension et de direction de votre v\u00e9hicule fonctionnent en harmonie.<\/span><\/p>\n<hr \/>\n<p class=\"ds-markdown-paragraph\"><span style=\"font-family: verdana, geneva, sans-serif;\"><strong>Principales caract\u00e9ristiques et avantages :<\/strong><\/span><\/p>\n<ul>\n<li>\n<p class=\"ds-markdown-paragraph\"><span style=\"font-family: verdana, geneva, sans-serif;\"><strong>Pr\u00e9cision de l'\u00e9quipement d'origine :<\/strong>\u00a0Con\u00e7u pour remplacer directement la pi\u00e8ce OEM #\u00a0<strong>KD3534380<\/strong>Le syst\u00e8me d'\u00e9chappement de la Mazda CX-3 de 2016-2020 ou de la Mazda CX-5 de 2013-2016 est parfaitement compatible avec le syst\u00e8me d'\u00e9chappement de la Mazda CX-3. Aucune modification n'est n\u00e9cessaire pour une installation sans souci.<\/span><\/p>\n<\/li>\n<li>\n<p class=\"ds-markdown-paragraph\"><span style=\"font-family: verdana, geneva, sans-serif;\"><strong>\u00c9limine le bruit et les vibrations :<\/strong>\u00a0Notre support de jambe de force est dot\u00e9 d'un isolant en caoutchouc de haute qualit\u00e9 et d'un roulement de pr\u00e9cision. Cette construction robuste absorbe efficacement les chocs de la route, amortit les vibrations et \u00e9limine les bruits de claquement ou de cognement de la suspension avant.<\/span><\/p>\n<\/li>\n<li>\n<p class=\"ds-markdown-paragraph\"><span style=\"font-family: verdana, geneva, sans-serif;\"><strong>Am\u00e9liore la manipulation et la s\u00e9curit\u00e9 :<\/strong>\u00a0En maintenant l'alignement correct entre la jambe de force et le ch\u00e2ssis du v\u00e9hicule, ce support assure une r\u00e9ponse pr\u00e9cise de la direction et une tenue de route stable. Cela contribue \u00e0 la s\u00e9curit\u00e9 g\u00e9n\u00e9rale de la conduite et aide \u00e0 pr\u00e9venir l'usure irr\u00e9guli\u00e8re des pneus.<\/span><\/p>\n<\/li>\n<li>\n<p class=\"ds-markdown-paragraph\"><span style=\"font-family: verdana, geneva, sans-serif;\"><strong>Durable et de longue dur\u00e9e :<\/strong>\u00a0Fabriqu\u00e9 \u00e0 partir de mat\u00e9riaux tr\u00e8s r\u00e9sistants et soumis \u00e0 un contr\u00f4le de qualit\u00e9 rigoureux, ce composant est con\u00e7u pour une durabilit\u00e9 et une fiabilit\u00e9 \u00e0 long terme, correspondant \u00e0 la dur\u00e9e de vie de la pi\u00e8ce d'origine.<\/span><\/p>\n<\/li>\n<li>\n<p class=\"ds-markdown-paragraph\"><span style=\"font-family: verdana, geneva, sans-serif;\"><strong>Une solution rentable :<\/strong>\u00a0Pourquoi payer le prix d'un concessionnaire ? Notre support de jambe de suspension offre la m\u00eame qualit\u00e9 et les m\u00eames performances que la pi\u00e8ce d'origine pour une fraction du prix, offrant ainsi une valeur exceptionnelle sans compromis.<\/span><\/p>\n<\/li>\n<\/ul>","protected":false},"excerpt":{"rendered":"<p><span style=\"font-family: verdana, geneva, sans-serif; color: #3b3838;\"><strong><b>Nom du produit\uff1a<\/b><\/strong><span style=\"font-family: verdana, geneva, sans-serif;\">Support de jambe de force<\/span><\/span><br \/>\n<span style=\"font-family: verdana, geneva, sans-serif; color: #3b3838;\"><strong><b>Garantie\uff1a<\/b><\/strong>1 an<\/span><br \/>\n<span style=\"font-family: verdana, geneva, sans-serif; color: #3b3838;\"><strong><b>Condition\uff1a<\/b><\/strong>Nouveau<\/span><br \/>\n<span style=\"font-family: verdana, geneva, sans-serif; color: #3b3838;\"><strong><b>Mod\u00e8le de voiture\uff1a<\/b><\/strong><span style=\"font-family: verdana, geneva, sans-serif;\">Mazda CX-3 2016-2020 &amp; Mazda CX-5 2013-2016<\/span><\/span><br \/>\n<span style=\"font-family: verdana, geneva, sans-serif; color: #3b3838;\"><strong><b>OEM NO.. :<\/b><\/strong> <span style=\"font-family: verdana, geneva, sans-serif;\">KD3534380<\/span><\/span><br \/>\n<span style=\"font-family: verdana, geneva, sans-serif; color: #3b3838;\"><strong><b>Qualit\u00e9 :<\/b><\/strong>\u00a0100% Test\u00e9<\/span><\/p>","protected":false},"featured_media":1849,"comment_status":"closed","ping_status":"closed","template":"","meta":[],"product_cat":[50],"product_tag":[],"class_list":{"0":"post-1848","1":"product","2":"type-product","3":"status-publish","4":"has-post-thumbnail","6":"product_cat-chassis-parts","8":"first","9":"instock","10":"shipping-taxable","11":"product-type-simple"},"_links":{"self":[{"href":"https:\/\/carbitautoparts.com\/fr\/wp-json\/wp\/v2\/product\/1848","targetHints":{"allow":["GET"]}}],"collection":[{"href":"https:\/\/carbitautoparts.com\/fr\/wp-json\/wp\/v2\/product"}],"about":[{"href":"https:\/\/carbitautoparts.com\/fr\/wp-json\/wp\/v2\/types\/product"}],"replies":[{"embeddable":true,"href":"https:\/\/carbitautoparts.com\/fr\/wp-json\/wp\/v2\/comments?post=1848"}],"wp:featuredmedia":[{"embeddable":true,"href":"https:\/\/carbitautoparts.com\/fr\/wp-json\/wp\/v2\/media\/1849"}],"wp:attachment":[{"href":"https:\/\/carbitautoparts.com\/fr\/wp-json\/wp\/v2\/media?parent=1848"}],"wp:term":[{"taxonomy":"product_cat","embeddable":true,"href":"https:\/\/carbitautoparts.com\/fr\/wp-json\/wp\/v2\/product_cat?post=1848"},{"taxonomy":"product_tag","embeddable":true,"href":"https:\/\/carbitautoparts.com\/fr\/wp-json\/wp\/v2\/product_tag?post=1848"}],"curies":[{"name":"wp","href":"https:\/\/api.w.org\/{rel}","templated":true}]}}