{"id":1879,"date":"2025-09-28T19:24:34","date_gmt":"2025-09-28T11:24:34","guid":{"rendered":"https:\/\/carbitautoparts.com\/?post_type=product&#038;p=1879"},"modified":"2025-09-28T19:24:34","modified_gmt":"2025-09-28T11:24:34","slug":"stabilizer-link-for-hyundai-ix35-tucson-oem-55250-2z000","status":"publish","type":"product","link":"https:\/\/carbitautoparts.com\/fr\/product\/stabilizer-link-for-hyundai-ix35-tucson-oem-55250-2z000\/","title":{"rendered":"Bras stabilisateur pour Hyundai IX35 \/ Tucson-OEM : 55250-2Z000"},"content":{"rendered":"<h3><span style=\"font-family: verdana, geneva, sans-serif; color: #473939;\"><strong>Lien stabilisateur de qualit\u00e9 professionnelle pour Hyundai IX35 \/ Tucson | OEM : 55250-2Z000<\/strong><\/span><\/h3>\n<p class=\"ds-markdown-paragraph\"><span style=\"font-family: verdana, geneva, sans-serif; color: #473939;\"><strong>Am\u00e9liorez la qualit\u00e9 de conduite et la s\u00e9curit\u00e9 de votre Hyundai IX35 avec notre barre stabilisatrice de remplacement direct. Cette pi\u00e8ce de premi\u00e8re qualit\u00e9 est con\u00e7ue pour restaurer la pr\u00e9cision de la tenue de route de votre v\u00e9hicule, \u00e9liminer les bruits de cognement et assurer un contact optimal des pneus avec la route.<\/strong><\/span><\/p>\n<hr \/>\n<p class=\"ds-markdown-paragraph\"><span style=\"font-family: verdana, geneva, sans-serif; color: #473939;\">Cette barre stabilisatrice est un remplacement OEM parfait, correspondant aux sp\u00e9cifications exactes de votre composant d'origine (num\u00e9ro OEM) :\u00a0<strong>55250-2Z000<\/strong>). Il est con\u00e7u pour un ajustement pr\u00e9cis et une installation sans faille sur divers mod\u00e8les Hyundai IX35 (\u00e9galement connu sous le nom de Tucson).<\/span><\/p>\n<ul>\n<li>\n<p class=\"ds-markdown-paragraph\"><span style=\"font-family: verdana, geneva, sans-serif; color: #473939;\"><strong>Forgeage d'acier \u00e0 haute r\u00e9sistance :<\/strong>\u00a0La tige centrale et le logement du goujon \u00e0 billes sont forg\u00e9s en acier \u00e0 haute teneur en carbone, ce qui leur conf\u00e8re une r\u00e9sistance exceptionnelle \u00e0 la traction et \u00e0 la flexion ou \u00e0 la rupture sous l'effet de la charge.<\/span><\/p>\n<\/li>\n<li>\n<p class=\"ds-markdown-paragraph\"><span style=\"font-family: verdana, geneva, sans-serif; color: #473939;\"><strong>Conception du joint \u00e0 rotule de pr\u00e9cision :<\/strong>\u00a0Comprend un goujon \u00e0 billes en acier tremp\u00e9 log\u00e9 dans un roulement en polym\u00e8re composite. Cette conception permet une articulation souple et sans frottement dans plusieurs directions, tout en \u00e9tant \u00e9tanche aux contaminants.<\/span><\/p>\n<\/li>\n<li>\n<p class=\"ds-markdown-paragraph\"><span style=\"font-family: verdana, geneva, sans-serif; color: #473939;\"><strong>Bagues en caoutchouc avanc\u00e9es :<\/strong>\u00a0Les bagues int\u00e9grales sont fabriqu\u00e9es en caoutchouc de haute qualit\u00e9, r\u00e9sistant aux intemp\u00e9ries et formul\u00e9es pour r\u00e9sister aux fissures, \u00e0 la d\u00e9gradation par l'ozone et \u00e0 l'huile, ce qui garantit une flexibilit\u00e9 et un amortissement des vibrations \u00e0 long terme.<\/span><\/p>\n<\/li>\n<li>\n<p class=\"ds-markdown-paragraph\"><span style=\"font-family: verdana, geneva, sans-serif; color: #473939;\"><strong>Protection robuste contre la corrosion :<\/strong> L'ensemble subit un traitement de peinture \u00e9lectrophor\u00e9tique pour r\u00e9sister \u00e0 la rouille et prolonger la dur\u00e9e de vie, m\u00eame dans des conditions de route hivernales.<\/span><\/p>\n<\/li>\n<\/ul>","protected":false},"excerpt":{"rendered":"<p><span style=\"font-family: verdana, geneva, sans-serif;\"><strong><b>Nom du produit\uff1a<\/b><\/strong>Liaison stabilisatrice<\/span><br \/>\n<span style=\"font-family: verdana, geneva, sans-serif;\"><strong><b>Garantie\uff1a<\/b><\/strong>1 an<\/span><br \/>\n<span style=\"font-family: verdana, geneva, sans-serif;\"><strong><b>Condition\uff1a<\/b><\/strong>Nouveau<\/span><br \/>\n<span style=\"font-family: verdana, geneva, sans-serif;\"><strong><b>Mod\u00e8le de voiture\uff1a<\/b><\/strong><span style=\"font-family: verdana, geneva, sans-serif; color: #473939;\">Hyundai IX35<\/span> (2010-2013)<\/span><br \/>\n<span style=\"font-family: verdana, geneva, sans-serif;\"><strong><b>OEM NO.. :<\/b><\/strong>55250-2Z000<\/span><br \/>\n<span style=\"font-family: verdana, geneva, sans-serif;\"><strong><b>Qualit\u00e9 :<\/b><\/strong>\u00a0100% Test\u00e9<\/span><\/p>","protected":false},"featured_media":1880,"comment_status":"closed","ping_status":"closed","template":"","meta":[],"product_cat":[50],"product_tag":[],"class_list":{"0":"post-1879","1":"product","2":"type-product","3":"status-publish","4":"has-post-thumbnail","6":"product_cat-chassis-parts","8":"first","9":"instock","10":"shipping-taxable","11":"product-type-simple"},"_links":{"self":[{"href":"https:\/\/carbitautoparts.com\/fr\/wp-json\/wp\/v2\/product\/1879","targetHints":{"allow":["GET"]}}],"collection":[{"href":"https:\/\/carbitautoparts.com\/fr\/wp-json\/wp\/v2\/product"}],"about":[{"href":"https:\/\/carbitautoparts.com\/fr\/wp-json\/wp\/v2\/types\/product"}],"replies":[{"embeddable":true,"href":"https:\/\/carbitautoparts.com\/fr\/wp-json\/wp\/v2\/comments?post=1879"}],"wp:featuredmedia":[{"embeddable":true,"href":"https:\/\/carbitautoparts.com\/fr\/wp-json\/wp\/v2\/media\/1880"}],"wp:attachment":[{"href":"https:\/\/carbitautoparts.com\/fr\/wp-json\/wp\/v2\/media?parent=1879"}],"wp:term":[{"taxonomy":"product_cat","embeddable":true,"href":"https:\/\/carbitautoparts.com\/fr\/wp-json\/wp\/v2\/product_cat?post=1879"},{"taxonomy":"product_tag","embeddable":true,"href":"https:\/\/carbitautoparts.com\/fr\/wp-json\/wp\/v2\/product_tag?post=1879"}],"curies":[{"name":"wp","href":"https:\/\/api.w.org\/{rel}","templated":true}]}}