{"id":1883,"date":"2025-09-29T11:41:34","date_gmt":"2025-09-29T03:41:34","guid":{"rendered":"https:\/\/carbitautoparts.com\/?post_type=product&#038;p=1883"},"modified":"2025-09-29T11:41:34","modified_gmt":"2025-09-29T03:41:34","slug":"starter-motor-for-kia-cerato-oem-36100-2b100","status":"publish","type":"product","link":"https:\/\/carbitautoparts.com\/fr\/product\/demarreur-pour-kia-cerato-oem-36100-2b100\/","title":{"rendered":"D\u00e9marreur pour Kia Cerato - OEM 36100-2B100"},"content":{"rendered":"<h3><strong>\u00a0<span style=\"font-family: verdana, geneva, sans-serif; color: #4d4242;\">Moteur de d\u00e9marrage haute performance pour <\/span><\/strong><span style=\"font-family: verdana, geneva, sans-serif; color: #574747;\"><strong>Kia Cerato (2009-2013)<\/strong><\/span><strong><span style=\"font-family: verdana, geneva, sans-serif; color: #4d4242;\">- OEM 36100-2B100<\/span><\/strong><\/h3>\n<p class=\"ds-markdown-paragraph\"><span style=\"font-family: verdana, geneva, sans-serif; color: #4d4242;\">Ce moteur de d\u00e9marrage haute performance est un remplacement direct de l'OEM pour le num\u00e9ro de pi\u00e8ce\u00a0<strong>36100-2B100<\/strong>. Il garantit un ajustement parfait et un fonctionnement sans faille, r\u00e9tablissant l'allumage fiable que vous attendez de votre Kia Cerato (\u00e9galement connue sous le nom de Kia Forte sur certains march\u00e9s). Fabriqu\u00e9 avec pr\u00e9cision et durabilit\u00e9, ce d\u00e9marreur assure un d\u00e9marrage puissant et une longue dur\u00e9e de vie.<\/span><\/p>\n<hr \/>\n<h3><\/h3>\n<ul>\n<li>\n<p class=\"ds-markdown-paragraph\"><span style=\"font-family: verdana, geneva, sans-serif; color: #4d4242;\"><strong>Remplacement direct de l'OEM :<\/strong>\u00a0Ce d\u00e9marreur est con\u00e7u pour remplacer le num\u00e9ro OEM\u00a0<strong>36100-2B100<\/strong>Le syst\u00e8me d'\u00e9chappement est con\u00e7u pour s'adapter parfaitement \u00e0 votre Kia Cerato\/Forte 2009-2013 sans qu'aucune modification ne soit n\u00e9cessaire.<\/span><\/p>\n<\/li>\n<li>\n<p class=\"ds-markdown-paragraph\"><span style=\"font-family: verdana, geneva, sans-serif; color: #4d4242;\"><strong>Allumage fiable du moteur :<\/strong>\u00a0Faites l'exp\u00e9rience d'un d\u00e9marrage rapide et r\u00e9gulier du moteur. Notre d\u00e9marreur fournit le couple \u00e9lev\u00e9 n\u00e9cessaire pour des d\u00e9marrages fiables dans toutes les conditions m\u00e9t\u00e9orologiques, vous permettant de prendre la route rapidement et en toute s\u00e9curit\u00e9.<\/span><\/p>\n<\/li>\n<li>\n<p class=\"ds-markdown-paragraph\"><span style=\"font-family: verdana, geneva, sans-serif; color: #4d4242;\"><strong>Construction durable :<\/strong>\u00a0Construit avec des mat\u00e9riaux de haute qualit\u00e9 et une ing\u00e9nierie avanc\u00e9e, ce moteur de d\u00e9marrage r\u00e9siste \u00e0 la chaleur, \u00e0 l'usure et \u00e0 la corrosion. Il s'agit d'un composant robuste con\u00e7u pour une fiabilit\u00e9 \u00e0 long terme.<\/span><\/p>\n<\/li>\n<li>\n<p class=\"ds-markdown-paragraph\"><span style=\"font-family: verdana, geneva, sans-serif; color: #4d4242;\"><strong>Installation facile :<\/strong>\u00a0Gagnez du temps et de l'argent sur la main d'\u0153uvre. Cette unit\u00e9 est un remplacement pr\u00eat \u00e0 l'emploi, ce qui permet un processus d'installation simple pour les m\u00e9caniciens professionnels et les bricoleurs exp\u00e9riment\u00e9s.<\/span><\/p>\n<\/li>\n<li>\n<p class=\"ds-markdown-paragraph\"><span style=\"font-family: verdana, geneva, sans-serif; color: #4d4242;\"><strong>Des tests de qualit\u00e9 rigoureux :<\/strong>\u00a0Chaque d\u00e9marreur est soumis \u00e0 des contr\u00f4les de qualit\u00e9 stricts afin de garantir des performances optimales, une efficacit\u00e9 \u00e9lectrique et une int\u00e9grit\u00e9 m\u00e9canique d\u00e8s sa sortie de l'emballage.<\/span><\/p>\n<\/li>\n<\/ul>","protected":false},"excerpt":{"rendered":"<p><span style=\"font-family: verdana, geneva, sans-serif; color: #403737;\"><strong><b>Nom du produit\uff1a<\/b><\/strong>D\u00e9marreur du moteur<\/span><br \/>\n<span style=\"font-family: verdana, geneva, sans-serif; color: #403737;\"><strong><b>Garantie\uff1a<\/b><\/strong>1 an<\/span><br \/>\n<span style=\"font-family: verdana, geneva, sans-serif; color: #403737;\"><strong><b>Condition\uff1a<\/b><\/strong>Nouveau<\/span><br \/>\n<span style=\"font-family: verdana, geneva, sans-serif; color: #403737;\"><strong><b>Mod\u00e8le de voiture\uff1a<\/b><\/strong><\/span><span style=\"font-family: verdana, geneva, sans-serif; color: #574747;\">Kia Cerato (2009-2013)<br \/>\n<\/span><strong style=\"color: #403737; font-family: verdana, geneva, sans-serif;\"><b>OEM NO.. :<\/b><\/strong><span style=\"font-family: verdana, geneva, sans-serif; color: #4d4242;\">36100-2B100<br \/>\n<\/span><strong style=\"color: #403737; font-family: verdana, geneva, sans-serif;\"><b>Qualit\u00e9 :<\/b><\/strong><span style=\"color: #403737; font-family: verdana, geneva, sans-serif;\">\u00a0100% Test\u00e9<\/span><\/p>","protected":false},"featured_media":1884,"comment_status":"closed","ping_status":"closed","template":"","meta":[],"product_cat":[19],"product_tag":[],"class_list":{"0":"post-1883","1":"product","2":"type-product","3":"status-publish","4":"has-post-thumbnail","6":"product_cat-electric-almotor-parts","8":"first","9":"instock","10":"shipping-taxable","11":"product-type-simple"},"_links":{"self":[{"href":"https:\/\/carbitautoparts.com\/fr\/wp-json\/wp\/v2\/product\/1883","targetHints":{"allow":["GET"]}}],"collection":[{"href":"https:\/\/carbitautoparts.com\/fr\/wp-json\/wp\/v2\/product"}],"about":[{"href":"https:\/\/carbitautoparts.com\/fr\/wp-json\/wp\/v2\/types\/product"}],"replies":[{"embeddable":true,"href":"https:\/\/carbitautoparts.com\/fr\/wp-json\/wp\/v2\/comments?post=1883"}],"wp:featuredmedia":[{"embeddable":true,"href":"https:\/\/carbitautoparts.com\/fr\/wp-json\/wp\/v2\/media\/1884"}],"wp:attachment":[{"href":"https:\/\/carbitautoparts.com\/fr\/wp-json\/wp\/v2\/media?parent=1883"}],"wp:term":[{"taxonomy":"product_cat","embeddable":true,"href":"https:\/\/carbitautoparts.com\/fr\/wp-json\/wp\/v2\/product_cat?post=1883"},{"taxonomy":"product_tag","embeddable":true,"href":"https:\/\/carbitautoparts.com\/fr\/wp-json\/wp\/v2\/product_tag?post=1883"}],"curies":[{"name":"wp","href":"https:\/\/api.w.org\/{rel}","templated":true}]}}