{"id":1935,"date":"2026-01-15T17:35:11","date_gmt":"2026-01-15T09:35:11","guid":{"rendered":"https:\/\/carbitautoparts.com\/?post_type=product&#038;p=1935"},"modified":"2026-01-15T17:35:12","modified_gmt":"2026-01-15T09:35:12","slug":"shock-absorber-for-nissan-teana-oem-56210-1a30c","status":"publish","type":"product","link":"https:\/\/carbitautoparts.com\/fr\/product\/shock-absorber-for-nissan-teana-oem-56210-1a30c\/","title":{"rendered":"Amortisseur pour Nissan Teana-OEM 56210-1A30C"},"content":{"rendered":"<p><span style=\"font-family: verdana, geneva, sans-serif; color: #383434;\"><strong>Amortisseur arri\u00e8re haute performance - douceur de roulement et stabilit\u00e9 accrue<\/strong><\/span><br \/>\n<span style=\"font-family: verdana, geneva, sans-serif; color: #383434;\">Am\u00e9liorez votre suspension avec cet amortisseur arri\u00e8re de premi\u00e8re qualit\u00e9 con\u00e7u pour un confort de conduite sup\u00e9rieur, une maniabilit\u00e9 r\u00e9active et une durabilit\u00e9 \u00e0 long terme. Il est dot\u00e9 d'une technologie \u00e0 gaz, de mat\u00e9riaux r\u00e9sistants \u00e0 la corrosion et d'un fonctionnement silencieux, ce qui est parfait pour am\u00e9liorer la s\u00e9curit\u00e9 du v\u00e9hicule et l'exp\u00e9rience de conduite. Conception \u00e0 boulonnage direct pour une installation sans probl\u00e8me.<\/span><\/p>\n<hr \/>\n<p><span style=\"font-family: verdana, geneva, sans-serif; color: #383434;\"><strong><b>Principaux avantages<\/b><\/strong><strong><b>\uff1a<\/b><\/strong><strong><b>Adaptation pr\u00e9cise \u00e0 l'\u00e9quipement d'origine<\/b><\/strong><strong><b><br \/>\n<\/b><\/strong>Con\u00e7u pour remplacer directement les amortisseurs d'origine - aucune modification n'est n\u00e9cessaire.<\/span><br \/>\n<span style=\"font-family: verdana, geneva, sans-serif; color: #383434;\"><strong><b>Conduite souple et stable<\/b><\/strong><\/span><\/p>\n<p><span style=\"font-family: verdana, geneva, sans-serif; color: #383434;\">Absorbe efficacement les chocs et les vibrations de la route, am\u00e9liorant ainsi la qualit\u00e9 de la conduite et r\u00e9duisant le roulis de la carrosserie.<\/span><\/p>\n<p><span style=\"font-family: verdana, geneva, sans-serif; color: #383434;\"><strong><b>Construction durable et r\u00e9sistante \u00e0 la corrosion<\/b><\/strong><\/span><\/p>\n<p><span style=\"font-family: verdana, geneva, sans-serif; color: #383434;\">Fabriqu\u00e9 avec des mat\u00e9riaux de premi\u00e8re qualit\u00e9 et un rev\u00eatement antirouille pour garantir des performances durables.<\/span><\/p>\n<p><span style=\"font-family: verdana, geneva, sans-serif; color: #383434;\"><strong><b>Manipulation et s\u00e9curit\u00e9 am\u00e9lior\u00e9es<\/b><\/strong><strong><b><br \/>\n<\/b><\/strong>Am\u00e9liore le contact des pneus avec la route, ce qui permet d'am\u00e9liorer le freinage et les virages.<\/span><br \/>\n<span style=\"font-family: verdana, geneva, sans-serif; color: #383434;\"><strong><b>Fonctionnement \u00e0 faible bruit<\/b><\/strong><\/span><\/p>\n<p><span style=\"font-family: verdana, geneva, sans-serif; color: #383434;\">Con\u00e7u pour minimiser le bruit et la rudesse pour une exp\u00e9rience de conduite plus silencieuse et plus confortable.<\/span><\/p>\n<p><span style=\"font-family: verdana, geneva, sans-serif; color: #383434;\"><strong><b>Conseils d'installation<\/b><\/strong><\/span><\/p>\n<p><span style=\"font-family: verdana, geneva, sans-serif; color: #383434;\">L'installation par un professionnel est recommand\u00e9e pour une performance et une s\u00e9curit\u00e9 optimales.<\/span><\/p>\n<p><span style=\"font-family: verdana, geneva, sans-serif; color: #383434;\">Remplacez toujours les amortisseurs par paires (par exemple, gauche et droite) pour maintenir l'\u00e9quilibre du v\u00e9hicule.<\/span><\/p>\n<p><span style=\"font-family: verdana, geneva, sans-serif; color: #383434;\">V\u00e9rifiez l'ann\u00e9e, la marque et le mod\u00e8le de votre v\u00e9hicule avant l'achat pour vous assurer de la compatibilit\u00e9.<\/span><\/p>","protected":false},"excerpt":{"rendered":"<p><span style=\"font-family: verdana, geneva, sans-serif;\"><strong><b>Nom du produit\uff1aShock Absorber<br \/>\nCondition\uff1aNew<br \/>\nType d'amortisseur : Charg\u00e9 en gaz \/ hydraulique<\/b><br \/>\nType de montage : Fixation directe par boulons<br \/>\nMat\u00e9riau : Acier alli\u00e9 \u00e0 haute r\u00e9sistance<br \/>\n<b>Mod\u00e8le de voiture\uff1aNissan Teana<\/b><br \/>\n<b>OEM NO.:56210-1A30C<br \/>\n<\/b><\/strong><\/span><strong><span style=\"font-family: verdana, geneva, sans-serif;\">Garantie : 12 mois \/ 50 000 km<\/span><\/strong><\/p>","protected":false},"featured_media":1936,"comment_status":"closed","ping_status":"closed","template":"","meta":[],"product_cat":[15],"product_tag":[],"class_list":{"0":"post-1935","1":"product","2":"type-product","3":"status-publish","4":"has-post-thumbnail","6":"product_cat-brake-parts","8":"first","9":"instock","10":"shipping-taxable","11":"product-type-simple"},"_links":{"self":[{"href":"https:\/\/carbitautoparts.com\/fr\/wp-json\/wp\/v2\/product\/1935","targetHints":{"allow":["GET"]}}],"collection":[{"href":"https:\/\/carbitautoparts.com\/fr\/wp-json\/wp\/v2\/product"}],"about":[{"href":"https:\/\/carbitautoparts.com\/fr\/wp-json\/wp\/v2\/types\/product"}],"replies":[{"embeddable":true,"href":"https:\/\/carbitautoparts.com\/fr\/wp-json\/wp\/v2\/comments?post=1935"}],"wp:featuredmedia":[{"embeddable":true,"href":"https:\/\/carbitautoparts.com\/fr\/wp-json\/wp\/v2\/media\/1936"}],"wp:attachment":[{"href":"https:\/\/carbitautoparts.com\/fr\/wp-json\/wp\/v2\/media?parent=1935"}],"wp:term":[{"taxonomy":"product_cat","embeddable":true,"href":"https:\/\/carbitautoparts.com\/fr\/wp-json\/wp\/v2\/product_cat?post=1935"},{"taxonomy":"product_tag","embeddable":true,"href":"https:\/\/carbitautoparts.com\/fr\/wp-json\/wp\/v2\/product_tag?post=1935"}],"curies":[{"name":"wp","href":"https:\/\/api.w.org\/{rel}","templated":true}]}}