{"id":877,"date":"2025-02-21T11:42:47","date_gmt":"2025-02-21T03:42:47","guid":{"rendered":"https:\/\/carbitautoparts.com\/?post_type=product&#038;p=877"},"modified":"2025-05-06T15:35:31","modified_gmt":"2025-05-06T07:35:31","slug":"engine-oil-pan-for-golf-tiguan-oem-06k103600r","status":"publish","type":"product","link":"https:\/\/carbitautoparts.com\/fr\/product\/carter-dhuile-moteur-pour-golf-tiguan-oem-06k103600r\/","title":{"rendered":"Carter d'huile moteur pour Golf\uff0cTiguan-OEM 06K103600R"},"content":{"rendered":"<h1><span style=\"font-family: verdana, geneva, sans-serif; font-size: 18pt; color: #3d3b3b;\"><strong>Carter d'huile moteur pour VW Golf\/Tiguan | OEM 06K103600R<\/strong><\/span><\/h1>\n<p><span style=\"font-family: verdana, geneva, sans-serif; color: #524e4e;\"><strong>Carter d'huile en plastique polym\u00e8re renforc\u00e9 haute performance pour une durabilit\u00e9 accrue et une meilleure pr\u00e9vention des fuites<\/strong><\/span><\/p>\n<p><span style=\"font-family: verdana, geneva, sans-serif; color: #524e4e;\">Assurez une protection fiable du moteur et une circulation optimale de l'huile gr\u00e2ce \u00e0 notre syst\u00e8me de contr\u00f4le de qualit\u00e9 OEM\u00a0<strong>Carter d'huile moteur<\/strong> <strong>(OEM :<\/strong> <strong>06K103600R)<\/strong>. Con\u00e7u pour les mod\u00e8les Volkswagen Golf et Tiguan, ce carter d'huile combine une construction l\u00e9g\u00e8re avec une durabilit\u00e9 sup\u00e9rieure, ce qui en fait un remplacement id\u00e9al pour les unit\u00e9s us\u00e9es ou endommag\u00e9es.<\/span><\/p>\n<hr \/>\n<ul>\n<li><span style=\"font-family: verdana, geneva, sans-serif; color: #4a4646;\"><strong>Ajustement exact de l'OEM<\/strong><\/span><br \/>\n<span style=\"color: #4a4646;\"><span style=\"color: #4a4646;\"><span style=\"font-family: verdana, geneva, sans-serif;\">Compatible avec :<br \/>\n<\/span><span style=\"font-family: verdana, geneva, sans-serif;\"><strong>VW Golf Mk7<\/strong> (2013-2021)<br \/>\n<\/span><span style=\"font-family: verdana, geneva, sans-serif;\"><strong>VW Tiguan Mk2<\/strong> (2016-2021)<\/span><\/span><\/span><\/li>\n<li><span style=\"font-family: verdana, geneva, sans-serif; color: #4a4646;\"><strong>Mat\u00e9riau et durabilit\u00e9<\/strong><\/span><br class=\"container_fd70d wrapper_80cf2 undefined\" \/><span style=\"font-family: verdana, geneva, sans-serif; color: #4a4646;\"><strong>Polym\u00e8re renforc\u00e9 de haute qualit\u00e9<\/strong>: Con\u00e7u \u00e0 partir d'une technologie thermoplastique avanc\u00e9e pour<br \/>\nr\u00e9sistance sup\u00e9rieure \u00e0 la chaleur, \u00e0 la corrosion et aux chocs.<\/span><br class=\"container_fd70d wrapper_80cf2 undefined\" \/><span style=\"font-family: verdana, geneva, sans-serif; color: #4a4646;\"><strong>Conception l\u00e9g\u00e8re<\/strong>: R\u00e9duit le poids total du moteur tout en maintenant l'int\u00e9grit\u00e9 structurelle.<\/span><br class=\"container_fd70d wrapper_80cf2 undefined\" \/><span style=\"color: #4a4646;\"><span style=\"color: #4a4646;\"><span style=\"font-family: verdana, geneva, sans-serif;\"><strong>Construction \u00e9tanche<\/strong>: Les coutures moul\u00e9es avec pr\u00e9cision et les canaux d'\u00e9tanch\u00e9it\u00e9 int\u00e9gr\u00e9s garantissent une bonne \u00e9tanch\u00e9it\u00e9.<br \/>\njoint fiable, \u00e9vitant les fuites d'huile.<br \/>\n<\/span><span style=\"font-family: verdana, geneva, sans-serif;\"><strong>R\u00e9sistant \u00e0 la chaleur<\/strong> jusqu'\u00e0 150\u00b0C (302\u00b0F) - id\u00e9al pour les moteurs \u00e0 turbocompresseur.<\/span><\/span><\/span><\/li>\n<li><span style=\"font-family: verdana, geneva, sans-serif; color: #4a4646;\"><strong>Caract\u00e9ristiques principales<\/strong><\/span><br class=\"container_fd70d wrapper_80cf2 undefined\" \/><span style=\"font-family: verdana, geneva, sans-serif; color: #4a4646;\"><strong>Remplacement direct de l'OEM<\/strong>: Adaptation exacte garantie pour une installation sans probl\u00e8me.<\/span><br class=\"container_fd70d wrapper_80cf2 undefined\" \/><span style=\"font-family: verdana, geneva, sans-serif; color: #4a4646;\"><strong>Circulation optimis\u00e9e de l'huile<\/strong>: La conception du d\u00e9flecteur interne minimise le ballottement de l'huile, am\u00e9liorant ainsi l'efficacit\u00e9 de la lubrification.<\/span><br class=\"container_fd70d wrapper_80cf2 undefined\" \/><span style=\"font-family: verdana, geneva, sans-serif; color: #4a4646;\"><strong>Dur\u00e9e de vie prolong\u00e9e<\/strong>: R\u00e9sistant \u00e0 la d\u00e9gradation chimique des huiles de moteur et des additifs.<\/span><\/li>\n<\/ul>","protected":false},"excerpt":{"rendered":"<p><span style=\"font-family: verdana, geneva, sans-serif; color: #5e5858;\"><strong>Nom du produit\uff1a<\/strong>Carter d'huile moteur<\/span><br \/>\n<span style=\"font-family: verdana, geneva, sans-serif; color: #5e5858;\"><strong>Garantie\uff1a<\/strong>1 an<\/span><br \/>\n<span style=\"font-family: verdana, geneva, sans-serif; color: #5e5858;\"><strong>Condition\uff1a<\/strong>Nouveau<\/span><br \/>\n<span style=\"font-family: verdana, geneva, sans-serif; color: #5e5858;\"><strong>Mod\u00e8le de voiture\uff1a<\/strong><span style=\"font-family: verdana, geneva, sans-serif;\">Volkswagen Golf et Tiguan<\/span><\/span><br \/>\n<span style=\"color: #5e5858;\"><span style=\"font-family: verdana, geneva, sans-serif;\"><strong>OEM NO.. :<\/strong>06K103600R<br \/>\n<\/span><strong style=\"font-family: verdana, geneva, sans-serif;\">Qualit\u00e9 :<\/strong><span style=\"font-family: verdana, geneva, sans-serif;\"> 100% Test\u00e9<br \/>\n<\/span><strong style=\"font-family: verdana, geneva, sans-serif;\">D\u00e9lai de livraison :<\/strong><span style=\"font-family: verdana, geneva, sans-serif;\">\u00a03-7 jours<\/span><\/span><\/p>","protected":false},"featured_media":878,"comment_status":"closed","ping_status":"closed","template":"","meta":[],"product_cat":[18],"product_tag":[],"class_list":{"0":"post-877","1":"product","2":"type-product","3":"status-publish","4":"has-post-thumbnail","6":"product_cat-engine-parts","8":"first","9":"instock","10":"featured","11":"shipping-taxable","12":"product-type-simple"},"_links":{"self":[{"href":"https:\/\/carbitautoparts.com\/fr\/wp-json\/wp\/v2\/product\/877","targetHints":{"allow":["GET"]}}],"collection":[{"href":"https:\/\/carbitautoparts.com\/fr\/wp-json\/wp\/v2\/product"}],"about":[{"href":"https:\/\/carbitautoparts.com\/fr\/wp-json\/wp\/v2\/types\/product"}],"replies":[{"embeddable":true,"href":"https:\/\/carbitautoparts.com\/fr\/wp-json\/wp\/v2\/comments?post=877"}],"wp:featuredmedia":[{"embeddable":true,"href":"https:\/\/carbitautoparts.com\/fr\/wp-json\/wp\/v2\/media\/878"}],"wp:attachment":[{"href":"https:\/\/carbitautoparts.com\/fr\/wp-json\/wp\/v2\/media?parent=877"}],"wp:term":[{"taxonomy":"product_cat","embeddable":true,"href":"https:\/\/carbitautoparts.com\/fr\/wp-json\/wp\/v2\/product_cat?post=877"},{"taxonomy":"product_tag","embeddable":true,"href":"https:\/\/carbitautoparts.com\/fr\/wp-json\/wp\/v2\/product_tag?post=877"}],"curies":[{"name":"wp","href":"https:\/\/api.w.org\/{rel}","templated":true}]}}