{"id":904,"date":"2025-02-23T13:12:50","date_gmt":"2025-02-23T05:12:50","guid":{"rendered":"https:\/\/carbitautoparts.com\/?post_type=product&#038;p=904"},"modified":"2025-03-08T11:37:44","modified_gmt":"2025-03-08T03:37:44","slug":"aluminum-based-silicon-carbide-brake-discs","status":"publish","type":"product","link":"https:\/\/carbitautoparts.com\/fr\/product\/disques-de-frein-en-carbure-de-silicium-a-base-daluminium\/","title":{"rendered":"Disques de frein en carbure de silicium \u00e0 base d'aluminium (AlSiC)"},"content":{"rendered":"<h1 style=\"padding-left: 40px;\"><span style=\"font-family: verdana, geneva, sans-serif; color: #635e5e;\"><strong>Aluminium <span style=\"font-family: verdana, geneva, sans-serif;\">Bas\u00e9 sur <\/span>Disques de frein en carbure de silicium (AlSiC) - Performances de freinage avanc\u00e9es<\/strong><\/span><\/h1>\n<p style=\"padding-left: 40px;\"><span style=\"font-family: verdana, geneva, sans-serif; font-size: 14pt; color: #7a7777;\"><strong>Con\u00e7u pour une meilleure dissipation de la chaleur et une r\u00e9duction du poids<\/strong><\/span><\/p>\n<hr \/>\n<p style=\"padding-left: 40px;\"><span style=\"font-family: verdana, geneva, sans-serif; color: #575454;\">Am\u00e9liorez les performances de freinage de votre v\u00e9hicule gr\u00e2ce \u00e0 notre syst\u00e8me de freinage \u00e0 la pointe de la technologie.\u00a0<strong>Disques de frein en carbure de silicium \u00e0 base d'aluminium (AlSiC)<\/strong>. Combinant des mat\u00e9riaux de qualit\u00e9 a\u00e9rospatiale et une ing\u00e9nierie de pr\u00e9cision, ces rotors offrent une durabilit\u00e9, une stabilit\u00e9 thermique et une efficacit\u00e9 in\u00e9gal\u00e9es pour les v\u00e9hicules \u00e9lectriques de luxe, de sport et de haute performance.<\/span><\/p>\n<p><img fetchpriority=\"high\" decoding=\"async\" class=\"aligncenter size-full wp-image-1666\" src=\"http:\/\/carbitautoparts.com\/wp-content\/uploads\/2025\/02\/ChMkJ1bKyF2IAzc8AAWbKjY7JKgAALIBAOHQ-EABZtC900_\u526f\u672c.jpg\" alt=\"Fabricant professionnel de disques de frein en carbure de silicium \u00e0 base d&#039;aluminium\" width=\"800\" height=\"500\" srcset=\"https:\/\/carbitautoparts.com\/wp-content\/uploads\/2025\/02\/ChMkJ1bKyF2IAzc8AAWbKjY7JKgAALIBAOHQ-EABZtC900_\u526f\u672c.jpg 800w, https:\/\/carbitautoparts.com\/wp-content\/uploads\/2025\/02\/ChMkJ1bKyF2IAzc8AAWbKjY7JKgAALIBAOHQ-EABZtC900_\u526f\u672c-300x188.jpg 300w, https:\/\/carbitautoparts.com\/wp-content\/uploads\/2025\/02\/ChMkJ1bKyF2IAzc8AAWbKjY7JKgAALIBAOHQ-EABZtC900_\u526f\u672c-768x480.jpg 768w, https:\/\/carbitautoparts.com\/wp-content\/uploads\/2025\/02\/ChMkJ1bKyF2IAzc8AAWbKjY7JKgAALIBAOHQ-EABZtC900_\u526f\u672c-18x12.jpg 18w, https:\/\/carbitautoparts.com\/wp-content\/uploads\/2025\/02\/ChMkJ1bKyF2IAzc8AAWbKjY7JKgAALIBAOHQ-EABZtC900_\u526f\u672c-600x375.jpg 600w, https:\/\/carbitautoparts.com\/wp-content\/uploads\/2025\/02\/ChMkJ1bKyF2IAzc8AAWbKjY7JKgAALIBAOHQ-EABZtC900_\u526f\u672c-150x94.jpg 150w\" sizes=\"(max-width: 800px) 100vw, 800px\" \/><\/p>\n<p>&nbsp;<\/p>\n<ul>\n<li><span style=\"font-family: verdana, geneva, sans-serif; font-size: 14pt; color: #575454;\"><strong>Une conception l\u00e9g\u00e8re pour des performances accrues<\/strong><\/span><\/li>\n<\/ul>\n<p style=\"padding-left: 40px;\"><span style=\"font-family: verdana, geneva, sans-serif; color: #575454;\"><strong>Densit\u00e9<\/strong>: Avec une densit\u00e9 de seulement\u00a0<strong>2,8-3,0 g\/cm\u00b3<\/strong>Nos rotors en AlSiC sont\u00a0<strong>50-60% briquet<\/strong>\u00a0que les rotors conventionnels en fonte (7,8 g\/cm\u00b3).<\/span><\/p>\n<p style=\"padding-left: 40px;\"><span style=\"font-family: verdana, geneva, sans-serif; color: #575454;\"><strong>Impact<\/strong>: R\u00e9duit le poids sous le ressort jusqu'\u00e0\u00a0<strong>40%<\/strong>Le syst\u00e8me de freinage d'urgence (SRA) permet d'am\u00e9liorer la dynamique du v\u00e9hicule, l'acc\u00e9l\u00e9ration et le rendement \u00e9nerg\u00e9tique. Id\u00e9al pour les v\u00e9hicules \u00e9lectriques et les voitures \u00e0 hautes performances.<\/span><\/p>\n<p>&nbsp;<\/p>\n<ul>\n<li><span style=\"font-family: verdana, geneva, sans-serif; font-size: 14pt; color: #575454;\"><strong>Gestion thermique sup\u00e9rieure<\/strong><\/span><\/li>\n<\/ul>\n<p style=\"padding-left: 40px;\"><span style=\"font-family: verdana, geneva, sans-serif; color: #575454;\"><strong>Conductivit\u00e9 thermique<\/strong>: Nos rotors ont une conductivit\u00e9 thermique de\u00a0<strong>160-200 W\/m-K<\/strong>, nettement plus \u00e9lev\u00e9 que celui de la fonte\u00a0<strong>50-55 W\/m-K<\/strong>.<\/span><\/p>\n<p style=\"padding-left: 40px;\"><span style=\"font-family: verdana, geneva, sans-serif; color: #575454;\"><strong>Dissipation de la chaleur<\/strong>: R\u00e9duit les temp\u00e9ratures de fonctionnement maximales de\u00a0<strong>15-25%<\/strong>En minimisant l'\u00e9vanouissement thermique et en maintenant un coefficient de frottement stable (\u03bc \u2248\u00a0<strong>0.4-0.45<\/strong>) m\u00eame \u00e0 des temp\u00e9ratures sup\u00e9rieures \u00e0\u00a0<strong>600\u00b0C<\/strong>.<\/span><\/p>\n<p>&nbsp;<\/p>\n<ul>\n<li><span style=\"font-family: verdana, geneva, sans-serif; font-size: 14pt; color: #575454;\"><strong>R\u00e9sistance \u00e0 l'usure et long\u00e9vit\u00e9 exceptionnelles<\/strong><\/span><\/li>\n<\/ul>\n<p style=\"padding-left: 40px;\"><span style=\"font-family: verdana, geneva, sans-serif; color: #575454;\"><strong>Duret\u00e9<\/strong>: L'inclusion de\u00a0<strong>20-30% carbure de silicium (SiC)<\/strong>\u00a0par volume donne une duret\u00e9 Vickers de\u00a0<strong>250-300 HV<\/strong>par rapport \u00e0\u00a0<strong>180-220 HV<\/strong>\u00a0pour la fonte.<\/span><\/p>\n<p style=\"padding-left: 40px;\"><span style=\"font-family: verdana, geneva, sans-serif; color: #575454;\"><strong>Durabilit\u00e9<\/strong>: Les taux d'usure sont\u00a0<strong>40-60% inf\u00e9rieur<\/strong>\u00a0que la fonte, ce qui prolonge la dur\u00e9e de vie du rotor de\u00a0<strong>2-3\u00d7<\/strong>\u00a0dans des conditions de conduite extr\u00eames.<\/span><\/p>\n<p>&nbsp;<\/p>\n<ul>\n<li><span style=\"font-family: verdana, geneva, sans-serif; font-size: 14pt; color: #575454;\"><strong>Expansion thermique et stabilit\u00e9 optimis\u00e9es<\/strong><\/span><\/li>\n<\/ul>\n<p style=\"padding-left: 40px;\"><span style=\"font-family: verdana, geneva, sans-serif; color: #575454;\"><strong>CTE<\/strong>: Nos rotors en AlSiC ont un coefficient de dilatation thermique (CTE) de\u00a0<strong>7-9 ppm\/\u00b0C<\/strong>, des moyeux en acier tr\u00e8s proches les uns des autres (\u2248<strong>11 ppm\/\u00b0C<\/strong>).<\/span><\/p>\n<p style=\"padding-left: 40px;\"><span style=\"font-family: verdana, geneva, sans-serif; color: #575454;\"><strong>Performance<\/strong>: R\u00e9duit la contrainte thermique et la distorsion, assurant un contact constant entre la plaquette et le rotor ainsi qu'une bonne performance de freinage.<\/span><\/p>\n<p>&nbsp;<\/p>\n<ul>\n<li><span style=\"font-family: verdana, geneva, sans-serif; font-size: 14pt; color: #575454;\"><strong>R\u00e9sistance \u00e0 la corrosion pour les environnements difficiles<\/strong><\/span><\/li>\n<\/ul>\n<p style=\"padding-left: 40px;\"><span style=\"font-family: verdana, geneva, sans-serif; color: #575454;\"><strong>Protection de l'environnement<\/strong>: La matrice d'aluminium forme une couche d'oxyde naturel, tandis que le SiC r\u00e9siste \u00e0 la d\u00e9gradation chimique.<\/span><\/p>\n<p style=\"padding-left: 40px;\"><span style=\"font-family: verdana, geneva, sans-serif; color: #575454;\"><strong>Essais<\/strong>: Les essais au brouillard salin (ASTM B117) montrent que\u00a0<strong>&lt;5% corrosion de surface<\/strong>\u00a0apr\u00e8s 1 000 heures, par rapport \u00e0\u00a0<strong>&gt;20%<\/strong>\u00a0pour la fonte.<\/span><\/p>\n<p>&nbsp;<\/p>\n<ul>\n<li><span style=\"font-family: verdana, geneva, sans-serif; font-size: 14pt; color: #575454;\"><strong>Rigidit\u00e9 sp\u00e9cifique et r\u00e9sistance \u00e0 la fatigue \u00e9lev\u00e9es<\/strong><\/span><\/li>\n<\/ul>\n<p style=\"padding-left: 40px;\"><span style=\"color: #575454;\"><strong style=\"font-family: verdana, geneva, sans-serif;\">Rigidit\u00e9<\/strong><span style=\"font-family: verdana, geneva, sans-serif;\">: La rigidit\u00e9 sp\u00e9cifique atteint\u00a0<\/span><strong style=\"font-family: verdana, geneva, sans-serif;\">35-40 GPa-cm\u00b3\/g<\/strong><span style=\"font-family: verdana, geneva, sans-serif;\">et surpasse les performances de la fonte\u00a0<\/span><strong style=\"font-family: verdana, geneva, sans-serif;\">25 GPa-cm\u00b3\/g<\/strong><span style=\"font-family: verdana, geneva, sans-serif;\">.<\/span><\/span><\/p>\n<p style=\"padding-left: 40px;\"><span style=\"font-family: verdana, geneva, sans-serif; color: #575454;\"><strong>R\u00e9sistance \u00e0 la fatigue<\/strong>: La r\u00e9sistance \u00e0 la fatigue \u00e0 10\u2077 cycles est de\u00a0<strong>120-150 MPa<\/strong>,\u00a0<strong>2\u00d7 plus \u00e9lev\u00e9<\/strong>\u00a0que la fonte.<\/span><\/p>\n<p>&nbsp;<\/p>\n<ul>\n<li><span style=\"font-family: verdana, geneva, sans-serif; font-size: 14pt; color: #575454;\"><strong>Alternative rentable \u00e0 la c\u00e9ramique de carbone<\/strong><\/span><\/li>\n<\/ul>\n<p style=\"padding-left: 40px;\"><span style=\"font-family: verdana, geneva, sans-serif; color: #575454;\"><strong>Co\u00fbt<\/strong>: Nos rotors en AlSiC sont\u00a0<strong>50-70% plus abordable<\/strong>\u00a0que les syst\u00e8mes carbone-c\u00e9ramique, offrant des performances similaires pour une fraction du prix.<\/span><\/p>\n<h3 style=\"padding-left: 40px;\"><span style=\"font-family: verdana, geneva, sans-serif; color: #575454;\"><strong>R\u00e9sum\u00e9 des donn\u00e9es de performance<\/strong><\/span><\/h3>\n<table style=\"margin-left: 40px;\">\n<tbody style=\"padding-left: 40px;\">\n<tr style=\"padding-left: 40px;\">\n<td style=\"padding-left: 40px;\">\n<p style=\"padding-left: 40px;\"><span style=\"font-family: verdana, geneva, sans-serif; color: #575454;\"><strong><b>Propri\u00e9t\u00e9<\/b><\/strong><\/span><\/p>\n<\/td>\n<td style=\"padding-left: 40px;\">\n<p style=\"padding-left: 40px;\"><span style=\"font-family: verdana, geneva, sans-serif; color: #575454;\"><strong><b>Rotors de frein en AlSiC<\/b><\/strong><\/span><\/p>\n<\/td>\n<td style=\"padding-left: 40px;\">\n<p style=\"padding-left: 40px;\"><span style=\"font-family: verdana, geneva, sans-serif; color: #575454;\"><strong><b>Rotors en fonte<\/b><\/strong><\/span><\/p>\n<\/td>\n<td style=\"padding-left: 40px;\">\n<p style=\"padding-left: 40px;\"><span style=\"font-family: verdana, geneva, sans-serif; color: #575454;\"><strong><b>Rotors en carbone-c\u00e9ramique<\/b><\/strong><\/span><\/p>\n<\/td>\n<\/tr>\n<tr style=\"padding-left: 40px;\">\n<td style=\"padding-left: 40px;\">\n<p style=\"padding-left: 40px;\"><span style=\"font-family: verdana, geneva, sans-serif; color: #575454;\">Densit\u00e9 (g\/cm\u00b3)<\/span><\/p>\n<\/td>\n<td style=\"padding-left: 40px;\">\n<p style=\"padding-left: 40px;\"><span style=\"font-family: verdana, geneva, sans-serif; color: #575454;\">2.8-3.0<\/span><\/p>\n<\/td>\n<td style=\"padding-left: 40px;\">\n<p style=\"padding-left: 40px;\"><span style=\"font-family: verdana, geneva, sans-serif; color: #575454;\">7.8<\/span><\/p>\n<\/td>\n<td style=\"padding-left: 40px;\">\n<p style=\"padding-left: 40px;\"><span style=\"font-family: verdana, geneva, sans-serif; color: #575454;\">2.5-2.7<\/span><\/p>\n<\/td>\n<\/tr>\n<tr style=\"padding-left: 40px;\">\n<td style=\"padding-left: 40px;\">\n<p style=\"padding-left: 40px;\"><span style=\"font-family: verdana, geneva, sans-serif; color: #575454;\">Conductivit\u00e9 thermique (W\/m-K)<\/span><\/p>\n<\/td>\n<td style=\"padding-left: 40px;\">\n<p style=\"padding-left: 40px;\"><span style=\"font-family: verdana, geneva, sans-serif; color: #575454;\">160-200<\/span><\/p>\n<\/td>\n<td style=\"padding-left: 40px;\">\n<p style=\"padding-left: 40px;\"><span style=\"font-family: verdana, geneva, sans-serif; color: #575454;\">50-55<\/span><\/p>\n<\/td>\n<td style=\"padding-left: 40px;\">\n<p style=\"padding-left: 40px;\"><span style=\"font-family: verdana, geneva, sans-serif; color: #575454;\">200-250<\/span><\/p>\n<\/td>\n<\/tr>\n<tr style=\"padding-left: 40px;\">\n<td style=\"padding-left: 40px;\">\n<p style=\"padding-left: 40px;\"><span style=\"font-family: verdana, geneva, sans-serif; color: #575454;\">Duret\u00e9 (HV)<\/span><\/p>\n<\/td>\n<td style=\"padding-left: 40px;\">\n<p style=\"padding-left: 40px;\"><span style=\"font-family: verdana, geneva, sans-serif; color: #575454;\">250-300<\/span><\/p>\n<\/td>\n<td style=\"padding-left: 40px;\">\n<p style=\"padding-left: 40px;\"><span style=\"font-family: verdana, geneva, sans-serif; color: #575454;\">180-220<\/span><\/p>\n<\/td>\n<td style=\"padding-left: 40px;\">\n<p style=\"padding-left: 40px;\"><span style=\"font-family: verdana, geneva, sans-serif; color: #575454;\">1,500-2,000<\/span><\/p>\n<\/td>\n<\/tr>\n<tr style=\"padding-left: 40px;\">\n<td style=\"padding-left: 40px;\">\n<p style=\"padding-left: 40px;\"><span style=\"font-family: verdana, geneva, sans-serif; color: #575454;\">CTE (ppm\/\u00b0C)<\/span><\/p>\n<\/td>\n<td style=\"padding-left: 40px;\">\n<p style=\"padding-left: 40px;\"><span style=\"font-family: verdana, geneva, sans-serif; color: #575454;\">7-9<\/span><\/p>\n<\/td>\n<td style=\"padding-left: 40px;\">\n<p style=\"padding-left: 40px;\"><span style=\"font-family: verdana, geneva, sans-serif; color: #575454;\">12-14<\/span><\/p>\n<\/td>\n<td style=\"padding-left: 40px;\">\n<p style=\"padding-left: 40px;\"><span style=\"font-family: verdana, geneva, sans-serif; color: #575454;\">4-6<\/span><\/p>\n<\/td>\n<\/tr>\n<\/tbody>\n<\/table>\n<h3 style=\"padding-left: 40px;\"><span style=\"font-family: verdana, geneva, sans-serif; color: #575454;\"><strong>Pourquoi choisir notre aluminium<\/strong><strong>\u00a0Bas\u00e9 sur<\/strong><strong>\u00a0Frein en carbure de silicium (AlSiC) <\/strong><strong>Disque<\/strong><strong>s ?<\/strong><\/span><\/h3>\n<p style=\"padding-left: 40px;\"><span style=\"font-family: verdana, geneva, sans-serif; color: #575454;\"><strong>Une performance prouv\u00e9e<\/strong>: Les tests rigoureux et les applications r\u00e9elles dans les secteurs du sport automobile, de l'a\u00e9rospatiale et de l'automobile \u00e0 hautes performances en sont la preuve.<\/span><\/p>\n<p style=\"padding-left: 40px;\"><span style=\"font-family: verdana, geneva, sans-serif; color: #575454;\"><strong>Solutions sur mesure<\/strong>: Conceptions sur mesure pour r\u00e9pondre aux exigences sp\u00e9cifiques des OEM et du march\u00e9 de l'apr\u00e8s-vente, services OEM, fabrication de pi\u00e8ces sur la base de dessins.<\/span><\/p>\n<p style=\"padding-left: 40px;\"><span style=\"font-family: verdana, geneva, sans-serif; color: #575454;\"><strong>Durabilit\u00e9<\/strong>: La construction l\u00e9g\u00e8re contribue \u00e0 r\u00e9duire la consommation de carburant et les \u00e9missions.<\/span><\/p>\n<p>&nbsp;<\/p>\n<p style=\"padding-left: 40px;\"><span style=\"font-family: verdana, geneva, sans-serif; color: #ff9900; font-size: 14pt;\"><strong>Contactez-nous d\u00e8s aujourd'hui<\/strong><\/span><br \/>\n<span style=\"font-family: verdana, geneva, sans-serif; color: #575454;\">Am\u00e9liorez votre syst\u00e8me de freinage avec nos rotors de frein AlSiC \u00e0 la pointe de la technologie. Que vous soyez un \u00e9quipementier, une \u00e9curie de course ou un passionn\u00e9 de performances, nous mettons \u00e0 votre disposition la technologie et l'expertise n\u00e9cessaires pour r\u00e9pondre \u00e0 vos besoins. Ensemble, faisons avancer l'innovation.<\/span><\/p>","protected":false},"excerpt":{"rendered":"<p><span style=\"color: #696666;\"><span style=\"font-family: verdana, geneva, sans-serif;\"><strong>Nom du produit\uff1a<\/strong><\/span><span style=\"font-family: verdana, geneva, sans-serif;\">Rotors de frein en carbure d'aluminium et de silicium (AlSiC)<strong><br \/>\n<\/strong><\/span><span style=\"font-family: verdana, geneva, sans-serif;\"><strong>Garantie\uff1a<\/strong>1 an<\/span><\/span><br \/>\n<span style=\"font-family: verdana, geneva, sans-serif; color: #696666;\"><strong>Condition\uff1a<\/strong>Nouveau<\/span><br \/>\n<span style=\"font-family: verdana, geneva, sans-serif; color: #696666;\"><strong>Densit\u00e9 :<\/strong> 2,8-3,0 g\/cm\u00b3<\/span><br \/>\n<span style=\"font-family: verdana, geneva, sans-serif; color: #696666;\"><strong>Qualit\u00e9 :<\/strong>\u00a0100% Test\u00e9<\/span><\/p>","protected":false},"featured_media":906,"comment_status":"closed","ping_status":"closed","template":"","meta":[],"product_cat":[15],"product_tag":[],"class_list":{"0":"post-904","1":"product","2":"type-product","3":"status-publish","4":"has-post-thumbnail","6":"product_cat-brake-parts","8":"first","9":"instock","10":"shipping-taxable","11":"product-type-simple"},"_links":{"self":[{"href":"https:\/\/carbitautoparts.com\/fr\/wp-json\/wp\/v2\/product\/904","targetHints":{"allow":["GET"]}}],"collection":[{"href":"https:\/\/carbitautoparts.com\/fr\/wp-json\/wp\/v2\/product"}],"about":[{"href":"https:\/\/carbitautoparts.com\/fr\/wp-json\/wp\/v2\/types\/product"}],"replies":[{"embeddable":true,"href":"https:\/\/carbitautoparts.com\/fr\/wp-json\/wp\/v2\/comments?post=904"}],"wp:featuredmedia":[{"embeddable":true,"href":"https:\/\/carbitautoparts.com\/fr\/wp-json\/wp\/v2\/media\/906"}],"wp:attachment":[{"href":"https:\/\/carbitautoparts.com\/fr\/wp-json\/wp\/v2\/media?parent=904"}],"wp:term":[{"taxonomy":"product_cat","embeddable":true,"href":"https:\/\/carbitautoparts.com\/fr\/wp-json\/wp\/v2\/product_cat?post=904"},{"taxonomy":"product_tag","embeddable":true,"href":"https:\/\/carbitautoparts.com\/fr\/wp-json\/wp\/v2\/product_tag?post=904"}],"curies":[{"name":"wp","href":"https:\/\/api.w.org\/{rel}","templated":true}]}}