{"id":962,"date":"2025-02-24T16:34:37","date_gmt":"2025-02-24T08:34:37","guid":{"rendered":"https:\/\/carbitautoparts.com\/?post_type=product&#038;p=962"},"modified":"2025-03-13T10:40:43","modified_gmt":"2025-03-13T02:40:43","slug":"ignition-coil-for-hyundai-sonata-elantra-kia-oem-27300-3f100","status":"publish","type":"product","link":"https:\/\/carbitautoparts.com\/fr\/product\/bobine-dallumage-pour-hyundai-sonata-elantra-kia-oem-27300-3f100\/","title":{"rendered":"Bobine d'allumage pour Hyundai Sonata\uff0cElantra\uff0cKia-OEM 27300-3F100"},"content":{"rendered":"<p><span style=\"font-size: 18pt; color: #403e3e;\"><strong style=\"font-family: verdana, geneva, sans-serif;\">Bobine d'allumage pour Hyundai Sonata\/Elantra\/Kia | OEM 27300-3F100<\/strong><\/span><\/p>\n<p><span style=\"font-family: verdana, geneva, sans-serif; color: #545151;\"><strong>Composant du syst\u00e8me d'allumage haute performance<\/strong><\/span><\/p>\n<p><span style=\"font-family: verdana, geneva, sans-serif; color: #545151;\">Notre bobine d'allumage de qualit\u00e9 OEM garantit des d\u00e9marrages fiables, une acc\u00e9l\u00e9ration en douceur et un rendement \u00e9nerg\u00e9tique optimal.<strong> (OEM:27300-3F100)<\/strong>. Con\u00e7ue pour remplacer directement les mod\u00e8les Hyundai Sonata, Elantra et Kia, cette bobine fabriqu\u00e9e avec pr\u00e9cision fournit une \u00e9nergie d'\u00e9tincelle constante et durable pour les moteurs \u00e0 essence modernes.<\/span><\/p>\n<hr \/>\n<ul>\n<li><span style=\"color: #4a4848;\"><span style=\"color: #4a4848;\"><span style=\"color: #4a4848;\"><span style=\"font-family: verdana, geneva, sans-serif;\">Fabriqu\u00e9 \u00e0 partir de mati\u00e8res premi\u00e8res de premi\u00e8re qualit\u00e9, ce produit pr\u00e9sente une excellente r\u00e9sistance aux temp\u00e9ratures \u00e9lev\u00e9es et au vieillissement, ce qui lui assure une dur\u00e9e de vie prolong\u00e9e. Il offre une tension de sortie stable qui att\u00e9nue les probl\u00e8mes de gigue, r\u00e9duit efficacement la consommation de carburant et am\u00e9liore consid\u00e9rablement les performances du v\u00e9hicule.<\/span><\/span><\/span><\/span><\/li>\n<li><span style=\"color: #4a4848;\"><span style=\"font-family: verdana, geneva, sans-serif;\">Des essais continus et rigoureux sont effectu\u00e9s sur une vari\u00e9t\u00e9 de bobines d'allumage, comprenant l'\u00e9valuation des performances, la r\u00e9sistance aux chocs thermiques, l'endurance \u00e0 haute temp\u00e9rature, la r\u00e9sistance \u00e0 la fatigue et les cycles thermiques de puissance. Ces tests sont con\u00e7us pour garantir la qualit\u00e9 et la fiabilit\u00e9 de chaque produit.<br \/>\n<\/span><\/span><\/li>\n<li><span style=\"color: #4a4848;\"><span style=\"color: #4a4848;\"><span style=\"font-family: verdana, geneva, sans-serif;\">Compatible avec Hyundai\/Kia 27300-3F100, Denso 471-1111, NGK U5050, et Bosch 0221504476. Convient \u00e0 2015-2021 Hyundai Sonata\/Elantra et Kia.<\/span><\/span><\/span><\/li>\n<li><span style=\"font-family: verdana, geneva, sans-serif; color: #4a4848;\"><strong>Installation Plug-and-Play<\/strong><\/span><\/li>\n<\/ul>\n<p><span style=\"color: #4a4848;\"><span style=\"font-family: verdana, geneva, sans-serif;\">\u00a0 \u00a0 \u00a0 \u00a0Remplacement direct avec les connecteurs et les supports de montage d'origine.<br \/>\n<\/span><span style=\"font-family: verdana, geneva, sans-serif;\">\u00a0 \u00a0 \u00a0 \u00a0Aucun codage ou modification n'est n\u00e9cessaire.<br \/>\n<\/span><span style=\"font-family: verdana, geneva, sans-serif;\">\u00a0 \u00a0 \u00a0 \u00a0Compatible avec les bougies d'origine (par exemple, NGK 94193).<\/span><\/span><\/p>","protected":false},"excerpt":{"rendered":"<p><span style=\"font-family: verdana, geneva, sans-serif; color: #4a4444;\"><strong>Nom du produit\uff1a<\/strong>Assemblage des phares<\/span><br \/>\n<span style=\"font-family: verdana, geneva, sans-serif; color: #4a4444;\"><strong>Garantie\uff1a<\/strong>1 an<\/span><br \/>\n<span style=\"font-family: verdana, geneva, sans-serif; color: #4a4444;\"><strong>Condition\uff1a<\/strong>Nouveau<\/span><br \/>\n<span style=\"font-family: verdana, geneva, sans-serif; color: #4a4444;\"><strong>Mod\u00e8le de voiture\uff1a<\/strong>Hyundai Sonata\/Elantra\/Kia<\/span><br \/>\n<span style=\"color: #4a4444;\"><span style=\"font-family: verdana, geneva, sans-serif;\"><strong>OEM NO.. :<\/strong> 27300-3F100<br \/>\n<\/span><strong style=\"font-family: verdana, geneva, sans-serif;\">R\u00e9sistance primaire :<\/strong><span style=\"font-family: verdana, geneva, sans-serif;\"> 0.55-0.75 \u03a9<br \/>\n<\/span><strong style=\"font-family: verdana, geneva, sans-serif;\">R\u00e9sistance secondaire :<\/strong><span style=\"font-family: verdana, geneva, sans-serif;\"> 6,8-8,2 k\u03a9<br \/>\n<\/span><strong style=\"font-family: verdana, geneva, sans-serif;\">Tension :<\/strong><span style=\"font-family: verdana, geneva, sans-serif;\"> 12V DC<br \/>\n<\/span><strong style=\"font-family: verdana, geneva, sans-serif;\">Plage de temp\u00e9rature de fonctionnement :<\/strong><span style=\"font-family: verdana, geneva, sans-serif;\"> -40\u00b0C \u00e0 150\u00b0C<br \/>\n<strong>Protection contre l'eau et la poussi\u00e8re : <\/strong>IP67<br \/>\n<\/span><strong style=\"font-family: verdana, geneva, sans-serif;\">Qualit\u00e9 :<\/strong><span style=\"font-family: verdana, geneva, sans-serif;\"> 100% Test\u00e9<br \/>\n<\/span><strong style=\"font-family: verdana, geneva, sans-serif;\">D\u00e9lai de livraison :<\/strong><span style=\"font-family: verdana, geneva, sans-serif;\">\u00a03-7 jours<\/span><\/span><\/p>","protected":false},"featured_media":963,"comment_status":"closed","ping_status":"closed","template":"","meta":[],"product_cat":[18],"product_tag":[],"class_list":{"0":"post-962","1":"product","2":"type-product","3":"status-publish","4":"has-post-thumbnail","6":"product_cat-engine-parts","8":"first","9":"instock","10":"shipping-taxable","11":"product-type-simple"},"_links":{"self":[{"href":"https:\/\/carbitautoparts.com\/fr\/wp-json\/wp\/v2\/product\/962","targetHints":{"allow":["GET"]}}],"collection":[{"href":"https:\/\/carbitautoparts.com\/fr\/wp-json\/wp\/v2\/product"}],"about":[{"href":"https:\/\/carbitautoparts.com\/fr\/wp-json\/wp\/v2\/types\/product"}],"replies":[{"embeddable":true,"href":"https:\/\/carbitautoparts.com\/fr\/wp-json\/wp\/v2\/comments?post=962"}],"wp:featuredmedia":[{"embeddable":true,"href":"https:\/\/carbitautoparts.com\/fr\/wp-json\/wp\/v2\/media\/963"}],"wp:attachment":[{"href":"https:\/\/carbitautoparts.com\/fr\/wp-json\/wp\/v2\/media?parent=962"}],"wp:term":[{"taxonomy":"product_cat","embeddable":true,"href":"https:\/\/carbitautoparts.com\/fr\/wp-json\/wp\/v2\/product_cat?post=962"},{"taxonomy":"product_tag","embeddable":true,"href":"https:\/\/carbitautoparts.com\/fr\/wp-json\/wp\/v2\/product_tag?post=962"}],"curies":[{"name":"wp","href":"https:\/\/api.w.org\/{rel}","templated":true}]}}