{"id":976,"date":"2025-02-24T18:04:59","date_gmt":"2025-02-24T10:04:59","guid":{"rendered":"https:\/\/carbitautoparts.com\/?post_type=product&#038;p=976"},"modified":"2025-05-07T09:39:42","modified_gmt":"2025-05-07T01:39:42","slug":"hyundai-ix35-tucson-map-sensor-oem-39300-2b000","status":"publish","type":"product","link":"https:\/\/carbitautoparts.com\/fr\/product\/hyundai-ix35-tucson-map-sensor-oem-39300-2b000\/","title":{"rendered":"Hyundai IX35\/Tucson Capteur de pression absolue du collecteur (MAP) - OEM 39300-2B000"},"content":{"rendered":"<h1><span style=\"font-family: verdana, geneva, sans-serif; font-size: 14pt; color: #424141;\"><strong>Capteur de pression absolue du collecteur (MAP) pour Hyundai IX35\/<span style=\"font-family: verdana, geneva, sans-serif;\">Tucson<\/span>-OEM 39300-2B000<\/strong><\/span><\/h1>\n<p><span style=\"font-family: verdana, geneva, sans-serif; color: #595757;\"><strong>Des performances moteur de pr\u00e9cision pour une efficacit\u00e9 \u00e9nerg\u00e9tique optimale<\/strong><\/span><\/p>\n<p><span style=\"font-family: verdana, geneva, sans-serif; color: #595757;\">Garantissez des relev\u00e9s de pression d'air pr\u00e9cis et des performances optimales du moteur gr\u00e2ce \u00e0 notre syst\u00e8me de contr\u00f4le de la pression d'air de qualit\u00e9 OEM.\u00a0<strong>Capteur de pression absolue du collecteur (MAP) (OEM : 39300-2B000)<\/strong>. Con\u00e7u sp\u00e9cifiquement pour les mod\u00e8les Hyundai IX35 et Kia Sportage, ce capteur fournit des donn\u00e9es fiables \u00e0 l'ECU, am\u00e9liorant ainsi le rendement \u00e9nerg\u00e9tique, la r\u00e9ponse de l'acc\u00e9l\u00e9rateur et le contr\u00f4le des \u00e9missions.<\/span><\/p>\n<hr \/>\n<ul>\n<li><span style=\"color: #575151;\"><span style=\"color: #575151;\"><span style=\"font-family: verdana, geneva, sans-serif;\"><strong>Ajustement exact de l'OEM<br \/>\n<\/strong><\/span><span style=\"font-family: verdana, geneva, sans-serif;\">Compatible avec :<br \/>\n<\/span><span style=\"font-family: verdana, geneva, sans-serif;\"><strong>-Hyundai IX35<\/strong> (2010-2015) - Moteurs 2.0L Nu MPI &amp; 2.4L GDI.<br \/>\n<\/span><span style=\"font-family: verdana, geneva, sans-serif;\"><strong>-Kia Sportage<\/strong> (2010-2015) - Plate-forme partag\u00e9e avec IX35.<br \/>\n<\/span><span style=\"font-family: verdana, geneva, sans-serif;\"><strong>-Hyundai Tucson<\/strong> (2010-2015) - Moteurs 2.0L Nu MPI &amp; 2.4L GDI.<\/span><\/span><\/span><\/li>\n<li><span style=\"color: #575151;\"><span style=\"font-family: verdana, geneva, sans-serif;\"><strong>Am\u00e9lioration des performances du moteur<br \/>\n<\/strong><\/span><span style=\"font-family: verdana, geneva, sans-serif;\">-D\u00e9tection de pression de haute pr\u00e9cision (plage de 0 \u00e0 250 kPa).<br \/>\n<\/span><span style=\"font-family: verdana, geneva, sans-serif;\">-Temps de r\u00e9ponse rapide (&lt;10 ms) pour les ajustements en temps r\u00e9el de l&#039;ECU.<br \/>\n<\/span><span style=\"font-family: verdana, geneva, sans-serif;\">-Compensation de temp\u00e9rature (-40\u00b0C \u00e0 130\u00b0C \/ -40\u00b0F \u00e0 266\u00b0F).<\/span>\u00a0<\/span><\/li>\n<li><span style=\"color: #575151;\"><span style=\"font-family: verdana, geneva, sans-serif;\"><strong>Construction durable<br \/>\n<\/strong><\/span><span style=\"font-family: verdana, geneva, sans-serif;\">-Bo\u00eetier thermoplastique r\u00e9sistant aux UV et aux produits chimiques.<br \/>\n<\/span><span style=\"font-family: verdana, geneva, sans-serif;\">-Joint en silicone int\u00e9gr\u00e9 pour une installation sans fuite.<br \/>\n<\/span><span style=\"font-family: verdana, geneva, sans-serif;\">-\u00c9tanch\u00e9it\u00e9 \u00e0 l'eau et \u00e0 la poussi\u00e8re class\u00e9e IP67.<\/span>\u00a0<\/span><\/li>\n<li><span style=\"color: #575151;\"><span style=\"font-family: verdana, geneva, sans-serif;\"><strong>Installation facile<br \/>\n<\/strong><\/span><span style=\"font-family: verdana, geneva, sans-serif;\">-Remplacement direct et pr\u00eat \u00e0 l'emploi (connecteurs OE inclus).<br \/>\n<\/span><span style=\"font-family: verdana, geneva, sans-serif;\">-Aucun \u00e9talonnage ni codage n'est n\u00e9cessaire.<br \/>\n<\/span><span style=\"font-family: verdana, geneva, sans-serif;\">-S'adapte aux points de montage d'usine (couple de serrage : 8-10 Nm).<\/span><\/span><\/li>\n<\/ul>","protected":false},"excerpt":{"rendered":"<p><span style=\"color: #544d4d;\"><span style=\"font-family: verdana, geneva, sans-serif;\"><strong>Nom du produit<\/strong>\uff1a<\/span><span style=\"font-family: verdana, geneva, sans-serif; font-size: 12pt;\">Capteur MAP<br \/>\n<\/span><strong style=\"font-family: verdana, geneva, sans-serif;\">Garantie\uff1a<\/strong><span style=\"font-family: verdana, geneva, sans-serif;\">1 an<br \/>\n<\/span><span style=\"font-family: verdana, geneva, sans-serif;\"><strong>Condition\uff1a<\/strong>Nouveau<\/span><\/span><br \/>\n<span style=\"font-family: verdana, geneva, sans-serif; color: #544d4d;\"><strong>Mod\u00e8le de voiture\uff1a<\/strong>Hyundai IX35\/<span style=\"font-family: verdana, geneva, sans-serif;\">Tucson\/<\/span>Kia Sportage\u00a0<\/span><br \/>\n<span style=\"color: #544d4d;\"><span style=\"font-family: verdana, geneva, sans-serif;\"><strong>OEM NO.. : <\/strong><\/span><span style=\"font-family: verdana, geneva, sans-serif; font-size: 12pt;\">39300-2B000<br \/>\n<\/span><strong style=\"font-family: verdana, geneva, sans-serif;\">Tension :<\/strong><span style=\"font-family: verdana, geneva, sans-serif;\"> 5V DC<br \/>\n<\/span><strong style=\"font-family: verdana, geneva, sans-serif;\">Gamme de pression :<\/strong><span style=\"font-family: verdana, geneva, sans-serif;\"> 0-250 kPa<br \/>\n<\/span><strong style=\"font-family: verdana, geneva, sans-serif;\">Temp\u00e9rature de fonctionnement :<\/strong><span style=\"font-family: verdana, geneva, sans-serif;\"> De -40\u00b0C \u00e0 130\u00b0C<br \/>\n<\/span><strong style=\"font-family: verdana, geneva, sans-serif;\">Type de connecteur :<\/strong><span style=\"font-family: verdana, geneva, sans-serif;\"> 3 broches \u00e9tanches<br \/>\n<\/span><strong style=\"font-family: verdana, geneva, sans-serif;\">Qualit\u00e9 :<\/strong><span style=\"font-family: verdana, geneva, sans-serif;\">\u00a0100% Test\u00e9<br \/>\n<\/span><span style=\"font-family: verdana, geneva, sans-serif;\"><strong>D\u00e9lai de livraison :<\/strong>\u00a03-7 jours<\/span><\/span><\/p>\n<p><span style=\"font-family: verdana, geneva, sans-serif; color: #544d4d;\">\u00a0<\/span><\/p>","protected":false},"featured_media":1814,"comment_status":"closed","ping_status":"closed","template":"","meta":[],"product_cat":[19],"product_tag":[],"class_list":{"0":"post-976","1":"product","2":"type-product","3":"status-publish","4":"has-post-thumbnail","6":"product_cat-electric-almotor-parts","8":"first","9":"instock","10":"featured","11":"shipping-taxable","12":"product-type-simple"},"_links":{"self":[{"href":"https:\/\/carbitautoparts.com\/fr\/wp-json\/wp\/v2\/product\/976","targetHints":{"allow":["GET"]}}],"collection":[{"href":"https:\/\/carbitautoparts.com\/fr\/wp-json\/wp\/v2\/product"}],"about":[{"href":"https:\/\/carbitautoparts.com\/fr\/wp-json\/wp\/v2\/types\/product"}],"replies":[{"embeddable":true,"href":"https:\/\/carbitautoparts.com\/fr\/wp-json\/wp\/v2\/comments?post=976"}],"wp:featuredmedia":[{"embeddable":true,"href":"https:\/\/carbitautoparts.com\/fr\/wp-json\/wp\/v2\/media\/1814"}],"wp:attachment":[{"href":"https:\/\/carbitautoparts.com\/fr\/wp-json\/wp\/v2\/media?parent=976"}],"wp:term":[{"taxonomy":"product_cat","embeddable":true,"href":"https:\/\/carbitautoparts.com\/fr\/wp-json\/wp\/v2\/product_cat?post=976"},{"taxonomy":"product_tag","embeddable":true,"href":"https:\/\/carbitautoparts.com\/fr\/wp-json\/wp\/v2\/product_tag?post=976"}],"curies":[{"name":"wp","href":"https:\/\/api.w.org\/{rel}","templated":true}]}}