{"id":981,"date":"2025-02-24T19:36:15","date_gmt":"2025-02-24T11:36:15","guid":{"rendered":"https:\/\/carbitautoparts.com\/?post_type=product&#038;p=981"},"modified":"2025-03-06T12:03:30","modified_gmt":"2025-03-06T04:03:30","slug":"manifold-absolute-pressure-map-sensor-for-geely-monjaro-knewstar-001-oem-2029029100","status":"publish","type":"product","link":"https:\/\/carbitautoparts.com\/fr\/product\/manifold-absolute-pressure-map-sensor-for-geely-monjaro-knewstar-001-oem-2029029100\/","title":{"rendered":"Capteur de pression absolue du collecteur (MAP) pour Geely Monjaro\/Knewstar 001 | OEM 2029029100"},"content":{"rendered":"<h1><span style=\"font-family: verdana, geneva, sans-serif; font-size: 14pt; color: #474545;\"><strong>Capteur de pression absolue du collecteur (MAP) pour Geely Monjaro\/Knewstar 001 | OEM 2029029100<\/strong><\/span><\/h1>\n<p><span style=\"font-family: verdana, geneva, sans-serif; color: #5e5a5a;\"><strong>Pr\u00e9cision des performances des moteurs pour les mod\u00e8les Geely<\/strong><\/span><\/p>\n<p><span style=\"color: #5e5a5a;\"><span style=\"font-family: verdana, geneva, sans-serif;\">Garantissez un rapport air-carburant optimal et l'efficacit\u00e9 du moteur gr\u00e2ce \u00e0 nos filtres \u00e0 air de qualit\u00e9 OEM.\u00a0<strong>Capteur de pression absolue du collecteur (MAP)<\/strong> <strong>(OEM : 2029029100)<\/strong>. Con\u00e7u pour Geely <\/span><span style=\"font-family: verdana, geneva, sans-serif; font-size: 12pt;\">Monjaro\/Knewstar 001<\/span><span style=\"font-family: verdana, geneva, sans-serif;\">Ce capteur fournit des relev\u00e9s de pression pr\u00e9cis afin d'optimiser l'injection de carburant, la r\u00e9ponse de l'acc\u00e9l\u00e9rateur et le contr\u00f4le des \u00e9missions.<\/span><\/span><\/p>\n<hr \/>\n<h3><\/h3>\n<ul>\n<li><span style=\"font-family: verdana, geneva, sans-serif; color: #5e5b5b;\"><strong>Ajustement exact de l'OEM<\/strong><\/span><br \/>\n<span style=\"color: #5e5b5b;\"><span style=\"font-family: verdana, geneva, sans-serif;\">Compatible avec :<br \/>\n<\/span><span style=\"font-family: verdana, geneva, sans-serif; font-size: 12pt;\"><span style=\"font-family: verdana, geneva, sans-serif;\">Geely Monjaro<\/span><\/span><span style=\"font-family: verdana, geneva, sans-serif;\"><span style=\"font-family: verdana, geneva, sans-serif;\"><span style=\"font-size: 12pt;\">(<\/span>2021-2023)<br \/>\nGeely Knewstar 001(2019-2021)<\/span><\/span><\/span><\/li>\n<li><span style=\"color: #5e5b5b;\"><span style=\"font-family: verdana, geneva, sans-serif;\"><strong>Performances de haute pr\u00e9cision<\/strong><br \/>\n<\/span><span style=\"font-family: verdana, geneva, sans-serif;\">Plage de pression : 10-250 kPa (pr\u00e9cision \u00b11%).<br \/>\n<\/span><span style=\"font-family: verdana, geneva, sans-serif;\">Temps de r\u00e9ponse rapide : &lt;5 ms pour les ajustements en temps r\u00e9el de l&#039;ECU.<br \/>\n<\/span><span style=\"font-family: verdana, geneva, sans-serif;\"><span style=\"font-family: verdana, geneva, sans-serif;\">Compensation de temp\u00e9rature : -40\u00b0C \u00e0 130\u00b0C (-40\u00b0F \u00e0 266\u00b0F).<\/span><\/span><\/span><\/li>\n<li><span style=\"color: #5e5b5b;\"><span style=\"font-family: verdana, geneva, sans-serif;\"><strong>Construction durable<br \/>\n<\/strong><\/span><span style=\"font-family: verdana, geneva, sans-serif;\">Bo\u00eetier thermoplastique r\u00e9sistant aux UV et aux produits chimiques.<br \/>\n<\/span><span style=\"font-family: verdana, geneva, sans-serif;\">Joint en silicone int\u00e9gr\u00e9 pour \u00e9viter les fuites sous vide.<br \/>\n<\/span><span style=\"font-family: verdana, geneva, sans-serif;\"><span style=\"font-family: verdana, geneva, sans-serif;\">\u00c9tanch\u00e9it\u00e9 \u00e0 l'eau et \u00e0 la poussi\u00e8re conforme \u00e0 la norme IP67.<\/span><\/span><\/span><\/li>\n<li><span style=\"color: #5e5b5b;\"><span style=\"font-family: verdana, geneva, sans-serif;\"><strong>Installation Plug-and-Play<br \/>\n<\/strong><\/span><span style=\"font-family: verdana, geneva, sans-serif;\">Remplacement direct par des connecteurs d'origine (3 broches)<br \/>\n<\/span><span style=\"font-family: verdana, geneva, sans-serif;\">Aucun recalibrage ou codage n'est n\u00e9cessaire<br \/>\n<\/span><span style=\"font-family: verdana, geneva, sans-serif;\">Couple de serrage 8-10 Nm (points de montage d'usine)<\/span><\/span><\/li>\n<\/ul>","protected":false},"excerpt":{"rendered":"<p><span style=\"font-family: verdana, geneva, sans-serif;\"><span style=\"color: #544d4d;\"><strong>Nom du produit<\/strong>\uff1a<span style=\"font-family: verdana, geneva, sans-serif; font-size: 12pt;\">Capteur MAP<br \/>\n<\/span><strong style=\"font-family: verdana, geneva, sans-serif;\">Garantie\uff1a<\/strong>1 an<br \/>\n<strong>Condition\uff1a<\/strong>Nouveau<\/span><br \/>\n<span style=\"font-family: verdana, geneva, sans-serif; color: #544d4d;\"><strong>Mod\u00e8le de voiture\uff1a<\/strong>Geely Monjaro\/Knewstar 001\u00a0<\/span><br \/>\n<span style=\"color: #544d4d;\"><strong>OEM NO.. : <\/strong><\/span><\/span><span style=\"font-family: verdana, geneva, sans-serif; font-size: 12pt;\">2029029100<br \/>\n<\/span><strong style=\"font-family: verdana, geneva, sans-serif;\">Tension :<\/strong><span style=\"color: #544d4d; font-family: verdana, geneva, sans-serif;\"> 5V DC<br \/>\n<\/span><span style=\"font-family: verdana, geneva, sans-serif;\"><span style=\"color: #544d4d;\"><strong style=\"font-family: verdana, geneva, sans-serif;\">Temp\u00e9rature de fonctionnement :<\/strong> De -40\u00b0C \u00e0 130\u00b0C<br \/>\n<strong style=\"font-family: verdana, geneva, sans-serif;\">Type de connecteur :<\/strong> 3 broches \u00e9tanches<br \/>\n<strong style=\"font-family: verdana, geneva, sans-serif;\">Qualit\u00e9 :<\/strong>\u00a0100% Test\u00e9<br \/>\n<strong>D\u00e9lai de livraison :<\/strong>\u00a03-7 jours<\/span><\/span><\/p>","protected":false},"featured_media":982,"comment_status":"closed","ping_status":"closed","template":"","meta":[],"product_cat":[19],"product_tag":[],"class_list":{"0":"post-981","1":"product","2":"type-product","3":"status-publish","4":"has-post-thumbnail","6":"product_cat-electric-almotor-parts","8":"first","9":"instock","10":"shipping-taxable","11":"product-type-simple"},"_links":{"self":[{"href":"https:\/\/carbitautoparts.com\/fr\/wp-json\/wp\/v2\/product\/981","targetHints":{"allow":["GET"]}}],"collection":[{"href":"https:\/\/carbitautoparts.com\/fr\/wp-json\/wp\/v2\/product"}],"about":[{"href":"https:\/\/carbitautoparts.com\/fr\/wp-json\/wp\/v2\/types\/product"}],"replies":[{"embeddable":true,"href":"https:\/\/carbitautoparts.com\/fr\/wp-json\/wp\/v2\/comments?post=981"}],"wp:featuredmedia":[{"embeddable":true,"href":"https:\/\/carbitautoparts.com\/fr\/wp-json\/wp\/v2\/media\/982"}],"wp:attachment":[{"href":"https:\/\/carbitautoparts.com\/fr\/wp-json\/wp\/v2\/media?parent=981"}],"wp:term":[{"taxonomy":"product_cat","embeddable":true,"href":"https:\/\/carbitautoparts.com\/fr\/wp-json\/wp\/v2\/product_cat?post=981"},{"taxonomy":"product_tag","embeddable":true,"href":"https:\/\/carbitautoparts.com\/fr\/wp-json\/wp\/v2\/product_tag?post=981"}],"curies":[{"name":"wp","href":"https:\/\/api.w.org\/{rel}","templated":true}]}}