{"id":997,"date":"2025-02-25T10:46:06","date_gmt":"2025-02-25T02:46:06","guid":{"rendered":"https:\/\/carbitautoparts.com\/?post_type=product&#038;p=997"},"modified":"2025-03-12T17:39:09","modified_gmt":"2025-03-12T09:39:09","slug":"chevry-aveo-oxygen-sensor-oem-96418965","status":"publish","type":"product","link":"https:\/\/carbitautoparts.com\/fr\/product\/chevry-aveo-oxygen-sensor-oem-96418965\/","title":{"rendered":"Chevry Aveo Sonde d'oxyg\u00e8ne-OEM 96418965"},"content":{"rendered":"<p><span style=\"font-family: verdana, geneva, sans-serif; font-size: 14pt;\"><span style=\"color: #4d4949;\"><strong>Sonde \u00e0 oxyg\u00e8ne pour Chevrolet Aveo-OEM 96418965<\/strong><\/span><\/span><\/p>\n<p><span style=\"font-family: verdana, geneva, sans-serif; color: #5e5a5a;\"><strong>Contr\u00f4le pr\u00e9cis des \u00e9missions et am\u00e9lioration de l'efficacit\u00e9 \u00e9nerg\u00e9tique<\/strong><\/span><\/p>\n<p><span style=\"font-family: verdana, geneva, sans-serif; color: #5e5a5a;\">Garantissez des performances optimales du moteur et la conformit\u00e9 aux normes d'\u00e9missions mondiales en utilisant nos produits de qualit\u00e9 OEM.\u00a0<strong>Sonde \u00e0 oxyg\u00e8ne<\/strong> <strong>(OEM : 96418965)<\/strong>. Con\u00e7ue sp\u00e9cifiquement pour les mod\u00e8les Chevrolet Aveo, cette sonde de haute pr\u00e9cision contr\u00f4le les niveaux d'oxyg\u00e8ne dans les gaz d'\u00e9chappement afin d'optimiser l'injection de carburant, de r\u00e9duire les \u00e9missions et d'am\u00e9liorer l'\u00e9conomie de carburant.<\/span><\/p>\n<hr \/>\n<ul>\n<li><span style=\"color: #4a4646;\"><span style=\"color: #4a4646;\"><span style=\"font-family: verdana, geneva, sans-serif;\"><strong>Performances de haute pr\u00e9cision<br \/>\n<\/strong><\/span><span style=\"font-family: verdana, geneva, sans-serif;\"><strong>-\u00c9l\u00e9ment en zircone \u00e0 large bande<\/strong> pour une mesure pr\u00e9cise de \u03bb (lambda).<br \/>\n<\/span><span style=\"font-family: verdana, geneva, sans-serif;\"><strong>-Plage de temp\u00e9rature de fonctionnement<\/strong>Temp\u00e9rature de fonctionnement : -40\u00b0C \u00e0 900\u00b0C (-40\u00b0F \u00e0 1 652\u00b0F)<br \/>\n<\/span><span style=\"font-family: verdana, geneva, sans-serif;\"><strong>-Temps de r\u00e9ponse rapide<\/strong> (&lt;100 ms) pour un ajustement en temps r\u00e9el du calculateur.<\/span><\/span><\/span><\/li>\n<li><span style=\"color: #4a4646;\"><span style=\"color: #4a4646;\"><strong style=\"font-family: verdana, geneva, sans-serif;\">Construction durable<br \/>\n<\/strong><span style=\"font-family: verdana, geneva, sans-serif;\"><strong>-Bo\u00eetier en acier inoxydable<\/strong> avec rev\u00eatement anticorrosion.<br \/>\n<\/span><span style=\"font-family: verdana, geneva, sans-serif;\"><strong>-Class\u00e9 IP67<\/strong> conception \u00e9tanche \u00e0 l'eau et \u00e0 la poussi\u00e8re.<br \/>\n<\/span><span style=\"font-family: verdana, geneva, sans-serif;\"><strong>-C\u00e2blage haute temp\u00e9rature<\/strong> (isolation PTFE)<\/span><\/span><\/span><\/li>\n<li><span style=\"color: #4a4646;\"><strong style=\"font-family: verdana, geneva, sans-serif;\">Installation Plug-and-Play<br \/>\n<\/strong><span style=\"font-family: verdana, geneva, sans-serif;\">-Compatibilit\u00e9 directe avec le connecteur OE (4 broches)<br \/>\n<\/span><span style=\"font-family: verdana, geneva, sans-serif;\">-Pas de recalibrage du calculateur n\u00e9cessaire<br \/>\n<\/span><span style=\"font-family: verdana, geneva, sans-serif;\">-Couple de serrage 40-50 Nm (montage en usine)<\/span><\/span><\/li>\n<\/ul>","protected":false},"excerpt":{"rendered":"<p><span style=\"color: #545151;\"><strong style=\"font-family: verdana, geneva, sans-serif;\">Nom du produit\uff1a<\/strong><span style=\"font-size: 12pt;\"><span style=\"font-family: verdana, geneva, sans-serif;\">Sonde \u00e0 oxyg\u00e8ne<br \/>\n<\/span><\/span><strong style=\"font-family: verdana, geneva, sans-serif;\">Garantie\uff1a<\/strong><span style=\"font-family: verdana, geneva, sans-serif;\">1 an<br \/>\n<\/span><strong style=\"font-family: verdana, geneva, sans-serif;\">Condition\uff1a<\/strong><span style=\"font-family: verdana, geneva, sans-serif;\">Nouveau<br \/>\n<\/span><strong style=\"font-family: verdana, geneva, sans-serif;\">Mod\u00e8le de voiture\uff1a<\/strong><span style=\"font-family: verdana, geneva, sans-serif; font-size: 12pt;\"><strong>Chevrolet Aveo<\/strong><\/span><span style=\"font-family: verdana, geneva, sans-serif;\"><br \/>\n<\/span><strong style=\"font-family: verdana, geneva, sans-serif;\">OEM :<\/strong><span style=\"font-family: verdana, geneva, sans-serif;\"> 96418965<br \/>\n<\/span><strong style=\"font-family: verdana, geneva, sans-serif;\">Tension<\/strong><span style=\"font-family: verdana, geneva, sans-serif;\">: 12V DC<br \/>\n<\/span><strong style=\"font-family: verdana, geneva, sans-serif;\">Type de signal<\/strong><span style=\"font-family: verdana, geneva, sans-serif;\">: 0,1-0,9V sortie lin\u00e9aire<br \/>\n<\/span><strong style=\"font-family: verdana, geneva, sans-serif;\">Qualit\u00e9 :<\/strong><span style=\"font-family: verdana, geneva, sans-serif;\"> 100% Test\u00e9<br \/>\n<\/span><strong style=\"font-family: verdana, geneva, sans-serif;\">D\u00e9lai de livraison :<\/strong><span style=\"font-family: verdana, geneva, sans-serif;\">\u00a03-7 jours<\/span><\/span><\/p>","protected":false},"featured_media":998,"comment_status":"closed","ping_status":"closed","template":"","meta":[],"product_cat":[19],"product_tag":[],"class_list":{"0":"post-997","1":"product","2":"type-product","3":"status-publish","4":"has-post-thumbnail","6":"product_cat-electric-almotor-parts","8":"first","9":"instock","10":"shipping-taxable","11":"product-type-simple"},"_links":{"self":[{"href":"https:\/\/carbitautoparts.com\/fr\/wp-json\/wp\/v2\/product\/997","targetHints":{"allow":["GET"]}}],"collection":[{"href":"https:\/\/carbitautoparts.com\/fr\/wp-json\/wp\/v2\/product"}],"about":[{"href":"https:\/\/carbitautoparts.com\/fr\/wp-json\/wp\/v2\/types\/product"}],"replies":[{"embeddable":true,"href":"https:\/\/carbitautoparts.com\/fr\/wp-json\/wp\/v2\/comments?post=997"}],"wp:featuredmedia":[{"embeddable":true,"href":"https:\/\/carbitautoparts.com\/fr\/wp-json\/wp\/v2\/media\/998"}],"wp:attachment":[{"href":"https:\/\/carbitautoparts.com\/fr\/wp-json\/wp\/v2\/media?parent=997"}],"wp:term":[{"taxonomy":"product_cat","embeddable":true,"href":"https:\/\/carbitautoparts.com\/fr\/wp-json\/wp\/v2\/product_cat?post=997"},{"taxonomy":"product_tag","embeddable":true,"href":"https:\/\/carbitautoparts.com\/fr\/wp-json\/wp\/v2\/product_tag?post=997"}],"curies":[{"name":"wp","href":"https:\/\/api.w.org\/{rel}","templated":true}]}}