{"id":1673,"date":"2025-03-13T11:54:10","date_gmt":"2025-03-13T03:54:10","guid":{"rendered":"https:\/\/carbitautoparts.com\/?post_type=product&#038;p=1673"},"modified":"2025-05-06T15:37:39","modified_gmt":"2025-05-06T07:37:39","slug":"nissan-x-trail-ac-compressor-92600-au010","status":"publish","type":"product","link":"https:\/\/carbitautoparts.com\/pt\/product\/compressor-de-ar-condicionado-nissan-x-trail-92600-au010\/","title":{"rendered":"Compressor de ar condicionado para Nissan X-Trail | OEM 92600-AU010"},"content":{"rendered":"<p><span style=\"font-family: verdana, geneva, sans-serif; color: #474545;\"><span style=\"font-size: 14pt;\"><strong><b>Solu\u00e7\u00e3o de arrefecimento de elevado desempenho para os modelos Nissan X-Trail<br \/>\n<\/b><\/strong><\/span><strong><b><br \/>\n<\/b><\/strong>O sistema de ar condicionado do seu Nissan X-Trail recupera o seu desempenho m\u00e1ximo com o nosso compressor de ar condicionado de qualidade superior OEM. Concebido como um substituto direto, este compressor assegura uma efici\u00eancia de refrigera\u00e7\u00e3o fi\u00e1vel e durabilidade para v\u00e1rias gera\u00e7\u00f5es do X-Trail.<\/span><\/p>\n<hr \/>\n<ul>\n<li><span style=\"font-family: verdana, geneva, sans-serif; color: #5e5c5c;\"><span style=\"font-family: verdana, geneva, sans-serif;\"><strong><b>Optimizado para condi\u00e7\u00f5es extremas<\/b><\/strong><strong><b><br \/>\n<\/b><\/strong>-Compat\u00edvel com o refrigerante R134a (pr\u00e9-carregado com \u00f3leo PAG46).<br \/>\n-Caixa de alum\u00ednio resistente \u00e0 corros\u00e3o para ambientes h\u00famidos e de alta temperatura.<\/span><\/span>&nbsp;<\/li>\n<li><span style=\"font-family: verdana, geneva, sans-serif; color: #5e5c5c;\"><span style=\"font-family: verdana, geneva, sans-serif;\"><strong><b>Constru\u00e7\u00e3o duradoura<\/b><\/strong><strong><b><br \/>\n<\/b><\/strong><strong><b>&#8211;<\/b><\/strong>Componentes internos concebidos com precis\u00e3o para reduzir o desgaste.<br \/>\n-Veda\u00e7\u00e3o do veio de l\u00e1bio duplo para um funcionamento sem fugas.<br \/>\n-Fabrico com certifica\u00e7\u00e3o ISO 9001.<\/span><\/span>&nbsp;<\/li>\n<li><span style=\"font-family: verdana, geneva, sans-serif; color: #5e5c5c;\"><span style=\"font-family: verdana, geneva, sans-serif;\"><strong><b>Instala\u00e7\u00e3o f\u00e1cil<\/b><\/strong><strong><b><br \/>\n<\/b><\/strong>-Substitui\u00e7\u00e3o direta aparafusada (n\u00e3o s\u00e3o necess\u00e1rias modifica\u00e7\u00f5es).<br \/>\n-Fenda da embraiagem pr\u00e9-definida (toler\u00e2ncia de 0,5 mm \u00b1 0,1 mm).<br \/>\n-Inclui suportes de montagem e pinos de alinhamento.<\/span><\/span>&nbsp;<\/li>\n<li><span style=\"font-family: verdana, geneva, sans-serif; color: #5e5c5c;\"><strong><b>Porqu\u00ea escolher os nossos compressores?<br \/>\n<\/b><\/strong>\u00a0CQ rigoroso: teste de desempenho de 72 horas.<\/span><br \/>\n<span style=\"font-family: verdana, geneva, sans-serif; color: #5e5c5c;\">\u00a0100% verificado quanto a fugas com dete\u00e7\u00e3o de h\u00e9lio.<br \/>\nGarantia de 1 ano.<\/span><\/li>\n<\/ul>","protected":false},"excerpt":{"rendered":"<p><span style=\"font-family: verdana, geneva, sans-serif; color: #4d4b4b;\"><strong>Nome do produto\uff1a<\/strong>Compressor AC para autom\u00f3veis<\/span><br \/>\n<span style=\"font-family: verdana, geneva, sans-serif; color: #4d4b4b;\"><strong>Garantia\uff1a<\/strong>1 ano<\/span><br \/>\n<span style=\"font-family: verdana, geneva, sans-serif; color: #4d4b4b;\"><strong>Condi\u00e7\u00e3o\uff1a<\/strong>Novo<\/span><br \/>\n<span style=\"font-family: verdana, geneva, sans-serif; color: #4d4b4b;\"><strong>Modelo de carro\uff1a<\/strong>Nissan X-Trail<\/span><br \/>\n<span style=\"font-family: verdana, geneva, sans-serif; color: #4d4b4b;\"><strong>Tens\u00e3o:\u00a0<\/strong>12V<\/span><br \/>\n<span style=\"font-family: verdana, geneva, sans-serif; color: #4d4b4b;\"><strong>Refrigerante\uff1a<\/strong>R134a<\/span><br \/>\n<span style=\"color: #4d4b4b;\"><span style=\"font-family: verdana, geneva, sans-serif;\"><strong>OEM: <\/strong>92600-AU010 92600-AU000<br \/>\n92600-AU01B 92600-AU01A<br \/>\n92600-ET82A 92600-JG30B<br \/>\n92600-JG30A 4472501490<strong><b><br \/>\n<\/b><\/strong><\/span><strong style=\"font-family: verdana, geneva, sans-serif;\">Qualidade: <\/strong><span style=\"font-family: verdana, geneva, sans-serif;\">100% Testado<br \/>\n<\/span><span style=\"font-family: verdana, geneva, sans-serif;\"><strong>Prazo de entrega:\u00a0<\/strong>3-7 dias<\/span><\/span><\/p>","protected":false},"featured_media":1674,"comment_status":"closed","ping_status":"closed","template":"","meta":[],"product_cat":[19],"product_tag":[44,45,42,40,41,47,43,46],"class_list":{"0":"post-1673","1":"product","2":"type-product","3":"status-publish","4":"has-post-thumbnail","6":"product_cat-electric-almotor-parts","7":"product_tag-ac","8":"product_tag-compressor","9":"product_tag-nissan","10":"product_tag-nissan-x-trail-ac-compressor","11":"product_tag-nissanx-trailaccompressor","12":"product_tag-nissanxtrailaccompressor","13":"product_tag-x-trail","14":"product_tag-xtrail","16":"first","17":"instock","18":"featured","19":"shipping-taxable","20":"product-type-simple"},"_links":{"self":[{"href":"https:\/\/carbitautoparts.com\/pt\/wp-json\/wp\/v2\/product\/1673","targetHints":{"allow":["GET"]}}],"collection":[{"href":"https:\/\/carbitautoparts.com\/pt\/wp-json\/wp\/v2\/product"}],"about":[{"href":"https:\/\/carbitautoparts.com\/pt\/wp-json\/wp\/v2\/types\/product"}],"replies":[{"embeddable":true,"href":"https:\/\/carbitautoparts.com\/pt\/wp-json\/wp\/v2\/comments?post=1673"}],"wp:featuredmedia":[{"embeddable":true,"href":"https:\/\/carbitautoparts.com\/pt\/wp-json\/wp\/v2\/media\/1674"}],"wp:attachment":[{"href":"https:\/\/carbitautoparts.com\/pt\/wp-json\/wp\/v2\/media?parent=1673"}],"wp:term":[{"taxonomy":"product_cat","embeddable":true,"href":"https:\/\/carbitautoparts.com\/pt\/wp-json\/wp\/v2\/product_cat?post=1673"},{"taxonomy":"product_tag","embeddable":true,"href":"https:\/\/carbitautoparts.com\/pt\/wp-json\/wp\/v2\/product_tag?post=1673"}],"curies":[{"name":"wp","href":"https:\/\/api.w.org\/{rel}","templated":true}]}}