{"id":1777,"date":"2025-05-05T10:33:45","date_gmt":"2025-05-05T02:33:45","guid":{"rendered":"https:\/\/carbitautoparts.com\/?post_type=product&#038;p=1777"},"modified":"2025-05-05T10:33:45","modified_gmt":"2025-05-05T02:33:45","slug":"rack-end-set-honda-cr-v-oem-53010-swa-a01","status":"publish","type":"product","link":"https:\/\/carbitautoparts.com\/pt\/product\/conjunto-da-extremidade-da-cremalheira-honda-cr-v-oem-53010-swa-a01\/","title":{"rendered":"Conjunto de extremidades de cremalheira para Honda CR-V-OEM 53010-SWA-A01"},"content":{"rendered":"<p class=\"ds-markdown-paragraph\"><span style=\"font-family: verdana, geneva, sans-serif; color: #4f4b4b;\"><strong>Conjunto Premium de Extremidades de Cremalheira para Honda CRV (OEM: 53010-SWA-A01) - Melhora a Precis\u00e3o e Durabilidade da Dire\u00e7\u00e3o<\/strong><\/span><\/p>\n<p class=\"ds-markdown-paragraph\"><span style=\"font-family: verdana, geneva, sans-serif; color: #4f4b4b;\">Actualize o sistema de dire\u00e7\u00e3o do seu Honda CRV com o nosso\u00a0<strong>Conjunto de extremidades de cremalheira de alta qualidade<\/strong>\u00a0(OEM: 53010-SWA-A01), concebido para cumprir as especifica\u00e7\u00f5es rigorosas do OEM para uma montagem, fiabilidade e desempenho perfeitos. Concebido para os modelos Honda CRV, este componente cr\u00edtico da dire\u00e7\u00e3o assegura um manuseamento suave, uma folga reduzida e uma maior seguran\u00e7a de condu\u00e7\u00e3o.<\/span><\/p>\n<hr \/>\n<p><span style=\"font-family: verdana, geneva, sans-serif; color: #4f4b4b;\">\u2705\u00a0<strong>Substitui\u00e7\u00e3o exacta do OEM<\/strong>: Correspond\u00eancia exacta com as especifica\u00e7\u00f5es de f\u00e1brica do Honda CRV (OEM 53010-SWA-A01) para uma integra\u00e7\u00e3o perfeita.<br \/>\n<\/span><br \/>\n<span style=\"font-family: verdana, geneva, sans-serif; color: #4f4b4b;\">\u2705\u00a0<strong>Durabilidade superior<\/strong>: Forjado a partir de ligas de a\u00e7o de alta qualidade e com tratamento de superf\u00edcie revestido a zinco para resistir a condi\u00e7\u00f5es de estrada adversas, reduzindo o desgaste e prolongando a vida \u00fatil.<br \/>\n<\/span><br \/>\n<span style=\"font-family: verdana, geneva, sans-serif; color: #4f4b4b;\">\u2705\u00a0<strong>Resposta optimizada da dire\u00e7\u00e3o<\/strong>: Restaura o controlo da dire\u00e7\u00e3o firme e reativo para uma experi\u00eancia de condu\u00e7\u00e3o mais segura e suave.<br \/>\n<\/span><br \/>\n<span style=\"font-family: verdana, geneva, sans-serif; color: #4f4b4b;\">\u2705\u00a0<strong>Rigorosamente testado<\/strong>: Qualidade assegurada atrav\u00e9s de testes de esfor\u00e7o para garantir o desempenho em condi\u00e7\u00f5es extremas.<\/span><\/p>\n<ul>\n<li><span style=\"font-family: verdana, geneva, sans-serif; color: #4f4b4b;\"><strong>Ajuste perfeito para os modelos Honda CRV<\/strong>:<\/span><br \/>\n<span style=\"font-family: verdana, geneva, sans-serif; color: #4f4b4b;\">Compat\u00edvel com Honda CRV\u00a0<strong>[2007-2011]<\/strong>\u00a0- verificar a compatibilidade do seu ve\u00edculo utilizando o c\u00f3digo OEM 53010-SWA-A01.<\/p>\n<p><\/span><\/li>\n<\/ul>","protected":false},"excerpt":{"rendered":"<p><span style=\"font-family: verdana, geneva, sans-serif;\"><strong>Nome do produto\uff1a<\/strong>Conjunto de extremidades de cremalheira<\/span><br \/>\n<span style=\"font-family: verdana, geneva, sans-serif;\"><strong>Garantia\uff1a<\/strong>1 ano<\/span><br \/>\n<span style=\"font-family: verdana, geneva, sans-serif;\"><strong>Condi\u00e7\u00e3o\uff1a<\/strong>Novo<\/span><br \/>\n<span style=\"font-family: verdana, geneva, sans-serif;\"><strong>Modelo de carro\uff1a<\/strong>Honda CR-V<\/span><br \/>\n<span style=\"font-family: verdana, geneva, sans-serif;\"><strong>OEM NO..:<\/strong>53010-SWA-A01<\/span><br \/>\n<span style=\"font-family: verdana, geneva, sans-serif;\"><strong>Qualidade:<\/strong>\u00a0100% Testado<\/span><br \/>\n<span style=\"font-family: verdana, geneva, sans-serif;\"><strong>Prazo de entrega:<\/strong>\u00a07-10 dias<\/span><\/p>","protected":false},"featured_media":1778,"comment_status":"closed","ping_status":"closed","template":"","meta":[],"product_cat":[50],"product_tag":[],"class_list":{"0":"post-1777","1":"product","2":"type-product","3":"status-publish","4":"has-post-thumbnail","6":"product_cat-chassis-parts","8":"first","9":"instock","10":"shipping-taxable","11":"product-type-simple"},"_links":{"self":[{"href":"https:\/\/carbitautoparts.com\/pt\/wp-json\/wp\/v2\/product\/1777","targetHints":{"allow":["GET"]}}],"collection":[{"href":"https:\/\/carbitautoparts.com\/pt\/wp-json\/wp\/v2\/product"}],"about":[{"href":"https:\/\/carbitautoparts.com\/pt\/wp-json\/wp\/v2\/types\/product"}],"replies":[{"embeddable":true,"href":"https:\/\/carbitautoparts.com\/pt\/wp-json\/wp\/v2\/comments?post=1777"}],"wp:featuredmedia":[{"embeddable":true,"href":"https:\/\/carbitautoparts.com\/pt\/wp-json\/wp\/v2\/media\/1778"}],"wp:attachment":[{"href":"https:\/\/carbitautoparts.com\/pt\/wp-json\/wp\/v2\/media?parent=1777"}],"wp:term":[{"taxonomy":"product_cat","embeddable":true,"href":"https:\/\/carbitautoparts.com\/pt\/wp-json\/wp\/v2\/product_cat?post=1777"},{"taxonomy":"product_tag","embeddable":true,"href":"https:\/\/carbitautoparts.com\/pt\/wp-json\/wp\/v2\/product_tag?post=1777"}],"curies":[{"name":"wp","href":"https:\/\/api.w.org\/{rel}","templated":true}]}}