{"id":1782,"date":"2025-05-05T11:02:16","date_gmt":"2025-05-05T03:02:16","guid":{"rendered":"https:\/\/carbitautoparts.com\/?post_type=product&#038;p=1782"},"modified":"2025-05-06T15:32:13","modified_gmt":"2025-05-06T07:32:13","slug":"upper-control-arm-honda-accord-oem-51510-ta0-a03-51520-ta0-a03","status":"publish","type":"product","link":"https:\/\/carbitautoparts.com\/pt\/product\/braco-de-controlo-superior-honda-accord-oem-51510-ta0-a03-51520-ta0-a03\/","title":{"rendered":"Bra\u00e7o de controlo superior para Honda Accord-OEM 51510-TA0-A03 e 51520-TA0-A03"},"content":{"rendered":"<p class=\"ds-markdown-paragraph\"><span style=\"font-family: verdana, geneva, sans-serif; color: #3b3838;\"><strong>Bra\u00e7o de controlo superior premium para Honda Accord (OEM: 51510-TA0-A03 e 51520-TA0-A03) - Restaura a precis\u00e3o e a estabilidade da suspens\u00e3o<\/strong><\/span><\/p>\n<p class=\"ds-markdown-paragraph\"><span style=\"font-family: verdana, geneva, sans-serif; color: #3b3838;\">Melhore o desempenho da suspens\u00e3o do seu Honda Accord com o nosso\u00a0<strong>Conjunto de bra\u00e7o de controlo superior compat\u00edvel com OEM<\/strong>\u00a0(51510-TA0-A03 e 51520-TA0-A03), meticulosamente concebidos para corresponderem \u00e0s especifica\u00e7\u00f5es originais da Honda, para uma montagem perfeita, durabilidade e conforto de condu\u00e7\u00e3o. Concebido para repor o alinhamento preciso das rodas, reduzir as vibra\u00e7\u00f5es e melhorar o manuseamento, este componente cr\u00edtico da suspens\u00e3o garante que o seu Accord conduz como novo.<\/span><\/p>\n<hr \/>\n<p class=\"ds-markdown-paragraph\">\n<span style=\"font-family: verdana, geneva, sans-serif; color: #3b3838;\">\u2705\u00a0<strong>Substitui\u00e7\u00e3o exacta do OEM<\/strong>: Fabricado com precis\u00e3o de acordo com as normas de f\u00e1brica do Honda Accord (OEM 51510-TA0-A03 e 51520-TA0-A03) para uma compatibilidade garantida e uma instala\u00e7\u00e3o sem problemas.<br \/>\n<\/span><br \/>\n<span style=\"font-family: verdana, geneva, sans-serif; color: #3b3838;\">\u2705\u00a0<strong>Constru\u00e7\u00e3o de alta resist\u00eancia<\/strong>: Forjado em a\u00e7o de alta resist\u00eancia e tratamento de superf\u00edcie com revestimento de liga Zn-Ni e galvanoplastia para capacidade de carga, resist\u00eancia ao desgaste de estradas irregulares e impactos pesados e resist\u00eancia \u00e0 ferrugem.<br \/>\n<\/span><br \/>\n<span style=\"font-family: verdana, geneva, sans-serif; color: #3b3838;\">\u2705\u00a0<strong>Qualidade de condu\u00e7\u00e3o optimizada<\/strong>: Restaura a geometria da suspens\u00e3o, minimizando o desgaste dos pneus, as vibra\u00e7\u00f5es e a dire\u00e7\u00e3o irregular para uma condu\u00e7\u00e3o mais suave e segura.<br \/>\n<\/span><br \/>\n<span style=\"font-family: verdana, geneva, sans-serif; color: #3b3838;\">\u2705\u00a0<strong>Garantia de qualidade rigorosa<\/strong>: Testado quanto \u00e0 resist\u00eancia \u00e0 fadiga e ao desempenho em condi\u00e7\u00f5es extremas para garantir uma fiabilidade a longo prazo.<\/span><\/p>\n<ul>\n<li class=\"ds-markdown-paragraph\"><span style=\"font-family: verdana, geneva, sans-serif; color: #3b3838;\"><strong>Ajuste perfeito para os modelos Honda Accord<\/strong>:<\/span><br \/>\n<span style=\"font-family: verdana, geneva, sans-serif; color: #3b3838;\">Compat\u00edvel com o Honda Accord\u00a0<strong>[ 2009-2012]<\/strong>\u00a0- confirme o ajuste do seu ve\u00edculo utilizando os c\u00f3digos OEM 51510-TA0-A03 (esquerda) e 51520-TA0-A03 (direita).<\/span><\/li>\n<\/ul>","protected":false},"excerpt":{"rendered":"<p><span style=\"color: #5c5959; font-family: verdana, geneva, sans-serif;\"><strong>Nome do produto\uff1a<\/strong>Bra\u00e7o de controlo superior<\/span><br \/>\n<span style=\"color: #5c5959; font-family: verdana, geneva, sans-serif;\"><strong>Garantia\uff1a<\/strong>1 ano<\/span><br \/>\n<span style=\"color: #5c5959; font-family: verdana, geneva, sans-serif;\"><strong>Condi\u00e7\u00e3o\uff1a<\/strong>Novo<\/span><br \/>\n<span style=\"color: #5c5959; font-family: verdana, geneva, sans-serif;\"><strong>Modelo de carro\uff1a<\/strong>Honda Accord CP1<\/span><br \/>\n<span style=\"color: #5c5959; font-family: verdana, geneva, sans-serif;\"><strong>OEM NO..:<\/strong>51510-TA0-A03 , 51520-TA0-A03<\/span><br \/>\n<span style=\"color: #5c5959; font-family: verdana, geneva, sans-serif;\"><strong>Qualidade:<\/strong>\u00a0100% Testado<\/span><br \/>\n<span style=\"color: #5c5959; font-family: verdana, geneva, sans-serif;\"><strong>Prazo de entrega:<\/strong>\u00a07-10 dias<\/span><\/p>","protected":false},"featured_media":1783,"comment_status":"closed","ping_status":"closed","template":"","meta":[],"product_cat":[50],"product_tag":[],"class_list":{"0":"post-1782","1":"product","2":"type-product","3":"status-publish","4":"has-post-thumbnail","6":"product_cat-chassis-parts","8":"first","9":"instock","10":"featured","11":"shipping-taxable","12":"product-type-simple"},"_links":{"self":[{"href":"https:\/\/carbitautoparts.com\/pt\/wp-json\/wp\/v2\/product\/1782","targetHints":{"allow":["GET"]}}],"collection":[{"href":"https:\/\/carbitautoparts.com\/pt\/wp-json\/wp\/v2\/product"}],"about":[{"href":"https:\/\/carbitautoparts.com\/pt\/wp-json\/wp\/v2\/types\/product"}],"replies":[{"embeddable":true,"href":"https:\/\/carbitautoparts.com\/pt\/wp-json\/wp\/v2\/comments?post=1782"}],"wp:featuredmedia":[{"embeddable":true,"href":"https:\/\/carbitautoparts.com\/pt\/wp-json\/wp\/v2\/media\/1783"}],"wp:attachment":[{"href":"https:\/\/carbitautoparts.com\/pt\/wp-json\/wp\/v2\/media?parent=1782"}],"wp:term":[{"taxonomy":"product_cat","embeddable":true,"href":"https:\/\/carbitautoparts.com\/pt\/wp-json\/wp\/v2\/product_cat?post=1782"},{"taxonomy":"product_tag","embeddable":true,"href":"https:\/\/carbitautoparts.com\/pt\/wp-json\/wp\/v2\/product_tag?post=1782"}],"curies":[{"name":"wp","href":"https:\/\/api.w.org\/{rel}","templated":true}]}}