{"id":1787,"date":"2025-05-05T16:46:25","date_gmt":"2025-05-05T08:46:25","guid":{"rendered":"https:\/\/carbitautoparts.com\/?post_type=product&#038;p=1787"},"modified":"2025-05-06T15:34:27","modified_gmt":"2025-05-06T07:34:27","slug":"rod-assy-nissan-patrol-y62-oem-546181lb0a","status":"publish","type":"product","link":"https:\/\/carbitautoparts.com\/pt\/product\/conjunto-de-barras-nissan-patrol-y62-oem-546181lb0a\/","title":{"rendered":"Conjunto de hastes para Nissan Patrol Y62-OEM 546181LB0A"},"content":{"rendered":"<p class=\"ds-markdown-paragraph\">\n<span style=\"color: #5e5b5b;\"><span style=\"font-family: verdana, geneva, sans-serif;\"><strong>Conjunto de hastes para Nissan Patrol Y62 - OEM 546181LB0A Substitui\u00e7\u00e3o | Dur\u00e1vel e fi\u00e1vel<\/p>\n<p><\/strong><\/span><span style=\"font-family: verdana, geneva, sans-serif;\">Melhore o desempenho e a longevidade do seu Nissan Patrol Y62 com os nossos produtos premium\u00a0<strong>Conjunto da haste<\/strong>\u00a0(OEM: 546181LB0A). Concebido como um substituto direto do equipamento original, este componente de alta qualidade assegura uma integra\u00e7\u00e3o perfeita com o sistema de suspens\u00e3o ou dire\u00e7\u00e3o do seu ve\u00edculo (confirme as especifica\u00e7\u00f5es da aplica\u00e7\u00e3o com base na utiliza\u00e7\u00e3o exacta da pe\u00e7a).<\/span><\/span><\/p>\n<hr \/>\n<p class=\"ds-markdown-paragraph\">\n<span style=\"font-family: verdana, geneva, sans-serif; color: #5e5b5b;\">\u2705\u00a0<strong>Engenharia de precis\u00e3o:<\/strong>\u00a0Fabricado para cumprir ou exceder as especifica\u00e7\u00f5es OEM, garantindo uma adapta\u00e7\u00e3o, resist\u00eancia e desempenho \u00f3ptimos.<br \/>\n<\/span><br \/>\n<span style=\"font-family: verdana, geneva, sans-serif; color: #5e5b5b;\">\u2705\u00a0<strong>Durabilidade garantida:<\/strong> Forjado em a\u00e7o de alta resist\u00eancia e com tratamento de superf\u00edcie com revestimento de liga de Zn-Ni e galvanoplastia para capacidade de carga, resist\u00eancia ao desgaste de estradas irregulares e impactos pesados e resist\u00eancia \u00e0 ferrugem.<br \/>\n<\/span><br \/>\n<span style=\"font-family: verdana, geneva, sans-serif; color: #5e5b5b;\">\u2705\u00a0<strong>Compatibilidade perfeita:<\/strong> Especificamente concebido para o Nissan Patrol Y62 (2010-2017) - n\u00e3o s\u00e3o necess\u00e1rias modifica\u00e7\u00f5es.<br \/>\n<\/span><br \/>\n<span style=\"font-family: verdana, geneva, sans-serif; color: #5e5b5b;\">\u2705\u00a0<strong>Funcionamento suave:<\/strong>\u00a0Recupera a capacidade de resposta e a estabilidade de f\u00e1brica, melhorando a seguran\u00e7a e o controlo da condu\u00e7\u00e3o.<\/span><\/p>\n<p class=\"ds-markdown-paragraph\"><span style=\"font-family: verdana, geneva, sans-serif; color: #5e5b5b;\"><strong>Porqu\u00ea escolher o nosso ROD ASSY?<\/strong><\/span><\/p>\n<ul>\n<li>\n<p class=\"ds-markdown-paragraph\"><span style=\"font-family: verdana, geneva, sans-serif; color: #5e5b5b;\"><strong>100% Qualidade testada:<\/strong>\u00a0As inspec\u00e7\u00f5es rigorosas garantem um desempenho sem defeitos.<\/span><\/p>\n<\/li>\n<li>\n<p class=\"ds-markdown-paragraph\"><span style=\"font-family: verdana, geneva, sans-serif; color: #5e5b5b;\"><strong>Envio r\u00e1pido:<\/strong>\u00a0Encomende hoje para uma entrega r\u00e1pida \u00e0 sua porta.<\/span><\/p>\n<\/li>\n<li>\n<p class=\"ds-markdown-paragraph\"><span style=\"font-family: verdana, geneva, sans-serif; color: #5e5b5b;\"><strong>Pre\u00e7os competitivos:<\/strong>\u00a0Qualidade superior a um pre\u00e7o imbat\u00edvel.<\/span><\/p>\n<\/li>\n<\/ul>","protected":false},"excerpt":{"rendered":"<p><span style=\"font-family: verdana, geneva, sans-serif; color: #524e4e;\"><strong>Nome do produto\uff1a<\/strong>Conjunto da haste<\/span><br \/>\n<span style=\"font-family: verdana, geneva, sans-serif; color: #524e4e;\"><strong>Garantia\uff1a<\/strong>1 ano<\/span><br \/>\n<span style=\"font-family: verdana, geneva, sans-serif; color: #524e4e;\"><strong>Condi\u00e7\u00e3o\uff1a<\/strong>Novo<\/span><br \/>\n<span style=\"font-family: verdana, geneva, sans-serif; color: #524e4e;\"><strong>Modelo de carro\uff1a<\/strong>Nissan Patrol Y62<\/span><br \/>\n<span style=\"font-family: verdana, geneva, sans-serif; color: #524e4e;\"><strong>OEM NO..:<\/strong>546181LB0A<\/span><br \/>\n<span style=\"font-family: verdana, geneva, sans-serif; color: #524e4e;\"><strong>Qualidade:<\/strong>\u00a0100% Testado<\/span><br \/>\n<span style=\"font-family: verdana, geneva, sans-serif; color: #524e4e;\"><strong>Prazo de entrega:<\/strong>\u00a07-10 dias<\/span><\/p>","protected":false},"featured_media":1788,"comment_status":"closed","ping_status":"closed","template":"","meta":[],"product_cat":[50],"product_tag":[],"class_list":{"0":"post-1787","1":"product","2":"type-product","3":"status-publish","4":"has-post-thumbnail","6":"product_cat-chassis-parts","8":"first","9":"instock","10":"featured","11":"shipping-taxable","12":"product-type-simple"},"_links":{"self":[{"href":"https:\/\/carbitautoparts.com\/pt\/wp-json\/wp\/v2\/product\/1787","targetHints":{"allow":["GET"]}}],"collection":[{"href":"https:\/\/carbitautoparts.com\/pt\/wp-json\/wp\/v2\/product"}],"about":[{"href":"https:\/\/carbitautoparts.com\/pt\/wp-json\/wp\/v2\/types\/product"}],"replies":[{"embeddable":true,"href":"https:\/\/carbitautoparts.com\/pt\/wp-json\/wp\/v2\/comments?post=1787"}],"wp:featuredmedia":[{"embeddable":true,"href":"https:\/\/carbitautoparts.com\/pt\/wp-json\/wp\/v2\/media\/1788"}],"wp:attachment":[{"href":"https:\/\/carbitautoparts.com\/pt\/wp-json\/wp\/v2\/media?parent=1787"}],"wp:term":[{"taxonomy":"product_cat","embeddable":true,"href":"https:\/\/carbitautoparts.com\/pt\/wp-json\/wp\/v2\/product_cat?post=1787"},{"taxonomy":"product_tag","embeddable":true,"href":"https:\/\/carbitautoparts.com\/pt\/wp-json\/wp\/v2\/product_tag?post=1787"}],"curies":[{"name":"wp","href":"https:\/\/api.w.org\/{rel}","templated":true}]}}