{"id":1823,"date":"2025-05-09T11:26:23","date_gmt":"2025-05-09T03:26:23","guid":{"rendered":"https:\/\/carbitautoparts.com\/?post_type=product&#038;p=1823"},"modified":"2025-05-09T11:26:23","modified_gmt":"2025-05-09T03:26:23","slug":"ac-condenser-toyota-corolla-oem-8845002390","status":"publish","type":"product","link":"https:\/\/carbitautoparts.com\/pt\/product\/condensador-de-ar-condicionado-toyota-corolla-oem-8845002390\/","title":{"rendered":"Condensador AC para Toyota Corolla-OEM 8845002390"},"content":{"rendered":"<p class=\"ds-markdown-paragraph\"><span style=\"font-family: verdana, geneva, sans-serif; color: #524c4c;\"><strong>Condensador AC de alta qualidade para Toyota Corolla (OEM 8845002390 Replacement) | Dur\u00e1vel e ajuste direto<\/strong><\/span><\/p>\n<p class=\"ds-markdown-paragraph\"><span style=\"font-family: verdana, geneva, sans-serif; color: #524c4c;\">Mantenha o sistema de arrefecimento do seu Toyota Corolla no seu melhor desempenho com os nossos produtos premium\u00a0<strong>Condensador AC<\/strong>Concebido como um substituto direto do condensador OEM #8845002390. Concebido para durabilidade, efici\u00eancia e compatibilidade perfeita, este condensador assegura um fluxo de ar e uma circula\u00e7\u00e3o de refrigerante ideais para devolver ao ar condicionado do seu ve\u00edculo a fiabilidade de f\u00e1brica.<\/span><\/p>\n<hr \/>\n<p class=\"ds-markdown-paragraph\">\n<span style=\"font-family: verdana, geneva, sans-serif; color: #524c4c;\">\u2705\u00a0<strong>Equipamento OEM exato<\/strong>: Fabricado com precis\u00e3o para corresponder \u00e0s especifica\u00e7\u00f5es do Toyota Corolla (modelos 2008-2014), garantindo uma instala\u00e7\u00e3o sem problemas e sem modifica\u00e7\u00f5es.<br \/>\n<\/span><br \/>\n<span style=\"font-family: verdana, geneva, sans-serif; color: #524c4c;\">\u2705\u00a0<strong>Constru\u00e7\u00e3o robusta<\/strong>: Constru\u00eddo com tubos de alum\u00ednio de alta qualidade e aletas resistentes \u00e0 corros\u00e3o para uma melhor dissipa\u00e7\u00e3o de calor e durabilidade a longo prazo.<br \/>\n<\/span><br \/>\n<span style=\"font-family: verdana, geneva, sans-serif; color: #524c4c;\">\u2705\u00a0<strong>Efici\u00eancia de arrefecimento melhorada<\/strong>: Restaura o desempenho de arrefecimento r\u00e1pido, mesmo em temperaturas extremas, reduzindo a press\u00e3o sobre o compressor de ar condicionado.<br \/>\n<\/span><br \/>\n<span style=\"font-family: verdana, geneva, sans-serif; color: #524c4c;\">\u2705\u00a0<strong>Design \u00e0 prova de fugas<\/strong>: Testado \u00e0 press\u00e3o para resistir a condi\u00e7\u00f5es de funcionamento rigorosas, garantindo um desempenho fi\u00e1vel e uma manuten\u00e7\u00e3o m\u00ednima.<br \/>\n<\/span><br \/>\n<span style=\"font-family: verdana, geneva, sans-serif; color: #524c4c;\">\u2705\u00a0<strong>Solu\u00e7\u00e3o rent\u00e1vel<\/strong>: Poupe at\u00e9 30% em compara\u00e7\u00e3o com os pre\u00e7os de concession\u00e1rio sem comprometer a qualidade.<\/span><\/p>\n<p class=\"ds-markdown-paragraph\"><span style=\"font-family: verdana, geneva, sans-serif; color: #524c4c;\"><strong>Porqu\u00ea escolher o nosso condensador AC?<\/strong><\/span><br \/>\n<span style=\"font-family: verdana, geneva, sans-serif; color: #524c4c;\">Este condensador compat\u00edvel com OEM 8845002390 \u00e9 submetido a rigorosos controlos de qualidade para cumprir ou exceder as normas do equipamento original. Ideal tanto para entusiastas da bricolage como para mec\u00e2nicos profissionais, \u00e9 apoiado por uma garantia de\u00a0<strong>Garantia de 12 meses<\/strong>\u00a0e que tem a confian\u00e7a de milhares de propriet\u00e1rios de Toyota em todo o mundo.<\/span><\/p>\n<p class=\"ds-markdown-paragraph\"><span style=\"font-family: verdana, geneva, sans-serif; color: #524c4c;\"><strong>Compatibilidade perfeita<\/strong>:<\/span><\/p>\n<ul>\n<li>\n<p class=\"ds-markdown-paragraph\"><span style=\"font-family: verdana, geneva, sans-serif; color: #524c4c;\"><strong>Ve\u00edculo<\/strong>: Toyota Corolla (2008-2014, incluindo as variantes h\u00edbridas)<\/span><\/p>\n<\/li>\n<li>\n<p class=\"ds-markdown-paragraph\"><span style=\"font-family: verdana, geneva, sans-serif; color: #524c4c;\"><strong>Refer\u00eancia OEM<\/strong>: 8845002390, 88450-02390<\/span><\/p>\n<\/li>\n<\/ul>","protected":false},"excerpt":{"rendered":"<p><span style=\"font-family: verdana, geneva, sans-serif; color: #544e4e;\"><strong>Nome do produto\uff1a<\/strong>Condensador AC<\/span><br \/>\n<span style=\"font-family: verdana, geneva, sans-serif; color: #544e4e;\"><strong>Garantia\uff1a<\/strong>1 ano<\/span><br \/>\n<span style=\"font-family: verdana, geneva, sans-serif; color: #544e4e;\"><strong>Condi\u00e7\u00e3o\uff1a<\/strong>Novo<\/span><br \/>\n<span style=\"font-family: verdana, geneva, sans-serif; color: #544e4e;\"><strong>Modelo de carro\uff1a<\/strong><span style=\"font-family: verdana, geneva, sans-serif; color: #524c4c;\">Toyota Corolla (2008-2014\uff09<\/span><\/span><br \/>\n<span style=\"font-family: verdana, geneva, sans-serif; color: #544e4e;\"><strong>OEM NO..: <\/strong><span style=\"font-family: verdana, geneva, sans-serif; color: #524c4c;\">8845002390<\/span><\/span><br \/>\n<span style=\"font-family: verdana, geneva, sans-serif; color: #544e4e;\"><strong>Qualidade:<\/strong>\u00a0100% Testado<\/span><br \/>\n<span style=\"font-family: verdana, geneva, sans-serif; color: #544e4e;\"><strong>Prazo de entrega:<\/strong>\u00a07-10 dias<\/span><\/p>","protected":false},"featured_media":1824,"comment_status":"closed","ping_status":"closed","template":"","meta":[],"product_cat":[24],"product_tag":[],"class_list":{"0":"post-1823","1":"product","2":"type-product","3":"status-publish","4":"has-post-thumbnail","6":"product_cat-body-parts","8":"first","9":"instock","10":"shipping-taxable","11":"product-type-simple"},"_links":{"self":[{"href":"https:\/\/carbitautoparts.com\/pt\/wp-json\/wp\/v2\/product\/1823","targetHints":{"allow":["GET"]}}],"collection":[{"href":"https:\/\/carbitautoparts.com\/pt\/wp-json\/wp\/v2\/product"}],"about":[{"href":"https:\/\/carbitautoparts.com\/pt\/wp-json\/wp\/v2\/types\/product"}],"replies":[{"embeddable":true,"href":"https:\/\/carbitautoparts.com\/pt\/wp-json\/wp\/v2\/comments?post=1823"}],"wp:featuredmedia":[{"embeddable":true,"href":"https:\/\/carbitautoparts.com\/pt\/wp-json\/wp\/v2\/media\/1824"}],"wp:attachment":[{"href":"https:\/\/carbitautoparts.com\/pt\/wp-json\/wp\/v2\/media?parent=1823"}],"wp:term":[{"taxonomy":"product_cat","embeddable":true,"href":"https:\/\/carbitautoparts.com\/pt\/wp-json\/wp\/v2\/product_cat?post=1823"},{"taxonomy":"product_tag","embeddable":true,"href":"https:\/\/carbitautoparts.com\/pt\/wp-json\/wp\/v2\/product_tag?post=1823"}],"curies":[{"name":"wp","href":"https:\/\/api.w.org\/{rel}","templated":true}]}}