{"id":1828,"date":"2025-05-09T15:06:17","date_gmt":"2025-05-09T07:06:17","guid":{"rendered":"https:\/\/carbitautoparts.com\/?post_type=product&#038;p=1828"},"modified":"2025-05-09T15:06:17","modified_gmt":"2025-05-09T07:06:17","slug":"front-lower-control-arm-hyundai-santa-fe-oem-54500-2b000","status":"publish","type":"product","link":"https:\/\/carbitautoparts.com\/pt\/product\/braco-de-controlo-inferior-dianteiro-hyundai-santa-fe-oem-54500-2b000\/","title":{"rendered":"Bra\u00e7o de controlo inferior dianteiro para Hyundai Santa Fe-OEM 54500-2B000"},"content":{"rendered":"<p class=\"ds-markdown-paragraph\"><span style=\"font-family: verdana, geneva, sans-serif; color: #6b6363;\"><strong>Bra\u00e7o de Controlo Inferior Dianteiro Premium para Hyundai Santa Fe (OEM 54500-2B000) - Concebido com precis\u00e3o para desempenho e durabilidade<\/strong><\/span><\/p>\n<p class=\"ds-markdown-paragraph\"><span style=\"font-family: verdana, geneva, sans-serif; color: #6b6363;\">Garanta uma condu\u00e7\u00e3o suave e est\u00e1vel com o nosso Bra\u00e7o de Controlo Inferior Dianteiro (L) compat\u00edvel com OEM, concebido especificamente para os modelos Hyundai Santa Fe. Este componente cr\u00edtico da suspens\u00e3o substitui o OEM 54500-2B000, fornecendo <strong>adapta\u00e7\u00e3o exacta<\/strong>,\u00a0<strong>durabilidade superior<\/strong>e\u00a0<strong>maior seguran\u00e7a de condu\u00e7\u00e3o<\/strong>\u00a0para o seu ve\u00edculo.<\/p>\n<p><\/span><span style=\"font-family: verdana, geneva, sans-serif; color: #6b6363;\">\u2705\u00a0<strong>Substitui\u00e7\u00e3o direta do OEM<\/strong>: Concebido com precis\u00e3o para corresponder \u00e0s especifica\u00e7\u00f5es originais do Hyundai Santa Fe (OEM 54500-2B000) para uma integra\u00e7\u00e3o perfeita.<\/p>\n<p><\/span><span style=\"font-family: verdana, geneva, sans-serif; color: #6b6363;\">\u2705\u00a0<strong>Constru\u00e7\u00e3o para trabalhos pesados<\/strong>: Forjado em a\u00e7o de alta qualidade com casquilhos e r\u00f3tulas refor\u00e7ados para resistir a condi\u00e7\u00f5es de estrada dif\u00edceis.<br \/>\n<\/span><br \/>\n<span style=\"font-family: verdana, geneva, sans-serif; color: #6b6363;\">\u2705\u00a0<strong>Melhoria do manuseamento e da estabilidade<\/strong>: Restaura a resposta da dire\u00e7\u00e3o como na f\u00e1brica, reduz o desgaste dos pneus e minimiza as vibra\u00e7\u00f5es para uma condu\u00e7\u00e3o mais suave.<br \/>\n<\/span><br \/>\n<span style=\"font-family: verdana, geneva, sans-serif; color: #6b6363;\">\u2705\u00a0<strong>Testes de qualidade rigorosos<\/strong>: O fabrico com certifica\u00e7\u00e3o ISO garante a fiabilidade e a conformidade com as normas de seguran\u00e7a mundiais.<br \/>\n<\/span><br \/>\n<span style=\"font-family: verdana, geneva, sans-serif; color: #6b6363;\">\u2705\u00a0<strong>Instala\u00e7\u00e3o f\u00e1cil<\/strong>: Os encaixes pr\u00e9-engrasados e o design aparafusado poupam tempo aos mec\u00e2nicos e aos entusiastas da bricolage.<\/span><\/p>\n<p class=\"ds-markdown-paragraph\"><span style=\"font-family: verdana, geneva, sans-serif; color: #6b6363;\"><strong>Compatibilidade<\/strong>: Adapta-se aos modelos Hyundai Santa Fe [<em>2006-2009<\/em>]. Verificar a guarni\u00e7\u00e3o do seu ve\u00edculo para garantir o ajuste.<\/span><\/p>","protected":false},"excerpt":{"rendered":"<p><span style=\"font-family: verdana, geneva, sans-serif; color: #575050;\"><strong>Nome do produto\uff1a<\/strong>Bra\u00e7o de controlo inferior dianteiro<\/span><br \/>\n<span style=\"font-family: verdana, geneva, sans-serif; color: #575050;\"><strong>Garantia\uff1a<\/strong>1 ano<\/span><br \/>\n<span style=\"font-family: verdana, geneva, sans-serif; color: #575050;\"><strong>Condi\u00e7\u00e3o\uff1a<\/strong>Novo<\/span><br \/>\n<span style=\"font-family: verdana, geneva, sans-serif; color: #575050;\"><strong>Modelo de carro\uff1a<\/strong><span style=\"font-family: verdana, geneva, sans-serif;\">Hyundai Santa Fe [<em>2006-2009<\/em>]<\/span><\/span><br \/>\n<span style=\"font-family: verdana, geneva, sans-serif; color: #575050;\"><strong>OEM NO..:<\/strong>54500-2B000<\/span><br \/>\n<span style=\"font-family: verdana, geneva, sans-serif; color: #575050;\"><strong>Qualidade:<\/strong>\u00a0100% Testado<\/span><br \/>\n<span style=\"font-family: verdana, geneva, sans-serif; color: #575050;\"><strong>Prazo de entrega:<\/strong>\u00a07-10 dias<\/span><\/p>","protected":false},"featured_media":1829,"comment_status":"closed","ping_status":"closed","template":"","meta":[],"product_cat":[50],"product_tag":[],"class_list":{"0":"post-1828","1":"product","2":"type-product","3":"status-publish","4":"has-post-thumbnail","6":"product_cat-chassis-parts","8":"first","9":"instock","10":"shipping-taxable","11":"product-type-simple"},"_links":{"self":[{"href":"https:\/\/carbitautoparts.com\/pt\/wp-json\/wp\/v2\/product\/1828","targetHints":{"allow":["GET"]}}],"collection":[{"href":"https:\/\/carbitautoparts.com\/pt\/wp-json\/wp\/v2\/product"}],"about":[{"href":"https:\/\/carbitautoparts.com\/pt\/wp-json\/wp\/v2\/types\/product"}],"replies":[{"embeddable":true,"href":"https:\/\/carbitautoparts.com\/pt\/wp-json\/wp\/v2\/comments?post=1828"}],"wp:featuredmedia":[{"embeddable":true,"href":"https:\/\/carbitautoparts.com\/pt\/wp-json\/wp\/v2\/media\/1829"}],"wp:attachment":[{"href":"https:\/\/carbitautoparts.com\/pt\/wp-json\/wp\/v2\/media?parent=1828"}],"wp:term":[{"taxonomy":"product_cat","embeddable":true,"href":"https:\/\/carbitautoparts.com\/pt\/wp-json\/wp\/v2\/product_cat?post=1828"},{"taxonomy":"product_tag","embeddable":true,"href":"https:\/\/carbitautoparts.com\/pt\/wp-json\/wp\/v2\/product_tag?post=1828"}],"curies":[{"name":"wp","href":"https:\/\/api.w.org\/{rel}","templated":true}]}}