{"id":1865,"date":"2025-09-26T15:13:22","date_gmt":"2025-09-26T07:13:22","guid":{"rendered":"https:\/\/carbitautoparts.com\/?post_type=product&#038;p=1865"},"modified":"2025-09-26T15:13:22","modified_gmt":"2025-09-26T07:13:22","slug":"front-lower-control-arm-for-toyota-corolla-oem-48068-02150","status":"publish","type":"product","link":"https:\/\/carbitautoparts.com\/pt\/product\/braco-de-controlo-inferior-dianteiro-para-toyota-corolla-oem-48068-02150\/","title":{"rendered":"Bra\u00e7o de controlo inferior dianteiro para Toyota Corolla | OEM 48068-02150"},"content":{"rendered":"<p class=\"ds-markdown-paragraph\"><span style=\"font-family: verdana, geneva, sans-serif; color: #423939;\"><strong>Bra\u00e7o de controlo inferior dianteiro para Toyota Corolla | Pe\u00e7a # 48068-02150 | Compat\u00edvel com Toyota Corolla 2000-2008<\/strong><\/span><\/p>\n<hr \/>\n<p class=\"ds-markdown-paragraph\">\n<span style=\"font-family: verdana, geneva, sans-serif; color: #423939;\">O bra\u00e7o de controlo inferior \u00e9 um componente estrutural cr\u00edtico do sistema de suspens\u00e3o dianteira. Serve como ponto de liga\u00e7\u00e3o central entre a estrutura do ve\u00edculo e o conjunto da roda dianteira. As suas principais fun\u00e7\u00f5es s\u00e3o manter o alinhamento correto das rodas, permitir o movimento vertical controlado das rodas e absorver as for\u00e7as geradas durante a dire\u00e7\u00e3o e a condu\u00e7\u00e3o sobre as imperfei\u00e7\u00f5es da estrada. Um bra\u00e7o de controlo defeituoso pode levar a uma condu\u00e7\u00e3o insegura, desgaste irregular dos pneus e fraca estabilidade do ve\u00edculo.<\/span><\/p>\n<p class=\"ds-markdown-paragraph\"><span style=\"font-family: verdana, geneva, sans-serif; color: #423939;\">Este bra\u00e7o de controlo \u00e9 fabricado de acordo com as rigorosas normas de qualidade da Toyota, que incluem:<\/span><\/p>\n<ul>\n<li>\n<p class=\"ds-markdown-paragraph\"><span style=\"font-family: verdana, geneva, sans-serif; color: #423939;\"><strong>Chapas de a\u00e7o estampadas e soldadas de alta resist\u00eancia<\/strong>\u00a0O bra\u00e7o \u00e9 formado por a\u00e7o de alta resist\u00eancia atrav\u00e9s de processos de estampagem e soldadura de precis\u00e3o. Esta constru\u00e7\u00e3o proporciona uma integridade estrutural e uma resist\u00eancia excepcionais \u00e0s tens\u00f5es e impactos significativos que se verificam durante a condu\u00e7\u00e3o di\u00e1ria.<\/span><\/p>\n<\/li>\n<li>\n<p class=\"ds-markdown-paragraph\"><span style=\"font-family: verdana, geneva, sans-serif; color: #423939;\"><strong>Revestimento electrofor\u00e9tico de superf\u00edcie:<\/strong>\u00a0O componente \u00e9 submetido a um processo de pintura electrofor\u00e9tica abrangente. Esta t\u00e9cnica avan\u00e7ada de revestimento assegura uma camada uniforme e anticorrosiva em toda a superf\u00edcie, incluindo \u00e1reas de dif\u00edcil acesso, proporcionando uma prote\u00e7\u00e3o superior contra a ferrugem e a degrada\u00e7\u00e3o causada por factores ambientais.<\/span><\/p>\n<\/li>\n<\/ul>","protected":false},"excerpt":{"rendered":"<p><span style=\"font-family: verdana, geneva, sans-serif; color: #403737;\"><strong><b>Nome do produto\uff1a<\/b><\/strong><span style=\"font-family: verdana, geneva, sans-serif; color: #423939;\">Bra\u00e7o de controlo inferior<\/span><\/span><br \/>\n<span style=\"font-family: verdana, geneva, sans-serif; color: #403737;\"><strong><b>Garantia\uff1a<\/b><\/strong>1 ano<\/span><br \/>\n<span style=\"font-family: verdana, geneva, sans-serif; color: #403737;\"><strong><b>Condi\u00e7\u00e3o\uff1a<\/b><\/strong>Novo<\/span><br \/>\n<span style=\"font-family: verdana, geneva, sans-serif; color: #403737;\"><strong><b>Modelo de carro\uff1a<\/b><\/strong>Toyota Corolla (2000-2008)<\/span><br \/>\n<span style=\"font-family: verdana, geneva, sans-serif; color: #403737;\"><strong><b>OEM NO..: <\/b><\/strong><span style=\"font-family: verdana, geneva, sans-serif; color: #423939;\">48068-02150<\/span><\/span><br \/>\n<span style=\"font-family: verdana, geneva, sans-serif; color: #403737;\"><strong><b>Qualidade:<\/b><\/strong>\u00a0100% Testado<\/span><\/p>","protected":false},"featured_media":1866,"comment_status":"closed","ping_status":"closed","template":"","meta":[],"product_cat":[50],"product_tag":[],"class_list":{"0":"post-1865","1":"product","2":"type-product","3":"status-publish","4":"has-post-thumbnail","6":"product_cat-chassis-parts","8":"first","9":"instock","10":"shipping-taxable","11":"product-type-simple"},"_links":{"self":[{"href":"https:\/\/carbitautoparts.com\/pt\/wp-json\/wp\/v2\/product\/1865","targetHints":{"allow":["GET"]}}],"collection":[{"href":"https:\/\/carbitautoparts.com\/pt\/wp-json\/wp\/v2\/product"}],"about":[{"href":"https:\/\/carbitautoparts.com\/pt\/wp-json\/wp\/v2\/types\/product"}],"replies":[{"embeddable":true,"href":"https:\/\/carbitautoparts.com\/pt\/wp-json\/wp\/v2\/comments?post=1865"}],"wp:featuredmedia":[{"embeddable":true,"href":"https:\/\/carbitautoparts.com\/pt\/wp-json\/wp\/v2\/media\/1866"}],"wp:attachment":[{"href":"https:\/\/carbitautoparts.com\/pt\/wp-json\/wp\/v2\/media?parent=1865"}],"wp:term":[{"taxonomy":"product_cat","embeddable":true,"href":"https:\/\/carbitautoparts.com\/pt\/wp-json\/wp\/v2\/product_cat?post=1865"},{"taxonomy":"product_tag","embeddable":true,"href":"https:\/\/carbitautoparts.com\/pt\/wp-json\/wp\/v2\/product_tag?post=1865"}],"curies":[{"name":"wp","href":"https:\/\/api.w.org\/{rel}","templated":true}]}}