{"id":1883,"date":"2025-09-29T11:41:34","date_gmt":"2025-09-29T03:41:34","guid":{"rendered":"https:\/\/carbitautoparts.com\/?post_type=product&#038;p=1883"},"modified":"2025-09-29T11:41:34","modified_gmt":"2025-09-29T03:41:34","slug":"starter-motor-for-kia-cerato-oem-36100-2b100","status":"publish","type":"product","link":"https:\/\/carbitautoparts.com\/pt\/product\/motor-de-arranque-para-kia-cerato-oem-36100-2b100\/","title":{"rendered":"Motor de arranque para Kia Cerato - OEM 36100-2B100"},"content":{"rendered":"<h3><strong>\u00a0<span style=\"font-family: verdana, geneva, sans-serif; color: #4d4242;\">Motor de arranque de alto desempenho para <\/span><\/strong><span style=\"font-family: verdana, geneva, sans-serif; color: #574747;\"><strong>Kia Cerato (2009-2013)<\/strong><\/span><strong><span style=\"font-family: verdana, geneva, sans-serif; color: #4d4242;\">- OEM 36100-2B100<\/span><\/strong><\/h3>\n<p class=\"ds-markdown-paragraph\"><span style=\"font-family: verdana, geneva, sans-serif; color: #4d4242;\">Este motor de arranque de alto desempenho \u00e9 um substituto direto do OEM para o n\u00famero de pe\u00e7a\u00a0<strong>36100-2B100<\/strong>. Garante um ajuste perfeito e um funcionamento sem falhas, restaurando a igni\u00e7\u00e3o fi\u00e1vel que espera do seu Kia Cerato (tamb\u00e9m conhecido como Kia Forte em alguns mercados). Fabricado com precis\u00e3o e durabilidade em mente, este motor de arranque garante uma manivela potente e uma longa vida \u00fatil.<\/span><\/p>\n<hr \/>\n<h3><\/h3>\n<ul>\n<li>\n<p class=\"ds-markdown-paragraph\"><span style=\"font-family: verdana, geneva, sans-serif; color: #4d4242;\"><strong>Substitui\u00e7\u00e3o direta do OEM:<\/strong>\u00a0Este motor de arranque foi concebido para substituir o n\u00famero OEM\u00a0<strong>36100-2B100<\/strong>O seu design \u00e9 de alta qualidade, garantindo um ajuste perfeito para o seu Kia Cerato\/Forte 2009-2013 sem necessidade de quaisquer modifica\u00e7\u00f5es.<\/span><\/p>\n<\/li>\n<li>\n<p class=\"ds-markdown-paragraph\"><span style=\"font-family: verdana, geneva, sans-serif; color: #4d4242;\"><strong>Igni\u00e7\u00e3o fi\u00e1vel do motor:<\/strong>\u00a0Experimente um arranque r\u00e1pido e consistente do motor. O nosso motor de arranque proporciona o bin\u00e1rio elevado necess\u00e1rio para arranques fi\u00e1veis em todas as condi\u00e7\u00f5es meteorol\u00f3gicas, colocando-o na estrada de forma r\u00e1pida e segura.<\/span><\/p>\n<\/li>\n<li>\n<p class=\"ds-markdown-paragraph\"><span style=\"font-family: verdana, geneva, sans-serif; color: #4d4242;\"><strong>Constru\u00e7\u00e3o duradoura:<\/strong>\u00a0Constru\u00eddo com materiais de alta qualidade e engenharia avan\u00e7ada, este motor de arranque \u00e9 resistente ao calor, ao desgaste e \u00e0 corros\u00e3o. \u00c9 um componente robusto concebido para uma fiabilidade a longo prazo.<\/span><\/p>\n<\/li>\n<li>\n<p class=\"ds-markdown-paragraph\"><span style=\"font-family: verdana, geneva, sans-serif; color: #4d4242;\"><strong>Instala\u00e7\u00e3o f\u00e1cil:<\/strong>\u00a0Poupe tempo e dinheiro em m\u00e3o de obra. Esta unidade \u00e9 uma substitui\u00e7\u00e3o \"plug-and-play\", permitindo um processo de instala\u00e7\u00e3o simples, tanto para mec\u00e2nicos profissionais como para amadores experientes.<\/span><\/p>\n<\/li>\n<li>\n<p class=\"ds-markdown-paragraph\"><span style=\"font-family: verdana, geneva, sans-serif; color: #4d4242;\"><strong>Testes de qualidade rigorosos:<\/strong>\u00a0Cada arrancador \u00e9 submetido a rigorosas verifica\u00e7\u00f5es de controlo de qualidade para garantir um desempenho \u00f3timo, efici\u00eancia el\u00e9ctrica e integridade mec\u00e2nica logo que sai da caixa.<\/span><\/p>\n<\/li>\n<\/ul>","protected":false},"excerpt":{"rendered":"<p><span style=\"font-family: verdana, geneva, sans-serif; color: #403737;\"><strong><b>Nome do produto\uff1a<\/b><\/strong>Arranque do motor<\/span><br \/>\n<span style=\"font-family: verdana, geneva, sans-serif; color: #403737;\"><strong><b>Garantia\uff1a<\/b><\/strong>1 ano<\/span><br \/>\n<span style=\"font-family: verdana, geneva, sans-serif; color: #403737;\"><strong><b>Condi\u00e7\u00e3o\uff1a<\/b><\/strong>Novo<\/span><br \/>\n<span style=\"font-family: verdana, geneva, sans-serif; color: #403737;\"><strong><b>Modelo de carro\uff1a<\/b><\/strong><\/span><span style=\"font-family: verdana, geneva, sans-serif; color: #574747;\">Kia Cerato (2009-2013)<br \/>\n<\/span><strong style=\"color: #403737; font-family: verdana, geneva, sans-serif;\"><b>OEM NO..:<\/b><\/strong><span style=\"font-family: verdana, geneva, sans-serif; color: #4d4242;\">36100-2B100<br \/>\n<\/span><strong style=\"color: #403737; font-family: verdana, geneva, sans-serif;\"><b>Qualidade:<\/b><\/strong><span style=\"color: #403737; font-family: verdana, geneva, sans-serif;\">\u00a0100% Testado<\/span><\/p>","protected":false},"featured_media":1884,"comment_status":"closed","ping_status":"closed","template":"","meta":[],"product_cat":[19],"product_tag":[],"class_list":{"0":"post-1883","1":"product","2":"type-product","3":"status-publish","4":"has-post-thumbnail","6":"product_cat-electric-almotor-parts","8":"first","9":"instock","10":"shipping-taxable","11":"product-type-simple"},"_links":{"self":[{"href":"https:\/\/carbitautoparts.com\/pt\/wp-json\/wp\/v2\/product\/1883","targetHints":{"allow":["GET"]}}],"collection":[{"href":"https:\/\/carbitautoparts.com\/pt\/wp-json\/wp\/v2\/product"}],"about":[{"href":"https:\/\/carbitautoparts.com\/pt\/wp-json\/wp\/v2\/types\/product"}],"replies":[{"embeddable":true,"href":"https:\/\/carbitautoparts.com\/pt\/wp-json\/wp\/v2\/comments?post=1883"}],"wp:featuredmedia":[{"embeddable":true,"href":"https:\/\/carbitautoparts.com\/pt\/wp-json\/wp\/v2\/media\/1884"}],"wp:attachment":[{"href":"https:\/\/carbitautoparts.com\/pt\/wp-json\/wp\/v2\/media?parent=1883"}],"wp:term":[{"taxonomy":"product_cat","embeddable":true,"href":"https:\/\/carbitautoparts.com\/pt\/wp-json\/wp\/v2\/product_cat?post=1883"},{"taxonomy":"product_tag","embeddable":true,"href":"https:\/\/carbitautoparts.com\/pt\/wp-json\/wp\/v2\/product_tag?post=1883"}],"curies":[{"name":"wp","href":"https:\/\/api.w.org\/{rel}","templated":true}]}}