{"id":1937,"date":"2026-01-15T18:55:04","date_gmt":"2026-01-15T10:55:04","guid":{"rendered":"https:\/\/carbitautoparts.com\/?post_type=product&#038;p=1937"},"modified":"2026-01-15T18:55:04","modified_gmt":"2026-01-15T10:55:04","slug":"shock-absorber-for-toyota-camry-oem-48510-06240","status":"publish","type":"product","link":"https:\/\/carbitautoparts.com\/pt\/product\/amortecedor-para-toyota-camry-oem-48510-06240\/","title":{"rendered":"Amortecedor para Toyota Camry-OEM 48510-06240"},"content":{"rendered":"<p><span style=\"font-family: verdana, geneva, sans-serif; color: #383434;\"><strong>Amortecedor traseiro de alto desempenho - Condu\u00e7\u00e3o suave e estabilidade melhorada<\/strong><\/span><br \/>\n<span style=\"font-family: verdana, geneva, sans-serif; color: #383434;\">Actualize a sua suspens\u00e3o com este amortecedor traseiro de qualidade superior, concebido para um conforto de condu\u00e7\u00e3o superior, manuseamento reativo e durabilidade a longo prazo. Inclui tecnologia de carregamento a g\u00e1s, materiais resistentes \u00e0 corros\u00e3o e funcionamento silencioso - perfeito para melhorar a seguran\u00e7a do ve\u00edculo e a experi\u00eancia de condu\u00e7\u00e3o. Design de aparafusamento direto para uma instala\u00e7\u00e3o sem complica\u00e7\u00f5es.<\/span><\/p>\n<hr \/>\n<p><span style=\"font-family: verdana, geneva, sans-serif; color: #383434;\"><strong><b>Principais benef\u00edcios<\/b><\/strong><strong><b>\uff1a<\/b><\/strong><strong><b>Montagem OEM precisa<\/b><\/strong><strong><b><br \/>\n<\/b><\/strong>Concebido para substitui\u00e7\u00e3o direta dos amortecedores de f\u00e1brica - n\u00e3o s\u00e3o necess\u00e1rias modifica\u00e7\u00f5es.<\/span><br \/>\n<span style=\"font-family: verdana, geneva, sans-serif; color: #383434;\"><strong><b>Passeio suave e est\u00e1vel<\/b><\/strong><\/span><\/p>\n<p><span style=\"font-family: verdana, geneva, sans-serif; color: #383434;\">Absorve eficazmente os solavancos e as vibra\u00e7\u00f5es da estrada, melhorando a qualidade da condu\u00e7\u00e3o e reduzindo a oscila\u00e7\u00e3o da carro\u00e7aria.<\/span><\/p>\n<p><span style=\"font-family: verdana, geneva, sans-serif; color: #383434;\"><strong><b>Constru\u00e7\u00e3o dur\u00e1vel e resistente \u00e0 corros\u00e3o<\/b><\/strong><\/span><\/p>\n<p><span style=\"font-family: verdana, geneva, sans-serif; color: #383434;\">Fabricado com materiais de primeira qualidade e revestimento anti-ferrugem para garantir um desempenho duradouro.<\/span><\/p>\n<p><span style=\"font-family: verdana, geneva, sans-serif; color: #383434;\"><strong><b>Manuseamento e seguran\u00e7a melhorados<\/b><\/strong><strong><b><br \/>\n<\/b><\/strong>Melhora o contacto do pneu com a estrada, o que resulta numa melhor travagem e em curva.<\/span><br \/>\n<span style=\"font-family: verdana, geneva, sans-serif; color: #383434;\"><strong><b>Funcionamento com baixo ru\u00eddo<\/b><\/strong><\/span><\/p>\n<p><span style=\"font-family: verdana, geneva, sans-serif; color: #383434;\">Concebido para minimizar o ru\u00eddo e a aspereza para uma experi\u00eancia de condu\u00e7\u00e3o mais silenciosa e confort\u00e1vel.<\/span><\/p>\n<p><span style=\"font-family: verdana, geneva, sans-serif; color: #383434;\"><strong><b>Conselhos de instala\u00e7\u00e3o<\/b><\/strong><\/span><\/p>\n<p><span style=\"font-family: verdana, geneva, sans-serif; color: #383434;\">Recomenda-se a instala\u00e7\u00e3o profissional para um desempenho e seguran\u00e7a \u00f3ptimos.<\/span><\/p>\n<p><span style=\"font-family: verdana, geneva, sans-serif; color: #383434;\">Substitua sempre os amortecedores aos pares (por exemplo, \u00e0 esquerda e \u00e0 direita) para manter o equil\u00edbrio do ve\u00edculo.<\/span><\/p>\n<p><span style=\"font-family: verdana, geneva, sans-serif; color: #383434;\">Verifique o ano, a marca e o modelo do seu ve\u00edculo antes da compra para garantir a compatibilidade.<\/span><\/p>","protected":false},"excerpt":{"rendered":"<p><span style=\"font-family: verdana, geneva, sans-serif;\"><strong><b>Nome do produto\uff1aAbsorvente de choque<br \/>\nCondi\u00e7\u00e3o\uff1aNovo<br \/>\nTipo de amortecedor: Carregado a g\u00e1s \/ Hidr\u00e1ulico<\/b><br \/>\nTipo de montagem: Parafuso direto<br \/>\nMaterial: A\u00e7o de liga de alta resist\u00eancia<br \/>\n<b>Modelo do carro\uff1aToyota Camry<\/b><br \/>\n<b>N.\u00ba OEM:48510-06240<br \/>\n<\/b><\/strong><\/span><strong><span style=\"font-family: verdana, geneva, sans-serif;\">Garantia: 12 meses \/ 50.000 km<\/span><\/strong><\/p>","protected":false},"featured_media":1938,"comment_status":"closed","ping_status":"closed","template":"","meta":[],"product_cat":[50],"product_tag":[],"class_list":{"0":"post-1937","1":"product","2":"type-product","3":"status-publish","4":"has-post-thumbnail","6":"product_cat-chassis-parts","8":"first","9":"instock","10":"shipping-taxable","11":"product-type-simple"},"_links":{"self":[{"href":"https:\/\/carbitautoparts.com\/pt\/wp-json\/wp\/v2\/product\/1937","targetHints":{"allow":["GET"]}}],"collection":[{"href":"https:\/\/carbitautoparts.com\/pt\/wp-json\/wp\/v2\/product"}],"about":[{"href":"https:\/\/carbitautoparts.com\/pt\/wp-json\/wp\/v2\/types\/product"}],"replies":[{"embeddable":true,"href":"https:\/\/carbitautoparts.com\/pt\/wp-json\/wp\/v2\/comments?post=1937"}],"wp:featuredmedia":[{"embeddable":true,"href":"https:\/\/carbitautoparts.com\/pt\/wp-json\/wp\/v2\/media\/1938"}],"wp:attachment":[{"href":"https:\/\/carbitautoparts.com\/pt\/wp-json\/wp\/v2\/media?parent=1937"}],"wp:term":[{"taxonomy":"product_cat","embeddable":true,"href":"https:\/\/carbitautoparts.com\/pt\/wp-json\/wp\/v2\/product_cat?post=1937"},{"taxonomy":"product_tag","embeddable":true,"href":"https:\/\/carbitautoparts.com\/pt\/wp-json\/wp\/v2\/product_tag?post=1937"}],"curies":[{"name":"wp","href":"https:\/\/api.w.org\/{rel}","templated":true}]}}