{"id":322,"date":"2025-02-12T20:10:47","date_gmt":"2025-02-12T12:10:47","guid":{"rendered":"https:\/\/carbitautoparts.com\/?post_type=product&#038;p=322"},"modified":"2025-03-07T18:16:12","modified_gmt":"2025-03-07T10:16:12","slug":"solar-powered-wireless-tpms-tire-pressure-monitoring-system","status":"publish","type":"product","link":"https:\/\/carbitautoparts.com\/pt\/product\/sistema-de-controlo-da-pressao-dos-pneus-tpms-sem-fios-alimentado-a-energia-solar\/","title":{"rendered":"TPMS (sistema de controlo da press\u00e3o dos pneus) sem fios alimentado por energia solar"},"content":{"rendered":"<p>&nbsp;<\/p>\n<p>&nbsp;<\/p>\n<p><img fetchpriority=\"high\" decoding=\"async\" class=\"wp-image-861 alignleft\" src=\"https:\/\/carbitautoparts.com\/wp-content\/uploads\/2025\/02\/\u5c4f\u5e55\u622a\u56fe-2025-02-18-114635-2.jpg\" alt=\"\" width=\"442\" height=\"636\" srcset=\"https:\/\/carbitautoparts.com\/wp-content\/uploads\/2025\/02\/\u5c4f\u5e55\u622a\u56fe-2025-02-18-114635-2.jpg 595w, https:\/\/carbitautoparts.com\/wp-content\/uploads\/2025\/02\/\u5c4f\u5e55\u622a\u56fe-2025-02-18-114635-2-209x300.jpg 209w, https:\/\/carbitautoparts.com\/wp-content\/uploads\/2025\/02\/\u5c4f\u5e55\u622a\u56fe-2025-02-18-114635-2-150x216.jpg 150w\" sizes=\"(max-width: 442px) 100vw, 442px\" \/><\/p>\n<p>&nbsp;<\/p>\n<p>&nbsp;<\/p>\n<p>&nbsp;<\/p>\n<ul>\n<li><span style=\"font-family: verdana, geneva, sans-serif;\">O nosso TPMS sem fios alimentado por energia solar utiliza chips inteligentes avan\u00e7ados para uma maior precis\u00e3o. <\/span><br \/>\n<span style=\"font-family: verdana, geneva, sans-serif;\">Possui uma dete\u00e7\u00e3o precisa, alertas atempados, transmiss\u00e3o de sinal est\u00e1vel, alcance de rece\u00e7\u00e3o alargado, <\/span><br \/>\n<span style=\"font-family: verdana, geneva, sans-serif;\"><span style=\"font-family: verdana, geneva, sans-serif;\">baixo consumo de energia e resist\u00eancia robusta a v\u00e1rios tipos de interfer\u00eancia electromagn\u00e9tica.<\/span><\/span><\/li>\n<li><span style=\"font-family: verdana, geneva, sans-serif;\">Utiliza sensores incorporados nos pneus para uma maior precis\u00e3o, seguran\u00e7a superior, resist\u00eancia ao roubo e elimina\u00e7\u00e3o do risco de fuga de ar.<\/span><\/li>\n<\/ul>\n<p>&nbsp;<\/p>\n<p>&nbsp;<\/p>\n<p>&nbsp;<\/p>\n<p>&nbsp;<\/p>\n<p>&nbsp;<\/p>\n<p>&nbsp;<\/p>\n<p>&nbsp;<\/p>\n<p>&nbsp;<\/p>\n<p>&nbsp;<\/p>\n<p>&nbsp;<\/p>\n<p>&nbsp;<\/p>\n<p><img decoding=\"async\" class=\"alignright wp-image-961\" src=\"https:\/\/carbitautoparts.com\/wp-content\/uploads\/2025\/02\/O1CN01ndVyVa1vZEwYHduer_2200620026186-0-cib-2-1024x1024.jpg\" alt=\"\" width=\"410\" height=\"410\" srcset=\"https:\/\/carbitautoparts.com\/wp-content\/uploads\/2025\/02\/O1CN01ndVyVa1vZEwYHduer_2200620026186-0-cib-2-1024x1024.jpg 1024w, https:\/\/carbitautoparts.com\/wp-content\/uploads\/2025\/02\/O1CN01ndVyVa1vZEwYHduer_2200620026186-0-cib-2-300x300.jpg 300w, https:\/\/carbitautoparts.com\/wp-content\/uploads\/2025\/02\/O1CN01ndVyVa1vZEwYHduer_2200620026186-0-cib-2-150x150.jpg 150w, https:\/\/carbitautoparts.com\/wp-content\/uploads\/2025\/02\/O1CN01ndVyVa1vZEwYHduer_2200620026186-0-cib-2-768x768.jpg 768w, https:\/\/carbitautoparts.com\/wp-content\/uploads\/2025\/02\/O1CN01ndVyVa1vZEwYHduer_2200620026186-0-cib-2-600x600.jpg 600w, https:\/\/carbitautoparts.com\/wp-content\/uploads\/2025\/02\/O1CN01ndVyVa1vZEwYHduer_2200620026186-0-cib-2.jpg 1080w\" sizes=\"(max-width: 410px) 100vw, 410px\" \/><\/p>\n<p>&nbsp;<\/p>\n<p><strong><span style=\"font-family: verdana, geneva, sans-serif;\">Comuta\u00e7\u00e3o inteligente<\/span><\/strong><\/p>\n<ul>\n<li><span style=\"font-family: verdana, geneva, sans-serif;\">Liga automaticamente o TPMS depois de o autom\u00f3vel ser<br \/>\ncome\u00e7ou.<\/span><\/li>\n<li><span style=\"font-family: verdana, geneva, sans-serif;\">Desliga-se automaticamente quando o autom\u00f3vel est\u00e1 parado.<\/span><\/li>\n<li><span style=\"font-family: verdana, geneva, sans-serif;\"><span style=\"font-family: verdana, geneva, sans-serif;\"><span style=\"font-family: verdana, geneva, sans-serif;\">Instala\u00e7\u00e3o simples e r\u00e1pida sem necessidade de liga\u00e7\u00e3o<br \/>\ncom quaisquer fios.<\/span><\/span><\/span><\/li>\n<li><span style=\"font-family: verdana, geneva, sans-serif;\">Norma IPX7 \u00e0 prova de \u00e1gua para sensores.<br \/>\n<\/span><\/li>\n<li><span style=\"font-family: verdana, geneva, sans-serif;\"><span style=\"font-family: verdana, geneva, sans-serif;\">Tons de alerta personaliz\u00e1veis em v\u00e1rios idiomas (vers\u00e3o de alerta por voz)<\/span><\/span><\/li>\n<\/ul>\n<p>&nbsp;<\/p>\n<p>&nbsp;<\/p>\n<p>&nbsp;<\/p>\n<p>O TPMS obteve as certifica\u00e7\u00f5es ISO9001:2015 e IATF 16949:2016. Foi rigorosamente inspeccionado e aprovado por v\u00e1rios organismos reguladores nacionais e internacionais, incluindo a FCC, CE, ROHS e centros de inspe\u00e7\u00e3o de qualidade de terceiros. Al\u00e9m disso, garantiu v\u00e1rias patentes para a tecnologia de monitoriza\u00e7\u00e3o da press\u00e3o dos pneus e det\u00e9m direitos de autor para o software de aplica\u00e7\u00e3o associado.<\/p>\n<p><img decoding=\"async\" class=\"size-large wp-image-864 aligncenter\" src=\"https:\/\/carbitautoparts.com\/wp-content\/uploads\/2025\/02\/WPS\u62fc\u56fe0-1-1024x187.png\" alt=\"\" width=\"1024\" height=\"187\" srcset=\"https:\/\/carbitautoparts.com\/wp-content\/uploads\/2025\/02\/WPS\u62fc\u56fe0-1-1024x187.png 1024w, https:\/\/carbitautoparts.com\/wp-content\/uploads\/2025\/02\/WPS\u62fc\u56fe0-1-300x55.png 300w, https:\/\/carbitautoparts.com\/wp-content\/uploads\/2025\/02\/WPS\u62fc\u56fe0-1-768x140.png 768w, https:\/\/carbitautoparts.com\/wp-content\/uploads\/2025\/02\/WPS\u62fc\u56fe0-1-1536x281.png 1536w, https:\/\/carbitautoparts.com\/wp-content\/uploads\/2025\/02\/WPS\u62fc\u56fe0-1-2048x374.png 2048w, https:\/\/carbitautoparts.com\/wp-content\/uploads\/2025\/02\/WPS\u62fc\u56fe0-1-600x110.png 600w, https:\/\/carbitautoparts.com\/wp-content\/uploads\/2025\/02\/WPS\u62fc\u56fe0-1-150x27.png 150w\" sizes=\"(max-width: 1024px) 100vw, 1024px\" \/><\/p>\n<p>&nbsp;<\/p>\n<p>&nbsp;<\/p>\n<p>&nbsp;<\/p>","protected":false},"excerpt":{"rendered":"<p><span style=\"color: #473636; font-family: verdana, geneva, sans-serif;\"><strong>Nome do produto\uff1a<\/strong>TPMS sem fios alimentado por energia solar<br \/>\n<strong>Garantia\uff1a<\/strong>1 ano<br \/>\n<strong>Condi\u00e7\u00e3o\uff1a<\/strong>Novo<br \/>\n<strong>Tens\u00e3o de funcionamento\uff1a<\/strong>3.7V<br \/>\n<strong>Temperatura de funcionamento:<\/strong> 70\u00b0C<br \/>\n<strong>Classe de impermeabilidade:<\/strong> IPX7<br \/>\n<strong>Tens\u00e3o de carregamento:<\/strong> DC 5,1V<br \/>\n<strong>Gama de press\u00f5es:<\/strong>0\u223c6Bar<br \/>\n<strong>Frequ\u00eancia de transmiss\u00e3o:<\/strong> 433,92MHZ<br \/>\n<strong>Pot\u00eancia de transmiss\u00e3o:<\/strong> &gt;10dBm<br \/>\n<strong>Qualidade:<\/strong> 100% Testado<br \/>\n<strong>Prazo de entrega:<\/strong> 3-7 dias<\/span><\/p>","protected":false},"featured_media":865,"comment_status":"closed","ping_status":"closed","template":"","meta":[],"product_cat":[25],"product_tag":[],"class_list":{"0":"post-322","1":"product","2":"type-product","3":"status-publish","4":"has-post-thumbnail","6":"product_cat-others-autoparts","8":"first","9":"instock","10":"shipping-taxable","11":"product-type-simple"},"_links":{"self":[{"href":"https:\/\/carbitautoparts.com\/pt\/wp-json\/wp\/v2\/product\/322","targetHints":{"allow":["GET"]}}],"collection":[{"href":"https:\/\/carbitautoparts.com\/pt\/wp-json\/wp\/v2\/product"}],"about":[{"href":"https:\/\/carbitautoparts.com\/pt\/wp-json\/wp\/v2\/types\/product"}],"replies":[{"embeddable":true,"href":"https:\/\/carbitautoparts.com\/pt\/wp-json\/wp\/v2\/comments?post=322"}],"wp:featuredmedia":[{"embeddable":true,"href":"https:\/\/carbitautoparts.com\/pt\/wp-json\/wp\/v2\/media\/865"}],"wp:attachment":[{"href":"https:\/\/carbitautoparts.com\/pt\/wp-json\/wp\/v2\/media?parent=322"}],"wp:term":[{"taxonomy":"product_cat","embeddable":true,"href":"https:\/\/carbitautoparts.com\/pt\/wp-json\/wp\/v2\/product_cat?post=322"},{"taxonomy":"product_tag","embeddable":true,"href":"https:\/\/carbitautoparts.com\/pt\/wp-json\/wp\/v2\/product_tag?post=322"}],"curies":[{"name":"wp","href":"https:\/\/api.w.org\/{rel}","templated":true}]}}