{"id":812,"date":"2025-02-20T11:15:45","date_gmt":"2025-02-20T03:15:45","guid":{"rendered":"https:\/\/carbitautoparts.com\/?post_type=product&#038;p=812"},"modified":"2025-03-13T12:00:34","modified_gmt":"2025-03-13T04:00:34","slug":"audi-a4-a5-q5-air-conditioning-compressor-oem-8t0260805n","status":"publish","type":"product","link":"https:\/\/carbitautoparts.com\/pt\/product\/audi-a4-a5-q5-compressor-de-ar-condicionado-oem-8t0260805n\/","title":{"rendered":"Compressor de ar condicionado para Audi A4\/A5\/Q5-OEM 8T0260805N"},"content":{"rendered":"<p><span style=\"font-family: verdana, geneva, sans-serif; color: #595555;\"><strong>Desempenho de arrefecimento premium para modelos de luxo da Audi<\/strong><\/span><\/p>\n<p><span style=\"font-family: verdana, geneva, sans-serif; color: #807c7c;\">Devolva o conforto de f\u00e1brica ao seu Audi com o nosso compressor AC de engenharia de precis\u00e3o, concebido para<br \/>\ncumprem as normas exigentes da Audi. Substitui\u00e7\u00e3o direta para os modelos A4 (B8), A5 (8T\/8F) e Q5 (8R),<br \/>\nproporcionando uma efici\u00eancia de arrefecimento e durabilidade \u00f3ptimas.<\/span><\/p>\n<hr \/>\n<ul>\n<li><span style=\"font-family: verdana, geneva, sans-serif; color: #807c7c;\"><strong><b>Tecnologia de arrefecimento avan\u00e7ada<\/b><\/strong><\/span><\/li>\n<\/ul>\n<p style=\"padding-left: 40px;\"><span style=\"font-family: verdana, geneva, sans-serif; color: #807c7c;\">Prote\u00e7\u00e3o contra sobrecarga t\u00e9rmica para um funcionamento prolongado em temperaturas extremas. Design de baixo ru\u00eddo (&lt;68 dB) para uma experi\u00eancia de luxo no habit\u00e1culo da Audi<\/span><\/p>\n<ul>\n<li><span style=\"font-family: verdana, geneva, sans-serif; color: #807c7c;\"><strong><b>Durabilidade projectada <\/b><\/strong><\/span><\/li>\n<\/ul>\n<p style=\"padding-left: 40px;\"><span style=\"font-family: verdana, geneva, sans-serif; color: #807c7c;\">Caixa de alum\u00ednio maquinada em CNC com revestimento anti-corros\u00e3o. Veio com tripla veda\u00e7\u00e3o (veda\u00e7\u00f5es HNBR + Viton) para evitar fugas. Fabrico com certifica\u00e7\u00e3o ISO 9001<\/span><\/p>\n<ul>\n<li><span style=\"font-family: verdana, geneva, sans-serif; color: #807c7c;\"><strong><b>Instala\u00e7\u00e3o Plug-and-Play<\/b><\/strong><\/span><\/li>\n<\/ul>\n<p style=\"padding-left: 40px;\"><span style=\"color: #807c7c;\"><span style=\"font-family: verdana, geneva, sans-serif;\">Substitui\u00e7\u00e3o direta aparafusada (suportes e polia do equipamento original inclu\u00eddos)<br \/>\n<\/span><span style=\"font-family: verdana, geneva, sans-serif;\">Folga de ar da embraiagem pr\u00e9-definida (toler\u00e2ncia de 0,5mm \u00b10,1mm)<br \/>\n<\/span><span style=\"font-family: verdana, geneva, sans-serif;\">Compat\u00edvel com os m\u00f3dulos de controlo HVAC originais da Audi<\/span><\/span><\/p>\n<ul>\n<li><span style=\"font-family: verdana, geneva, sans-serif; color: #807c7c;\"><strong>Equipamento OEM exato<\/strong><\/span><br \/>\n<span style=\"font-family: verdana, geneva, sans-serif; color: #807c7c;\"><br \/>\nCompat\u00edvel com:<\/span><\/li>\n<\/ul>\n<p style=\"padding-left: 40px;\"><span style=\"color: #807c7c;\"><span style=\"font-family: verdana, geneva, sans-serif;\">Audi A4 B8 (2008-2016) | Motores 2.0L TFSI\/TDI<br \/>\n<\/span><span style=\"font-family: verdana, geneva, sans-serif;\">Audi A5 8T\/8F (2007-2016) | Variantes 3.0L V6 e 2.0L<br \/>\n<\/span><span style=\"font-family: verdana, geneva, sans-serif;\">Audi Q5 8R (2008-2017) | Motores a gasolina e diesel<\/span><\/span><\/p>\n<ul>\n<li><span style=\"color: #807c7c;\"><span style=\"color: #807c7c;\"><span style=\"font-family: verdana, geneva, sans-serif;\"><strong><b>Porqu\u00ea escolher os nossos compressores AC?<\/b><\/strong><\/span><\/span><\/span><span style=\"color: #807c7c;\"><span style=\"color: #807c7c;\"><span style=\"color: #807c7c;\"><b><\/b><span style=\"font-family: verdana, geneva, sans-serif;\"><br \/>\nControlo de qualidade rigoroso: teste de desempenho de 72 horas<br \/>\n<\/span><span style=\"font-family: verdana, geneva, sans-serif;\">100% verificado quanto a fugas com dete\u00e7\u00e3o de h\u00e9lio<br \/>\n<\/span><\/span><\/span><\/span><span style=\"color: #807c7c;\"><span style=\"font-family: verdana, geneva, sans-serif;\">Garantia de 1 ano <\/span><\/span><\/li>\n<\/ul>\n<p style=\"padding-left: 40px;\">","protected":false},"excerpt":{"rendered":"<div data-spm-anchor-id=\"a2700.details.0.i120.33162f1aiG0nFp\">\n<div class=\"left\" data-spm-anchor-id=\"a2700.details.0.i122.33162f1aiG0nFp\"><span style=\"color: #5c5757;\"><strong><span style=\"font-family: verdana, geneva, sans-serif;\">Nome do produto\uff1a<\/span><\/strong><span style=\"font-family: verdana, geneva, sans-serif;\">Compressor AC autom\u00e1tico<\/span><\/span><\/div>\n<\/div>\n<div class=\"left\" data-spm-anchor-id=\"a2700.details.0.i120.33162f1aiG0nFp\"><span style=\"color: #5c5757;\"><strong><span style=\"font-family: verdana, geneva, sans-serif;\">Garantia\uff1a<\/span><\/strong><span style=\"font-family: verdana, geneva, sans-serif;\">1 ano<\/span><\/span><\/div>\n<div data-spm-anchor-id=\"a2700.details.0.i120.33162f1aiG0nFp\">\n<div class=\"left\" data-spm-anchor-id=\"a2700.details.0.i71.4a9b317eS5Ucpi\"><span style=\"color: #5c5757;\"><strong><span style=\"font-family: verdana, geneva, sans-serif;\">Condi\u00e7\u00e3o\uff1a<\/span><\/strong><span style=\"font-family: verdana, geneva, sans-serif;\">Novo<\/span><\/span><\/div>\n<div data-spm-anchor-id=\"a2700.details.0.i71.4a9b317eS5Ucpi\">\n<div class=\"left\" data-spm-anchor-id=\"a2700.details.0.i70.4a9b317eS5Ucpi\"><span style=\"color: #5c5757;\"><strong><span style=\"font-family: verdana, geneva, sans-serif;\">Modelo de carro\uff1a<\/span><\/strong><span style=\"font-family: verdana, geneva, sans-serif;\">AUDI A4 A5 Q5<\/span><\/span><\/div>\n<\/div>\n<\/div>\n<div class=\"left\" data-spm-anchor-id=\"a2700.details.0.i120.33162f1aiG0nFp\"><span style=\"color: #5c5757;\"><strong><span style=\"font-family: verdana, geneva, sans-serif;\">Tens\u00e3o:\u00a0<\/span><\/strong><span style=\"font-family: verdana, geneva, sans-serif;\">12V<\/span><\/span><\/div>\n<div data-spm-anchor-id=\"a2700.details.0.i120.33162f1aiG0nFp\">\n<div class=\"left\"><span style=\"color: #5c5757;\"><strong><span style=\"font-family: verdana, geneva, sans-serif;\">Refrigerante\uff1a<\/span><\/strong><span style=\"font-family: verdana, geneva, sans-serif;\">R134a<\/span><\/span><\/div>\n<div><span style=\"color: #5c5757;\"><strong><span style=\"font-family: verdana, geneva, sans-serif;\">OEM NO..: <\/span><\/strong><span style=\"font-family: verdana, geneva, sans-serif;\">8T0260805N, 8T0260805E, 4M0820803<\/span><\/span><\/div>\n<div>\n<div class=\"left\" data-spm-anchor-id=\"a2700.details.0.i74.4a9b317eS5Ucpi\"><span style=\"color: #5c5757;\"><strong><span style=\"font-family: verdana, geneva, sans-serif;\">Qualidade: <\/span><\/strong><span style=\"font-family: verdana, geneva, sans-serif;\">100% Testado<\/span><\/span><\/div>\n<div data-spm-anchor-id=\"a2700.details.0.i74.4a9b317eS5Ucpi\">\n<div class=\"left\" data-spm-anchor-id=\"a2700.details.0.i75.4a9b317eS5Ucpi\"><span style=\"color: #5c5757;\"><strong><span style=\"font-family: verdana, geneva, sans-serif;\">Prazo de entrega: <\/span><\/strong><span style=\"font-family: verdana, geneva, sans-serif;\">3-7 dias<\/span><\/span><\/div>\n<\/div>\n<\/div>\n<\/div>","protected":false},"featured_media":837,"comment_status":"closed","ping_status":"closed","template":"","meta":[],"product_cat":[19],"product_tag":[],"class_list":{"0":"post-812","1":"product","2":"type-product","3":"status-publish","4":"has-post-thumbnail","6":"product_cat-electric-almotor-parts","8":"first","9":"instock","10":"shipping-taxable","11":"product-type-simple"},"_links":{"self":[{"href":"https:\/\/carbitautoparts.com\/pt\/wp-json\/wp\/v2\/product\/812","targetHints":{"allow":["GET"]}}],"collection":[{"href":"https:\/\/carbitautoparts.com\/pt\/wp-json\/wp\/v2\/product"}],"about":[{"href":"https:\/\/carbitautoparts.com\/pt\/wp-json\/wp\/v2\/types\/product"}],"replies":[{"embeddable":true,"href":"https:\/\/carbitautoparts.com\/pt\/wp-json\/wp\/v2\/comments?post=812"}],"wp:featuredmedia":[{"embeddable":true,"href":"https:\/\/carbitautoparts.com\/pt\/wp-json\/wp\/v2\/media\/837"}],"wp:attachment":[{"href":"https:\/\/carbitautoparts.com\/pt\/wp-json\/wp\/v2\/media?parent=812"}],"wp:term":[{"taxonomy":"product_cat","embeddable":true,"href":"https:\/\/carbitautoparts.com\/pt\/wp-json\/wp\/v2\/product_cat?post=812"},{"taxonomy":"product_tag","embeddable":true,"href":"https:\/\/carbitautoparts.com\/pt\/wp-json\/wp\/v2\/product_tag?post=812"}],"curies":[{"name":"wp","href":"https:\/\/api.w.org\/{rel}","templated":true}]}}