{"id":828,"date":"2025-02-20T18:00:27","date_gmt":"2025-02-20T10:00:27","guid":{"rendered":"https:\/\/carbitautoparts.com\/?post_type=product&#038;p=828"},"modified":"2025-09-29T11:20:43","modified_gmt":"2025-09-29T03:20:43","slug":"mazda-3-starter-oem-88320-48150","status":"publish","type":"product","link":"https:\/\/carbitautoparts.com\/pt\/product\/mazda-3-motor-de-arranque-oem-88320-48150\/","title":{"rendered":"Arrancador MAZDA 3 6 CX-5 - OEM 88320-48150"},"content":{"rendered":"<p style=\"padding-left: 40px;\"><span style=\"font-family: verdana, geneva, sans-serif; color: #4d4949;\"><strong>Componente do sistema de igni\u00e7\u00e3o de alto desempenho para ve\u00edculos Mazda<\/strong><\/span><\/p>\n<hr \/>\n<ul>\n<li><span style=\"font-family: verdana, geneva, sans-serif; color: #5c5757;\"><span style=\"font-family: verdana, geneva, sans-serif; color: #5c5757;\"><strong><b>H<\/b><\/strong><strong><b>alto<\/b><\/strong><strong><b>\u00a0P<\/b><\/strong><strong><b>desempenho<\/b><\/strong><strong><b>\u00a0D<\/b><\/strong><strong><b>conce\u00e7\u00e3o<\/b><\/strong><strong><b>: <\/b><\/strong>Utiliza tecnologia electromagn\u00e9tica avan\u00e7ada e um sistema de engrenagens de precis\u00e3o para proporcionar uma maior efici\u00eancia de arranque e uma vida \u00fatil mais longa. Pode arrancar de forma r\u00e1pida e fi\u00e1vel tanto em ambientes extremamente frios como quentes.<\/span><\/span><\/li>\n<li><span style=\"font-family: verdana, geneva, sans-serif; color: #5c5757;\"><span style=\"font-family: verdana, geneva, sans-serif; color: #5c5757;\"><strong><b>E<\/b><\/strong><strong><b>xcelente<\/b><\/strong><strong><b>\u00a0C<\/b><\/strong><strong><b>ompatibilidade<\/b><\/strong><strong><b>: <\/b><\/strong>Fabricado em estrita conformidade com as especifica\u00e7\u00f5es da Mazda para garantir uma compatibilidade perfeita.<\/span><\/span><\/li>\n<li><span style=\"font-family: verdana, geneva, sans-serif; color: #5c5757;\"><strong><b>D<\/b><\/strong><strong><b>urabilidade<\/b><\/strong><strong><b>:<\/b><\/strong>\u00a0Utiliza materiais de elevada resist\u00eancia e revestimentos resistentes \u00e0 corros\u00e3o para garantir a durabilidade numa variedade de climas.<\/span><\/li>\n<\/ul>","protected":false},"excerpt":{"rendered":"<p><span style=\"font-family: verdana, geneva, sans-serif;\"><strong>Nome do produto\uff1a<\/strong>Motor de arranque do motor<br \/>\n<\/span><strong style=\"font-family: verdana, geneva, sans-serif;\">Garantia\uff1a<\/strong><span style=\"font-family: verdana, geneva, sans-serif;\">1 ano<br \/>\n<\/span><strong style=\"font-family: verdana, geneva, sans-serif;\">Condi\u00e7\u00e3o\uff1a<\/strong><span style=\"font-family: verdana, geneva, sans-serif;\">Novo<br \/>\n<\/span><strong style=\"font-family: verdana, geneva, sans-serif;\">Modelo de carro\uff1a<\/strong><span style=\"font-family: verdana, geneva, sans-serif;\">MAZDA 3 6 CX-5<br \/>\n<\/span><strong style=\"font-family: verdana, geneva, sans-serif;\">Tens\u00e3o:\u00a0<\/strong><span style=\"font-family: verdana, geneva, sans-serif;\">12V<br \/>\n<\/span><strong style=\"font-family: verdana, geneva, sans-serif;\">OEM NO..: <\/strong><span style=\"font-family: verdana, geneva, sans-serif;\">PE0718400<br \/>\n<\/span><strong style=\"font-family: verdana, geneva, sans-serif;\">Qualidade: <\/strong><span style=\"font-family: verdana, geneva, sans-serif;\">100% Testado<\/span><br \/>\n<strong style=\"font-family: verdana, geneva, sans-serif;\">Prazo de entrega: <\/strong><span style=\"font-family: verdana, geneva, sans-serif;\">3-7 dias<\/span><\/p>","protected":false},"featured_media":851,"comment_status":"closed","ping_status":"closed","template":"","meta":[],"product_cat":[19],"product_tag":[],"class_list":{"0":"post-828","1":"product","2":"type-product","3":"status-publish","4":"has-post-thumbnail","6":"product_cat-electric-almotor-parts","8":"first","9":"instock","10":"shipping-taxable","11":"product-type-simple"},"_links":{"self":[{"href":"https:\/\/carbitautoparts.com\/pt\/wp-json\/wp\/v2\/product\/828","targetHints":{"allow":["GET"]}}],"collection":[{"href":"https:\/\/carbitautoparts.com\/pt\/wp-json\/wp\/v2\/product"}],"about":[{"href":"https:\/\/carbitautoparts.com\/pt\/wp-json\/wp\/v2\/types\/product"}],"replies":[{"embeddable":true,"href":"https:\/\/carbitautoparts.com\/pt\/wp-json\/wp\/v2\/comments?post=828"}],"wp:featuredmedia":[{"embeddable":true,"href":"https:\/\/carbitautoparts.com\/pt\/wp-json\/wp\/v2\/media\/851"}],"wp:attachment":[{"href":"https:\/\/carbitautoparts.com\/pt\/wp-json\/wp\/v2\/media?parent=828"}],"wp:term":[{"taxonomy":"product_cat","embeddable":true,"href":"https:\/\/carbitautoparts.com\/pt\/wp-json\/wp\/v2\/product_cat?post=828"},{"taxonomy":"product_tag","embeddable":true,"href":"https:\/\/carbitautoparts.com\/pt\/wp-json\/wp\/v2\/product_tag?post=828"}],"curies":[{"name":"wp","href":"https:\/\/api.w.org\/{rel}","templated":true}]}}