{"id":868,"date":"2025-02-21T09:51:19","date_gmt":"2025-02-21T01:51:19","guid":{"rendered":"https:\/\/carbitautoparts.com\/?post_type=product&#038;p=868"},"modified":"2025-03-13T09:52:31","modified_gmt":"2025-03-13T01:52:31","slug":"chery-tiggo-3-5-7-dual-iridium-spark-plug-oem-a11-3707110ca","status":"publish","type":"product","link":"https:\/\/carbitautoparts.com\/pt\/product\/vela-de-ignicao-chery-tiggo-3-5-7-dual-iridium-oem-a11-3707110ca\/","title":{"rendered":"Vela de igni\u00e7\u00e3o dupla de ir\u00eddio Chery Tiggo 3, 5, 7 Substitui\u00e7\u00e3o-OEM A11-3707110CA"},"content":{"rendered":"<p><span style=\"font-family: verdana, geneva, sans-serif; font-size: 14pt; color: #4d4b4b;\"><strong>Desempenho de igni\u00e7\u00e3o de precis\u00e3o para maior efici\u00eancia e durabilidade<\/strong><\/span><\/p>\n<p><span style=\"font-family: verdana, geneva, sans-serif; color: #5e5c5c;\">Maximize o desempenho do motor e a economia de combust\u00edvel com o nosso\u00a0<strong>Vela de igni\u00e7\u00e3o dupla de ir\u00eddio (OEM: A11-3707110CA)<\/strong>Esta vela de igni\u00e7\u00e3o de alto desempenho foi concebida especificamente para os SUV Chery Tiggo. Concebida para cumprir ou exceder as normas OEM, esta vela de igni\u00e7\u00e3o de alto desempenho assegura uma igni\u00e7\u00e3o fi\u00e1vel, emiss\u00f5es reduzidas e uma vida \u00fatil prolongada para os modelos Tiggo 3, Tiggo 5 e Tiggo 7.<\/span><\/p>\n<hr \/>\n<ul>\n<li><span style=\"font-family: verdana, geneva, sans-serif; color: #736f6f;\"><strong><b>Vida \u00fatil mais longa<\/b><\/strong><\/span><\/li>\n<\/ul>\n<p style=\"padding-left: 40px;\"><span style=\"font-family: verdana, geneva, sans-serif; color: #736f6f;\">O material de ir\u00eddio duplo tem uma forte resist\u00eancia \u00e0 oxida\u00e7\u00e3o e a tecnologia do el\u00e9trodo lateral torna a folga da vela de igni\u00e7\u00e3o quase isenta de desgaste, prolongando assim a sua vida \u00fatil.<\/span><\/p>\n<ul>\n<li><span style=\"font-family: verdana, geneva, sans-serif; color: #736f6f;\"><strong><b>Desempenho de igni\u00e7\u00e3o mais forte<\/b><\/strong><\/span><\/li>\n<\/ul>\n<p style=\"padding-left: 40px;\"><span style=\"font-family: verdana, geneva, sans-serif; color: #736f6f;\">Design de agulha dupla de ir\u00eddio duplo, boa condutividade t\u00e9rmica, utiliza\u00e7\u00e3o da tecnologia \"hot melt\", com um elevado grau de hermeticidade. Assegura que a temperatura sobe para a temperatura de auto-limpeza dentro de alguns segundos ap\u00f3s o arranque, aumentando a taxa de igni\u00e7\u00e3o bem sucedida.<\/span><\/p>\n<ul>\n<li><span style=\"font-family: verdana, geneva, sans-serif; color: #736f6f;\"><strong><b>Igni\u00e7\u00e3o mais r\u00e1pida <\/b><\/strong><\/span><\/li>\n<\/ul>\n<p style=\"padding-left: 40px;\"><span style=\"font-family: verdana, geneva, sans-serif; color: #736f6f;\">Melhoria da efici\u00eancia do combust\u00edvel e acelera\u00e7\u00e3o mais suave.<\/span><\/p>\n<ul>\n<li><span style=\"font-family: verdana, geneva, sans-serif; color: #736f6f;\"><strong><b>Poupan\u00e7a de combust\u00edvel<\/b><\/strong><\/span><\/li>\n<\/ul>\n<p style=\"padding-left: 40px;\"><span style=\"font-family: verdana, geneva, sans-serif; color: #736f6f;\">Os el\u00e9ctrodos laterais s\u00e3o maquinados em forma de cone, o que aumenta o efeito de agrega\u00e7\u00e3o da carga e melhora o percurso da igni\u00e7\u00e3o, poupando assim combust\u00edvel e protegendo o seu catalisador de tr\u00eas vias para poupar nos custos de manuten\u00e7\u00e3o do autom\u00f3vel.<\/span><\/p>\n<ul>\n<li><span style=\"font-family: verdana, geneva, sans-serif; color: #736f6f;\"><strong><b>Resolver a vibra\u00e7\u00e3o do motor<\/b><\/strong><\/span><\/li>\n<\/ul>\n<p style=\"padding-left: 40px;\"><span style=\"font-family: verdana, geneva, sans-serif; color: #736f6f;\">Resolve eficazmente a vibra\u00e7\u00e3o do motor causada pela oxida\u00e7\u00e3o da vela de igni\u00e7\u00e3o e melhora a pot\u00eancia do motor.<\/span><\/p>","protected":false},"excerpt":{"rendered":"<p><span style=\"font-family: verdana, geneva, sans-serif; color: #4a4747;\"><strong>Nome do produto\uff1a<\/strong>Vela de igni\u00e7\u00e3o dupla de ir\u00eddio <\/span><br \/>\n<span style=\"font-family: verdana, geneva, sans-serif; color: #4a4747;\"><strong>Garantia\uff1a<\/strong>1 ano<\/span><br \/>\n<span style=\"font-family: verdana, geneva, sans-serif; color: #4a4747;\"><strong>Condi\u00e7\u00e3o\uff1a<\/strong>Novo<\/span><br \/>\n<span style=\"font-family: verdana, geneva, sans-serif; color: #4a4747;\"><strong>Modelo de carro\uff1a<\/strong>Chery Tiggo 3\/5\/7\/3X\/5pro\/7Pro\/7Plus<\/span><br \/>\n<span style=\"font-family: verdana, geneva, sans-serif; color: #4a4747;\"><strong>OEM NO..:<\/strong> A11-3707110CA\uff0cE4G16-3707110<\/span><br \/>\n<span style=\"font-family: verdana, geneva, sans-serif; color: #4a4747;\"><strong>Qualidade:<\/strong>\u00a0100% Testado<\/span><br \/>\n<span style=\"font-family: verdana, geneva, sans-serif; color: #4a4747;\"><strong>Prazo de entrega:<\/strong>\u00a03-7 dias<\/span><\/p>","protected":false},"featured_media":869,"comment_status":"closed","ping_status":"closed","template":"","meta":[],"product_cat":[18],"product_tag":[],"class_list":{"0":"post-868","1":"product","2":"type-product","3":"status-publish","4":"has-post-thumbnail","6":"product_cat-engine-parts","8":"first","9":"instock","10":"shipping-taxable","11":"product-type-simple"},"_links":{"self":[{"href":"https:\/\/carbitautoparts.com\/pt\/wp-json\/wp\/v2\/product\/868","targetHints":{"allow":["GET"]}}],"collection":[{"href":"https:\/\/carbitautoparts.com\/pt\/wp-json\/wp\/v2\/product"}],"about":[{"href":"https:\/\/carbitautoparts.com\/pt\/wp-json\/wp\/v2\/types\/product"}],"replies":[{"embeddable":true,"href":"https:\/\/carbitautoparts.com\/pt\/wp-json\/wp\/v2\/comments?post=868"}],"wp:featuredmedia":[{"embeddable":true,"href":"https:\/\/carbitautoparts.com\/pt\/wp-json\/wp\/v2\/media\/869"}],"wp:attachment":[{"href":"https:\/\/carbitautoparts.com\/pt\/wp-json\/wp\/v2\/media?parent=868"}],"wp:term":[{"taxonomy":"product_cat","embeddable":true,"href":"https:\/\/carbitautoparts.com\/pt\/wp-json\/wp\/v2\/product_cat?post=868"},{"taxonomy":"product_tag","embeddable":true,"href":"https:\/\/carbitautoparts.com\/pt\/wp-json\/wp\/v2\/product_tag?post=868"}],"curies":[{"name":"wp","href":"https:\/\/api.w.org\/{rel}","templated":true}]}}