{"id":872,"date":"2025-02-21T11:17:26","date_gmt":"2025-02-21T03:17:26","guid":{"rendered":"https:\/\/carbitautoparts.com\/?post_type=product&#038;p=872"},"modified":"2025-03-31T09:28:01","modified_gmt":"2025-03-31T01:28:01","slug":"engine-valve-cover-for-bmw-3-5-7-x3-x5-series-oem-11127570292","status":"publish","type":"product","link":"https:\/\/carbitautoparts.com\/pt\/product\/tampa-da-valvula-do-motor-para-bmw-3-5-7-x3-x5-series-oem-11127570292\/","title":{"rendered":"Tampa da v\u00e1lvula do motor para BMW 3\/5\/7\/X3\/X5 Series-OEM 11127570292"},"content":{"rendered":"<p style=\"padding-left: 40px;\"><span style=\"font-family: verdana, geneva, sans-serif; color: #5e5959;\"><strong>Prote\u00e7\u00e3o de precis\u00e3o para motores BMW<\/strong><\/span><\/p>\n<hr \/>\n<ul>\n<li><span style=\"color: #636060;\"><span style=\"font-family: verdana, geneva, sans-serif;\"><strong>Constru\u00e7\u00e3o avan\u00e7ada em pl\u00e1stico<br \/>\n<\/strong><\/span><span style=\"font-family: verdana, geneva, sans-serif;\"><strong><br \/>\n-Material de alta resist\u00eancia<\/strong><br \/>\n<\/span><span style=\"font-family: verdana, geneva, sans-serif;\"><strong>-V\u00e1lvula PCV integrada<\/strong> para uma ventila\u00e7\u00e3o exacta do c\u00e1rter.<br \/>\n<\/span><span style=\"font-family: verdana, geneva, sans-serif;\"><strong>-Resistente ao calor<\/strong> at\u00e9 180\u00b0C (356\u00b0F) para motores turboalimentados.<\/span><\/span><\/li>\n<li><span style=\"font-family: verdana, geneva, sans-serif; color: #636060;\"><strong>Design sem fugas<\/strong><\/span><span style=\"color: #636060;\"><span style=\"font-family: verdana, geneva, sans-serif;\"><strong>-Pr\u00e9-instalado h<\/strong><\/span><strong><span style=\"font-family: verdana, geneva, sans-serif;\">borracha de alta qualidade <\/span><\/strong><span style=\"font-family: verdana, geneva, sans-serif;\"><strong>junta<\/strong> com tecnologia de veda\u00e7\u00e3o multi-camadas,<br \/>\n<\/span><span style=\"font-family: verdana, geneva, sans-serif;\">resistente a altas temperaturas e resistente \u00e0 corros\u00e3o para uma vida \u00fatil mais longa.<br \/>\n<\/span><strong style=\"font-family: verdana, geneva, sans-serif;\">-Costelas anti-estilha\u00e7amento<\/strong><span style=\"font-family: verdana, geneva, sans-serif;\">\u00a0para uma estabilidade a longo prazo<\/span><\/span><\/li>\n<li><span style=\"color: #636060;\"><strong><span style=\"font-family: verdana, geneva, sans-serif;\">Design original de tamanho exato<\/span><\/strong><\/span><span style=\"font-family: verdana, geneva, sans-serif; color: #636060;\">O design original de tamanho exato \u00e9 f\u00e1cil e r\u00e1pido de instalar, sem necessidade de modifica\u00e7\u00e3o.<\/span><\/li>\n<\/ul>\n<p>&nbsp;<\/p>","protected":false},"excerpt":{"rendered":"<p><span style=\"font-family: verdana, geneva, sans-serif;\"><strong>Nome do produto\uff1a<\/strong>Conjunto do farol<\/span><br \/>\n<span style=\"font-family: verdana, geneva, sans-serif;\"><strong>Garantia\uff1a<\/strong>1 ano<\/span><br \/>\n<span style=\"font-family: verdana, geneva, sans-serif;\"><strong>Condi\u00e7\u00e3o\uff1a<\/strong>Novo<\/span><br \/>\n<span style=\"font-family: verdana, geneva, sans-serif;\"><strong>Modelo de carro\uff1a<\/strong>BMW S\u00e9ries 1\/3\/5\/6\/7\/X3\/X5\/X6<\/span><br \/>\n<span style=\"font-family: verdana, geneva, sans-serif;\"><strong>OEM NO..:<\/strong> 11127570292<\/span><br \/>\n<span style=\"font-family: verdana, geneva, sans-serif;\"><strong>Qualidade:<\/strong>\u00a0100% Testado<\/span><br \/>\n<span style=\"font-family: verdana, geneva, sans-serif;\"><strong>Prazo de entrega:<\/strong>\u00a03-7 dias<\/span><\/p>","protected":false},"featured_media":881,"comment_status":"closed","ping_status":"closed","template":"","meta":[],"product_cat":[18],"product_tag":[],"class_list":{"0":"post-872","1":"product","2":"type-product","3":"status-publish","4":"has-post-thumbnail","6":"product_cat-engine-parts","8":"first","9":"instock","10":"shipping-taxable","11":"product-type-simple"},"_links":{"self":[{"href":"https:\/\/carbitautoparts.com\/pt\/wp-json\/wp\/v2\/product\/872","targetHints":{"allow":["GET"]}}],"collection":[{"href":"https:\/\/carbitautoparts.com\/pt\/wp-json\/wp\/v2\/product"}],"about":[{"href":"https:\/\/carbitautoparts.com\/pt\/wp-json\/wp\/v2\/types\/product"}],"replies":[{"embeddable":true,"href":"https:\/\/carbitautoparts.com\/pt\/wp-json\/wp\/v2\/comments?post=872"}],"wp:featuredmedia":[{"embeddable":true,"href":"https:\/\/carbitautoparts.com\/pt\/wp-json\/wp\/v2\/media\/881"}],"wp:attachment":[{"href":"https:\/\/carbitautoparts.com\/pt\/wp-json\/wp\/v2\/media?parent=872"}],"wp:term":[{"taxonomy":"product_cat","embeddable":true,"href":"https:\/\/carbitautoparts.com\/pt\/wp-json\/wp\/v2\/product_cat?post=872"},{"taxonomy":"product_tag","embeddable":true,"href":"https:\/\/carbitautoparts.com\/pt\/wp-json\/wp\/v2\/product_tag?post=872"}],"curies":[{"name":"wp","href":"https:\/\/api.w.org\/{rel}","templated":true}]}}