{"id":877,"date":"2025-02-21T11:42:47","date_gmt":"2025-02-21T03:42:47","guid":{"rendered":"https:\/\/carbitautoparts.com\/?post_type=product&#038;p=877"},"modified":"2025-05-06T15:35:31","modified_gmt":"2025-05-06T07:35:31","slug":"engine-oil-pan-for-golf-tiguan-oem-06k103600r","status":"publish","type":"product","link":"https:\/\/carbitautoparts.com\/pt\/product\/carter-de-oleo-do-motor-para-golf-tiguan-oem-06k103600r\/","title":{"rendered":"Reservat\u00f3rio de \u00f3leo do motor para Golf, Tiguan-OEM 06K103600R"},"content":{"rendered":"<h1><span style=\"font-family: verdana, geneva, sans-serif; font-size: 18pt; color: #3d3b3b;\"><strong>Reservat\u00f3rio de \u00f3leo do motor para VW Golf\/Tiguan | OEM 06K103600R<\/strong><\/span><\/h1>\n<p><span style=\"font-family: verdana, geneva, sans-serif; color: #524e4e;\"><strong>Reservat\u00f3rio de \u00f3leo em pl\u00e1stico polim\u00e9rico refor\u00e7ado de alto desempenho para maior durabilidade e preven\u00e7\u00e3o de fugas<\/strong><\/span><\/p>\n<p><span style=\"font-family: verdana, geneva, sans-serif; color: #524e4e;\">Garanta uma prote\u00e7\u00e3o fi\u00e1vel do motor e uma \u00f3ptima circula\u00e7\u00e3o de \u00f3leo com a nossa gama OEM\u00a0<strong>C\u00e1rter de \u00f3leo do motor<\/strong> <strong>(OEM:<\/strong> <strong>06K103600R)<\/strong>. Concebido para os modelos Volkswagen Golf e Tiguan, este c\u00e1rter de \u00f3leo combina uma constru\u00e7\u00e3o leve com uma durabilidade superior, o que o torna um substituto ideal para unidades gastas ou danificadas.<\/span><\/p>\n<hr \/>\n<ul>\n<li><span style=\"font-family: verdana, geneva, sans-serif; color: #4a4646;\"><strong>Equipamento OEM exato<\/strong><\/span><br \/>\n<span style=\"color: #4a4646;\"><span style=\"color: #4a4646;\"><span style=\"font-family: verdana, geneva, sans-serif;\">Compat\u00edvel com:<br \/>\n<\/span><span style=\"font-family: verdana, geneva, sans-serif;\"><strong>VW Golf Mk7<\/strong> (2013-2021)<br \/>\n<\/span><span style=\"font-family: verdana, geneva, sans-serif;\"><strong>VW Tiguan Mk2<\/strong> (2016-2021)<\/span><\/span><\/span><\/li>\n<li><span style=\"font-family: verdana, geneva, sans-serif; color: #4a4646;\"><strong>Material e durabilidade<\/strong><\/span><br class=\"container_fd70d wrapper_80cf2 undefined\" \/><span style=\"font-family: verdana, geneva, sans-serif; color: #4a4646;\"><strong>Pol\u00edmero refor\u00e7ado de alta qualidade<\/strong>: Concebida com tecnologia termopl\u00e1stica avan\u00e7ada para<br \/>\nresist\u00eancia superior ao calor, \u00e0 corros\u00e3o e ao impacto.<\/span><br class=\"container_fd70d wrapper_80cf2 undefined\" \/><span style=\"font-family: verdana, geneva, sans-serif; color: #4a4646;\"><strong>Design leve<\/strong>: Reduz o peso total do motor, mantendo a integridade estrutural.<\/span><br class=\"container_fd70d wrapper_80cf2 undefined\" \/><span style=\"color: #4a4646;\"><span style=\"color: #4a4646;\"><span style=\"font-family: verdana, geneva, sans-serif;\"><strong>Constru\u00e7\u00e3o \u00e0 prova de fugas<\/strong>: As costuras moldadas com precis\u00e3o e os canais de veda\u00e7\u00e3o integrados garantem uma<br \/>\nveda\u00e7\u00e3o fi\u00e1vel, evitando fugas de \u00f3leo.<br \/>\n<\/span><span style=\"font-family: verdana, geneva, sans-serif;\"><strong>Resistente ao calor<\/strong> at\u00e9 150\u00b0C (302\u00b0F) - ideal para motores turboalimentados.<\/span><\/span><\/span><\/li>\n<li><span style=\"font-family: verdana, geneva, sans-serif; color: #4a4646;\"><strong>Carater\u00edsticas principais<\/strong><\/span><br class=\"container_fd70d wrapper_80cf2 undefined\" \/><span style=\"font-family: verdana, geneva, sans-serif; color: #4a4646;\"><strong>Substitui\u00e7\u00e3o direta do OEM<\/strong>: Garantia de montagem exacta para uma instala\u00e7\u00e3o sem problemas.<\/span><br class=\"container_fd70d wrapper_80cf2 undefined\" \/><span style=\"font-family: verdana, geneva, sans-serif; color: #4a4646;\"><strong>Circula\u00e7\u00e3o de \u00f3leo optimizada<\/strong>: O design do deflector interno minimiza o derramamento de \u00f3leo, melhorando a efici\u00eancia da lubrifica\u00e7\u00e3o.<\/span><br class=\"container_fd70d wrapper_80cf2 undefined\" \/><span style=\"font-family: verdana, geneva, sans-serif; color: #4a4646;\"><strong>Vida \u00fatil prolongada<\/strong>: Resistente \u00e0 degrada\u00e7\u00e3o qu\u00edmica dos \u00f3leos de motor e aditivos.<\/span><\/li>\n<\/ul>","protected":false},"excerpt":{"rendered":"<p><span style=\"font-family: verdana, geneva, sans-serif; color: #5e5858;\"><strong>Nome do produto\uff1a<\/strong>C\u00e1rter de \u00f3leo do motor<\/span><br \/>\n<span style=\"font-family: verdana, geneva, sans-serif; color: #5e5858;\"><strong>Garantia\uff1a<\/strong>1 ano<\/span><br \/>\n<span style=\"font-family: verdana, geneva, sans-serif; color: #5e5858;\"><strong>Condi\u00e7\u00e3o\uff1a<\/strong>Novo<\/span><br \/>\n<span style=\"font-family: verdana, geneva, sans-serif; color: #5e5858;\"><strong>Modelo de carro\uff1a<\/strong><span style=\"font-family: verdana, geneva, sans-serif;\">Volkswagen Golf e Tiguan<\/span><\/span><br \/>\n<span style=\"color: #5e5858;\"><span style=\"font-family: verdana, geneva, sans-serif;\"><strong>OEM NO..:<\/strong>06K103600R<br \/>\n<\/span><strong style=\"font-family: verdana, geneva, sans-serif;\">Qualidade:<\/strong><span style=\"font-family: verdana, geneva, sans-serif;\"> 100% Testado<br \/>\n<\/span><strong style=\"font-family: verdana, geneva, sans-serif;\">Prazo de entrega:<\/strong><span style=\"font-family: verdana, geneva, sans-serif;\">\u00a03-7 dias<\/span><\/span><\/p>","protected":false},"featured_media":878,"comment_status":"closed","ping_status":"closed","template":"","meta":[],"product_cat":[18],"product_tag":[],"class_list":{"0":"post-877","1":"product","2":"type-product","3":"status-publish","4":"has-post-thumbnail","6":"product_cat-engine-parts","8":"first","9":"instock","10":"featured","11":"shipping-taxable","12":"product-type-simple"},"_links":{"self":[{"href":"https:\/\/carbitautoparts.com\/pt\/wp-json\/wp\/v2\/product\/877","targetHints":{"allow":["GET"]}}],"collection":[{"href":"https:\/\/carbitautoparts.com\/pt\/wp-json\/wp\/v2\/product"}],"about":[{"href":"https:\/\/carbitautoparts.com\/pt\/wp-json\/wp\/v2\/types\/product"}],"replies":[{"embeddable":true,"href":"https:\/\/carbitautoparts.com\/pt\/wp-json\/wp\/v2\/comments?post=877"}],"wp:featuredmedia":[{"embeddable":true,"href":"https:\/\/carbitautoparts.com\/pt\/wp-json\/wp\/v2\/media\/878"}],"wp:attachment":[{"href":"https:\/\/carbitautoparts.com\/pt\/wp-json\/wp\/v2\/media?parent=877"}],"wp:term":[{"taxonomy":"product_cat","embeddable":true,"href":"https:\/\/carbitautoparts.com\/pt\/wp-json\/wp\/v2\/product_cat?post=877"},{"taxonomy":"product_tag","embeddable":true,"href":"https:\/\/carbitautoparts.com\/pt\/wp-json\/wp\/v2\/product_tag?post=877"}],"curies":[{"name":"wp","href":"https:\/\/api.w.org\/{rel}","templated":true}]}}