{"id":891,"date":"2025-02-21T19:33:21","date_gmt":"2025-02-21T11:33:21","guid":{"rendered":"https:\/\/carbitautoparts.com\/?post_type=product&#038;p=891"},"modified":"2025-03-07T17:36:57","modified_gmt":"2025-03-07T09:36:57","slug":"carbon-ceramic-car-brake-disc-for-audi-s6-s7-c7-rs5-rs6-rs7-porsche","status":"publish","type":"product","link":"https:\/\/carbitautoparts.com\/pt\/product\/disco-de-travao-de-carro-em-ceramica-de-carbono-para-audi-s6-s7-c7-rs5-rs6-rs7-porsche\/","title":{"rendered":"Disco de trav\u00e3o de carro em cer\u00e2mica de carbono para Audi S6 S7 C7 RS5 RS6 RS7"},"content":{"rendered":"<h1 style=\"padding-left: 40px;\"><span style=\"font-family: verdana, geneva, sans-serif;\"><strong>Disco de trav\u00e3o em cer\u00e2mica de carbono | Travagem de alto desempenho para autom\u00f3veis de luxo e desportivos<\/strong><\/span><\/h1>\n<hr \/>\n<p style=\"padding-left: 40px;\"><span style=\"font-family: verdana, geneva, sans-serif;\"><strong>Poder de travagem e durabilidade inigual\u00e1veis<\/strong><\/span><\/p>\n<p style=\"padding-left: 40px;\"><span style=\"font-family: verdana, geneva, sans-serif;\">Melhore o sistema de travagem do seu ve\u00edculo com os nossos produtos premium\u00a0<strong>Discos de trav\u00e3o de cer\u00e2mica de carbono<\/strong>Concebidos para uma condu\u00e7\u00e3o de alto desempenho. Concebidos para proporcionar uma pot\u00eancia de travagem superior, peso reduzido e durabilidade excecional, estes discos de trav\u00e3o s\u00e3o a melhor escolha para os entusiastas de autom\u00f3veis de luxo e desportivos.<\/span><\/p>\n<p>\u00a0 \u00a0 <img fetchpriority=\"high\" decoding=\"async\" class=\"size-large wp-image-903 aligncenter\" src=\"https:\/\/carbitautoparts.com\/wp-content\/uploads\/2025\/02\/9cbfb11d7c6a9731f4bc0be0912af6c7-1024x569.jpg\" alt=\"\" width=\"1024\" height=\"569\" srcset=\"https:\/\/carbitautoparts.com\/wp-content\/uploads\/2025\/02\/9cbfb11d7c6a9731f4bc0be0912af6c7-1024x569.jpg 1024w, https:\/\/carbitautoparts.com\/wp-content\/uploads\/2025\/02\/9cbfb11d7c6a9731f4bc0be0912af6c7-300x167.jpg 300w, https:\/\/carbitautoparts.com\/wp-content\/uploads\/2025\/02\/9cbfb11d7c6a9731f4bc0be0912af6c7-768x427.jpg 768w, https:\/\/carbitautoparts.com\/wp-content\/uploads\/2025\/02\/9cbfb11d7c6a9731f4bc0be0912af6c7-600x333.jpg 600w, https:\/\/carbitautoparts.com\/wp-content\/uploads\/2025\/02\/9cbfb11d7c6a9731f4bc0be0912af6c7-150x83.jpg 150w, https:\/\/carbitautoparts.com\/wp-content\/uploads\/2025\/02\/9cbfb11d7c6a9731f4bc0be0912af6c7.jpg 1080w\" sizes=\"(max-width: 1024px) 100vw, 1024px\" \/><\/p>\n<p>&nbsp;<\/p>\n<ul>\n<li><span style=\"font-family: verdana, geneva, sans-serif;\"><strong><b>Peso leve:<\/b><\/strong><\/span><\/li>\n<\/ul>\n<p style=\"padding-left: 40px;\"><span style=\"font-family: verdana, geneva, sans-serif;\">Torna o autom\u00f3vel mais flex\u00edvel. A densidade \u00e9 apenas 1\/3 do ferro fundido cinzento, reduz eficazmente o peso sob o amortecedor, melhora o manuseamento do ve\u00edculo.<\/span><\/p>\n<ul>\n<li><span style=\"font-family: verdana, geneva, sans-serif;\"><strong><b>Coeficiente de fric\u00e7\u00e3o elevado.<\/b><\/strong><\/span><\/li>\n<\/ul>\n<p style=\"padding-left: 40px;\"><span style=\"font-family: verdana, geneva, sans-serif;\">A dist\u00e2ncia de travagem mais curta garante uma travagem mais segura.<\/span><\/p>\n<p style=\"padding-left: 40px;\"><span style=\"font-family: verdana, geneva, sans-serif;\">O sistema de travagem em carbono-cer\u00e2mica oferece um melhor desempenho de travagem, tornando o processo de travagem mais seguro e fi\u00e1vel.<\/span><\/p>\n<ul>\n<li><span style=\"font-family: verdana, geneva, sans-serif;\"><strong><b>Sem atenua\u00e7\u00e3o do estado h\u00famido. <\/b><\/strong><\/span><\/li>\n<\/ul>\n<p style=\"padding-left: 40px;\"><span style=\"font-family: verdana, geneva, sans-serif;\">A for\u00e7a de travagem n\u00e3o diminui em dias de chuva.<\/span><\/p>\n<ul>\n<li><span style=\"font-family: verdana, geneva, sans-serif;\"><strong><b>Sem atenua\u00e7\u00e3o do calor <\/b><\/strong><\/span><\/li>\n<\/ul>\n<p style=\"padding-left: 40px;\"><span style=\"font-family: verdana, geneva, sans-serif;\">Em condi\u00e7\u00f5es de travagem cont\u00ednua a alta temperatura (1200\u00b0C), a for\u00e7a de travagem do sistema de travagem de carbono-cer\u00e2mica quase n\u00e3o sofre atenua\u00e7\u00e3o.<\/span><\/p>\n<ul>\n<li><span style=\"font-family: verdana, geneva, sans-serif;\"><strong><b>Boa estabilidade qu\u00edmica <\/b><\/strong><\/span><\/li>\n<\/ul>\n<p style=\"padding-left: 40px;\"><span style=\"font-family: verdana, geneva, sans-serif;\">Sem ferrugem, resistente \u00e0 eros\u00e3o \u00e1cida, alcalina e salina.<\/span><\/p>\n<ul>\n<li><span style=\"font-family: verdana, geneva, sans-serif;\"><strong><b>Longa vida \u00fatil<\/b><\/strong><\/span><\/li>\n<\/ul>\n<p style=\"padding-left: 40px;\"><span style=\"font-family: verdana, geneva, sans-serif;\">A vida \u00fatil \u00e9 muito mais longa do que a dos discos de trav\u00e3o tradicionais em ferro fundido.<\/span><\/p>","protected":false},"excerpt":{"rendered":"<p><span style=\"font-family: verdana, geneva, sans-serif;\"><strong>Nome do produto\uff1a<\/strong>Disco de trav\u00e3o de cer\u00e2mica de carbono<\/span><br \/>\n<span style=\"font-family: verdana, geneva, sans-serif;\"><strong>Garantia\uff1a<\/strong>1 ano<\/span><br \/>\n<span style=\"font-family: verdana, geneva, sans-serif;\"><strong>Condi\u00e7\u00e3o\uff1a<\/strong>Novo<br \/>\n<strong>Densidade:\u00a0 <\/strong>2,0\u00b10,05g\/cm3<br \/>\n<strong>Resist\u00eancia \u00e0 tra\u00e7\u00e3o: <\/strong>87MPa<br \/>\n<strong>Resist\u00eancia \u00e0 compress\u00e3o:<\/strong> 212MPa<br \/>\n<strong>Resist\u00eancia \u00e0 flex\u00e3o: <\/strong>189MPa<br \/>\n<strong>Resist\u00eancia ao cisalhamento interlaminar: <\/strong>26MPa<br \/>\n<strong>Resist\u00eancia ao cisalhamento no plano: <\/strong>49MPa<br \/>\n<strong>Calor espec\u00edfico \u00e0 temperatura ambiente: <\/strong>1140-1880(RT-1200\u00baC)J\/kg\u00b7k<br \/>\n<strong>Condutividade t\u00e9rmica: <\/strong>40~50W\/mK<\/span><br \/>\n<span style=\"font-family: verdana, geneva, sans-serif;\"><strong>Qualidade:<\/strong>\u00a0100% Testado<\/span><\/p>","protected":false},"featured_media":911,"comment_status":"closed","ping_status":"closed","template":"","meta":[],"product_cat":[15],"product_tag":[],"class_list":{"0":"post-891","1":"product","2":"type-product","3":"status-publish","4":"has-post-thumbnail","6":"product_cat-brake-parts","8":"first","9":"instock","10":"shipping-taxable","11":"product-type-simple"},"_links":{"self":[{"href":"https:\/\/carbitautoparts.com\/pt\/wp-json\/wp\/v2\/product\/891","targetHints":{"allow":["GET"]}}],"collection":[{"href":"https:\/\/carbitautoparts.com\/pt\/wp-json\/wp\/v2\/product"}],"about":[{"href":"https:\/\/carbitautoparts.com\/pt\/wp-json\/wp\/v2\/types\/product"}],"replies":[{"embeddable":true,"href":"https:\/\/carbitautoparts.com\/pt\/wp-json\/wp\/v2\/comments?post=891"}],"wp:featuredmedia":[{"embeddable":true,"href":"https:\/\/carbitautoparts.com\/pt\/wp-json\/wp\/v2\/media\/911"}],"wp:attachment":[{"href":"https:\/\/carbitautoparts.com\/pt\/wp-json\/wp\/v2\/media?parent=891"}],"wp:term":[{"taxonomy":"product_cat","embeddable":true,"href":"https:\/\/carbitautoparts.com\/pt\/wp-json\/wp\/v2\/product_cat?post=891"},{"taxonomy":"product_tag","embeddable":true,"href":"https:\/\/carbitautoparts.com\/pt\/wp-json\/wp\/v2\/product_tag?post=891"}],"curies":[{"name":"wp","href":"https:\/\/api.w.org\/{rel}","templated":true}]}}