{"id":916,"date":"2025-02-23T17:32:42","date_gmt":"2025-02-23T09:32:42","guid":{"rendered":"https:\/\/carbitautoparts.com\/?post_type=product&#038;p=916"},"modified":"2025-03-07T17:31:27","modified_gmt":"2025-03-07T09:31:27","slug":"front-bumper-for-tesla-model-3-oem-1084168s0e","status":"publish","type":"product","link":"https:\/\/carbitautoparts.com\/pt\/product\/para-choques-dianteiro-para-tesla-model-3-oem-1084168s0e\/","title":{"rendered":"Para-choques dianteiro para Tesla Model 3 | OEM 1084168S0E"},"content":{"rendered":"<h1><span style=\"font-family: verdana, geneva, sans-serif; color: #3d3b3b; font-size: 14pt;\"><strong>Para-choques dianteiro do Tesla Model 3 | Substitui\u00e7\u00e3o OEM 1084168S0E<\/strong><\/span><\/h1>\n<p><span style=\"font-family: verdana, geneva, sans-serif; color: #615d5d;\"><strong>Concebida com precis\u00e3o para um encaixe perfeito e durabilidade<br \/>\n<\/strong><\/span><span style=\"font-family: verdana, geneva, sans-serif; color: #666060;\">Restaure a est\u00e9tica elegante e a integridade estrutural do seu Tesla Model 3 com o nosso produto de qualidade OEM<br \/>\npara-choques dianteiro (OEM:1084168S0E). Concebido para cumprir as especifica\u00e7\u00f5es exactas da Tesla, este<br \/>\nO para-choques combina efici\u00eancia aerodin\u00e2mica, resist\u00eancia ao impacto e estilo de f\u00e1brica<br \/>\npara um acabamento perfeito.<\/span><\/p>\n<hr \/>\n<ul>\n<li><b><\/b><span style=\"font-family: verdana, geneva, sans-serif; color: #545151;\"><span style=\"font-family: verdana, geneva, sans-serif; color: #545151;\"><strong><b>Material duradouro:<\/b><\/strong><strong><b><br \/>\n<\/b><\/strong>Constru\u00eddo em poliuretano termopl\u00e1stico (TPU) de alta resist\u00eancia, garantindo leveza<br \/>\nmas com um desempenho resistente ao impacto.<\/span><\/span>&nbsp;<\/li>\n<li><span style=\"font-family: verdana, geneva, sans-serif; color: #545151;\"><strong><b>Instala\u00e7\u00e3o f\u00e1cil:<\/b><\/strong><\/span><br \/>\n<span style=\"color: #545151;\"><span style=\"color: #545151;\"><span style=\"font-family: verdana, geneva, sans-serif;\">O design de encaixe preciso garante uma substitui\u00e7\u00e3o r\u00e1pida e sem complica\u00e7\u00f5es.<\/span><\/span><\/span>&nbsp;<\/li>\n<li><span style=\"font-family: verdana, geneva, sans-serif; color: #545151;\"><strong><b>Conce\u00e7\u00e3o aerodin\u00e2mica:<\/b><\/strong><\/span><br \/>\n<span style=\"font-family: verdana, geneva, sans-serif; color: #545151;\"><span style=\"font-family: verdana, geneva, sans-serif; color: #545151;\">Optimizado para o fluxo de ar para reduzir a resist\u00eancia e aumentar a efici\u00eancia do ve\u00edculo.<br \/>\nIntegra\u00e7\u00e3o perfeita com os sensores do Autopilot da Tesla.<\/span><\/span>&nbsp;<\/li>\n<li><span style=\"color: #545151;\"><strong style=\"font-family: verdana, geneva, sans-serif;\"><b>Seguran\u00e7a integrada:<br \/>\n<\/b><\/strong><span style=\"font-family: verdana, geneva, sans-serif;\">Concebido para absorver eficazmente a energia de impacto, proporcionando uma prote\u00e7\u00e3o adicional em caso de colis\u00e3o.<\/span><\/span><\/li>\n<\/ul>","protected":false},"excerpt":{"rendered":"<p><span style=\"color: #5c5858;\"><span style=\"font-family: verdana, geneva, sans-serif;\"><strong>Nome do produto\uff1a<\/strong><\/span><span style=\"font-family: verdana, geneva, sans-serif;\">Para-choques dianteiro do Tesla Model 3<br \/>\n<\/span><strong style=\"font-family: verdana, geneva, sans-serif;\">Garantia\uff1a<\/strong><span style=\"font-family: verdana, geneva, sans-serif;\">1 ano<br \/>\n<\/span><strong style=\"font-family: verdana, geneva, sans-serif;\">Condi\u00e7\u00e3o\uff1a<\/strong><span style=\"font-family: verdana, geneva, sans-serif;\">Novo<br \/>\n<\/span><strong style=\"font-family: verdana, geneva, sans-serif;\">Modelo de carro\uff1a<\/strong><span style=\"font-family: verdana, geneva, sans-serif;\">Tesla Model 3 Y<br \/>\n<strong>OEM NO..:<\/strong> 1084168S0E<br \/>\n<\/span><strong style=\"font-family: verdana, geneva, sans-serif;\">Material:<\/strong> <span style=\"font-family: verdana, geneva, sans-serif;\">TPU<br \/>\n<\/span><span style=\"font-family: verdana, geneva, sans-serif;\"><strong>Acabamento:<\/strong>\u00a0Prim\u00e1rio preto texturado (pronto a pintar)<br \/>\n<\/span><span style=\"font-family: verdana, geneva, sans-serif;\"><strong>Integra\u00e7\u00e3o de sensores:<\/strong>\u00a0Suporta piloto autom\u00e1tico, sensores de estacionamento e c\u00e2maras<br \/>\n<\/span><span style=\"font-family: verdana, geneva, sans-serif;\"><strong>Qualidade:<\/strong>\u00a0100% Testado<\/span><\/span><br \/>\n<span style=\"font-family: verdana, geneva, sans-serif; color: #5c5858;\"><strong>Prazo de entrega:<\/strong>\u00a03-7 dias<\/span><\/p>","protected":false},"featured_media":917,"comment_status":"closed","ping_status":"closed","template":"","meta":[],"product_cat":[24],"product_tag":[],"class_list":{"0":"post-916","1":"product","2":"type-product","3":"status-publish","4":"has-post-thumbnail","6":"product_cat-body-parts","8":"first","9":"instock","10":"shipping-taxable","11":"product-type-simple"},"_links":{"self":[{"href":"https:\/\/carbitautoparts.com\/pt\/wp-json\/wp\/v2\/product\/916","targetHints":{"allow":["GET"]}}],"collection":[{"href":"https:\/\/carbitautoparts.com\/pt\/wp-json\/wp\/v2\/product"}],"about":[{"href":"https:\/\/carbitautoparts.com\/pt\/wp-json\/wp\/v2\/types\/product"}],"replies":[{"embeddable":true,"href":"https:\/\/carbitautoparts.com\/pt\/wp-json\/wp\/v2\/comments?post=916"}],"wp:featuredmedia":[{"embeddable":true,"href":"https:\/\/carbitautoparts.com\/pt\/wp-json\/wp\/v2\/media\/917"}],"wp:attachment":[{"href":"https:\/\/carbitautoparts.com\/pt\/wp-json\/wp\/v2\/media?parent=916"}],"wp:term":[{"taxonomy":"product_cat","embeddable":true,"href":"https:\/\/carbitautoparts.com\/pt\/wp-json\/wp\/v2\/product_cat?post=916"},{"taxonomy":"product_tag","embeddable":true,"href":"https:\/\/carbitautoparts.com\/pt\/wp-json\/wp\/v2\/product_tag?post=916"}],"curies":[{"name":"wp","href":"https:\/\/api.w.org\/{rel}","templated":true}]}}