{"id":923,"date":"2025-02-24T10:45:34","date_gmt":"2025-02-24T02:45:34","guid":{"rendered":"https:\/\/carbitautoparts.com\/?post_type=product&#038;p=923"},"modified":"2025-03-12T16:23:05","modified_gmt":"2025-03-12T08:23:05","slug":"nissan-sylphy-almera-tiida-alternator-oem-23100-5ma2a","status":"publish","type":"product","link":"https:\/\/carbitautoparts.com\/pt\/product\/nissan-sylphy-almera-tiida-alternador-oem-23100-5ma2a\/","title":{"rendered":"Alternador Nissan Sylphy\/Almera\/Tiida - OEM 23100-5MA2A"},"content":{"rendered":"<h1><span style=\"font-family: verdana, geneva, sans-serif; color: #575353; font-size: 18pt;\"><strong>Alternador para Nissan Sylphy\/Almera\/Tiida HR16DE | Sistema de carregamento de alta efici\u00eancia<\/strong><\/span><\/h1>\n<p><span style=\"font-family: verdana, geneva, sans-serif; color: #4a4747;\"><strong>Substitui\u00e7\u00e3o de n\u00edvel OEM para uma sa\u00edda de pot\u00eancia fi\u00e1vel<\/strong><\/span><\/p>\n<p><span style=\"font-family: verdana, geneva, sans-serif; color: #4a4747;\">Garanta um desempenho el\u00e9trico consistente e o carregamento da bateria do seu ve\u00edculo Nissan com<br \/>\no nosso alternador de engenharia de precis\u00e3o, concebido especificamente para os motores HR16DE. Este alternador de encaixe direto<br \/>\nA substitui\u00e7\u00e3o proporciona fiabilidade, durabilidade e efici\u00eancia de n\u00edvel OEM para o Nissan Sylphy, Almera,<br \/>\ne Tiida.<\/span><\/p>\n<hr \/>\n<ul>\n<li><span style=\"font-family: verdana, geneva, sans-serif; color: #6b6767;\"><strong>Equipamento OEM exato<\/strong><\/span><br \/>\n<span style=\"color: #6b6767;\"><span style=\"font-family: verdana, geneva, sans-serif;\">Compat\u00edvel com:<br \/>\n<\/span><span style=\"font-family: verdana, geneva, sans-serif;\"><strong>-Nissan Sylphy<\/strong> (2012-2019) - motor HR16DE<br \/>\n<\/span><span style=\"font-family: verdana, geneva, sans-serif;\"><strong>-Nissan Almera<\/strong> (2011-2020) - motor HR16DE<br \/>\n<\/span><span style=\"font-family: verdana, geneva, sans-serif;\"><span style=\"font-family: verdana, geneva, sans-serif;\"><strong>-Nissan Tiida<\/strong> (2007-2014) - motor HR16DE<\/span><\/span><\/span><\/li>\n<li><span style=\"color: #6b6767;\"><span style=\"font-family: verdana, geneva, sans-serif;\"><strong>Desempenho de alta efici\u00eancia<br \/>\n<\/strong><\/span><span style=\"font-family: verdana, geneva, sans-serif;\"><strong>Sa\u00edda m\u00e1xima de -120A<\/strong>\u00a0assegura uma alimenta\u00e7\u00e3o est\u00e1vel para a eletr\u00f3nica, CA e ilumina\u00e7\u00e3o<br \/>\n<\/span><span style=\"font-family: verdana, geneva, sans-serif;\"><strong>-Regulador de tens\u00e3o integrado<\/strong>\u00a0(gama 13,5-14,8 V) para um carregamento \u00f3timo da bateria<br \/>\n<\/span><span style=\"font-family: verdana, geneva, sans-serif;\"><span style=\"font-family: verdana, geneva, sans-serif;\"><strong>-Funcionamento com baixo n\u00edvel de ru\u00eddo<\/strong>\u00a0(&lt;68 dB) com rotor equilibrado de precis\u00e3o<\/span><\/span><\/span><\/li>\n<li><span style=\"color: #6b6767;\"><span style=\"font-family: verdana, geneva, sans-serif;\"><strong>Constru\u00e7\u00e3o duradoura<br \/>\n<\/strong><\/span><span style=\"font-family: verdana, geneva, sans-serif;\"><strong>-Caixa em alum\u00ednio fundido sob press\u00e3o<\/strong>\u00a0com revestimento resistente ao calor (at\u00e9 150\u00b0C)<br \/>\n<\/span><span style=\"font-family: verdana, geneva, sans-serif;\"><strong>-Vida \u00fatil da escova de carbono<\/strong>: Mais de 150.000 quil\u00f3metros<br \/>\n<\/span><span style=\"font-family: verdana, geneva, sans-serif;\"><span style=\"font-family: verdana, geneva, sans-serif;\"><strong>-Classifica\u00e7\u00e3o -IP55<\/strong>\u00a0resist\u00eancia ao p\u00f3 e \u00e0 \u00e1gua<\/span><\/span><\/span><\/li>\n<li><span style=\"color: #6b6767;\"><span style=\"font-family: verdana, geneva, sans-serif;\"><strong>Instala\u00e7\u00e3o f\u00e1cil<br \/>\n<\/strong><\/span><span style=\"font-family: verdana, geneva, sans-serif;\">-Substitui\u00e7\u00e3o direta aparafusada (pontos de montagem e alinhamento da polia do equipamento original)<br \/>\n<\/span><span style=\"font-family: verdana, geneva, sans-serif;\">-Conectores pr\u00e9-instalados para cablagem \"plug-and-play<br \/>\n<\/span><\/span><span style=\"font-family: verdana, geneva, sans-serif;\"><span style=\"color: #6b6767;\">-N\u00e3o \u00e9 necess\u00e1ria qualquer programa\u00e7\u00e3o ou modifica\u00e7\u00e3o<\/span>d<\/span><\/li>\n<\/ul>","protected":false},"excerpt":{"rendered":"<p><span style=\"color: #696464;\"><span style=\"font-family: verdana, geneva, sans-serif;\"><strong>Nome do produto\uff1a<\/strong><\/span><span style=\"font-family: verdana, geneva, sans-serif;\">Alternador<br \/>\n<\/span><span style=\"font-family: verdana, geneva, sans-serif;\"><strong>Garantia\uff1a<\/strong>1 ano<\/span><\/span><br \/>\n<span style=\"font-family: verdana, geneva, sans-serif; color: #696464;\"><strong>Condi\u00e7\u00e3o\uff1a<\/strong>Novo<\/span><br \/>\n<span style=\"color: #696464;\"><span style=\"font-family: verdana, geneva, sans-serif;\"><strong>Modelo de carro\uff1a<\/strong><\/span><span style=\"font-family: verdana, geneva, sans-serif;\">Nissan Sylphy\/Almera\/Tiida<br \/>\n<\/span><strong style=\"font-family: verdana, geneva, sans-serif;\">OEM NO..:<\/strong><span style=\"font-family: verdana, geneva, sans-serif;\"> 23100-5MA2A, 23100-6LB0A\uff0c23100-4FU0A\uff0cetc.<br \/>\n<\/span><span style=\"font-family: verdana, geneva, sans-serif;\"><strong>Sa\u00edda<\/strong>: 90A (inativo) \/ 120A (m\u00e1ximo)<br \/>\n<\/span><span style=\"font-family: verdana, geneva, sans-serif;\"><strong>Tens\u00e3o<\/strong>: 12V DC<br \/>\n<\/span><span style=\"font-family: verdana, geneva, sans-serif;\"><strong>Tipo de polia<\/strong>correia de serpentina de 6 nervuras<br \/>\n<\/span><span style=\"font-family: verdana, geneva, sans-serif;\"><strong>Conector<\/strong>: 2 pinos \u00e0 prova de \u00e1gua espec\u00edficos da Nissan<br \/>\n<strong>Qualidade:<\/strong>\u00a0100% Testado<br \/>\n<strong>Prazo de entrega:<\/strong>\u00a03-7 dias<br \/>\n<\/span><\/span><\/p>","protected":false},"featured_media":926,"comment_status":"closed","ping_status":"closed","template":"","meta":[],"product_cat":[19],"product_tag":[],"class_list":{"0":"post-923","1":"product","2":"type-product","3":"status-publish","4":"has-post-thumbnail","6":"product_cat-electric-almotor-parts","8":"first","9":"instock","10":"shipping-taxable","11":"product-type-simple"},"_links":{"self":[{"href":"https:\/\/carbitautoparts.com\/pt\/wp-json\/wp\/v2\/product\/923","targetHints":{"allow":["GET"]}}],"collection":[{"href":"https:\/\/carbitautoparts.com\/pt\/wp-json\/wp\/v2\/product"}],"about":[{"href":"https:\/\/carbitautoparts.com\/pt\/wp-json\/wp\/v2\/types\/product"}],"replies":[{"embeddable":true,"href":"https:\/\/carbitautoparts.com\/pt\/wp-json\/wp\/v2\/comments?post=923"}],"wp:featuredmedia":[{"embeddable":true,"href":"https:\/\/carbitautoparts.com\/pt\/wp-json\/wp\/v2\/media\/926"}],"wp:attachment":[{"href":"https:\/\/carbitautoparts.com\/pt\/wp-json\/wp\/v2\/media?parent=923"}],"wp:term":[{"taxonomy":"product_cat","embeddable":true,"href":"https:\/\/carbitautoparts.com\/pt\/wp-json\/wp\/v2\/product_cat?post=923"},{"taxonomy":"product_tag","embeddable":true,"href":"https:\/\/carbitautoparts.com\/pt\/wp-json\/wp\/v2\/product_tag?post=923"}],"curies":[{"name":"wp","href":"https:\/\/api.w.org\/{rel}","templated":true}]}}