{"id":938,"date":"2025-02-24T11:44:46","date_gmt":"2025-02-24T03:44:46","guid":{"rendered":"https:\/\/carbitautoparts.com\/?post_type=product&#038;p=938"},"modified":"2025-03-07T12:13:06","modified_gmt":"2025-03-07T04:13:06","slug":"air-conditioning-compressor-for-toyota-highlander-oem-88320-48150","status":"publish","type":"product","link":"https:\/\/carbitautoparts.com\/pt\/product\/compressor-de-ar-condicionado-para-toyota-highlander-oem-88320-48150\/","title":{"rendered":"Compressor de ar condicionado para Toyota Highlander | OEM 88320-48150"},"content":{"rendered":"<p><span style=\"font-family: verdana, geneva, sans-serif; color: #403939; font-size: 14pt;\"><strong><b>Desempenho de arrefecimento premium para os modelos Toyota Highlander\u00a0<\/b><\/strong><\/span><\/p>\n<p><span style=\"font-family: verdana, geneva, sans-serif; color: #635f5f;\">Assegure o conforto ideal do habit\u00e1culo com o nosso compressor de CA para Toyota Highlander de qualidade genu\u00edna,<br \/>\nmeticulosamente concebido para cumprir ou exceder as especifica\u00e7\u00f5es OEM . Esta pe\u00e7a de substitui\u00e7\u00e3o de encaixe direto<br \/>\nproporciona uma efici\u00eancia de arrefecimento e durabilidade excepcionais para v\u00e1rias gera\u00e7\u00f5es de Highlander.<\/span><\/p>\n<hr \/>\n<p><span style=\"font-family: verdana, geneva, sans-serif; color: #635f5f;\"><strong><b>\u00a0<\/b><\/strong><\/span><\/p>\n<ul>\n<li><span style=\"font-family: verdana, geneva, sans-serif; color: #635f5f;\"><strong><b>Constru\u00e7\u00e3o duradoura\u00a0<\/b><\/strong><\/span><\/li>\n<\/ul>\n<p style=\"padding-left: 40px;\"><span style=\"color: #635f5f;\"><span style=\"font-family: verdana, geneva, sans-serif;\">Caixa em alum\u00ednio de alta qualidade com tratamento t\u00e9rmico T6.<br \/>\n<\/span><span style=\"font-family: verdana, geneva, sans-serif;\">O vedante do veio de l\u00e1bio duplo evita fugas.<br \/>\n<\/span><span style=\"font-family: verdana, geneva, sans-serif;\">Fabrico com certifica\u00e7\u00e3o ISO 9001.<\/span><\/span><\/p>\n<p>&nbsp;<\/p>\n<ul>\n<li><span style=\"font-family: verdana, geneva, sans-serif; color: #635f5f;\"><strong><b>Instala\u00e7\u00e3o f\u00e1cil<\/b><\/strong><\/span><\/li>\n<\/ul>\n<p><span style=\"color: #635f5f;\"><span style=\"font-family: verdana, geneva, sans-serif;\">\u00a0 \u00a0 \u00a0 \u00a0Substitui\u00e7\u00e3o aparafusada com pontos de montagem OEM.<br \/>\n<\/span><span style=\"font-family: verdana, geneva, sans-serif;\">\u00a0 \u00a0 \u00a0 \u00a0Inclui pr\u00e9-carga de \u00f3leo PAG (120ml).<br \/>\n<\/span><span style=\"font-family: verdana, geneva, sans-serif;\">\u00a0 \u00a0 \u00a0 \u00a0Conjunto polia\/embraiagem standard.<\/span><\/span><\/p>\n<p>&nbsp;<\/p>\n<ul>\n<li><span style=\"font-family: verdana, geneva, sans-serif; color: #635f5f;\"><strong><b>Instala\u00e7\u00e3o Plug-and-Play<\/b><\/strong><\/span><\/li>\n<\/ul>\n<p style=\"padding-left: 40px;\"><span style=\"color: #635f5f;\"><span style=\"font-family: verdana, geneva, sans-serif;\">Substitui\u00e7\u00e3o direta aparafusada (suportes e polia do equipamento original inclu\u00eddos)<br \/>\n<\/span><span style=\"font-family: verdana, geneva, sans-serif;\">Folga de ar da embraiagem pr\u00e9-definida (toler\u00e2ncia de 0,5mm \u00b10,1mm)<br \/>\n<\/span><br \/>\n<\/span><\/p>\n<ul>\n<li><span style=\"font-family: verdana, geneva, sans-serif; color: #635f5f;\"><strong><b>Porqu\u00ea escolher os nossos compressores?<\/b><\/strong><\/span><\/li>\n<\/ul>\n<p style=\"padding-left: 40px;\"><span style=\"font-family: verdana, geneva, sans-serif; color: #635f5f;\">CQ rigoroso: teste de desempenho de 72 horas.<\/span><br \/>\n<span style=\"font-family: verdana, geneva, sans-serif; color: #635f5f;\">100% verificado quanto a fugas com dete\u00e7\u00e3o de h\u00e9lio.<\/span><br \/>\n<span style=\"font-family: verdana, geneva, sans-serif; color: #635f5f;\">Garantia de 1 ano<\/span><\/p>\n<p><span style=\"font-family: verdana, geneva, sans-serif; color: #635f5f;\"><strong><b>\u00a0<\/b><\/strong><\/span><\/p>\n<p>&nbsp;<\/p>","protected":false},"excerpt":{"rendered":"<p><span style=\"color: #5c5858;\"><span style=\"font-family: verdana, geneva, sans-serif;\"><strong>Nome do produto\uff1a<\/strong>Compressor AC para autom\u00f3veis<br \/>\n<\/span><span style=\"font-family: verdana, geneva, sans-serif;\"><strong>Garantia\uff1a<\/strong>1 ano<br \/>\n<\/span><strong style=\"font-family: verdana, geneva, sans-serif;\">Condi\u00e7\u00e3o\uff1a<\/strong><span style=\"font-family: verdana, geneva, sans-serif;\">Novo<br \/>\n<\/span><strong style=\"font-family: verdana, geneva, sans-serif;\">Modelo de carro\uff1a<\/strong><span style=\"font-family: verdana, geneva, sans-serif;\">Toyota Highlander<br \/>\n<\/span><strong style=\"font-family: verdana, geneva, sans-serif;\">Tens\u00e3o:\u00a0<\/strong><span style=\"font-family: verdana, geneva, sans-serif;\">12V<br \/>\n<\/span><strong style=\"font-family: verdana, geneva, sans-serif;\">Refrigerante\uff1a<\/strong><span style=\"font-family: verdana, geneva, sans-serif;\">R134a<br \/>\n<\/span><strong style=\"font-family: verdana, geneva, sans-serif;\">OEM NO..:<\/strong>88320-48150<span style=\"font-family: verdana, geneva, sans-serif;\"><br \/>\n<\/span><strong style=\"font-family: verdana, geneva, sans-serif;\">Qualidade: <\/strong><span style=\"font-family: verdana, geneva, sans-serif;\">100% Testado<br \/>\n<\/span><strong style=\"font-family: verdana, geneva, sans-serif;\">Prazo de entrega: <\/strong><span style=\"font-family: verdana, geneva, sans-serif;\">3-7 dias<\/span><\/span><\/p>","protected":false},"featured_media":940,"comment_status":"closed","ping_status":"closed","template":"","meta":[],"product_cat":[19],"product_tag":[],"class_list":{"0":"post-938","1":"product","2":"type-product","3":"status-publish","4":"has-post-thumbnail","6":"product_cat-electric-almotor-parts","8":"first","9":"instock","10":"shipping-taxable","11":"product-type-simple"},"_links":{"self":[{"href":"https:\/\/carbitautoparts.com\/pt\/wp-json\/wp\/v2\/product\/938","targetHints":{"allow":["GET"]}}],"collection":[{"href":"https:\/\/carbitautoparts.com\/pt\/wp-json\/wp\/v2\/product"}],"about":[{"href":"https:\/\/carbitautoparts.com\/pt\/wp-json\/wp\/v2\/types\/product"}],"replies":[{"embeddable":true,"href":"https:\/\/carbitautoparts.com\/pt\/wp-json\/wp\/v2\/comments?post=938"}],"wp:featuredmedia":[{"embeddable":true,"href":"https:\/\/carbitautoparts.com\/pt\/wp-json\/wp\/v2\/media\/940"}],"wp:attachment":[{"href":"https:\/\/carbitautoparts.com\/pt\/wp-json\/wp\/v2\/media?parent=938"}],"wp:term":[{"taxonomy":"product_cat","embeddable":true,"href":"https:\/\/carbitautoparts.com\/pt\/wp-json\/wp\/v2\/product_cat?post=938"},{"taxonomy":"product_tag","embeddable":true,"href":"https:\/\/carbitautoparts.com\/pt\/wp-json\/wp\/v2\/product_tag?post=938"}],"curies":[{"name":"wp","href":"https:\/\/api.w.org\/{rel}","templated":true}]}}