{"id":962,"date":"2025-02-24T16:34:37","date_gmt":"2025-02-24T08:34:37","guid":{"rendered":"https:\/\/carbitautoparts.com\/?post_type=product&#038;p=962"},"modified":"2025-03-13T10:40:43","modified_gmt":"2025-03-13T02:40:43","slug":"ignition-coil-for-hyundai-sonata-elantra-kia-oem-27300-3f100","status":"publish","type":"product","link":"https:\/\/carbitautoparts.com\/pt\/product\/bobina-de-ignicao-para-hyundai-sonata-elantra-kia-oem-27300-3f100\/","title":{"rendered":"Bobina de igni\u00e7\u00e3o para Hyundai Sonata, Elantra, Kia-OEM 27300-3F100"},"content":{"rendered":"<p><span style=\"font-size: 18pt; color: #403e3e;\"><strong style=\"font-family: verdana, geneva, sans-serif;\">Bobina de igni\u00e7\u00e3o para Hyundai Sonata\/Elantra\/Kia | OEM 27300-3F100<\/strong><\/span><\/p>\n<p><span style=\"font-family: verdana, geneva, sans-serif; color: #545151;\"><strong>Componente do sistema de igni\u00e7\u00e3o de alto desempenho<\/strong><\/span><\/p>\n<p><span style=\"font-family: verdana, geneva, sans-serif; color: #545151;\">Garanta um arranque fi\u00e1vel do motor, uma acelera\u00e7\u00e3o mais suave e uma efici\u00eancia de combust\u00edvel \u00f3ptima com a nossa bobina de igni\u00e7\u00e3o de qualidade OEM<strong> (OEM:27300-3F100)<\/strong>. Concebida como um substituto direto para os modelos Hyundai Sonata, Elantra e Kia, esta bobina de engenharia de precis\u00e3o fornece energia de fa\u00edsca consistente e durabilidade para motores a gasolina modernos.<\/span><\/p>\n<hr \/>\n<ul>\n<li><span style=\"color: #4a4848;\"><span style=\"color: #4a4848;\"><span style=\"color: #4a4848;\"><span style=\"font-family: verdana, geneva, sans-serif;\">Fabricado com mat\u00e9rias-primas de primeira qualidade, o produto apresenta uma excelente resist\u00eancia a temperaturas elevadas e ao envelhecimento, garantindo uma vida \u00fatil prolongada. Oferece uma sa\u00edda de tens\u00e3o est\u00e1vel que atenua os problemas de instabilidade, reduz eficazmente o consumo de combust\u00edvel e melhora significativamente o desempenho do ve\u00edculo.<\/span><\/span><\/span><\/span><\/li>\n<li><span style=\"color: #4a4848;\"><span style=\"font-family: verdana, geneva, sans-serif;\">S\u00e3o efectuados testes cont\u00ednuos e rigorosos a uma variedade de bobinas de igni\u00e7\u00e3o, abrangendo a avalia\u00e7\u00e3o do desempenho, a resist\u00eancia ao choque t\u00e9rmico, a resist\u00eancia a altas temperaturas, a resist\u00eancia \u00e0 fadiga e o ciclo t\u00e9rmico de pot\u00eancia. Estes testes s\u00e3o concebidos para garantir a qualidade e a fiabilidade de cada produto.<br \/>\n<\/span><\/span><\/li>\n<li><span style=\"color: #4a4848;\"><span style=\"color: #4a4848;\"><span style=\"font-family: verdana, geneva, sans-serif;\">Compat\u00edvel com Hyundai\/Kia 27300-3F100, Denso 471-1111, NGK U5050 e Bosch 0221504476. Adequado para Hyundai Sonata\/Elantra e Kia 2015-2021.<\/span><\/span><\/span><\/li>\n<li><span style=\"font-family: verdana, geneva, sans-serif; color: #4a4848;\"><strong>Instala\u00e7\u00e3o Plug-and-Play<\/strong><\/span><\/li>\n<\/ul>\n<p><span style=\"color: #4a4848;\"><span style=\"font-family: verdana, geneva, sans-serif;\">\u00a0 \u00a0 \u00a0 \u00a0Substitui\u00e7\u00e3o direta com conectores e suportes de montagem do equipamento original.<br \/>\n<\/span><span style=\"font-family: verdana, geneva, sans-serif;\">\u00a0 \u00a0 \u00a0 \u00a0N\u00e3o \u00e9 necess\u00e1ria qualquer codifica\u00e7\u00e3o ou modifica\u00e7\u00e3o.<br \/>\n<\/span><span style=\"font-family: verdana, geneva, sans-serif;\">\u00a0 \u00a0 \u00a0 \u00a0Compat\u00edvel com velas de igni\u00e7\u00e3o OEM (por exemplo, NGK 94193).<\/span><\/span><\/p>","protected":false},"excerpt":{"rendered":"<p><span style=\"font-family: verdana, geneva, sans-serif; color: #4a4444;\"><strong>Nome do produto\uff1a<\/strong>Conjunto do farol<\/span><br \/>\n<span style=\"font-family: verdana, geneva, sans-serif; color: #4a4444;\"><strong>Garantia\uff1a<\/strong>1 ano<\/span><br \/>\n<span style=\"font-family: verdana, geneva, sans-serif; color: #4a4444;\"><strong>Condi\u00e7\u00e3o\uff1a<\/strong>Novo<\/span><br \/>\n<span style=\"font-family: verdana, geneva, sans-serif; color: #4a4444;\"><strong>Modelo de carro\uff1a<\/strong>Hyundai Sonata\/Elantra\/Kia<\/span><br \/>\n<span style=\"color: #4a4444;\"><span style=\"font-family: verdana, geneva, sans-serif;\"><strong>OEM NO..:<\/strong> 27300-3F100<br \/>\n<\/span><strong style=\"font-family: verdana, geneva, sans-serif;\">Resist\u00eancia prim\u00e1ria:<\/strong><span style=\"font-family: verdana, geneva, sans-serif;\"> 0.55-0.75 \u03a9<br \/>\n<\/span><strong style=\"font-family: verdana, geneva, sans-serif;\">Resist\u00eancia secund\u00e1ria:<\/strong><span style=\"font-family: verdana, geneva, sans-serif;\"> 6,8-8,2 k\u03a9<br \/>\n<\/span><strong style=\"font-family: verdana, geneva, sans-serif;\">Tens\u00e3o:<\/strong><span style=\"font-family: verdana, geneva, sans-serif;\"> 12V DC<br \/>\n<\/span><strong style=\"font-family: verdana, geneva, sans-serif;\">Gama de temperaturas de funcionamento:<\/strong><span style=\"font-family: verdana, geneva, sans-serif;\"> -40\u00b0C a 150\u00b0C<br \/>\n<strong>Prote\u00e7\u00e3o \u00e0 prova de \u00e1gua e de poeiras: <\/strong>IP67<br \/>\n<\/span><strong style=\"font-family: verdana, geneva, sans-serif;\">Qualidade:<\/strong><span style=\"font-family: verdana, geneva, sans-serif;\"> 100% Testado<br \/>\n<\/span><strong style=\"font-family: verdana, geneva, sans-serif;\">Prazo de entrega:<\/strong><span style=\"font-family: verdana, geneva, sans-serif;\">\u00a03-7 dias<\/span><\/span><\/p>","protected":false},"featured_media":963,"comment_status":"closed","ping_status":"closed","template":"","meta":[],"product_cat":[18],"product_tag":[],"class_list":{"0":"post-962","1":"product","2":"type-product","3":"status-publish","4":"has-post-thumbnail","6":"product_cat-engine-parts","8":"first","9":"instock","10":"shipping-taxable","11":"product-type-simple"},"_links":{"self":[{"href":"https:\/\/carbitautoparts.com\/pt\/wp-json\/wp\/v2\/product\/962","targetHints":{"allow":["GET"]}}],"collection":[{"href":"https:\/\/carbitautoparts.com\/pt\/wp-json\/wp\/v2\/product"}],"about":[{"href":"https:\/\/carbitautoparts.com\/pt\/wp-json\/wp\/v2\/types\/product"}],"replies":[{"embeddable":true,"href":"https:\/\/carbitautoparts.com\/pt\/wp-json\/wp\/v2\/comments?post=962"}],"wp:featuredmedia":[{"embeddable":true,"href":"https:\/\/carbitautoparts.com\/pt\/wp-json\/wp\/v2\/media\/963"}],"wp:attachment":[{"href":"https:\/\/carbitautoparts.com\/pt\/wp-json\/wp\/v2\/media?parent=962"}],"wp:term":[{"taxonomy":"product_cat","embeddable":true,"href":"https:\/\/carbitautoparts.com\/pt\/wp-json\/wp\/v2\/product_cat?post=962"},{"taxonomy":"product_tag","embeddable":true,"href":"https:\/\/carbitautoparts.com\/pt\/wp-json\/wp\/v2\/product_tag?post=962"}],"curies":[{"name":"wp","href":"https:\/\/api.w.org\/{rel}","templated":true}]}}