{"id":968,"date":"2025-02-24T16:50:11","date_gmt":"2025-02-24T08:50:11","guid":{"rendered":"https:\/\/carbitautoparts.com\/?post_type=product&#038;p=968"},"modified":"2025-03-31T14:15:33","modified_gmt":"2025-03-31T06:15:33","slug":"hyundai-ix25-ix35-kia-rio-ignition-coil-oem-27301-2b010","status":"publish","type":"product","link":"https:\/\/carbitautoparts.com\/pt\/product\/hyundai-ix25-ix35-kia-rio-bobina-de-ignicao-oem-27301-2b010\/","title":{"rendered":"Hyundai IX25, IX35, Kia Rio Substitui\u00e7\u00e3o genu\u00edna da bobina de igni\u00e7\u00e3o-OEM 27301-2B010 Ajuste direto"},"content":{"rendered":"<h1><span style=\"font-family: verdana, geneva, sans-serif; font-size: 14pt; color: #4a4747;\"><strong>Bobina de igni\u00e7\u00e3o para Hyundai IX25\/IX35\/Kia Rio | OEM 27301-2B010<\/strong><\/span><\/h1>\n<p><span style=\"font-family: verdana, geneva, sans-serif; color: #5c5858;\"><strong>Componente do sistema de igni\u00e7\u00e3o de alto desempenho<\/strong><\/span><\/p>\n<p><span style=\"font-family: verdana, geneva, sans-serif; color: #5c5858;\">Garanta um arranque fi\u00e1vel do motor, uma acelera\u00e7\u00e3o mais suave e uma efici\u00eancia de combust\u00edvel \u00f3ptima com a nossa bobina de igni\u00e7\u00e3o de qualidade OEM <strong>(OEM: 27301-2B010)<\/strong>. Concebida como um substituto direto para os modelos Hyundai IX25, IX35 e Kia Rio, esta bobina de engenharia de precis\u00e3o fornece energia de fa\u00edsca consistente e durabilidade para motores a gasolina modernos.<\/span><\/p>\n<hr \/>\n<ul>\n<li><span style=\"font-family: verdana, geneva, sans-serif; color: #524d4d;\"><span style=\"font-family: verdana, geneva, sans-serif; color: #524d4d;\">Fabricado com mat\u00e9rias-primas de primeira qualidade, o produto apresenta uma excelente resist\u00eancia a temperaturas elevadas e ao envelhecimento, garantindo uma vida \u00fatil prolongada. Oferece uma sa\u00edda de tens\u00e3o est\u00e1vel que atenua os problemas de instabilidade, reduz eficazmente o consumo de combust\u00edvel e melhora significativamente o desempenho do ve\u00edculo.<\/span><\/span><\/li>\n<li><span style=\"font-family: verdana, geneva, sans-serif; color: #524d4d;\"><span style=\"font-family: verdana, geneva, sans-serif; color: #524d4d;\"><span style=\"font-family: verdana, geneva, sans-serif;\">S\u00e3o efectuados testes cont\u00ednuos e rigorosos a uma variedade de bobinas de igni\u00e7\u00e3o, abrangendo a avalia\u00e7\u00e3o do desempenho, a resist\u00eancia ao choque t\u00e9rmico, a resist\u00eancia a altas temperaturas, a resist\u00eancia \u00e0 fadiga e o ciclo t\u00e9rmico de pot\u00eancia. Estes testes s\u00e3o concebidos para garantir a qualidade e a fiabilidade de cada produto.<\/span><\/span><\/span><\/li>\n<li><span style=\"font-family: verdana, geneva, sans-serif; color: #524d4d;\"><span style=\"font-family: verdana, geneva, sans-serif; color: #524d4d;\">Compat\u00edvel com Hyundai\/Kia 27301-2B010, Denso 673-0101, NGK U5050 e Bosch 0221504476. Adequado para Hyundai IX25\/IX35 2010-2020 e Kia Rio com motores Gamma\/Nu MPI.<\/span><\/span><\/li>\n<li><span style=\"color: #524d4d;\"><span style=\"color: #524d4d;\"><span style=\"font-family: verdana, geneva, sans-serif;\"><strong>Instala\u00e7\u00e3o Plug-and-Play<\/strong><\/span><\/span><\/span><span style=\"color: #524d4d;\"><span style=\"font-family: verdana, geneva, sans-serif;\">Substitui\u00e7\u00e3o direta com conectores e suportes de montagem do equipamento original.<br \/>\n<\/span><span style=\"font-family: verdana, geneva, sans-serif;\">N\u00e3o \u00e9 necess\u00e1ria qualquer codifica\u00e7\u00e3o ou modifica\u00e7\u00e3o.<br \/>\n<\/span><span style=\"font-family: verdana, geneva, sans-serif;\">Compat\u00edvel com velas de igni\u00e7\u00e3o OEM (por exemplo, NGK 94193).<\/span><\/span><\/li>\n<\/ul>\n<p>&nbsp;<\/p>","protected":false},"excerpt":{"rendered":"<p><span style=\"font-family: verdana, geneva, sans-serif; color: #544f4f;\"><strong>Nome do produto\uff1a<\/strong><\/span><span style=\"font-family: verdana, geneva, sans-serif; font-size: 14pt; color: #4a4747;\"><span style=\"font-size: 12pt;\">Bobina de igni\u00e7\u00e3o<\/span><strong><br \/>\n<\/strong><\/span><span style=\"font-family: verdana, geneva, sans-serif; color: #544f4f;\"><strong>Garantia\uff1a<\/strong>1 ano<\/span><br \/>\n<span style=\"font-family: verdana, geneva, sans-serif; color: #544f4f;\"><strong>Condi\u00e7\u00e3o\uff1a<\/strong>Novo<\/span><br \/>\n<span style=\"font-family: verdana, geneva, sans-serif; color: #544f4f;\"><strong>Modelo de carro\uff1a<\/strong>Hyundai IX25\/IX35\/Kia Rio<\/span><br \/>\n<span style=\"color: #544f4f;\"><span style=\"font-family: verdana, geneva, sans-serif;\"><strong>OEM NO..: <\/strong><\/span><span style=\"font-family: verdana, geneva, sans-serif; font-size: 12pt;\">27301-2B010<br \/>\n<\/span><strong style=\"font-family: verdana, geneva, sans-serif;\">Resist\u00eancia prim\u00e1ria:<\/strong><span style=\"font-family: verdana, geneva, sans-serif;\"> 0.55-0.75 \u03a9<br \/>\n<\/span><strong style=\"font-family: verdana, geneva, sans-serif;\">Resist\u00eancia secund\u00e1ria:<\/strong><span style=\"font-family: verdana, geneva, sans-serif;\"> 6,8-8,2 k\u03a9<br \/>\n<\/span><strong style=\"font-family: verdana, geneva, sans-serif;\">Tens\u00e3o:<\/strong><span style=\"font-family: verdana, geneva, sans-serif;\"> 12V DC<br \/>\n<\/span><strong style=\"font-family: verdana, geneva, sans-serif;\">Gama de temperaturas de funcionamento:<\/strong><span style=\"font-family: verdana, geneva, sans-serif;\"> -40\u00b0C a 150\u00b0C<br \/>\n<\/span><strong style=\"font-family: verdana, geneva, sans-serif;\">Prote\u00e7\u00e3o \u00e0 prova de \u00e1gua e de poeiras: <\/strong><span style=\"font-family: verdana, geneva, sans-serif;\">IP67<br \/>\n<\/span><strong style=\"font-family: verdana, geneva, sans-serif;\">Qualidade:<\/strong><span style=\"font-family: verdana, geneva, sans-serif;\"> 100% Testado<br \/>\n<\/span><strong style=\"font-family: verdana, geneva, sans-serif;\">Prazo de entrega:<\/strong><span style=\"font-family: verdana, geneva, sans-serif;\">\u00a03-7 dias<\/span><\/span><\/p>","protected":false},"featured_media":969,"comment_status":"closed","ping_status":"closed","template":"","meta":[],"product_cat":[18],"product_tag":[],"class_list":{"0":"post-968","1":"product","2":"type-product","3":"status-publish","4":"has-post-thumbnail","6":"product_cat-engine-parts","8":"first","9":"instock","10":"shipping-taxable","11":"product-type-simple"},"_links":{"self":[{"href":"https:\/\/carbitautoparts.com\/pt\/wp-json\/wp\/v2\/product\/968","targetHints":{"allow":["GET"]}}],"collection":[{"href":"https:\/\/carbitautoparts.com\/pt\/wp-json\/wp\/v2\/product"}],"about":[{"href":"https:\/\/carbitautoparts.com\/pt\/wp-json\/wp\/v2\/types\/product"}],"replies":[{"embeddable":true,"href":"https:\/\/carbitautoparts.com\/pt\/wp-json\/wp\/v2\/comments?post=968"}],"wp:featuredmedia":[{"embeddable":true,"href":"https:\/\/carbitautoparts.com\/pt\/wp-json\/wp\/v2\/media\/969"}],"wp:attachment":[{"href":"https:\/\/carbitautoparts.com\/pt\/wp-json\/wp\/v2\/media?parent=968"}],"wp:term":[{"taxonomy":"product_cat","embeddable":true,"href":"https:\/\/carbitautoparts.com\/pt\/wp-json\/wp\/v2\/product_cat?post=968"},{"taxonomy":"product_tag","embeddable":true,"href":"https:\/\/carbitautoparts.com\/pt\/wp-json\/wp\/v2\/product_tag?post=968"}],"curies":[{"name":"wp","href":"https:\/\/api.w.org\/{rel}","templated":true}]}}