{"id":997,"date":"2025-02-25T10:46:06","date_gmt":"2025-02-25T02:46:06","guid":{"rendered":"https:\/\/carbitautoparts.com\/?post_type=product&#038;p=997"},"modified":"2025-03-12T17:39:09","modified_gmt":"2025-03-12T09:39:09","slug":"chevry-aveo-oxygen-sensor-oem-96418965","status":"publish","type":"product","link":"https:\/\/carbitautoparts.com\/pt\/product\/chevry-aveo-sensor-de-oxigenio-oem-96418965\/","title":{"rendered":"Chevry Aveo Sensor de Oxig\u00e9nio-OEM 96418965"},"content":{"rendered":"<p><span style=\"font-family: verdana, geneva, sans-serif; font-size: 14pt;\"><span style=\"color: #4d4949;\"><strong>Sensor de Oxig\u00e9nio para Chevrolet Aveo-OEM 96418965<\/strong><\/span><\/span><\/p>\n<p><span style=\"font-family: verdana, geneva, sans-serif; color: #5e5a5a;\"><strong>Controlo de emiss\u00f5es de precis\u00e3o e efici\u00eancia de combust\u00edvel melhorada<\/strong><\/span><\/p>\n<p><span style=\"font-family: verdana, geneva, sans-serif; color: #5e5a5a;\">Garanta um desempenho \u00f3timo do motor e a conformidade com as normas de emiss\u00f5es globais utilizando os nossos produtos de qualidade OEM\u00a0<strong>Sensor de oxig\u00e9nio<\/strong> <strong>(OEM:96418965)<\/strong>. Concebido especificamente para os modelos Chevrolet Aveo, este sensor de alta precis\u00e3o monitoriza os n\u00edveis de oxig\u00e9nio dos gases de escape para otimizar a inje\u00e7\u00e3o de combust\u00edvel, reduzir as emiss\u00f5es e melhorar a economia de combust\u00edvel.<\/span><\/p>\n<hr \/>\n<ul>\n<li><span style=\"color: #4a4646;\"><span style=\"color: #4a4646;\"><span style=\"font-family: verdana, geneva, sans-serif;\"><strong>Desempenho de alta precis\u00e3o<br \/>\n<\/strong><\/span><span style=\"font-family: verdana, geneva, sans-serif;\"><strong>-Elemento de zirc\u00f3nio de banda larga<\/strong> para uma medi\u00e7\u00e3o exacta de \u03bb (lambda).<br \/>\n<\/span><span style=\"font-family: verdana, geneva, sans-serif;\"><strong>-Gama de temperaturas de funcionamento<\/strong>: -40\u00b0C a 900\u00b0C (-40\u00b0F a 1.652\u00b0F)<br \/>\n<\/span><span style=\"font-family: verdana, geneva, sans-serif;\"><strong>-Tempo de resposta r\u00e1pido<\/strong> (&lt;100 ms) para a regula\u00e7\u00e3o da UCE em tempo real.<\/span><\/span><\/span><\/li>\n<li><span style=\"color: #4a4646;\"><span style=\"color: #4a4646;\"><strong style=\"font-family: verdana, geneva, sans-serif;\">Constru\u00e7\u00e3o duradoura<br \/>\n<\/strong><span style=\"font-family: verdana, geneva, sans-serif;\"><strong>-Carca\u00e7a em a\u00e7o inoxid\u00e1vel<\/strong> com revestimento anti-corros\u00e3o.<br \/>\n<\/span><span style=\"font-family: verdana, geneva, sans-serif;\"><strong>-Classifica\u00e7\u00e3o -IP67<\/strong> conce\u00e7\u00e3o \u00e0 prova de \u00e1gua e de poeira.<br \/>\n<\/span><span style=\"font-family: verdana, geneva, sans-serif;\"><strong>-Cablagem para altas temperaturas<\/strong> (isolamento PTFE)<\/span><\/span><\/span><\/li>\n<li><span style=\"color: #4a4646;\"><strong style=\"font-family: verdana, geneva, sans-serif;\">Instala\u00e7\u00e3o Plug-and-Play<br \/>\n<\/strong><span style=\"font-family: verdana, geneva, sans-serif;\">-Compatibilidade direta com o conetor do equipamento original (4 pinos)<br \/>\n<\/span><span style=\"font-family: verdana, geneva, sans-serif;\">-N\u00e3o \u00e9 necess\u00e1rio recalibrar a UCE<br \/>\n<\/span><span style=\"font-family: verdana, geneva, sans-serif;\">-Especifica\u00e7\u00e3o do bin\u00e1rio: 40-50 Nm (montagem de f\u00e1brica)<\/span><\/span><\/li>\n<\/ul>","protected":false},"excerpt":{"rendered":"<p><span style=\"color: #545151;\"><strong style=\"font-family: verdana, geneva, sans-serif;\">Nome do produto\uff1a<\/strong><span style=\"font-size: 12pt;\"><span style=\"font-family: verdana, geneva, sans-serif;\">Sensor de oxig\u00e9nio<br \/>\n<\/span><\/span><strong style=\"font-family: verdana, geneva, sans-serif;\">Garantia\uff1a<\/strong><span style=\"font-family: verdana, geneva, sans-serif;\">1 ano<br \/>\n<\/span><strong style=\"font-family: verdana, geneva, sans-serif;\">Condi\u00e7\u00e3o\uff1a<\/strong><span style=\"font-family: verdana, geneva, sans-serif;\">Novo<br \/>\n<\/span><strong style=\"font-family: verdana, geneva, sans-serif;\">Modelo de carro\uff1a<\/strong><span style=\"font-family: verdana, geneva, sans-serif; font-size: 12pt;\"><strong>Chevrolet Aveo<\/strong><\/span><span style=\"font-family: verdana, geneva, sans-serif;\"><br \/>\n<\/span><strong style=\"font-family: verdana, geneva, sans-serif;\">OEM:<\/strong><span style=\"font-family: verdana, geneva, sans-serif;\"> 96418965<br \/>\n<\/span><strong style=\"font-family: verdana, geneva, sans-serif;\">Tens\u00e3o<\/strong><span style=\"font-family: verdana, geneva, sans-serif;\">: 12V DC<br \/>\n<\/span><strong style=\"font-family: verdana, geneva, sans-serif;\">Tipo de sinal<\/strong><span style=\"font-family: verdana, geneva, sans-serif;\">: Sa\u00edda linear de 0,1-0,9V<br \/>\n<\/span><strong style=\"font-family: verdana, geneva, sans-serif;\">Qualidade:<\/strong><span style=\"font-family: verdana, geneva, sans-serif;\"> 100% Testado<br \/>\n<\/span><strong style=\"font-family: verdana, geneva, sans-serif;\">Prazo de entrega:<\/strong><span style=\"font-family: verdana, geneva, sans-serif;\">\u00a03-7 dias<\/span><\/span><\/p>","protected":false},"featured_media":998,"comment_status":"closed","ping_status":"closed","template":"","meta":[],"product_cat":[19],"product_tag":[],"class_list":{"0":"post-997","1":"product","2":"type-product","3":"status-publish","4":"has-post-thumbnail","6":"product_cat-electric-almotor-parts","8":"first","9":"instock","10":"shipping-taxable","11":"product-type-simple"},"_links":{"self":[{"href":"https:\/\/carbitautoparts.com\/pt\/wp-json\/wp\/v2\/product\/997","targetHints":{"allow":["GET"]}}],"collection":[{"href":"https:\/\/carbitautoparts.com\/pt\/wp-json\/wp\/v2\/product"}],"about":[{"href":"https:\/\/carbitautoparts.com\/pt\/wp-json\/wp\/v2\/types\/product"}],"replies":[{"embeddable":true,"href":"https:\/\/carbitautoparts.com\/pt\/wp-json\/wp\/v2\/comments?post=997"}],"wp:featuredmedia":[{"embeddable":true,"href":"https:\/\/carbitautoparts.com\/pt\/wp-json\/wp\/v2\/media\/998"}],"wp:attachment":[{"href":"https:\/\/carbitautoparts.com\/pt\/wp-json\/wp\/v2\/media?parent=997"}],"wp:term":[{"taxonomy":"product_cat","embeddable":true,"href":"https:\/\/carbitautoparts.com\/pt\/wp-json\/wp\/v2\/product_cat?post=997"},{"taxonomy":"product_tag","embeddable":true,"href":"https:\/\/carbitautoparts.com\/pt\/wp-json\/wp\/v2\/product_tag?post=997"}],"curies":[{"name":"wp","href":"https:\/\/api.w.org\/{rel}","templated":true}]}}