{"id":1004,"date":"2025-02-25T15:17:25","date_gmt":"2025-02-25T07:17:25","guid":{"rendered":"https:\/\/carbitautoparts.com\/?post_type=product&#038;p=1004"},"modified":"2025-03-13T10:48:40","modified_gmt":"2025-03-13T02:48:40","slug":"premium-brake-discs-iatf-16949-certified","status":"publish","type":"product","link":"https:\/\/carbitautoparts.com\/sl\/product\/premium-zavorni-diski-s-certifikatom-iatf-16949\/","title":{"rendered":"Premium zavorni diski s certifikatom IATF 16949"},"content":{"rendered":"<p><span style=\"font-family: verdana, geneva, sans-serif; font-size: 14pt; color: #4d4949;\"><strong>Natan\u010den in\u017eeniring, globalna skladnost, neprimerljiva zmogljivost<\/strong><\/span><\/p>\n<p><span style=\"font-family: verdana, geneva, sans-serif; color: #615b5b;\">Specializirani za proizvodnjo visoko zmogljivih zavornih kolutov, ki izpolnjujejo stroge svetovne standarde. Z najsodobnej\u0161imi zmogljivostmi in zavezanostjo kakovosti slu\u017eimo proizvajalcem originalne opreme in poprodajnim trgom po vsem svetu.<\/span><\/p>\n<hr \/>\n<h3><span style=\"font-family: verdana, geneva, sans-serif; font-size: 14pt; color: #666060;\"><strong>Proizvodne zmogljivosti<\/strong><\/span><\/h3>\n<ul>\n<li><span style=\"color: #666060;\"><span style=\"color: #666060;\"><span style=\"font-family: verdana, geneva, sans-serif;\"><strong>Infrastruktura za napredno proizvodnjo<\/strong><\/span><\/span><\/span><\/li>\n<\/ul>\n<p><strong style=\"font-family: verdana, geneva, sans-serif; color: #666060;\">\u00a0 \u00a0 \u00a0 \u00a0 2 x 2T\/H Indukcijske talilne pe\u010di<\/strong><span style=\"font-family: verdana, geneva, sans-serif; color: #666060;\">: Zagotovite dosledno \u010distost materiala in sestavo zlitine.<br \/>\n<\/span><strong style=\"font-family: verdana, geneva, sans-serif; color: #666060;\">\u00a0 \u00a0 \u00a0 \u00a0 17 obdelovalnih linij CNC<\/strong><span style=\"font-family: verdana, geneva, sans-serif; color: #666060;\">: Zagotavlja natan\u010dnost na mikronski ravni (toleranca \u00b10,02 mm).<br \/>\n<\/span><strong style=\"font-family: verdana, geneva, sans-serif; color: #666060;\">\u00a0 \u00a0 \u00a0 \u00a0 Letna proizvodnja<\/strong><span style=\"font-family: verdana, geneva, sans-serif; color: #666060;\">: 3 milijone enot, ki jih je mogo\u010de raz\u0161iriti za velika naro\u010dila.<\/span><\/p>\n<ul>\n<li><strong style=\"font-family: verdana, geneva, sans-serif; color: #666060;\">Celovit nadzor kakovosti<\/strong><\/li>\n<\/ul>\n<p><span style=\"color: #666060;\"><span style=\"color: #666060;\"><span style=\"font-family: verdana, geneva, sans-serif;\"><strong>\u00a0 \u00a0 \u00a0 \u00a0 Laboratorij za presku\u0161anje materialov<\/strong>:<br \/>\n<\/span><span style=\"font-family: verdana, geneva, sans-serif;\">\u00a0 \u00a0 \u00a0 \u00a0 Spektrometer (skladen s standardom ISO 17025) za preverjanje sive litine razreda G3000.<br \/>\n<\/span><span style=\"font-family: verdana, geneva, sans-serif;\">\u00a0 \u00a0 \u00a0 \u00a0 Metalografski mikroskop, stroj za natezno preizku\u0161anje in Rockwellov tester trdote itd.<br \/>\n<\/span><\/span><\/span><strong style=\"font-family: verdana, geneva, sans-serif; color: #666060;\">\u00a0 \u00a0 \u00a0 \u00a0 Stroji za dinami\u010dno uravnote\u017eenje<\/strong><span style=\"font-family: verdana, geneva, sans-serif; color: #666060;\">: Doseganje neravnovesja &lt;10 g-cm (presega ISO 1940 G6.3).<br \/>\n<\/span><span style=\"color: #666060;\"><span style=\"font-family: verdana, geneva, sans-serif;\"><strong>\u00a0 \u00a0 \u00a0 \u00a0 Pregled na koncu linije<\/strong>: 100% preverjanje dimenzij, pogre\u0161kov in povr\u0161inske obdelave.<\/span><\/span><\/p>\n<hr \/>\n<h3><span style=\"font-family: verdana, geneva, sans-serif; color: #666060;\"><strong>Potrdila in skladnost<\/strong><\/span><\/h3>\n<ul>\n<li><span style=\"font-family: verdana, geneva, sans-serif; color: #666060;\"><strong>IATF 16949<\/strong>: Certificiran sistem vodenja kakovosti v avtomobilski industriji.<\/span><\/li>\n<li><span style=\"font-family: verdana, geneva, sans-serif; color: #666060;\"><strong>E-Mark (ECE R90)<\/strong>: V skladu s predpisi EU o zavornih sistemih.<\/span><\/li>\n<li><span style=\"font-family: verdana, geneva, sans-serif; color: #666060;\"><strong>COP (potrdilo o skladnosti)<\/strong>: Potrjeno za specifikacije OEM.<\/span><\/li>\n<\/ul>","protected":false},"excerpt":{"rendered":"<p><span style=\"font-family: verdana, geneva, sans-serif; color: #615a5a;\"><strong>Ime izdelka\uff1a<\/strong>Zavorni diski<\/span><br \/>\n<span style=\"font-family: verdana, geneva, sans-serif; color: #615a5a;\"><strong>Garancija\uff1a<\/strong>1 leto<\/span><br \/>\n<span style=\"font-family: verdana, geneva, sans-serif; color: #615a5a;\"><strong>Stanje\uff1a<\/strong>Novo<\/span><br \/>\n<span style=\"font-family: verdana, geneva, sans-serif; color: #615a5a;\"><strong>Kakovost:<\/strong>\u00a0100% Preizku\u0161eno<\/span><br \/>\n<span style=\"font-family: verdana, geneva, sans-serif; color: #615a5a;\"><strong>\u010cas dostave:<\/strong> 7-30 dni<\/span><\/p>","protected":false},"featured_media":1005,"comment_status":"closed","ping_status":"closed","template":"","meta":[],"product_cat":[15],"product_tag":[36,34,35,38,37],"class_list":{"0":"post-1004","1":"product","2":"type-product","3":"status-publish","4":"has-post-thumbnail","6":"product_cat-brake-parts","7":"product_tag-brake","8":"product_tag-brake-rotors-discs","9":"product_tag-brakerotorsdiscs","10":"product_tag-discs","11":"product_tag-rotors","13":"first","14":"instock","15":"shipping-taxable","16":"product-type-simple"},"_links":{"self":[{"href":"https:\/\/carbitautoparts.com\/sl\/wp-json\/wp\/v2\/product\/1004","targetHints":{"allow":["GET"]}}],"collection":[{"href":"https:\/\/carbitautoparts.com\/sl\/wp-json\/wp\/v2\/product"}],"about":[{"href":"https:\/\/carbitautoparts.com\/sl\/wp-json\/wp\/v2\/types\/product"}],"replies":[{"embeddable":true,"href":"https:\/\/carbitautoparts.com\/sl\/wp-json\/wp\/v2\/comments?post=1004"}],"wp:featuredmedia":[{"embeddable":true,"href":"https:\/\/carbitautoparts.com\/sl\/wp-json\/wp\/v2\/media\/1005"}],"wp:attachment":[{"href":"https:\/\/carbitautoparts.com\/sl\/wp-json\/wp\/v2\/media?parent=1004"}],"wp:term":[{"taxonomy":"product_cat","embeddable":true,"href":"https:\/\/carbitautoparts.com\/sl\/wp-json\/wp\/v2\/product_cat?post=1004"},{"taxonomy":"product_tag","embeddable":true,"href":"https:\/\/carbitautoparts.com\/sl\/wp-json\/wp\/v2\/product_tag?post=1004"}],"curies":[{"name":"wp","href":"https:\/\/api.w.org\/{rel}","templated":true}]}}