{"id":1045,"date":"2025-02-28T12:17:25","date_gmt":"2025-02-28T04:17:25","guid":{"rendered":"https:\/\/carbitautoparts.com\/?post_type=product&#038;p=1045"},"modified":"2025-03-07T18:17:31","modified_gmt":"2025-03-07T10:17:31","slug":"car-wiper-blades-quietness","status":"publish","type":"product","link":"https:\/\/carbitautoparts.com\/sl\/product\/tisina-brisalcev-avtomobila\/","title":{"rendered":"Ti\u0161ina brisalcev avtomobila"},"content":{"rendered":"<p><span style=\"font-family: verdana, geneva, sans-serif;\"><span style=\"font-size: 14pt;\"><strong>Visoko zmogljivi brisalci vetrobranskega stekla, odporni proti obrabi in tihi<\/strong><\/span><br \/>\n<strong><br \/>\nNatan\u010dno zasnovan za jasnost in vzdr\u017eljivost v vseh vremenskih razmerah<\/strong><\/span><\/p>\n<hr \/>\n<ul>\n<li><span style=\"font-family: verdana, geneva, sans-serif;\"><strong>Napredna celoletna zasnova<\/strong><\/span><\/li>\n<\/ul>\n<p><span style=\"font-family: verdana, geneva, sans-serif;\">\u00a0 \u00a0 \u00a0 -Malajzijski visokokakovostni trakovi iz naravnega kav\u010duka, optimizirani za ekstremne temperature (od -30 \u00b0C do 80 \u00b0C).<br \/>\n<\/span><span style=\"font-family: verdana, geneva, sans-serif;\">\u00a0 \u00a0 \u00a0 -SK6 Za bolj\u0161e prileganje brisalcev na povr\u0161ino stekla se uporabljajo pomnilni\u0161ke rezila iz visokooglji\u010dnega jekla.<\/span><\/p>\n<p>&nbsp;<\/p>\n<ul>\n<li><span style=\"font-family: verdana, geneva, sans-serif;\"><strong>\u0160epetajo\u010de in tiho delovanje<\/strong><\/span><\/li>\n<\/ul>\n<p><span style=\"font-family: verdana, geneva, sans-serif;\">\u00a0 \u00a0 \u00a0 \u00a0Gumijasta plo\u010devina je prevle\u010dena z nano grafitom, ki ohranja odpornost naravne gume proti obrabi, je varna in u\u010dinkovita ter ne po\u0161koduje stekla. Gladko in ti\u0161je strganje.<\/span><\/p>\n<p>&nbsp;<\/p>\n<ul>\n<li><span style=\"font-family: verdana, geneva, sans-serif;\"><span style=\"font-family: verdana, geneva, sans-serif;\"><strong>Univerzalna zdru\u017eljivost<\/strong><\/span><\/span><span style=\"font-family: verdana, geneva, sans-serif;\">-Neposredna zamenjava OEM za 98% vozil (limuzine, SUV, tovornjaki).<br \/>\n<\/span><span style=\"font-family: verdana, geneva, sans-serif;\">-Zdru\u017eljiv z blagovnimi znamkami: Toyota, Honda, Hydai,Ford, VW, BMW, Mercedes-Benz in druge.<\/span><\/li>\n<li><span style=\"font-family: verdana, geneva, sans-serif;\"><span style=\"font-family: verdana, geneva, sans-serif;\"><strong>Hitra in enostavna namestitev<\/strong><\/span><\/span><span style=\"font-family: verdana, geneva, sans-serif;\">-30-sekundni sistem pripenjanja brez orodja.<br \/>\n<\/span><span style=\"font-family: verdana, geneva, sans-serif;\">-Vklju\u010duje univerzalne adapterje za J-kljuko.<\/span><\/li>\n<\/ul>\n<p>&nbsp;<\/p>\n<p><span style=\"font-family: verdana, geneva, sans-serif;\">\u00a0<\/span><\/p>\n<p>&nbsp;<\/p>\n<p>&nbsp;<\/p>","protected":false},"excerpt":{"rendered":"<p><span style=\"font-family: verdana, geneva, sans-serif;\"><strong>Ime izdelka\uff1a<\/strong>Listi brisalcev avtomobila<\/span><br \/>\n<span style=\"font-family: verdana, geneva, sans-serif;\"><strong>Garancija\uff1a<\/strong>1 leto<\/span><br \/>\n<span style=\"font-family: verdana, geneva, sans-serif;\"><strong>Stanje\uff1a<\/strong>Novo<\/span><br \/>\n<strong style=\"font-family: verdana, geneva, sans-serif;\">Material:<\/strong><span style=\"font-family: verdana, geneva, sans-serif;\"> Visokokakovostni naravni kav\u010duk<\/span><strong style=\"font-family: verdana, geneva, sans-serif;\">Velikosti:<\/strong><span style=\"font-family: verdana, geneva, sans-serif;\"> 14\u2033 do 28\u2033 .<br \/>\n<\/span><strong style=\"font-family: verdana, geneva, sans-serif;\">\u017divljenjska doba:<\/strong><span style=\"font-family: verdana, geneva, sans-serif;\"> V normalnih razmerah ve\u010d kot 12 mesecev (ali 150.000 rob\u010dkov).<br \/>\n<strong>Kakovost:<\/strong>\u00a0100% Preizku\u0161eno<br \/>\n<strong>\u010cas dostave:<\/strong>\u00a03-7 dni<br \/>\n<\/span><\/p>\n<p>&nbsp;<\/p>","protected":false},"featured_media":1046,"comment_status":"closed","ping_status":"closed","template":"","meta":[],"product_cat":[25],"product_tag":[29,26,28,27,33,31,30,32],"class_list":{"0":"post-1045","1":"product","2":"type-product","3":"status-publish","4":"has-post-thumbnail","6":"product_cat-others-autoparts","7":"product_tag-all","8":"product_tag-all-season-car-wiper-blades-extreme-temperature-resistant-40c-to-60c","9":"product_tag-all-season-car-wiper-blade","10":"product_tag-allseasoncarwiperblades","11":"product_tag-blades","12":"product_tag-car","13":"product_tag-season","14":"product_tag-wiper","16":"first","17":"instock","18":"shipping-taxable","19":"product-type-simple"},"_links":{"self":[{"href":"https:\/\/carbitautoparts.com\/sl\/wp-json\/wp\/v2\/product\/1045","targetHints":{"allow":["GET"]}}],"collection":[{"href":"https:\/\/carbitautoparts.com\/sl\/wp-json\/wp\/v2\/product"}],"about":[{"href":"https:\/\/carbitautoparts.com\/sl\/wp-json\/wp\/v2\/types\/product"}],"replies":[{"embeddable":true,"href":"https:\/\/carbitautoparts.com\/sl\/wp-json\/wp\/v2\/comments?post=1045"}],"wp:featuredmedia":[{"embeddable":true,"href":"https:\/\/carbitautoparts.com\/sl\/wp-json\/wp\/v2\/media\/1046"}],"wp:attachment":[{"href":"https:\/\/carbitautoparts.com\/sl\/wp-json\/wp\/v2\/media?parent=1045"}],"wp:term":[{"taxonomy":"product_cat","embeddable":true,"href":"https:\/\/carbitautoparts.com\/sl\/wp-json\/wp\/v2\/product_cat?post=1045"},{"taxonomy":"product_tag","embeddable":true,"href":"https:\/\/carbitautoparts.com\/sl\/wp-json\/wp\/v2\/product_tag?post=1045"}],"curies":[{"name":"wp","href":"https:\/\/api.w.org\/{rel}","templated":true}]}}