{"id":1673,"date":"2025-03-13T11:54:10","date_gmt":"2025-03-13T03:54:10","guid":{"rendered":"https:\/\/carbitautoparts.com\/?post_type=product&#038;p=1673"},"modified":"2025-05-06T15:37:39","modified_gmt":"2025-05-06T07:37:39","slug":"nissan-x-trail-ac-compressor-92600-au010","status":"publish","type":"product","link":"https:\/\/carbitautoparts.com\/sl\/product\/nissan-x-trail-kompresor-klimatske-naprave-92600-au010\/","title":{"rendered":"Kompresor klimatske naprave za Nissan X-Trail | OEM 92600-AU010"},"content":{"rendered":"<p><span style=\"font-family: verdana, geneva, sans-serif; color: #474545;\"><span style=\"font-size: 14pt;\"><strong><b>Visoko zmogljiva re\u0161itev za hlajenje modelov Nissan X-Trail<br \/>\n<\/b><\/strong><\/span><strong><b><br \/>\n<\/b><\/strong>Z na\u0161im vrhunskim kompresorjem za klimatsko napravo razreda OEM povrnite klimatski napravi va\u0161ega Nissana X-Trail najve\u010djo zmogljivost. Ta kompresor, zasnovan kot neposredna zamenjava, zagotavlja zanesljivo u\u010dinkovitost hlajenja in vzdr\u017eljivost za razli\u010dne generacije vozil X-Trail.<\/span><\/p>\n<hr \/>\n<ul>\n<li><span style=\"font-family: verdana, geneva, sans-serif; color: #5e5c5c;\"><span style=\"font-family: verdana, geneva, sans-serif;\"><strong><b>Optimizirano za ekstremne razmere<\/b><\/strong><strong><b><br \/>\n<\/b><\/strong>-Skladen s hladilnim sredstvom R134a (predhodno napolnjen z oljem PAG46).<br \/>\n-Korozijsko odporno aluminijasto ohi\u0161je za vla\u017ena in visokotemperaturna okolja.<\/span><\/span>&nbsp;<\/li>\n<li><span style=\"font-family: verdana, geneva, sans-serif; color: #5e5c5c;\"><span style=\"font-family: verdana, geneva, sans-serif;\"><strong><b>Trajna konstrukcija<\/b><\/strong><strong><b><br \/>\n<\/b><\/strong><strong><b>&#8211;<\/b><\/strong>Natan\u010dno izdelani notranji deli za manj\u0161o obrabo.<br \/>\n-Dvojno tesnilo gredi za delovanje brez pu\u0161\u010danja.<br \/>\n-Proizvodnja s certifikatom ISO 9001.<\/span><\/span>&nbsp;<\/li>\n<li><span style=\"font-family: verdana, geneva, sans-serif; color: #5e5c5c;\"><span style=\"font-family: verdana, geneva, sans-serif;\"><strong><b>Enostavna namestitev<\/b><\/strong><strong><b><br \/>\n<\/b><\/strong>-Neposredna zamenjava z vija\u010denjem (spremembe niso potrebne).<br \/>\n-Prednastavljena vrzel sklopke (toleranca 0,5 mm \u00b1 0,1 mm).<br \/>\n-Vklju\u010duje monta\u017ene nosilce in poravnalne zati\u010de.<\/span><\/span>&nbsp;<\/li>\n<li><span style=\"font-family: verdana, geneva, sans-serif; color: #5e5c5c;\"><strong><b>Zakaj izbrati na\u0161e kompresorje?<br \/>\n<\/b><\/strong>\u00a0Stroga kontrola kakovosti: 72-urno testiranje u\u010dinkovitosti.<\/span><br \/>\n<span style=\"font-family: verdana, geneva, sans-serif; color: #5e5c5c;\">\u00a0100% preverjeno uhajanje z odkrivanjem helija.<br \/>\n1-letna garancija.<\/span><\/li>\n<\/ul>","protected":false},"excerpt":{"rendered":"<p><span style=\"font-family: verdana, geneva, sans-serif; color: #4d4b4b;\"><strong>Ime izdelka\uff1a<\/strong>Avtomobilski kompresor AC<\/span><br \/>\n<span style=\"font-family: verdana, geneva, sans-serif; color: #4d4b4b;\"><strong>Garancija\uff1a<\/strong>1 leto<\/span><br \/>\n<span style=\"font-family: verdana, geneva, sans-serif; color: #4d4b4b;\"><strong>Stanje\uff1a<\/strong>Novo<\/span><br \/>\n<span style=\"font-family: verdana, geneva, sans-serif; color: #4d4b4b;\"><strong>Model avtomobila\uff1a<\/strong>Nissan X-Trail<\/span><br \/>\n<span style=\"font-family: verdana, geneva, sans-serif; color: #4d4b4b;\"><strong>Napetost:\u00a0<\/strong>12V<\/span><br \/>\n<span style=\"font-family: verdana, geneva, sans-serif; color: #4d4b4b;\"><strong>Hladilno sredstvo\uff1a<\/strong>R134a<\/span><br \/>\n<span style=\"color: #4d4b4b;\"><span style=\"font-family: verdana, geneva, sans-serif;\"><strong>OEM: <\/strong>92600-AU010 92600-AU000<br \/>\n92600-AU01B 92600-AU01A<br \/>\n92600-ET82A 92600-JG30B<br \/>\n92600-JG30A 4472501490<strong><b><br \/>\n<\/b><\/strong><\/span><strong style=\"font-family: verdana, geneva, sans-serif;\">Kakovost: <\/strong><span style=\"font-family: verdana, geneva, sans-serif;\">100% Preizku\u0161eno<br \/>\n<\/span><span style=\"font-family: verdana, geneva, sans-serif;\"><strong>\u010cas dostave:\u00a0<\/strong>3-7 dni<\/span><\/span><\/p>","protected":false},"featured_media":1674,"comment_status":"closed","ping_status":"closed","template":"","meta":[],"product_cat":[19],"product_tag":[44,45,42,40,41,47,43,46],"class_list":{"0":"post-1673","1":"product","2":"type-product","3":"status-publish","4":"has-post-thumbnail","6":"product_cat-electric-almotor-parts","7":"product_tag-ac","8":"product_tag-compressor","9":"product_tag-nissan","10":"product_tag-nissan-x-trail-ac-compressor","11":"product_tag-nissanx-trailaccompressor","12":"product_tag-nissanxtrailaccompressor","13":"product_tag-x-trail","14":"product_tag-xtrail","16":"first","17":"instock","18":"featured","19":"shipping-taxable","20":"product-type-simple"},"_links":{"self":[{"href":"https:\/\/carbitautoparts.com\/sl\/wp-json\/wp\/v2\/product\/1673","targetHints":{"allow":["GET"]}}],"collection":[{"href":"https:\/\/carbitautoparts.com\/sl\/wp-json\/wp\/v2\/product"}],"about":[{"href":"https:\/\/carbitautoparts.com\/sl\/wp-json\/wp\/v2\/types\/product"}],"replies":[{"embeddable":true,"href":"https:\/\/carbitautoparts.com\/sl\/wp-json\/wp\/v2\/comments?post=1673"}],"wp:featuredmedia":[{"embeddable":true,"href":"https:\/\/carbitautoparts.com\/sl\/wp-json\/wp\/v2\/media\/1674"}],"wp:attachment":[{"href":"https:\/\/carbitautoparts.com\/sl\/wp-json\/wp\/v2\/media?parent=1673"}],"wp:term":[{"taxonomy":"product_cat","embeddable":true,"href":"https:\/\/carbitautoparts.com\/sl\/wp-json\/wp\/v2\/product_cat?post=1673"},{"taxonomy":"product_tag","embeddable":true,"href":"https:\/\/carbitautoparts.com\/sl\/wp-json\/wp\/v2\/product_tag?post=1673"}],"curies":[{"name":"wp","href":"https:\/\/api.w.org\/{rel}","templated":true}]}}