{"id":1787,"date":"2025-05-05T16:46:25","date_gmt":"2025-05-05T08:46:25","guid":{"rendered":"https:\/\/carbitautoparts.com\/?post_type=product&#038;p=1787"},"modified":"2025-05-06T15:34:27","modified_gmt":"2025-05-06T07:34:27","slug":"rod-assy-nissan-patrol-y62-oem-546181lb0a","status":"publish","type":"product","link":"https:\/\/carbitautoparts.com\/sl\/product\/sklop-palice-nissan-patrol-y62-oem-546181lb0a\/","title":{"rendered":"Sklop palice za Nissan Patrol Y62-OEM 546181LB0A"},"content":{"rendered":"<p class=\"ds-markdown-paragraph\">\n<span style=\"color: #5e5b5b;\"><span style=\"font-family: verdana, geneva, sans-serif;\"><strong>Sklop palice za Nissan Patrol Y62 - OEM 546181LB0A Zamenjava | Trajno in zanesljivo<\/p>\n<p><\/strong><\/span><span style=\"font-family: verdana, geneva, sans-serif;\">Izbolj\u0161ajte zmogljivost in \u017eivljenjsko dobo svojega vozila Nissan Patrol Y62 z na\u0161imi vrhunskimi\u00a0<strong>Sklop palice<\/strong>\u00a0(OEM: 546181LB0A). Ta visokokakovostni sestavni del, ki je zasnovan kot neposredna zamenjava za originalno opremo, zagotavlja brezhibno integracijo z vzmetenjem ali krmilnim sistemom va\u0161ega vozila (potrdite posebnosti uporabe glede na to\u010dno dolo\u010deno uporabo dela).<\/span><\/span><\/p>\n<hr \/>\n<p class=\"ds-markdown-paragraph\">\n<span style=\"font-family: verdana, geneva, sans-serif; color: #5e5b5b;\">\u2705\u00a0<strong>Natan\u010dno in\u017eenirstvo:<\/strong>\u00a0Izdelani so v skladu s specifikacijami OEM ali jih celo presegajo, kar zagotavlja optimalno prileganje, trdnost in zmogljivost.<br \/>\n<\/span><br \/>\n<span style=\"font-family: verdana, geneva, sans-serif; color: #5e5b5b;\">\u2705\u00a0<strong>Zagotovljena vzdr\u017eljivost:<\/strong> Kovani iz jekla visoke trdnosti in povr\u0161insko obdelani s prevleko iz zlitine Zn-Ni in elektroplo\u0161\u010do za nosilnost, odpornost proti obrabi zaradi grobih cest in mo\u010dnih udarcev ter odpornost proti rjavenju.<br \/>\n<\/span><br \/>\n<span style=\"font-family: verdana, geneva, sans-serif; color: #5e5b5b;\">\u2705\u00a0<strong>Popolna zdru\u017eljivost:<\/strong> Posebej zasnovan za Nissan Patrol Y62 (2010-2017) - spremembe niso potrebne.<br \/>\n<\/span><br \/>\n<span style=\"font-family: verdana, geneva, sans-serif; color: #5e5b5b;\">\u2705\u00a0<strong>Nemoteno delovanje:<\/strong>\u00a0Obnovi tovarni\u0161ko odzivnost in stabilnost ter izbolj\u0161a varnost in nadzor vo\u017enje.<\/span><\/p>\n<p class=\"ds-markdown-paragraph\"><span style=\"font-family: verdana, geneva, sans-serif; color: #5e5b5b;\"><strong>Zakaj izbrati na\u0161 ROD ASSY?<\/strong><\/span><\/p>\n<ul>\n<li>\n<p class=\"ds-markdown-paragraph\"><span style=\"font-family: verdana, geneva, sans-serif; color: #5e5b5b;\"><strong>100% Preizku\u0161ena kakovost:<\/strong>\u00a0Strogi pregledi zagotavljajo delovanje brez napak.<\/span><\/p>\n<\/li>\n<li>\n<p class=\"ds-markdown-paragraph\"><span style=\"font-family: verdana, geneva, sans-serif; color: #5e5b5b;\"><strong>Hitra dostava:<\/strong>\u00a0Naro\u010dite \u0161e danes za hitro dostavo na va\u0161 prag.<\/span><\/p>\n<\/li>\n<li>\n<p class=\"ds-markdown-paragraph\"><span style=\"font-family: verdana, geneva, sans-serif; color: #5e5b5b;\"><strong>Konkuren\u010dne cene:<\/strong>\u00a0Vrhunska kakovost po nepremagljivi ceni.<\/span><\/p>\n<\/li>\n<\/ul>","protected":false},"excerpt":{"rendered":"<p><span style=\"font-family: verdana, geneva, sans-serif; color: #524e4e;\"><strong>Ime izdelka\uff1a<\/strong>Sklop palice<\/span><br \/>\n<span style=\"font-family: verdana, geneva, sans-serif; color: #524e4e;\"><strong>Garancija\uff1a<\/strong>1 leto<\/span><br \/>\n<span style=\"font-family: verdana, geneva, sans-serif; color: #524e4e;\"><strong>Stanje\uff1a<\/strong>Novo<\/span><br \/>\n<span style=\"font-family: verdana, geneva, sans-serif; color: #524e4e;\"><strong>Model avtomobila\uff1a<\/strong>Nissan Patrol Y62<\/span><br \/>\n<span style=\"font-family: verdana, geneva, sans-serif; color: #524e4e;\"><strong>OEM NO.:<\/strong>546181LB0A<\/span><br \/>\n<span style=\"font-family: verdana, geneva, sans-serif; color: #524e4e;\"><strong>Kakovost:<\/strong>\u00a0100% Preizku\u0161eno<\/span><br \/>\n<span style=\"font-family: verdana, geneva, sans-serif; color: #524e4e;\"><strong>\u010cas dostave:<\/strong>\u00a07-10 dni<\/span><\/p>","protected":false},"featured_media":1788,"comment_status":"closed","ping_status":"closed","template":"","meta":[],"product_cat":[50],"product_tag":[],"class_list":{"0":"post-1787","1":"product","2":"type-product","3":"status-publish","4":"has-post-thumbnail","6":"product_cat-chassis-parts","8":"first","9":"instock","10":"featured","11":"shipping-taxable","12":"product-type-simple"},"_links":{"self":[{"href":"https:\/\/carbitautoparts.com\/sl\/wp-json\/wp\/v2\/product\/1787","targetHints":{"allow":["GET"]}}],"collection":[{"href":"https:\/\/carbitautoparts.com\/sl\/wp-json\/wp\/v2\/product"}],"about":[{"href":"https:\/\/carbitautoparts.com\/sl\/wp-json\/wp\/v2\/types\/product"}],"replies":[{"embeddable":true,"href":"https:\/\/carbitautoparts.com\/sl\/wp-json\/wp\/v2\/comments?post=1787"}],"wp:featuredmedia":[{"embeddable":true,"href":"https:\/\/carbitautoparts.com\/sl\/wp-json\/wp\/v2\/media\/1788"}],"wp:attachment":[{"href":"https:\/\/carbitautoparts.com\/sl\/wp-json\/wp\/v2\/media?parent=1787"}],"wp:term":[{"taxonomy":"product_cat","embeddable":true,"href":"https:\/\/carbitautoparts.com\/sl\/wp-json\/wp\/v2\/product_cat?post=1787"},{"taxonomy":"product_tag","embeddable":true,"href":"https:\/\/carbitautoparts.com\/sl\/wp-json\/wp\/v2\/product_tag?post=1787"}],"curies":[{"name":"wp","href":"https:\/\/api.w.org\/{rel}","templated":true}]}}