{"id":1792,"date":"2025-05-05T17:46:18","date_gmt":"2025-05-05T09:46:18","guid":{"rendered":"https:\/\/carbitautoparts.com\/?post_type=product&#038;p=1792"},"modified":"2025-05-06T15:32:31","modified_gmt":"2025-05-06T07:32:31","slug":"front-control-arm-for-hyundai-sonata-oem-54500-3k000-54501-3k000","status":"publish","type":"product","link":"https:\/\/carbitautoparts.com\/sl\/product\/sprednja-krmilna-rocica-za-hyundai-sonata-oem-54500-3k000-54501-3k000\/","title":{"rendered":"Sprednja krmilna ro\u010dica za Hyundai Sonata-OEM 54500-3K000 54501-3K000"},"content":{"rendered":"<p class=\"ds-markdown-paragraph\"><span style=\"font-family: verdana, geneva, sans-serif; color: #5c5858;\"><strong>Premium sprednja krmilna ro\u010dica za Hyundai Sonata - neposredna zamenjava OEM 54500-3K000 in 54501-3K000<\/strong><\/span><\/p>\n<p class=\"ds-markdown-paragraph\"><span style=\"font-family: verdana, geneva, sans-serif; color: #5c5858;\">Izbolj\u0161ajte zmogljivost in varnost svojega vozila Hyundai Sonata z na\u0161imi\u00a0<strong>Sprednja krmilna ro\u010dica s specifikacijo OEM<\/strong> (OEM: 54500-3K000 in 54501-3K000). Ta visokokakovostni nadomestni del je zasnovan tako, da natan\u010dno izpolnjuje tovarni\u0161ke standarde, zato zagotavlja brezhibno zdru\u017eljivost, vzdr\u017eljivost in optimalno upravljanje va\u0161ega vozila.<\/span><\/p>\n<hr \/>\n<p class=\"ds-markdown-paragraph\"><span style=\"font-family: verdana, geneva, sans-serif; color: #5c5858;\">\u2705\u00a0<strong>Natan\u010dna namestitev OEM<\/strong>: Zasnovan je tako, da ustreza originalnim specifikacijam Hyundaija (54500-3K000 in 54501-3K000), kar zagotavlja popolno poravnavo in brezskrbno namestitev.<br \/>\n<\/span><br \/>\n<span style=\"font-family: verdana, geneva, sans-serif; color: #5c5858;\">\u2705\u00a0<strong>Trajna konstrukcija<\/strong>: Kovani iz jekla visoke trdnosti in povr\u0161insko obdelani s prevleko iz zlitine Zn-Ni ter elektroplakiranjem za nosilnost, odpornost proti obrabi zaradi grobih cest in mo\u010dnih udarcev ter odpornost proti rjavenju.<br \/>\n<\/span><br \/>\n<span style=\"font-family: verdana, geneva, sans-serif; color: #5c5858;\">\u2705\u00a0<strong>Ve\u010dja varnost in stabilnost<\/strong>: Obnovi natan\u010den odziv krmiljenja, zmanj\u0161a vibracije in ohranja poravnavo koles za varnej\u0161o in bolj gladko vo\u017enjo.<br \/>\n<\/span><br \/>\n<span style=\"font-family: verdana, geneva, sans-serif; color: #5c5858;\">\u2705\u00a0<strong>Stro\u0161kovno u\u010dinkovita re\u0161itev<\/strong>: Izognite se trgovskim pribitkom in u\u017eivajte v kakovosti na ravni OEM po konkuren\u010dni ceni.<\/span><\/p>\n<p class=\"ds-markdown-paragraph\"><span style=\"font-family: verdana, geneva, sans-serif; color: #5c5858;\"><strong>Zdru\u017eljiv z<\/strong>:<\/span><\/p>\n<ul>\n<li>\n<p class=\"ds-markdown-paragraph\"><span style=\"font-family: verdana, geneva, sans-serif; color: #5c5858;\">Hyundai Sonata (leta:2004-2007)<\/span><br \/>\n<span style=\"font-family: verdana, geneva, sans-serif; color: #5c5858;\"><em>Preverite to\u010dnost \u0161tevilke VIN in leta izdelave va\u0161ega vozila.<\/em><\/span><\/p>\n<\/li>\n<\/ul>\n<p class=\"ds-markdown-paragraph\">","protected":false},"excerpt":{"rendered":"<p><span style=\"font-family: verdana, geneva, sans-serif; color: #544d4d;\"><strong>Ime izdelka\uff1a<\/strong>Sprednja krmilna ro\u010dica<\/span><br \/>\n<span style=\"font-family: verdana, geneva, sans-serif; color: #544d4d;\"><strong>Garancija\uff1a<\/strong>1 leto<\/span><br \/>\n<span style=\"font-family: verdana, geneva, sans-serif; color: #544d4d;\"><strong>Stanje\uff1a<\/strong>Novo<\/span><br \/>\n<span style=\"font-family: verdana, geneva, sans-serif; color: #544d4d;\"><strong>Model avtomobila\uff1a<\/strong><span style=\"font-family: verdana, geneva, sans-serif;\">Hyundai Sonata (leta:2004-2007)<\/span><\/span><br \/>\n<span style=\"font-family: verdana, geneva, sans-serif; color: #544d4d;\"><strong>OEM NO.:<\/strong><span style=\"font-family: verdana, geneva, sans-serif;\">54500-3K000\uff08Levo\uff09 &amp; 54501-3K000(desno)<\/span><\/span><br \/>\n<span style=\"font-family: verdana, geneva, sans-serif; color: #544d4d;\"><strong>Kakovost:<\/strong>\u00a0100% Preizku\u0161eno<\/span><br \/>\n<span style=\"font-family: verdana, geneva, sans-serif; color: #544d4d;\"><strong>\u010cas dostave:<\/strong>\u00a07-10 dni<\/span><\/p>","protected":false},"featured_media":1793,"comment_status":"closed","ping_status":"closed","template":"","meta":[],"product_cat":[50],"product_tag":[],"class_list":{"0":"post-1792","1":"product","2":"type-product","3":"status-publish","4":"has-post-thumbnail","6":"product_cat-chassis-parts","8":"first","9":"instock","10":"featured","11":"shipping-taxable","12":"product-type-simple"},"_links":{"self":[{"href":"https:\/\/carbitautoparts.com\/sl\/wp-json\/wp\/v2\/product\/1792","targetHints":{"allow":["GET"]}}],"collection":[{"href":"https:\/\/carbitautoparts.com\/sl\/wp-json\/wp\/v2\/product"}],"about":[{"href":"https:\/\/carbitautoparts.com\/sl\/wp-json\/wp\/v2\/types\/product"}],"replies":[{"embeddable":true,"href":"https:\/\/carbitautoparts.com\/sl\/wp-json\/wp\/v2\/comments?post=1792"}],"wp:featuredmedia":[{"embeddable":true,"href":"https:\/\/carbitautoparts.com\/sl\/wp-json\/wp\/v2\/media\/1793"}],"wp:attachment":[{"href":"https:\/\/carbitautoparts.com\/sl\/wp-json\/wp\/v2\/media?parent=1792"}],"wp:term":[{"taxonomy":"product_cat","embeddable":true,"href":"https:\/\/carbitautoparts.com\/sl\/wp-json\/wp\/v2\/product_cat?post=1792"},{"taxonomy":"product_tag","embeddable":true,"href":"https:\/\/carbitautoparts.com\/sl\/wp-json\/wp\/v2\/product_tag?post=1792"}],"curies":[{"name":"wp","href":"https:\/\/api.w.org\/{rel}","templated":true}]}}