{"id":1805,"date":"2025-05-06T15:30:52","date_gmt":"2025-05-06T07:30:52","guid":{"rendered":"https:\/\/carbitautoparts.com\/?post_type=product&#038;p=1805"},"modified":"2025-05-06T15:34:34","modified_gmt":"2025-05-06T07:34:34","slug":"engine-head-gasket-for-ford-focusfiestaecosport-oem-7s7g-6051-xb","status":"publish","type":"product","link":"https:\/\/carbitautoparts.com\/sl\/product\/tesnilo-za-glavo-motorja-ford-focusfiestaecosport-oem-7s7g-6051-xb\/","title":{"rendered":"Tesnilo za glavo motorja za Ford Focus,Fiesta,Ecosport-OEM 7S7G-6051-XB"},"content":{"rendered":"<p class=\"ds-markdown-paragraph\"><span style=\"font-family: verdana, geneva, sans-serif; color: #5e5757;\"><strong>Premium tesnilo za glavo motorja za Ford Focus, Fiesta, Ecosport - OEM 7S7G-6051-XB<\/strong><\/span><\/p>\n<p class=\"ds-markdown-paragraph\"><span style=\"color: #5e5757;\"><span style=\"font-family: verdana, geneva, sans-serif;\">Poskrbite za dolgo\u017eivost in vrhunsko zmogljivost svojega motorja Ford z na\u0161imi\u00a0<strong>visokokakovostno tesnilo za glavo motorja<\/strong>skrbno izdelan tako, da ustreza specifikacijam OEM ali jih celo presega (7S7G-6051-XB). Zasnovan za modele Ford Focus, Fiesta in Ecosport.<\/span><\/span><\/p>\n<hr \/>\n<p class=\"ds-markdown-paragraph\"><span style=\"color: #5e5757;\"><span style=\"font-family: verdana, geneva, sans-serif;\"><br \/>\n<\/span><span style=\"font-family: verdana, geneva, sans-serif;\">\u2705 <strong>Natan\u010dna vgradnja OEM:<\/strong> Neposredna zamenjava za Fordov del 7S7G-6051-XB, ki zagotavlja brezhibno zdru\u017eljivost z motorji Focus (2011-2015), Fiesta (2008-2015) in Ecosport (2012-2014).<br \/>\n<\/span><\/span><br \/>\n<span style=\"font-family: verdana, geneva, sans-serif; color: #5e5757;\">\u2705\u00a0<strong>Napredno oblikovanje ve\u010dplastnega jekla (MLS):<\/strong>\u00a0Oja\u010dana konstrukcija je odporna proti ekstremnim temperaturam in nihanju tlaka, kar prepre\u010duje pu\u0161\u010danje in deformacijo glave.<br \/>\n<\/span><br \/>\n<span style=\"font-family: verdana, geneva, sans-serif; color: #5e5757;\">\u2705\u00a0<strong>Tehnologija natan\u010dnega tesnjenja:<\/strong>\u00a0Odpravlja pu\u0161\u010danje zgorevalnega zraka, me\u0161anje hladilne teko\u010dine in onesna\u017eenje olja ter tako \u0161\u010diti motor pred dragocenimi po\u0161kodbami.<br \/>\n<\/span><br \/>\n<span style=\"font-family: verdana, geneva, sans-serif; color: #5e5757;\">\u2705\u00a0<strong>Trajni materiali:<\/strong>\u00a0Visokokakovostni elastomeri in premazi, odporni proti koroziji, zagotavljajo dolgotrajno vzdr\u017eljivost v te\u017ekih voznih razmerah.<br \/>\n<\/span><br \/>\n<span style=\"font-family: verdana, geneva, sans-serif; color: #5e5757;\">\u2705\u00a0<strong>Enostavna namestitev:<\/strong>\u00a0Predizrezane luknje za vijake in tovarni\u0161ko usklajene dimenzije skraj\u0161ajo \u010das in zmanj\u0161ajo \u0161tevilo napak pri namestitvi.<\/span><\/p>\n<p class=\"ds-markdown-paragraph\"><span style=\"font-family: verdana, geneva, sans-serif; color: #5e5757;\"><strong>Zakaj izbrati to tesnilo za glavo?<\/strong><\/span><br \/>\n<span style=\"font-family: verdana, geneva, sans-serif; color: #5e5757;\">Pokvarjeno tesnilo glave lahko povzro\u010di katastrofalno okvaro motorja, pregrevanje in draga popravila. Na\u0161e tesnilo, ki je enakovredno tesnilu OEM, zagotavlja\u00a0<strong>stro\u0161kovno u\u010dinkovita re\u0161itev<\/strong>\u00a0za vzdr\u017eevanje kompresije, prepre\u010devanje pu\u0161\u010danja teko\u010din in podalj\u0161anje \u017eivljenjske dobe motorja. Zaupajo mu avtomobilski strokovnjaki, zato je idealna izbira za:<\/span><\/p>\n<ul>\n<li>\n<p class=\"ds-markdown-paragraph\"><span style=\"font-family: verdana, geneva, sans-serif; color: #5e5757;\">Rutinske obnove motorja<\/span><\/p>\n<\/li>\n<li>\n<p class=\"ds-markdown-paragraph\"><span style=\"font-family: verdana, geneva, sans-serif; color: #5e5757;\">Popravila zaradi pregrevanja<\/span><\/p>\n<\/li>\n<li>\n<p class=\"ds-markdown-paragraph\"><span style=\"font-family: verdana, geneva, sans-serif; color: #5e5757;\">Preventivno vzdr\u017eevanje<\/span><\/p>\n<\/li>\n<\/ul>\n<p class=\"ds-markdown-paragraph\"><span style=\"font-family: verdana, geneva, sans-serif; color: #5e5757;\"><strong>Popolnoma ustreza modelom Ford:<\/strong><\/span><\/p>\n<ul>\n<li>\n<p class=\"ds-markdown-paragraph\"><span style=\"font-family: verdana, geneva, sans-serif; color: #5e5757;\">Ford Focus (<span style=\"color: #5e5757;\"><span style=\"font-family: verdana, geneva, sans-serif;\">2011-2015<\/span><\/span>)<\/span><\/p>\n<\/li>\n<li>\n<p class=\"ds-markdown-paragraph\"><span style=\"font-family: verdana, geneva, sans-serif; color: #5e5757;\">Ford Fiesta (<span style=\"color: #5e5757;\"><span style=\"font-family: verdana, geneva, sans-serif;\">2008-2015<\/span><\/span>)<\/span><\/p>\n<\/li>\n<li>\n<p class=\"ds-markdown-paragraph\"><span style=\"font-family: verdana, geneva, sans-serif; color: #5e5757;\">Ford Ecosport (<span style=\"color: #5e5757;\"><span style=\"font-family: verdana, geneva, sans-serif;\">2012-2014<\/span><\/span>)<\/span><\/p>\n<\/li>\n<\/ul>\n<p class=\"ds-markdown-paragraph\"><span style=\"font-family: verdana, geneva, sans-serif; color: #5e5757;\"><strong>Zagotavljanje kakovosti OEM:<\/strong><\/span><br \/>\n<span style=\"font-family: verdana, geneva, sans-serif; color: #5e5757;\">Vsako tesnilo je podvr\u017eeno strogemu testiranju, da izpolnjuje stroge standarde OE, kar zagotavlja optimalno toplotno prevodnost in popolno tesnjenje. Podprto z 12-mese\u010dno garancijo za nakup brez skrbi.<\/span><\/p>","protected":false},"excerpt":{"rendered":"<p><span style=\"font-family: verdana, geneva, sans-serif; color: #615d5d;\"><strong>Ime izdelka\uff1a<\/strong>Tesnilo glave motorja<\/span><br \/>\n<span style=\"font-family: verdana, geneva, sans-serif; color: #615d5d;\"><strong>Garancija\uff1a<\/strong>1 leto<\/span><br \/>\n<span style=\"font-family: verdana, geneva, sans-serif; color: #615d5d;\"><strong>Stanje\uff1a<\/strong>Novo<\/span><br \/>\n<span style=\"font-family: verdana, geneva, sans-serif; color: #615d5d;\"><strong>Model avtomobila\uff1a<\/strong>Ford <span style=\"color: #5e5757;\"><span style=\"font-family: verdana, geneva, sans-serif;\">Focus (2011-2015), Fiesta (2008-2015) in Ecosport (2012-2014)<\/span><\/span><\/span><br \/>\n<span style=\"font-family: verdana, geneva, sans-serif; color: #615d5d;\"><strong>OEM NO.:<\/strong><span style=\"color: #5e5757;\"><span style=\"font-family: verdana, geneva, sans-serif;\">7S7G-6051-XB<\/span><\/span><\/span><br \/>\n<span style=\"font-family: verdana, geneva, sans-serif; color: #615d5d;\"><strong>Kakovost:<\/strong>\u00a0100% Preizku\u0161eno<\/span><br \/>\n<span style=\"font-family: verdana, geneva, sans-serif; color: #615d5d;\"><strong>\u010cas dostave:<\/strong>\u00a07-10 dni<\/span><\/p>","protected":false},"featured_media":1806,"comment_status":"closed","ping_status":"closed","template":"","meta":[],"product_cat":[18],"product_tag":[],"class_list":{"0":"post-1805","1":"product","2":"type-product","3":"status-publish","4":"has-post-thumbnail","6":"product_cat-engine-parts","8":"first","9":"instock","10":"featured","11":"shipping-taxable","12":"product-type-simple"},"_links":{"self":[{"href":"https:\/\/carbitautoparts.com\/sl\/wp-json\/wp\/v2\/product\/1805","targetHints":{"allow":["GET"]}}],"collection":[{"href":"https:\/\/carbitautoparts.com\/sl\/wp-json\/wp\/v2\/product"}],"about":[{"href":"https:\/\/carbitautoparts.com\/sl\/wp-json\/wp\/v2\/types\/product"}],"replies":[{"embeddable":true,"href":"https:\/\/carbitautoparts.com\/sl\/wp-json\/wp\/v2\/comments?post=1805"}],"wp:featuredmedia":[{"embeddable":true,"href":"https:\/\/carbitautoparts.com\/sl\/wp-json\/wp\/v2\/media\/1806"}],"wp:attachment":[{"href":"https:\/\/carbitautoparts.com\/sl\/wp-json\/wp\/v2\/media?parent=1805"}],"wp:term":[{"taxonomy":"product_cat","embeddable":true,"href":"https:\/\/carbitautoparts.com\/sl\/wp-json\/wp\/v2\/product_cat?post=1805"},{"taxonomy":"product_tag","embeddable":true,"href":"https:\/\/carbitautoparts.com\/sl\/wp-json\/wp\/v2\/product_tag?post=1805"}],"curies":[{"name":"wp","href":"https:\/\/api.w.org\/{rel}","templated":true}]}}