{"id":1823,"date":"2025-05-09T11:26:23","date_gmt":"2025-05-09T03:26:23","guid":{"rendered":"https:\/\/carbitautoparts.com\/?post_type=product&#038;p=1823"},"modified":"2025-05-09T11:26:23","modified_gmt":"2025-05-09T03:26:23","slug":"ac-condenser-toyota-corolla-oem-8845002390","status":"publish","type":"product","link":"https:\/\/carbitautoparts.com\/sl\/product\/kondenzator-toyota-corolla-oem-8845002390\/","title":{"rendered":"Kondenzator klimatske naprave za Toyoto Corollo-OEM 8845002390"},"content":{"rendered":"<p class=\"ds-markdown-paragraph\"><span style=\"font-family: verdana, geneva, sans-serif; color: #524c4c;\"><strong>Visokokakovostni kondenzator klimatske naprave za Toyoto Corollo (originalna zamenjava 8845002390) | Trajna in neposredna namestitev<\/strong><\/span><\/p>\n<p class=\"ds-markdown-paragraph\"><span style=\"font-family: verdana, geneva, sans-serif; color: #524c4c;\">Hladilni sistem va\u0161e Toyote Corolle naj bo vedno najbolj zmogljiv z na\u0161imi vrhunskimi\u00a0<strong>Kondenzator AC<\/strong>zasnovan kot neposredna zamenjava za OEM #8845002390. Ta kondenzator, zasnovan za vzdr\u017eljivost, u\u010dinkovitost in brezhibno zdru\u017eljivost, zagotavlja optimalen pretok zraka in kro\u017eenje hladilnega sredstva ter tako klimatski napravi va\u0161ega vozila povrne tovarni\u0161ko zanesljivost.<\/span><\/p>\n<hr \/>\n<p class=\"ds-markdown-paragraph\">\n<span style=\"font-family: verdana, geneva, sans-serif; color: #524c4c;\">\u2705\u00a0<strong>Natan\u010dna namestitev OEM<\/strong>: Natan\u010dno izdelan v skladu s specifikacijami Toyote Corolle (modeli 2008-2014), kar zagotavlja nemoteno namestitev brez sprememb.<br \/>\n<\/span><br \/>\n<span style=\"font-family: verdana, geneva, sans-serif; color: #524c4c;\">\u2705\u00a0<strong>Robustna konstrukcija<\/strong>: Izdelan je iz visokokakovostnih aluminijastih cevi in na korozijo odpornih reber za bolj\u0161e odvajanje toplote in dolgotrajno vzdr\u017eljivost.<br \/>\n<\/span><br \/>\n<span style=\"font-family: verdana, geneva, sans-serif; color: #524c4c;\">\u2705\u00a0<strong>Izbolj\u0161ana u\u010dinkovitost hlajenja<\/strong>: Obnovi hitro delovanje hlajenja tudi pri ekstremnih temperaturah in zmanj\u0161a obremenitev kompresorja klimatske naprave.<br \/>\n<\/span><br \/>\n<span style=\"font-family: verdana, geneva, sans-serif; color: #524c4c;\">\u2705\u00a0<strong>Oblikovanje, ki prepre\u010duje pu\u0161\u010danje<\/strong>: Tla\u010dno preizku\u0161eno, da zdr\u017ei stroge delovne pogoje, kar zagotavlja zanesljivo delovanje in minimalno vzdr\u017eevanje.<br \/>\n<\/span><br \/>\n<span style=\"font-family: verdana, geneva, sans-serif; color: #524c4c;\">\u2705\u00a0<strong>Stro\u0161kovno u\u010dinkovita re\u0161itev<\/strong>: Prihranite do 30% v primerjavi s prodajnimi cenami, ne da bi pri tem ogrozili kakovost.<\/span><\/p>\n<p class=\"ds-markdown-paragraph\"><span style=\"font-family: verdana, geneva, sans-serif; color: #524c4c;\"><strong>Zakaj izbrati na\u0161 kondenzator?<\/strong><\/span><br \/>\n<span style=\"font-family: verdana, geneva, sans-serif; color: #524c4c;\">Ta kondenzator, ki je zdru\u017eljiv s standardom OEM 8845002390, je strogo preverjen glede kakovosti, da ustreza standardom OE ali jih celo presega. Idealen je tako za navdu\u0161ence \"naredi sam\" kot za profesionalne mehanike, saj ga podpira\u00a0<strong>12-mese\u010dna garancija<\/strong>\u00a0in ki mu zaupa na tiso\u010de Toyotinih lastnikov po vsem svetu.<\/span><\/p>\n<p class=\"ds-markdown-paragraph\"><span style=\"font-family: verdana, geneva, sans-serif; color: #524c4c;\"><strong>Popolna zdru\u017eljivost<\/strong>:<\/span><\/p>\n<ul>\n<li>\n<p class=\"ds-markdown-paragraph\"><span style=\"font-family: verdana, geneva, sans-serif; color: #524c4c;\"><strong>Vozilo<\/strong>: Toyota Corolla (2008-2014, vklju\u010dno s hibridnimi razli\u010dicami)<\/span><\/p>\n<\/li>\n<li>\n<p class=\"ds-markdown-paragraph\"><span style=\"font-family: verdana, geneva, sans-serif; color: #524c4c;\"><strong>Sklic na OEM<\/strong>: 8845002390, 88450-02390<\/span><\/p>\n<\/li>\n<\/ul>","protected":false},"excerpt":{"rendered":"<p><span style=\"font-family: verdana, geneva, sans-serif; color: #544e4e;\"><strong>Ime izdelka\uff1a<\/strong>Kondenzator AC<\/span><br \/>\n<span style=\"font-family: verdana, geneva, sans-serif; color: #544e4e;\"><strong>Garancija\uff1a<\/strong>1 leto<\/span><br \/>\n<span style=\"font-family: verdana, geneva, sans-serif; color: #544e4e;\"><strong>Stanje\uff1a<\/strong>Novo<\/span><br \/>\n<span style=\"font-family: verdana, geneva, sans-serif; color: #544e4e;\"><strong>Model avtomobila\uff1a<\/strong><span style=\"font-family: verdana, geneva, sans-serif; color: #524c4c;\">Toyota Corolla (2008-2014\uff09<\/span><\/span><br \/>\n<span style=\"font-family: verdana, geneva, sans-serif; color: #544e4e;\"><strong>OEM NO.: <\/strong><span style=\"font-family: verdana, geneva, sans-serif; color: #524c4c;\">8845002390<\/span><\/span><br \/>\n<span style=\"font-family: verdana, geneva, sans-serif; color: #544e4e;\"><strong>Kakovost:<\/strong>\u00a0100% Preizku\u0161eno<\/span><br \/>\n<span style=\"font-family: verdana, geneva, sans-serif; color: #544e4e;\"><strong>\u010cas dostave:<\/strong>\u00a07-10 dni<\/span><\/p>","protected":false},"featured_media":1824,"comment_status":"closed","ping_status":"closed","template":"","meta":[],"product_cat":[24],"product_tag":[],"class_list":{"0":"post-1823","1":"product","2":"type-product","3":"status-publish","4":"has-post-thumbnail","6":"product_cat-body-parts","8":"first","9":"instock","10":"shipping-taxable","11":"product-type-simple"},"_links":{"self":[{"href":"https:\/\/carbitautoparts.com\/sl\/wp-json\/wp\/v2\/product\/1823","targetHints":{"allow":["GET"]}}],"collection":[{"href":"https:\/\/carbitautoparts.com\/sl\/wp-json\/wp\/v2\/product"}],"about":[{"href":"https:\/\/carbitautoparts.com\/sl\/wp-json\/wp\/v2\/types\/product"}],"replies":[{"embeddable":true,"href":"https:\/\/carbitautoparts.com\/sl\/wp-json\/wp\/v2\/comments?post=1823"}],"wp:featuredmedia":[{"embeddable":true,"href":"https:\/\/carbitautoparts.com\/sl\/wp-json\/wp\/v2\/media\/1824"}],"wp:attachment":[{"href":"https:\/\/carbitautoparts.com\/sl\/wp-json\/wp\/v2\/media?parent=1823"}],"wp:term":[{"taxonomy":"product_cat","embeddable":true,"href":"https:\/\/carbitautoparts.com\/sl\/wp-json\/wp\/v2\/product_cat?post=1823"},{"taxonomy":"product_tag","embeddable":true,"href":"https:\/\/carbitautoparts.com\/sl\/wp-json\/wp\/v2\/product_tag?post=1823"}],"curies":[{"name":"wp","href":"https:\/\/api.w.org\/{rel}","templated":true}]}}