{"id":1828,"date":"2025-05-09T15:06:17","date_gmt":"2025-05-09T07:06:17","guid":{"rendered":"https:\/\/carbitautoparts.com\/?post_type=product&#038;p=1828"},"modified":"2025-05-09T15:06:17","modified_gmt":"2025-05-09T07:06:17","slug":"front-lower-control-arm-hyundai-santa-fe-oem-54500-2b000","status":"publish","type":"product","link":"https:\/\/carbitautoparts.com\/sl\/product\/sprednja-spodnja-krmilna-roka-hyundai-santa-fe-oem-54500-2b000\/","title":{"rendered":"Sprednji spodnji krmilni ro\u010daj za Hyundai Santa Fe-OEM 54500-2B000"},"content":{"rendered":"<p class=\"ds-markdown-paragraph\"><span style=\"font-family: verdana, geneva, sans-serif; color: #6b6363;\"><strong>Premium sprednji spodnji krmilni ro\u010daj za Hyundai Santa Fe (OEM 54500-2B000) - natan\u010dno izdelan za u\u010dinkovitost in vzdr\u017eljivost<\/strong><\/span><\/p>\n<p class=\"ds-markdown-paragraph\"><span style=\"font-family: verdana, geneva, sans-serif; color: #6b6363;\">Zagotovite si gladko in stabilno vo\u017enjo z na\u0161im sprednjim spodnjim krmilnim lokom (L), ki je zdru\u017eljiv z originalno opremo in zasnovan posebej za modele Hyundai Santa Fe. Ta klju\u010dni sestavni del vzmetenja nadome\u0161\u010da model OEM 54500-2B000 in zagotavlja <strong>natan\u010dno prileganje<\/strong>,\u00a0<strong>vrhunska vzdr\u017eljivost<\/strong>in\u00a0<strong>ve\u010dja varnost vo\u017enje<\/strong>\u00a0za va\u0161e vozilo.<\/p>\n<p><\/span><span style=\"font-family: verdana, geneva, sans-serif; color: #6b6363;\">\u2705\u00a0<strong>Neposredna zamenjava OEM<\/strong>: Natan\u010dno izdelan v skladu z originalnimi specifikacijami Hyundai Santa Fe (OEM 54500-2B000) za nemoteno vgradnjo.<\/p>\n<p><\/span><span style=\"font-family: verdana, geneva, sans-serif; color: #6b6363;\">\u2705\u00a0<strong>Te\u017eka gradnja<\/strong>: Kovani iz visokokakovostnega jekla z okrepljenimi pu\u0161e in krogli\u010dnimi sklepi, ki vzdr\u017eijo te\u017eke cestne razmere.<br \/>\n<\/span><br \/>\n<span style=\"font-family: verdana, geneva, sans-serif; color: #6b6363;\">\u2705\u00a0<strong>Izbolj\u0161ano upravljanje in stabilnost<\/strong>: Obnovi tovarni\u0161ko odzivnost krmiljenja, zmanj\u0161a obrabo pnevmatik in zmanj\u0161a vibracije za bolj gladko vo\u017enjo.<br \/>\n<\/span><br \/>\n<span style=\"font-family: verdana, geneva, sans-serif; color: #6b6363;\">\u2705\u00a0<strong>Strogo testiranje kakovosti<\/strong>: Proizvodnja s certifikatom ISO zagotavlja zanesljivost in skladnost z globalnimi varnostnimi standardi.<br \/>\n<\/span><br \/>\n<span style=\"font-family: verdana, geneva, sans-serif; color: #6b6363;\">\u2705\u00a0<strong>Enostavna namestitev<\/strong>: Predhodno namazani priklju\u010dki in zasnova z vijaki prihranijo \u010das mehanikom in navdu\u0161encem \"naredi sam\".<\/span><\/p>\n<p class=\"ds-markdown-paragraph\"><span style=\"font-family: verdana, geneva, sans-serif; color: #6b6363;\"><strong>Zdru\u017eljivost<\/strong>: Primerno za modele Hyundai Santa Fe [<em>2006-2009<\/em>]. Za zagotovljeno prileganje preverite oblogo svojega vozila.<\/span><\/p>","protected":false},"excerpt":{"rendered":"<p><span style=\"font-family: verdana, geneva, sans-serif; color: #575050;\"><strong>Ime izdelka\uff1a<\/strong>Sprednja spodnja krmilna ro\u010dica<\/span><br \/>\n<span style=\"font-family: verdana, geneva, sans-serif; color: #575050;\"><strong>Garancija\uff1a<\/strong>1 leto<\/span><br \/>\n<span style=\"font-family: verdana, geneva, sans-serif; color: #575050;\"><strong>Stanje\uff1a<\/strong>Novo<\/span><br \/>\n<span style=\"font-family: verdana, geneva, sans-serif; color: #575050;\"><strong>Model avtomobila\uff1a<\/strong><span style=\"font-family: verdana, geneva, sans-serif;\">Hyundai Santa Fe [<em>2006-2009<\/em>]<\/span><\/span><br \/>\n<span style=\"font-family: verdana, geneva, sans-serif; color: #575050;\"><strong>OEM NO.:<\/strong>54500-2B000<\/span><br \/>\n<span style=\"font-family: verdana, geneva, sans-serif; color: #575050;\"><strong>Kakovost:<\/strong>\u00a0100% Preizku\u0161eno<\/span><br \/>\n<span style=\"font-family: verdana, geneva, sans-serif; color: #575050;\"><strong>\u010cas dostave:<\/strong>\u00a07-10 dni<\/span><\/p>","protected":false},"featured_media":1829,"comment_status":"closed","ping_status":"closed","template":"","meta":[],"product_cat":[50],"product_tag":[],"class_list":{"0":"post-1828","1":"product","2":"type-product","3":"status-publish","4":"has-post-thumbnail","6":"product_cat-chassis-parts","8":"first","9":"instock","10":"shipping-taxable","11":"product-type-simple"},"_links":{"self":[{"href":"https:\/\/carbitautoparts.com\/sl\/wp-json\/wp\/v2\/product\/1828","targetHints":{"allow":["GET"]}}],"collection":[{"href":"https:\/\/carbitautoparts.com\/sl\/wp-json\/wp\/v2\/product"}],"about":[{"href":"https:\/\/carbitautoparts.com\/sl\/wp-json\/wp\/v2\/types\/product"}],"replies":[{"embeddable":true,"href":"https:\/\/carbitautoparts.com\/sl\/wp-json\/wp\/v2\/comments?post=1828"}],"wp:featuredmedia":[{"embeddable":true,"href":"https:\/\/carbitautoparts.com\/sl\/wp-json\/wp\/v2\/media\/1829"}],"wp:attachment":[{"href":"https:\/\/carbitautoparts.com\/sl\/wp-json\/wp\/v2\/media?parent=1828"}],"wp:term":[{"taxonomy":"product_cat","embeddable":true,"href":"https:\/\/carbitautoparts.com\/sl\/wp-json\/wp\/v2\/product_cat?post=1828"},{"taxonomy":"product_tag","embeddable":true,"href":"https:\/\/carbitautoparts.com\/sl\/wp-json\/wp\/v2\/product_tag?post=1828"}],"curies":[{"name":"wp","href":"https:\/\/api.w.org\/{rel}","templated":true}]}}