{"id":1834,"date":"2025-05-09T16:06:22","date_gmt":"2025-05-09T08:06:22","guid":{"rendered":"https:\/\/carbitautoparts.com\/?post_type=product&#038;p=1834"},"modified":"2025-05-09T16:06:22","modified_gmt":"2025-05-09T08:06:22","slug":"engine-mounting-toyota-vios-yaris-ncp90-oem-12363-0m040-0m010-0m011","status":"publish","type":"product","link":"https:\/\/carbitautoparts.com\/sl\/product\/pritrditev-motorja-toyota-vios-yaris-ncp90-oem-12363-0m040-0m010-0m011\/","title":{"rendered":"Pritrditev motorja za TOYOTA Vios YARIS NCP90 | OEM 12363-0M040\/0M010\/0M011"},"content":{"rendered":"<p class=\"ds-markdown-paragraph\"><span style=\"font-family: verdana, geneva, sans-serif; color: #524d4d;\"><strong>Prenekatera pritrditev motorja za TOYOTA Vios YARIS NCP90 | OEM 12363-0M040\/0M010\/0M011<\/strong><\/span><\/p>\n<p class=\"ds-markdown-paragraph\"><span style=\"font-family: verdana, geneva, sans-serif; color: #524d4d;\">Izbolj\u0161ajte zmogljivost svojega vozila TOYOTA Vios YARIS NCP90 z na\u0161imi\u00a0<strong>Visoko natan\u010dna monta\u017ea motorja<\/strong>, zasnovan za zagotavljanje zanesljivosti izvirne kakovosti in nadzora vibracij. Neposredno zdru\u017eljiv z izdelki OEM\u00a0 <strong>12363-0M040, 12363-0M010 in 12363-0M011<\/strong>, ta robustna komponenta zagotavlja popolno prileganje in brezhibno integracijo z motornim sistemom va\u0161ega vozila.<\/p>\n<p><\/span><span style=\"font-family: verdana, geneva, sans-serif; color: #524d4d;\">\u2705\u00a0<strong>Natan\u010dna zamenjava OEM<\/strong>: Izdelano v skladu s strogimi Toyotinimi specifikacijami za optimalno prileganje in vzdr\u017eljivost.<br \/>\n<\/span><br \/>\n<span style=\"font-family: verdana, geneva, sans-serif; color: #524d4d;\">\u2705\u00a0<strong>Napredno du\u0161enje vibracij<\/strong>: Oja\u010dana guma in visoko trdna jeklena konstrukcija zmanj\u0161ujeta hrup motorja in udarce na cesti.<br \/>\n<\/span><br \/>\n<span style=\"font-family: verdana, geneva, sans-serif; color: #524d4d;\">\u2705\u00a0<strong>Podalj\u0161ana \u017eivljenjska doba<\/strong>: visoko trdno jeklo in povr\u0161inska obdelava z elektri\u010dnim premazom sta odporna na vro\u010dino, olje, rjo in obrabo za dolgotrajno delovanje.<br \/>\n<\/span><\/p>\n<p class=\"ds-markdown-paragraph\"><span style=\"font-family: verdana, geneva, sans-serif; color: #524d4d;\"><strong>Zakaj izbrati na\u0161 motorni nosilec?<\/strong><\/span><\/p>\n<ul>\n<li>\n<p class=\"ds-markdown-paragraph\"><span style=\"font-family: verdana, geneva, sans-serif; color: #524d4d;\"><strong>Zagotovljena zdru\u017eljivost<\/strong>: Posebej zasnovan za modele TOYOTA Vios YARIS NCP90 (2006-2014).<\/span><\/p>\n<\/li>\n<li>\n<p class=\"ds-markdown-paragraph\"><span style=\"font-family: verdana, geneva, sans-serif; color: #524d4d;\"><strong>Izbolj\u0161ano vozno udobje<\/strong>: Zmanj\u0161uje vibracije v kabini za bolj gladko in tiho vo\u017enjo.<\/span><\/p>\n<\/li>\n<li>\n<p class=\"ds-markdown-paragraph\"><span style=\"font-family: verdana, geneva, sans-serif; color: #524d4d;\"><strong>Stro\u0161kovno u\u010dinkovita re\u0161itev<\/strong>: Izognite se trgovskim pribitkom in hkrati ohranite kakovost OEM.<\/span><\/p>\n<\/li>\n<\/ul>","protected":false},"excerpt":{"rendered":"<p><span style=\"font-family: verdana, geneva, sans-serif; color: #595353;\"><strong>Ime izdelka\uff1a<\/strong>Namestitev motorja<\/span><br \/>\n<span style=\"font-family: verdana, geneva, sans-serif; color: #595353;\"><strong>Garancija\uff1a<\/strong>1 leto<\/span><br \/>\n<span style=\"font-family: verdana, geneva, sans-serif; color: #595353;\"><strong>Stanje\uff1a<\/strong>Novo<\/span><br \/>\n<span style=\"font-family: verdana, geneva, sans-serif; color: #595353;\"><strong>Model avtomobila\uff1a<\/strong><span style=\"font-family: verdana, geneva, sans-serif; color: #524d4d;\">TOYOTA Vios YARIS NCP90 (2006-2014)<\/span><\/span><br \/>\n<span style=\"font-family: verdana, geneva, sans-serif; color: #595353;\"><strong>OEM NO.: <\/strong><span style=\"font-family: verdana, geneva, sans-serif; color: #524d4d;\">12363-0M040, 12363-0M010, 12363-0M011<\/span><\/span><br \/>\n<span style=\"font-family: verdana, geneva, sans-serif; color: #595353;\"><strong>Kakovost:<\/strong>\u00a0100% Preizku\u0161eno<\/span><br \/>\n<span style=\"font-family: verdana, geneva, sans-serif; color: #595353;\"><strong>\u010cas dostave:<\/strong>\u00a07-10 dni<\/span><\/p>","protected":false},"featured_media":1835,"comment_status":"closed","ping_status":"closed","template":"","meta":[],"product_cat":[50],"product_tag":[],"class_list":{"0":"post-1834","1":"product","2":"type-product","3":"status-publish","4":"has-post-thumbnail","6":"product_cat-chassis-parts","8":"first","9":"instock","10":"shipping-taxable","11":"product-type-simple"},"_links":{"self":[{"href":"https:\/\/carbitautoparts.com\/sl\/wp-json\/wp\/v2\/product\/1834","targetHints":{"allow":["GET"]}}],"collection":[{"href":"https:\/\/carbitautoparts.com\/sl\/wp-json\/wp\/v2\/product"}],"about":[{"href":"https:\/\/carbitautoparts.com\/sl\/wp-json\/wp\/v2\/types\/product"}],"replies":[{"embeddable":true,"href":"https:\/\/carbitautoparts.com\/sl\/wp-json\/wp\/v2\/comments?post=1834"}],"wp:featuredmedia":[{"embeddable":true,"href":"https:\/\/carbitautoparts.com\/sl\/wp-json\/wp\/v2\/media\/1835"}],"wp:attachment":[{"href":"https:\/\/carbitautoparts.com\/sl\/wp-json\/wp\/v2\/media?parent=1834"}],"wp:term":[{"taxonomy":"product_cat","embeddable":true,"href":"https:\/\/carbitautoparts.com\/sl\/wp-json\/wp\/v2\/product_cat?post=1834"},{"taxonomy":"product_tag","embeddable":true,"href":"https:\/\/carbitautoparts.com\/sl\/wp-json\/wp\/v2\/product_tag?post=1834"}],"curies":[{"name":"wp","href":"https:\/\/api.w.org\/{rel}","templated":true}]}}