{"id":1842,"date":"2025-09-22T11:42:31","date_gmt":"2025-09-22T03:42:31","guid":{"rendered":"https:\/\/carbitautoparts.com\/?post_type=product&#038;p=1842"},"modified":"2025-09-22T11:49:21","modified_gmt":"2025-09-22T03:49:21","slug":"altenator-for-mitsubishi-lancer-oem-1800a155","status":"publish","type":"product","link":"https:\/\/carbitautoparts.com\/sl\/product\/altenator-za-mitsubishi-lancer-oem-1800a155\/","title":{"rendered":"Altenator za Mitsubishi Lancer-OEM 1800A155"},"content":{"rendered":"<p class=\"ds-markdown-paragraph\"><span style=\"font-family: verdana, geneva, sans-serif;\"><strong>Originalni alternator za Mitsubishi Lancer - neposredna zamenjava originalne opreme (1800A155)<\/strong><\/span><\/p>\n<p class=\"ds-markdown-paragraph\"><span style=\"font-family: verdana, geneva, sans-serif;\"><strong>Obnovite vrhunsko elektri\u010dno zmogljivost in zanesljivost s popolno ustrezajo\u010do zamenjavo<\/strong><\/span><\/p>\n<hr \/>\n<ul>\n<li>\n<p class=\"ds-markdown-paragraph\"><span style=\"font-family: verdana, geneva, sans-serif;\"><strong>Zagotovljena zdru\u017eljivost OEM:<\/strong>\u00a0To ni univerzalni del. Natan\u010dno je zasnovan tako, da ustreza natan\u010dnim specifikacijam originalnega alternatorja va\u0161ega vozila, kar zagotavlja\u00a0<strong>popolno prileganje in brezhibno delovanje<\/strong>\u00a0z upravljanjem motorja in elektri\u010dnimi sistemi va\u0161ega vozila Lancer. Namestitev je preprosta, kar vam prihrani \u010das in stro\u0161ke dela.<\/span><\/p>\n<\/li>\n<li>\n<p class=\"ds-markdown-paragraph\"><span style=\"font-family: verdana, geneva, sans-serif;\"><strong>Izdelan za zanesljivost in dolgo \u017eivljenjsko dobo:<\/strong>\u00a0Zavedamo se, da se o trajnosti ni mogo\u010de pogajati. Ta alternator, izdelan z navitji za visoke temperature, natan\u010dnimi le\u017eaji in naprednimi usmerniki, zagotavlja stabilno izhodno napetost v vseh pogojih, od mestne vo\u017enje do ekstremnih temperatur,\u00a0<strong>prepre\u010devanje izpraznitve baterije in po\u0161kodb elektri\u010dnega sistema.<\/strong>.<\/span><\/p>\n<\/li>\n<li>\n<p class=\"ds-markdown-paragraph\"><span style=\"font-family: verdana, geneva, sans-serif;\"><strong>Za\u0161\u010ditite elektroniko v vozilu:<\/strong>\u00a0Sodobna vozila so polna ob\u010dutljive elektronike. Na\u0161 alternator zagotavlja \u010disto in stalno elektri\u010dno energijo za za\u0161\u010dito va\u0161ega ECU, informacijsko-zabavnega sistema in naprednih varnostnih funkcij ter tako zagotavlja, da vse deluje, kot so na\u010drtovali Mitsubishijevi in\u017eenirji.<\/span><\/p>\n<\/li>\n<li>\n<p class=\"ds-markdown-paragraph\"><span style=\"font-family: verdana, geneva, sans-serif;\"><strong>Strogo preizku\u0161ena kakovost:<\/strong>\u00a0Vsaka enota je podvr\u017eena strogemu testiranju zmogljivosti, da bi izpolnila ali presegla standarde OE za mo\u010d (jakost\/napetost), hrup in vzdr\u017eljivost. Lahko ji zaupate, da bo zanesljivo delovala vsak dan.<\/span><\/p>\n<\/li>\n<li>\n<p class=\"ds-markdown-paragraph\"><span style=\"font-family: verdana, geneva, sans-serif;\"><strong>Podprto z na\u0161o zavezo:<\/strong>\u00a0Va\u0161e zaupanje je na\u0161a prednostna naloga. Ta alternator je za\u0161\u010diten z\u00a0<strong>24-mese\u010dna garancija<\/strong>, kar odra\u017ea na\u0161e zaupanje v njegovo kakovost in u\u010dinkovitost.<\/span><\/p>\n<\/li>\n<\/ul>","protected":false},"excerpt":{"rendered":"<p><span style=\"font-family: verdana, geneva, sans-serif; color: #302d2d;\"><strong><b>Ime izdelka\uff1a<\/b><\/strong>Alternator<\/span><br \/>\n<span style=\"font-family: verdana, geneva, sans-serif; color: #302d2d;\"><strong><b>Garancija\uff1a<\/b><\/strong>1 leto<\/span><br \/>\n<span style=\"font-family: verdana, geneva, sans-serif; color: #302d2d;\"><strong><b>Stanje\uff1a<\/b><\/strong>Novo<\/span><br \/>\n<span style=\"font-family: verdana, geneva, sans-serif; color: #302d2d;\"><strong><b>Model avtomobila\uff1a<\/b><\/strong>Mitsubishi Lancer<\/span><br \/>\n<span style=\"font-family: verdana, geneva, sans-serif; color: #302d2d;\"><strong><b>OEM NO.:<\/b><\/strong> 1800A155<\/span><br \/>\n<span style=\"font-family: verdana, geneva, sans-serif; color: #302d2d;\"><strong><b>Napetost<\/b><\/strong>: 14,2 V DC<\/span><br \/>\n<span style=\"font-family: verdana, geneva, sans-serif; color: #302d2d;\"><strong><b>Kakovost:<\/b><\/strong>\u00a0100% Preizku\u0161eno<\/span><br \/>\n<span style=\"font-family: verdana, geneva, sans-serif; color: #302d2d;\"><strong><b>\u010cas dostave:<\/b><\/strong>\u00a03-7 dni<\/span><\/p>","protected":false},"featured_media":1844,"comment_status":"closed","ping_status":"closed","template":"","meta":[],"product_cat":[19],"product_tag":[],"class_list":{"0":"post-1842","1":"product","2":"type-product","3":"status-publish","4":"has-post-thumbnail","6":"product_cat-electric-almotor-parts","8":"first","9":"instock","10":"shipping-taxable","11":"product-type-simple"},"_links":{"self":[{"href":"https:\/\/carbitautoparts.com\/sl\/wp-json\/wp\/v2\/product\/1842","targetHints":{"allow":["GET"]}}],"collection":[{"href":"https:\/\/carbitautoparts.com\/sl\/wp-json\/wp\/v2\/product"}],"about":[{"href":"https:\/\/carbitautoparts.com\/sl\/wp-json\/wp\/v2\/types\/product"}],"replies":[{"embeddable":true,"href":"https:\/\/carbitautoparts.com\/sl\/wp-json\/wp\/v2\/comments?post=1842"}],"wp:featuredmedia":[{"embeddable":true,"href":"https:\/\/carbitautoparts.com\/sl\/wp-json\/wp\/v2\/media\/1844"}],"wp:attachment":[{"href":"https:\/\/carbitautoparts.com\/sl\/wp-json\/wp\/v2\/media?parent=1842"}],"wp:term":[{"taxonomy":"product_cat","embeddable":true,"href":"https:\/\/carbitautoparts.com\/sl\/wp-json\/wp\/v2\/product_cat?post=1842"},{"taxonomy":"product_tag","embeddable":true,"href":"https:\/\/carbitautoparts.com\/sl\/wp-json\/wp\/v2\/product_tag?post=1842"}],"curies":[{"name":"wp","href":"https:\/\/api.w.org\/{rel}","templated":true}]}}