{"id":1848,"date":"2025-09-23T19:23:43","date_gmt":"2025-09-23T11:23:43","guid":{"rendered":"https:\/\/carbitautoparts.com\/?post_type=product&#038;p=1848"},"modified":"2025-09-23T19:23:43","modified_gmt":"2025-09-23T11:23:43","slug":"front-strut-mount-for-mazda-cx-3-cx-5-oem-kd3534380","status":"publish","type":"product","link":"https:\/\/carbitautoparts.com\/sl\/product\/sprednji-nosilec-vzvoda-za-mazda-cx-3-cx-5-oem-kd3534380\/","title":{"rendered":"Pritrdilni nosilec za Mazda CX-3 in CX-5 | OEM KD3534380"},"content":{"rendered":"<p><strong><span style=\"font-family: verdana, geneva, sans-serif;\">Premium sprednji vzvod za 2016-2020 Mazda CX-3 in 2013-2016 Mazda CX-5 | OEM KD3534380 Zamenjava<\/span><\/strong><\/p>\n<p class=\"ds-markdown-paragraph\"><span style=\"font-family: verdana, geneva, sans-serif;\">Ta nosilec vzvoda je zasnovan tako, da ustreza specifikacijam originalne opreme ali jih presega, in neposredno nadome\u0161\u010da \u0161tevilko dela OEM <strong>KD3534380<\/strong>. Zagotavlja popolno prileganje in brezhibno delovanje ter zagotavlja usklajeno delovanje vzmetenja in krmilnega sistema va\u0161ega vozila.<\/span><\/p>\n<hr \/>\n<p class=\"ds-markdown-paragraph\"><span style=\"font-family: verdana, geneva, sans-serif;\"><strong>Glavne zna\u010dilnosti in prednosti:<\/strong><\/span><\/p>\n<ul>\n<li>\n<p class=\"ds-markdown-paragraph\"><span style=\"font-family: verdana, geneva, sans-serif;\"><strong>Natan\u010dno prileganje OEM:<\/strong>\u00a0Zasnovan kot neposredna zamenjava za del OEM #\u00a0<strong>KD3534380<\/strong>, kar zagotavlja popolno zdru\u017eljivost z va\u0161o Mazdo CX-3 2016-2020 ali Mazdo CX-5 2013-2016. Za brezskrbno namestitev niso potrebne nikakr\u0161ne spremembe.<\/span><\/p>\n<\/li>\n<li>\n<p class=\"ds-markdown-paragraph\"><span style=\"font-family: verdana, geneva, sans-serif;\"><strong>Odpravlja hrup in vibracije:<\/strong>\u00a0Na\u0161 nosilec vzvoda ima visokokakovosten gumijast izolator in natan\u010den le\u017eaj. Ta robustna konstrukcija u\u010dinkovito absorbira cestne udarce, bla\u017ei vibracije in odpravlja zvoke \u0161kripanja ali trkanja iz sprednjega vzmetenja.<\/span><\/p>\n<\/li>\n<li>\n<p class=\"ds-markdown-paragraph\"><span style=\"font-family: verdana, geneva, sans-serif;\"><strong>Izbolj\u0161a rokovanje in varnost:<\/strong>\u00a0Z vzdr\u017eevanjem pravilne poravnave med sklopom premorov in \u0161asijo vozila ta nosilec zagotavlja natan\u010den odziv krmiljenja in stabilno vodljivost. To prispeva k splo\u0161ni varnosti vo\u017enje in pomaga prepre\u010devati neenakomerno obrabo pnevmatik.<\/span><\/p>\n<\/li>\n<li>\n<p class=\"ds-markdown-paragraph\"><span style=\"font-family: verdana, geneva, sans-serif;\"><strong>Trajno in dolgotrajno:<\/strong>\u00a0Ta sestavni del je izdelan iz visoko trdnih materialov in je podvr\u017een strogemu nadzoru kakovosti, zato je izdelan za vzdr\u017eljivost in dolgoro\u010dno zanesljivost, kar ustreza \u017eivljenjski dobi originalnega dela.<\/span><\/p>\n<\/li>\n<li>\n<p class=\"ds-markdown-paragraph\"><span style=\"font-family: verdana, geneva, sans-serif;\"><strong>Stro\u0161kovno u\u010dinkovita re\u0161itev:<\/strong>\u00a0Zakaj bi pla\u010devali prodajne cene? Na\u0161 nosilec vzvoda ponuja enako kakovost in zmogljivost kot del originalne opreme za del\u010dek cene, kar zagotavlja izjemno vrednost brez kompromisov.<\/span><\/p>\n<\/li>\n<\/ul>","protected":false},"excerpt":{"rendered":"<p><span style=\"font-family: verdana, geneva, sans-serif; color: #3b3838;\"><strong><b>Ime izdelka\uff1a<\/b><\/strong><span style=\"font-family: verdana, geneva, sans-serif;\">Strut Mount<\/span><\/span><br \/>\n<span style=\"font-family: verdana, geneva, sans-serif; color: #3b3838;\"><strong><b>Garancija\uff1a<\/b><\/strong>1 leto<\/span><br \/>\n<span style=\"font-family: verdana, geneva, sans-serif; color: #3b3838;\"><strong><b>Stanje\uff1a<\/b><\/strong>Novo<\/span><br \/>\n<span style=\"font-family: verdana, geneva, sans-serif; color: #3b3838;\"><strong><b>Model avtomobila\uff1a<\/b><\/strong><span style=\"font-family: verdana, geneva, sans-serif;\">Mazda CX-3 2016-2020 in Mazda CX-5 2013-2016<\/span><\/span><br \/>\n<span style=\"font-family: verdana, geneva, sans-serif; color: #3b3838;\"><strong><b>OEM NO.:<\/b><\/strong> <span style=\"font-family: verdana, geneva, sans-serif;\">KD3534380<\/span><\/span><br \/>\n<span style=\"font-family: verdana, geneva, sans-serif; color: #3b3838;\"><strong><b>Kakovost:<\/b><\/strong>\u00a0100% Preizku\u0161eno<\/span><\/p>","protected":false},"featured_media":1849,"comment_status":"closed","ping_status":"closed","template":"","meta":[],"product_cat":[50],"product_tag":[],"class_list":{"0":"post-1848","1":"product","2":"type-product","3":"status-publish","4":"has-post-thumbnail","6":"product_cat-chassis-parts","8":"first","9":"instock","10":"shipping-taxable","11":"product-type-simple"},"_links":{"self":[{"href":"https:\/\/carbitautoparts.com\/sl\/wp-json\/wp\/v2\/product\/1848","targetHints":{"allow":["GET"]}}],"collection":[{"href":"https:\/\/carbitautoparts.com\/sl\/wp-json\/wp\/v2\/product"}],"about":[{"href":"https:\/\/carbitautoparts.com\/sl\/wp-json\/wp\/v2\/types\/product"}],"replies":[{"embeddable":true,"href":"https:\/\/carbitautoparts.com\/sl\/wp-json\/wp\/v2\/comments?post=1848"}],"wp:featuredmedia":[{"embeddable":true,"href":"https:\/\/carbitautoparts.com\/sl\/wp-json\/wp\/v2\/media\/1849"}],"wp:attachment":[{"href":"https:\/\/carbitautoparts.com\/sl\/wp-json\/wp\/v2\/media?parent=1848"}],"wp:term":[{"taxonomy":"product_cat","embeddable":true,"href":"https:\/\/carbitautoparts.com\/sl\/wp-json\/wp\/v2\/product_cat?post=1848"},{"taxonomy":"product_tag","embeddable":true,"href":"https:\/\/carbitautoparts.com\/sl\/wp-json\/wp\/v2\/product_tag?post=1848"}],"curies":[{"name":"wp","href":"https:\/\/api.w.org\/{rel}","templated":true}]}}